{"id":1078,"date":"2025-04-07T23:51:24","date_gmt":"2025-04-08T05:51:24","guid":{"rendered":"https:\/\/blog.samantha365mx.com\/?page_id=1078"},"modified":"2026-04-22T19:23:25","modified_gmt":"2026-04-23T01:23:25","slug":"2025-2","status":"publish","type":"page","link":"https:\/\/blog.samantha365mx.com\/index.php\/2025-2\/","title":{"rendered":"Eventos 2025"},"content":{"rendered":"\n<h2 class=\"wp-block-heading\">Ver por actividad<\/h2>\n\n\n\n<ul class=\"wp-block-list\">\n<li><a href=\"https:\/\/blog.samantha365mx.com\/index.php\/2025\/04\/09\/b1-enero-2025\/\">Enero 2025<br><strong>Sesi\u00f3n 1 &#8220;Los datos y la IA&#8221; &#8211; Cap\u00edtulo Global AI Mexico City<\/strong><\/a> <\/li>\n\n\n\n<li><a href=\"https:\/\/blog.samantha365mx.com\/index.php\/2025\/04\/09\/b2-enero-2025\/\">Enero 2025<br><strong>1 ciclo de webinars Copilot y Aplicaciones de Productividad<\/strong> &#8211; Comunidad Mujeres TICS Latam<\/a><\/li>\n\n\n\n<li><a href=\"https:\/\/blog.samantha365mx.com\/index.php\/2025\/04\/09\/b3-febrero-2025\/\">Febrero 2025<br><strong>Conferencia: Creando aplicaciones con Copilot y Microsoft 365 en el Get-CS Latam<\/strong><\/a><\/li>\n\n\n\n<li><a href=\"https:\/\/blog.samantha365mx.com\/index.php\/2025\/04\/09\/b4-febrero-2025\/\"> Febrero 2025<br><strong>2do ciclo de webinars de Copilot para empresas<\/strong>,&nbsp;Comunidad Mujeres TICS Latam<\/a><\/li>\n\n\n\n<li><a href=\"https:\/\/blog.samantha365mx.com\/index.php\/2025\/04\/09\/b5-marzo-2025\/\">Marzo 2025<br><strong>Conferencia Copilot para power BI en el Global AI Bootcamp 2025 de Luanda, Angola<\/strong><\/a><\/li>\n\n\n\n<li><a href=\"https:\/\/blog.samantha365mx.com\/index.php\/2025\/04\/09\/b6-marzo-2025\/\">Marzo 2025<br><strong>Global AI Bootcamp 2025 Mexico City &#8211; Cap\u00edtulo Global AI Mexico City<\/strong><\/a><\/li>\n\n\n\n<li><a href=\"https:\/\/blog.samantha365mx.com\/index.php\/2025\/04\/09\/b7-marzo-2025\/\">Marzo 2025<br><strong>Creaci\u00f3n Gu\u00eda gratuita de Microsoft 365 Copilot<\/strong><\/a><\/li>\n\n\n\n<li><a href=\"https:\/\/blog.samantha365mx.com\/index.php\/2025\/04\/09\/b8-marzo-2025\/\"><strong>Marzo 2025<br>13 videos de nuestra serie de webinars Copilot para empresa<\/strong><\/a><\/li>\n\n\n\n<li><a href=\"https:\/\/blog.samantha365mx.com\/index.php\/2025\/04\/09\/b9-marzo-2025\/\">Marzo 2025 y Abril 2025<br><strong>Curso de certificaci\u00f3n gratuito: Power Platform Funfamentals PL-900<\/strong><\/a><\/li>\n\n\n\n<li><a href=\"https:\/\/blog.samantha365mx.com\/index.php\/b10-abri-2025\/\">Abril y Mayo- 2025 <\/a><br><a href=\"https:\/\/blog.samantha365mx.com\/index.php\/b10-abri-2025\/\"><strong>Conferencista en IA PARA TODO M\u00c9XICO de Microsoft ELEVATE y CompuEducaci\u00f3n &#8211; 1er ciclo de webinars<\/strong><\/a><\/li>\n\n\n\n<li><a href=\"https:\/\/blog.samantha365mx.com\/index.php\/curso-de-copilot-y-aplicaciones-de-productividad-ecorp\/\">Abril y Mayo- 2025 <br><strong>Curso de Copilot y Aplicaciones de Productividad ECorp<\/strong><\/a><\/li>\n\n\n\n<li><a href=\"https:\/\/blog.samantha365mx.com\/index.php\/b11-abril-2025\/\">Mayo &#8211; 2025 <\/a><br><a href=\"https:\/\/blog.samantha365mx.com\/index.php\/b11-abril-2025\/\"><strong>Cafecito en la Sala de Docentes \u2013 Microsoft Copilot: IA aplicada al aula para docentes<\/strong><\/a><\/li>\n\n\n\n<li><a href=\"https:\/\/blog.samantha365mx.com\/index.php\/webinar-productividad-con-office365\/\">Mayo &#8211; 2025 <br><strong>Webinar \u201cProductividad con Office365\u201d<\/strong><\/a><\/li>\n\n\n\n<li><a href=\"https:\/\/blog.samantha365mx.com\/index.php\/b12-abril-2025\/\">Junio &#8211; 2025 <\/a><br><a href=\"https:\/\/blog.samantha365mx.com\/index.php\/b12-abril-2025\/\"><strong>AgentCon 2025 Mexico City &#8211; Cap\u00edtulo Global AI Mexico City<\/strong><\/a><\/li>\n\n\n\n<li><a href=\"https:\/\/blog.samantha365mx.com\/index.php\/ms-4004-empower-your-workforce-with-copilot-for-microsoft-365-use-cases\/\">Junio &#8211; 2025 <br><strong>MS-4004 Empower your workforce with Copilot for Microsoft 365 Use Cases<\/strong><\/a><\/li>\n\n\n\n<li><a href=\"https:\/\/blog.samantha365mx.com\/index.php\/b13-julio-2025\/\">Julio &#8211; 2025 <\/a><br><a href=\"https:\/\/blog.samantha365mx.com\/index.php\/b13-julio-2025\/\"><strong>Capacitaci\u00f3n en Copilot y Aplicaciones de Productividad<\/strong><\/a><\/li>\n\n\n\n<li><a href=\"https:\/\/blog.samantha365mx.com\/index.php\/curso-de-inteligencia-artificial-basico\/\">Julio &#8211; 2025 <\/a><br><strong><a href=\"https:\/\/blog.samantha365mx.com\/index.php\/curso-de-inteligencia-artificial-basico\/\">Curso de Inteligencia Artificial (B\u00e1sico)<\/a><\/strong><\/li>\n\n\n\n<li><a href=\"https:\/\/blog.samantha365mx.com\/index.php\/curso-de-inteligencia-artificial-intermedio\/\">Agosto &#8211; 2025 <br><strong>Curso de Inteligencia Artificial (Intermedio)<\/strong><\/a><\/li>\n\n\n\n<li><a href=\"https:\/\/blog.samantha365mx.com\/index.php\/webinar-copilot-para-microsoft-365\/\">Agosto &#8211; 2025 <br><strong>Copilot para Microsoft 365<\/strong><\/a><\/li>\n\n\n\n<li><a href=\"https:\/\/blog.samantha365mx.com\/index.php\/b14-agosto-2025\/\">Agosto, Septiembre y Octubre &#8211; 2025 <\/a><br><a href=\"https:\/\/blog.samantha365mx.com\/index.php\/b14-agosto-2025\/\"><strong>Curso IA para usuarios finales \u2013 10 sesiones en l\u00ednea &#8211; Comunidad Mujeres TICS Latam y Cap\u00edtulo Global AI M\u00e9xico City<\/strong><\/a><\/li>\n\n\n\n<li><a href=\"https:\/\/blog.samantha365mx.com\/index.php\/taller-de-microsoft-365-copilot-y-power-plataform\/\">Septiembre &#8211; 2025 <br><strong>Taller de Microsoft 365 Copilot y Power Plataform<\/strong><\/a><\/li>\n\n\n\n<li><a href=\"https:\/\/blog.samantha365mx.com\/index.php\/octubre-noviembre-y-diciembre-2025\/\">Octubre, Noviembre y Diciembre 2025<br><strong>Conferencista en IA PARA TODO M\u00c9XICO de Microsoft ELEVATE y CompuEducaci\u00f3n- 2do ciclo de webinars<\/strong><\/a><\/li>\n\n\n\n<li><a href=\"https:\/\/blog.samantha365mx.com\/index.php\/capacitacion-m365-para-transportes-ardica\/\">Octubre &#8211; 2025 <br><strong>Capacitacion M365 para Transportes Ardica<\/strong><\/a><\/li>\n\n\n\n<li><a href=\"https:\/\/blog.samantha365mx.com\/index.php\/copilot-y-aplicaciones-de-productividad\/\">Octubre &#8211; 2025 <br><strong>Capacitaci\u00f3n en Copilot y Aplicaciones de Productividad<\/strong><\/a><\/li>\n\n\n\n<li><a href=\"https:\/\/blog.samantha365mx.com\/index.php\/aplicaciones-de-productividad-con-chatgpt\/\">Octubre &#8211; 2025 <br><strong>Capacitaci\u00f3n en Aplicaciones de Productividad con ChatGPT<\/strong><\/a><\/li>\n\n\n\n<li><a href=\"https:\/\/www.youtube.com\/watch?v=bu3m-ImIwfU\">Octubre &#8211; 2025 <br><strong>Detr\u00e1s del C\u00f3digo con Samantha Villarreal | # 5<\/strong><\/a><\/li>\n\n\n\n<li><a href=\"https:\/\/blog.samantha365mx.com\/index.php\/curso-ms-taller-copilot-con-power-platform\/\">Noviembre- 2025 <br><strong>Curso MS-Taller Copilot con Power Platform<\/strong><\/a><\/li>\n\n\n\n<li><a href=\"https:\/\/blog.samantha365mx.com\/index.php\/taller-microsoft-365-copilot-y-power-platform\/\">Noviembre- 2025 <br><strong>Taller Microsoft 365 Copilot y Power Platform<\/strong><\/a><\/li>\n\n\n\n<li><a href=\"https:\/\/blog.samantha365mx.com\/index.php\/demostracion-de-flujo-de-colaboracion-en-m365-y-project\/\">Noviembre- 2025 <br><strong>Demostraci\u00f3n de Flujo de colaboraci\u00f3n en M365 y Project<\/strong><\/a><\/li>\n<\/ul>\n\n\n\n<hr class=\"wp-block-separator has-alpha-channel-opacity\"\/>\n\n\n\n<p>A continuaci\u00f3n te comparto algunas de las im\u00e1genes m\u00e1s representativas de los eventos en los que he participado este a\u00f1o, podr\u00e1s encontrar algunas m\u00e1s en los enlaces de cada evento<\/p>\n\n\n\n<hr class=\"wp-block-separator has-alpha-channel-opacity\"\/>\n\n\n\n<figure class=\"wp-block-gallery has-nested-images columns-default is-cropped wp-block-gallery-1 is-layout-flex wp-block-gallery-is-layout-flex\">\n<figure class=\"wp-block-image size-large\"><img loading=\"lazy\" decoding=\"async\" width=\"768\" height=\"1024\" data-id=\"1168\" src=\"https:\/\/blog.samantha365mx.com\/wp-content\/uploads\/2025\/04\/image-69-768x1024.png\" alt=\"\" class=\"wp-image-1168\" srcset=\"https:\/\/blog.samantha365mx.com\/wp-content\/uploads\/2025\/04\/image-69-768x1024.png 768w, https:\/\/blog.samantha365mx.com\/wp-content\/uploads\/2025\/04\/image-69-225x300.png 225w, https:\/\/blog.samantha365mx.com\/wp-content\/uploads\/2025\/04\/image-69-1152x1536.png 1152w, https:\/\/blog.samantha365mx.com\/wp-content\/uploads\/2025\/04\/image-69.png 1200w\" sizes=\"auto, (max-width: 768px) 100vw, 768px\" \/><\/figure>\n\n\n\n<figure class=\"wp-block-image size-large\"><img loading=\"lazy\" decoding=\"async\" width=\"770\" height=\"1024\" data-id=\"1169\" src=\"https:\/\/blog.samantha365mx.com\/wp-content\/uploads\/2025\/04\/image-70-770x1024.png\" alt=\"\" class=\"wp-image-1169\" srcset=\"https:\/\/blog.samantha365mx.com\/wp-content\/uploads\/2025\/04\/image-70-770x1024.png 770w, https:\/\/blog.samantha365mx.com\/wp-content\/uploads\/2025\/04\/image-70-226x300.png 226w, https:\/\/blog.samantha365mx.com\/wp-content\/uploads\/2025\/04\/image-70-768x1021.png 768w, https:\/\/blog.samantha365mx.com\/wp-content\/uploads\/2025\/04\/image-70.png 963w\" sizes=\"auto, (max-width: 770px) 100vw, 770px\" \/><\/figure>\n\n\n\n<figure class=\"wp-block-image size-large\"><img loading=\"lazy\" decoding=\"async\" width=\"768\" height=\"1024\" data-id=\"1224\" src=\"https:\/\/blog.samantha365mx.com\/wp-content\/uploads\/2025\/04\/image-105-768x1024.png\" alt=\"\" class=\"wp-image-1224\" srcset=\"https:\/\/blog.samantha365mx.com\/wp-content\/uploads\/2025\/04\/image-105-768x1024.png 768w, https:\/\/blog.samantha365mx.com\/wp-content\/uploads\/2025\/04\/image-105-225x300.png 225w, https:\/\/blog.samantha365mx.com\/wp-content\/uploads\/2025\/04\/image-105-1152x1536.png 1152w, https:\/\/blog.samantha365mx.com\/wp-content\/uploads\/2025\/04\/image-105.png 1280w\" sizes=\"auto, (max-width: 768px) 100vw, 768px\" \/><\/figure>\n\n\n\n<figure class=\"wp-block-image size-large\"><img loading=\"lazy\" decoding=\"async\" width=\"1024\" height=\"613\" data-id=\"1118\" src=\"https:\/\/blog.samantha365mx.com\/wp-content\/uploads\/2025\/04\/image-38-1024x613.png\" alt=\"\" class=\"wp-image-1118\" srcset=\"https:\/\/blog.samantha365mx.com\/wp-content\/uploads\/2025\/04\/image-38-1024x613.png 1024w, https:\/\/blog.samantha365mx.com\/wp-content\/uploads\/2025\/04\/image-38-300x180.png 300w, https:\/\/blog.samantha365mx.com\/wp-content\/uploads\/2025\/04\/image-38-768x460.png 768w, https:\/\/blog.samantha365mx.com\/wp-content\/uploads\/2025\/04\/image-38-1536x919.png 1536w, https:\/\/blog.samantha365mx.com\/wp-content\/uploads\/2025\/04\/image-38.png 1803w\" sizes=\"auto, (max-width: 1024px) 100vw, 1024px\" \/><\/figure>\n\n\n\n<figure class=\"wp-block-image size-large\"><img loading=\"lazy\" decoding=\"async\" width=\"1024\" height=\"577\" data-id=\"1114\" src=\"https:\/\/blog.samantha365mx.com\/wp-content\/uploads\/2025\/04\/image-36-1024x577.png\" alt=\"\" class=\"wp-image-1114\" srcset=\"https:\/\/blog.samantha365mx.com\/wp-content\/uploads\/2025\/04\/image-36-1024x577.png 1024w, https:\/\/blog.samantha365mx.com\/wp-content\/uploads\/2025\/04\/image-36-300x169.png 300w, https:\/\/blog.samantha365mx.com\/wp-content\/uploads\/2025\/04\/image-36-768x433.png 768w, https:\/\/blog.samantha365mx.com\/wp-content\/uploads\/2025\/04\/image-36.png 1225w\" sizes=\"auto, (max-width: 1024px) 100vw, 1024px\" \/><\/figure>\n<\/figure>\n\n\n\n<figure class=\"wp-block-image size-large\"><img loading=\"lazy\" decoding=\"async\" width=\"1024\" height=\"213\" src=\"https:\/\/blog.samantha365mx.com\/wp-content\/uploads\/2025\/04\/image-37-1024x213.png\" alt=\"\" class=\"wp-image-1116\" srcset=\"https:\/\/blog.samantha365mx.com\/wp-content\/uploads\/2025\/04\/image-37-1024x213.png 1024w, https:\/\/blog.samantha365mx.com\/wp-content\/uploads\/2025\/04\/image-37-300x63.png 300w, https:\/\/blog.samantha365mx.com\/wp-content\/uploads\/2025\/04\/image-37-768x160.png 768w, https:\/\/blog.samantha365mx.com\/wp-content\/uploads\/2025\/04\/image-37-1536x320.png 1536w, https:\/\/blog.samantha365mx.com\/wp-content\/uploads\/2025\/04\/image-37-2048x427.png 2048w\" sizes=\"auto, (max-width: 1024px) 100vw, 1024px\" \/><\/figure>\n\n\n\n<figure class=\"wp-block-gallery has-nested-images columns-default is-cropped wp-block-gallery-2 is-layout-flex wp-block-gallery-is-layout-flex\">\n<figure class=\"wp-block-image size-large\"><img loading=\"lazy\" decoding=\"async\" width=\"768\" height=\"1024\" data-id=\"1134\" src=\"https:\/\/blog.samantha365mx.com\/wp-content\/uploads\/2025\/04\/image-52-768x1024.png\" alt=\"\" class=\"wp-image-1134\" srcset=\"https:\/\/blog.samantha365mx.com\/wp-content\/uploads\/2025\/04\/image-52-768x1024.png 768w, https:\/\/blog.samantha365mx.com\/wp-content\/uploads\/2025\/04\/image-52-225x300.png 225w, https:\/\/blog.samantha365mx.com\/wp-content\/uploads\/2025\/04\/image-52-1152x1536.png 1152w, https:\/\/blog.samantha365mx.com\/wp-content\/uploads\/2025\/04\/image-52.png 1536w\" sizes=\"auto, (max-width: 768px) 100vw, 768px\" \/><\/figure>\n\n\n\n<figure class=\"wp-block-image size-large\"><img loading=\"lazy\" decoding=\"async\" width=\"768\" height=\"1024\" data-id=\"1135\" src=\"https:\/\/blog.samantha365mx.com\/wp-content\/uploads\/2025\/04\/image-53-768x1024.png\" alt=\"\" class=\"wp-image-1135\" srcset=\"https:\/\/blog.samantha365mx.com\/wp-content\/uploads\/2025\/04\/image-53-768x1024.png 768w, https:\/\/blog.samantha365mx.com\/wp-content\/uploads\/2025\/04\/image-53-225x300.png 225w, https:\/\/blog.samantha365mx.com\/wp-content\/uploads\/2025\/04\/image-53-1152x1536.png 1152w, https:\/\/blog.samantha365mx.com\/wp-content\/uploads\/2025\/04\/image-53.png 1536w\" sizes=\"auto, (max-width: 768px) 100vw, 768px\" \/><\/figure>\n\n\n\n<figure class=\"wp-block-image size-large\"><img loading=\"lazy\" decoding=\"async\" width=\"768\" height=\"1024\" data-id=\"1136\" src=\"https:\/\/blog.samantha365mx.com\/wp-content\/uploads\/2025\/04\/image-54-768x1024.png\" alt=\"\" class=\"wp-image-1136\" srcset=\"https:\/\/blog.samantha365mx.com\/wp-content\/uploads\/2025\/04\/image-54-768x1024.png 768w, https:\/\/blog.samantha365mx.com\/wp-content\/uploads\/2025\/04\/image-54-225x300.png 225w, https:\/\/blog.samantha365mx.com\/wp-content\/uploads\/2025\/04\/image-54-1152x1536.png 1152w, https:\/\/blog.samantha365mx.com\/wp-content\/uploads\/2025\/04\/image-54.png 1536w\" sizes=\"auto, (max-width: 768px) 100vw, 768px\" \/><\/figure>\n<\/figure>\n\n\n\n<figure class=\"wp-block-gallery has-nested-images columns-default is-cropped wp-block-gallery-3 is-layout-flex wp-block-gallery-is-layout-flex\">\n<figure class=\"wp-block-image size-large\"><img loading=\"lazy\" decoding=\"async\" width=\"960\" height=\"720\" data-id=\"1123\" src=\"https:\/\/blog.samantha365mx.com\/wp-content\/uploads\/2025\/04\/image-42.png\" alt=\"\" class=\"wp-image-1123\" srcset=\"https:\/\/blog.samantha365mx.com\/wp-content\/uploads\/2025\/04\/image-42.png 960w, https:\/\/blog.samantha365mx.com\/wp-content\/uploads\/2025\/04\/image-42-300x225.png 300w, https:\/\/blog.samantha365mx.com\/wp-content\/uploads\/2025\/04\/image-42-768x576.png 768w\" sizes=\"auto, (max-width: 960px) 100vw, 960px\" \/><\/figure>\n\n\n\n<figure class=\"wp-block-image size-large\"><img loading=\"lazy\" decoding=\"async\" width=\"768\" height=\"1024\" data-id=\"1124\" src=\"https:\/\/blog.samantha365mx.com\/wp-content\/uploads\/2025\/04\/image-43-768x1024.png\" alt=\"\" class=\"wp-image-1124\" srcset=\"https:\/\/blog.samantha365mx.com\/wp-content\/uploads\/2025\/04\/image-43-768x1024.png 768w, https:\/\/blog.samantha365mx.com\/wp-content\/uploads\/2025\/04\/image-43-225x300.png 225w, https:\/\/blog.samantha365mx.com\/wp-content\/uploads\/2025\/04\/image-43-1152x1536.png 1152w, https:\/\/blog.samantha365mx.com\/wp-content\/uploads\/2025\/04\/image-43.png 1536w\" sizes=\"auto, (max-width: 768px) 100vw, 768px\" \/><\/figure>\n\n\n\n<figure class=\"wp-block-image size-large\"><img loading=\"lazy\" decoding=\"async\" width=\"768\" height=\"1024\" data-id=\"1126\" src=\"https:\/\/blog.samantha365mx.com\/wp-content\/uploads\/2025\/04\/image-44-768x1024.png\" alt=\"\" class=\"wp-image-1126\" srcset=\"https:\/\/blog.samantha365mx.com\/wp-content\/uploads\/2025\/04\/image-44-768x1024.png 768w, https:\/\/blog.samantha365mx.com\/wp-content\/uploads\/2025\/04\/image-44-225x300.png 225w, https:\/\/blog.samantha365mx.com\/wp-content\/uploads\/2025\/04\/image-44-1152x1536.png 1152w, https:\/\/blog.samantha365mx.com\/wp-content\/uploads\/2025\/04\/image-44.png 1536w\" sizes=\"auto, (max-width: 768px) 100vw, 768px\" \/><\/figure>\n\n\n\n<figure class=\"wp-block-image size-large\"><img loading=\"lazy\" decoding=\"async\" width=\"1024\" height=\"768\" data-id=\"1127\" src=\"https:\/\/blog.samantha365mx.com\/wp-content\/uploads\/2025\/04\/image-45-1024x768.png\" alt=\"\" class=\"wp-image-1127\" srcset=\"https:\/\/blog.samantha365mx.com\/wp-content\/uploads\/2025\/04\/image-45-1024x768.png 1024w, https:\/\/blog.samantha365mx.com\/wp-content\/uploads\/2025\/04\/image-45-300x225.png 300w, https:\/\/blog.samantha365mx.com\/wp-content\/uploads\/2025\/04\/image-45-768x576.png 768w, https:\/\/blog.samantha365mx.com\/wp-content\/uploads\/2025\/04\/image-45-1536x1152.png 1536w, https:\/\/blog.samantha365mx.com\/wp-content\/uploads\/2025\/04\/image-45.png 2048w\" sizes=\"auto, (max-width: 1024px) 100vw, 1024px\" \/><\/figure>\n\n\n\n<figure class=\"wp-block-image size-large\"><img loading=\"lazy\" decoding=\"async\" width=\"1024\" height=\"768\" data-id=\"1129\" src=\"https:\/\/blog.samantha365mx.com\/wp-content\/uploads\/2025\/04\/image-47-1024x768.png\" alt=\"\" class=\"wp-image-1129\" srcset=\"https:\/\/blog.samantha365mx.com\/wp-content\/uploads\/2025\/04\/image-47-1024x768.png 1024w, https:\/\/blog.samantha365mx.com\/wp-content\/uploads\/2025\/04\/image-47-300x225.png 300w, https:\/\/blog.samantha365mx.com\/wp-content\/uploads\/2025\/04\/image-47-768x576.png 768w, https:\/\/blog.samantha365mx.com\/wp-content\/uploads\/2025\/04\/image-47-1536x1152.png 1536w, https:\/\/blog.samantha365mx.com\/wp-content\/uploads\/2025\/04\/image-47.png 2048w\" sizes=\"auto, (max-width: 1024px) 100vw, 1024px\" \/><\/figure>\n\n\n\n<figure class=\"wp-block-image size-large\"><img loading=\"lazy\" decoding=\"async\" width=\"1024\" height=\"768\" data-id=\"1122\" src=\"https:\/\/blog.samantha365mx.com\/wp-content\/uploads\/2025\/04\/image-41-1024x768.png\" alt=\"\" class=\"wp-image-1122\" srcset=\"https:\/\/blog.samantha365mx.com\/wp-content\/uploads\/2025\/04\/image-41-1024x768.png 1024w, https:\/\/blog.samantha365mx.com\/wp-content\/uploads\/2025\/04\/image-41-300x225.png 300w, https:\/\/blog.samantha365mx.com\/wp-content\/uploads\/2025\/04\/image-41-768x576.png 768w, https:\/\/blog.samantha365mx.com\/wp-content\/uploads\/2025\/04\/image-41-1536x1152.png 1536w, https:\/\/blog.samantha365mx.com\/wp-content\/uploads\/2025\/04\/image-41.png 2048w\" sizes=\"auto, (max-width: 1024px) 100vw, 1024px\" \/><\/figure>\n<\/figure>\n\n\n\n<figure class=\"wp-block-image size-large\"><img loading=\"lazy\" decoding=\"async\" width=\"1024\" height=\"970\" src=\"https:\/\/blog.samantha365mx.com\/wp-content\/uploads\/2025\/06\/Screenshot-2025-06-19-163227-1024x970.png\" alt=\"\" class=\"wp-image-1578\" srcset=\"https:\/\/blog.samantha365mx.com\/wp-content\/uploads\/2025\/06\/Screenshot-2025-06-19-163227-1024x970.png 1024w, https:\/\/blog.samantha365mx.com\/wp-content\/uploads\/2025\/06\/Screenshot-2025-06-19-163227-300x284.png 300w, https:\/\/blog.samantha365mx.com\/wp-content\/uploads\/2025\/06\/Screenshot-2025-06-19-163227-768x728.png 768w, https:\/\/blog.samantha365mx.com\/wp-content\/uploads\/2025\/06\/Screenshot-2025-06-19-163227.png 1139w\" sizes=\"auto, (max-width: 1024px) 100vw, 1024px\" \/><\/figure>\n\n\n\n<figure class=\"wp-block-image size-large\"><img loading=\"lazy\" decoding=\"async\" width=\"1024\" height=\"576\" src=\"https:\/\/blog.samantha365mx.com\/wp-content\/uploads\/2025\/07\/image-1-1024x576.png\" alt=\"\" class=\"wp-image-1587\" srcset=\"https:\/\/blog.samantha365mx.com\/wp-content\/uploads\/2025\/07\/image-1-1024x576.png 1024w, https:\/\/blog.samantha365mx.com\/wp-content\/uploads\/2025\/07\/image-1-300x169.png 300w, https:\/\/blog.samantha365mx.com\/wp-content\/uploads\/2025\/07\/image-1-768x432.png 768w, https:\/\/blog.samantha365mx.com\/wp-content\/uploads\/2025\/07\/image-1-1536x865.png 1536w, https:\/\/blog.samantha365mx.com\/wp-content\/uploads\/2025\/07\/image-1.png 1924w\" sizes=\"auto, (max-width: 1024px) 100vw, 1024px\" \/><\/figure>\n\n\n\n<figure class=\"wp-block-image size-large\"><img loading=\"lazy\" decoding=\"async\" width=\"1024\" height=\"536\" src=\"https:\/\/blog.samantha365mx.com\/wp-content\/uploads\/2025\/06\/image-2-1024x536.png\" alt=\"\" class=\"wp-image-1581\" srcset=\"https:\/\/blog.samantha365mx.com\/wp-content\/uploads\/2025\/06\/image-2-1024x536.png 1024w, https:\/\/blog.samantha365mx.com\/wp-content\/uploads\/2025\/06\/image-2-300x157.png 300w, https:\/\/blog.samantha365mx.com\/wp-content\/uploads\/2025\/06\/image-2-768x402.png 768w, https:\/\/blog.samantha365mx.com\/wp-content\/uploads\/2025\/06\/image-2.png 1132w\" sizes=\"auto, (max-width: 1024px) 100vw, 1024px\" \/><\/figure>\n\n\n\n<figure class=\"wp-block-image size-large\"><img loading=\"lazy\" decoding=\"async\" width=\"1024\" height=\"536\" src=\"https:\/\/blog.samantha365mx.com\/wp-content\/uploads\/2025\/07\/image-1024x536.png\" alt=\"\" class=\"wp-image-1585\" srcset=\"https:\/\/blog.samantha365mx.com\/wp-content\/uploads\/2025\/07\/image-1024x536.png 1024w, https:\/\/blog.samantha365mx.com\/wp-content\/uploads\/2025\/07\/image-300x157.png 300w, https:\/\/blog.samantha365mx.com\/wp-content\/uploads\/2025\/07\/image-768x402.png 768w, https:\/\/blog.samantha365mx.com\/wp-content\/uploads\/2025\/07\/image.png 1141w\" sizes=\"auto, (max-width: 1024px) 100vw, 1024px\" \/><\/figure>\n\n\n\n<hr class=\"wp-block-separator has-alpha-channel-opacity\"\/>\n\n\n<div class=\"wp-block-image\">\n<figure class=\"aligncenter size-full\"><img loading=\"lazy\" decoding=\"async\" width=\"526\" height=\"527\" src=\"https:\/\/blog.samantha365mx.com\/wp-content\/uploads\/2026\/03\/image-2.png\" alt=\"\" class=\"wp-image-1614\" srcset=\"https:\/\/blog.samantha365mx.com\/wp-content\/uploads\/2026\/03\/image-2.png 526w, https:\/\/blog.samantha365mx.com\/wp-content\/uploads\/2026\/03\/image-2-300x300.png 300w, https:\/\/blog.samantha365mx.com\/wp-content\/uploads\/2026\/03\/image-2-150x150.png 150w\" sizes=\"auto, (max-width: 526px) 100vw, 526px\" \/><\/figure><\/div>\n\n\n<figure class=\"wp-block-image size-large\"><img loading=\"lazy\" decoding=\"async\" width=\"1024\" height=\"571\" src=\"https:\/\/blog.samantha365mx.com\/wp-content\/uploads\/2026\/03\/image-9-1024x571.png\" alt=\"\" class=\"wp-image-1731\" srcset=\"https:\/\/blog.samantha365mx.com\/wp-content\/uploads\/2026\/03\/image-9-1024x571.png 1024w, https:\/\/blog.samantha365mx.com\/wp-content\/uploads\/2026\/03\/image-9-300x167.png 300w, https:\/\/blog.samantha365mx.com\/wp-content\/uploads\/2026\/03\/image-9-768x428.png 768w, https:\/\/blog.samantha365mx.com\/wp-content\/uploads\/2026\/03\/image-9.png 1443w\" sizes=\"auto, (max-width: 1024px) 100vw, 1024px\" \/><\/figure>\n\n\n\n<figure class=\"wp-block-image size-large\"><img loading=\"lazy\" decoding=\"async\" width=\"1024\" height=\"773\" src=\"https:\/\/blog.samantha365mx.com\/wp-content\/uploads\/2026\/03\/image-11-1024x773.png\" alt=\"\" class=\"wp-image-1735\" srcset=\"https:\/\/blog.samantha365mx.com\/wp-content\/uploads\/2026\/03\/image-11-1024x773.png 1024w, https:\/\/blog.samantha365mx.com\/wp-content\/uploads\/2026\/03\/image-11-300x226.png 300w, https:\/\/blog.samantha365mx.com\/wp-content\/uploads\/2026\/03\/image-11-768x579.png 768w, https:\/\/blog.samantha365mx.com\/wp-content\/uploads\/2026\/03\/image-11-1536x1159.png 1536w, https:\/\/blog.samantha365mx.com\/wp-content\/uploads\/2026\/03\/image-11.png 2048w\" sizes=\"auto, (max-width: 1024px) 100vw, 1024px\" \/><\/figure>\n\n\n\n<figure class=\"wp-block-image size-full\"><img loading=\"lazy\" decoding=\"async\" width=\"886\" height=\"418\" src=\"https:\/\/blog.samantha365mx.com\/wp-content\/uploads\/2026\/03\/image.png\" alt=\"\" class=\"wp-image-1609\" srcset=\"https:\/\/blog.samantha365mx.com\/wp-content\/uploads\/2026\/03\/image.png 886w, https:\/\/blog.samantha365mx.com\/wp-content\/uploads\/2026\/03\/image-300x142.png 300w, https:\/\/blog.samantha365mx.com\/wp-content\/uploads\/2026\/03\/image-768x362.png 768w\" sizes=\"auto, (max-width: 886px) 100vw, 886px\" \/><\/figure>\n\n\n\n<p>Aqu\u00ed experimentando con videos hechos con IA para webianrs postereriores<\/p>\n\n\n\n<figure class=\"wp-block-video\"><video controls src=\"https:\/\/blog.samantha365mx.com\/wp-content\/uploads\/2026\/03\/AQPJxjUbshBLO3pdPtecDzIUNVy38_Tjri36PoXJanesRJ0fL_KItJSO50YNhuFGZx3GsiRYSnWG27Ln_IqHlwnwVIL2Rv8co2lfOIZ_BQjcWA.mp4\"><\/video><\/figure>\n\n\n\n<p><\/p>\n","protected":false},"excerpt":{"rendered":"<p class=\"text-justify\">Ver por actividad A continuaci\u00f3n te comparto algunas de las im\u00e1genes m\u00e1s representativas de los eventos en los que he participado este [&hellip;]<\/p>\n","protected":false},"author":2,"featured_media":0,"parent":0,"menu_order":0,"comment_status":"closed","ping_status":"closed","template":"","meta":{"footnotes":""},"class_list":["post-1078","page","type-page","status-publish","hentry"],"_links":{"self":[{"href":"https:\/\/blog.samantha365mx.com\/index.php\/wp-json\/wp\/v2\/pages\/1078","targetHints":{"allow":["GET"]}}],"collection":[{"href":"https:\/\/blog.samantha365mx.com\/index.php\/wp-json\/wp\/v2\/pages"}],"about":[{"href":"https:\/\/blog.samantha365mx.com\/index.php\/wp-json\/wp\/v2\/types\/page"}],"author":[{"embeddable":true,"href":"https:\/\/blog.samantha365mx.com\/index.php\/wp-json\/wp\/v2\/users\/2"}],"replies":[{"embeddable":true,"href":"https:\/\/blog.samantha365mx.com\/index.php\/wp-json\/wp\/v2\/comments?post=1078"}],"version-history":[{"count":88,"href":"https:\/\/blog.samantha365mx.com\/index.php\/wp-json\/wp\/v2\/pages\/1078\/revisions"}],"predecessor-version":[{"id":1978,"href":"https:\/\/blog.samantha365mx.com\/index.php\/wp-json\/wp\/v2\/pages\/1078\/revisions\/1978"}],"wp:attachment":[{"href":"https:\/\/blog.samantha365mx.com\/index.php\/wp-json\/wp\/v2\/media?parent=1078"}],"curies":[{"name":"wp","href":"https:\/\/api.w.org\/{rel}","templated":true}]}}