{"id":109,"date":"2020-10-09T02:32:05","date_gmt":"2020-10-09T02:32:05","guid":{"rendered":"https:\/\/blog.samantha365mx.com\/?page_id=109"},"modified":"2021-12-14T14:24:48","modified_gmt":"2021-12-14T19:24:48","slug":"proximos-eventos","status":"publish","type":"page","link":"https:\/\/blog.samantha365mx.com\/index.php\/proximos-eventos\/","title":{"rendered":"Eventos 2021"},"content":{"rendered":"\n<figure class=\"wp-block-image size-large\"><img loading=\"lazy\" decoding=\"async\" width=\"720\" height=\"324\" src=\"https:\/\/blog.samantha365mx.com\/wp-content\/uploads\/2021\/03\/sam2021snap.jpg\" alt=\"\" class=\"wp-image-537\" srcset=\"https:\/\/blog.samantha365mx.com\/wp-content\/uploads\/2021\/03\/sam2021snap.jpg 720w, https:\/\/blog.samantha365mx.com\/wp-content\/uploads\/2021\/03\/sam2021snap-300x135.jpg 300w\" sizes=\"auto, (max-width: 720px) 100vw, 720px\" \/><\/figure>\n\n\n\n<p><strong>ENERO<\/strong><\/p>\n\n\n\n<p><a rel=\"noreferrer noopener\" href=\"https:\/\/www.meetup.com\/es\/Mujeres-y-tecnologia\/events\/273644596\/\" target=\"_blank\">Reuni\u00f3n Mensual MyT (Mujeres y Tecnolog\u00eda) 19\/01\/2021<\/a> &#8211; Presentar\u00e9 tema: &#8220;Crea paneles de informes con PowerBI para toma de decisiones&#8221;<\/p>\n\n\n\n<p><a rel=\"noreferrer noopener\" href=\"https:\/\/www.meetup.com\/es\/power-chevere\/events\/275811074\/\" target=\"_blank\">Comunidad PowerCh\u00e9vere 28\/01\/2021<\/a> &#8211; Presentar\u00e9 tema:  &#8220;Personalizando flujos autom\u00e1ticos con PowerAutomate&#8221;<\/p>\n\n\n\n<p><strong>FEBRERO<\/strong><\/p>\n\n\n\n<p>Reuni\u00f3n Mensual MyT (Mujeres y Tecnolog\u00eda) Presentar\u00e9 tema:<\/p>\n\n\n\n<p>Emprendedores en Tecnolog\u00eda &#8211; Sup\u00e9rstite &#8211; Presentar\u00e9 tema:<\/p>\n\n\n\n<p>Office365 en Espa\u00f1ol &#8211; Presentar\u00e9 tema:<\/p>\n\n\n\n<p><strong>MARZO<\/strong><\/p>\n\n\n\n<p>Reuni\u00f3n Mensual MyT (Mujeres y Tecnolog\u00eda) <\/p>\n\n\n\n<p>Emprendedores en Tecnolog\u00eda &#8211; Sup\u00e9rstite &#8211; Presentar\u00e9 tema:<\/p>\n\n\n\n<p>Office365 en Espa\u00f1ol &#8211; Presentar\u00e9 tema:<\/p>\n\n\n\n<p><strong>ABRIL<\/strong><\/p>\n\n\n\n<p>Reuni\u00f3n Mensual MyT (Mujeres y Tecnolog\u00eda) <\/p>\n\n\n\n<p>Emprendedores en Tecnolog\u00eda &#8211; Sup\u00e9rstite &#8211; Presentar\u00e9 tema:<\/p>\n\n\n\n<p>Office365 en Espa\u00f1ol &#8211; Presentar\u00e9 tema:<\/p>\n\n\n\n<p><strong>MAYO<\/strong><\/p>\n\n\n\n<p>Reuni\u00f3n Mensual MyT (Mujeres y Tecnolog\u00eda) <\/p>\n\n\n\n<p>Emprendedores en Tecnolog\u00eda &#8211; Sup\u00e9rstite &#8211; Presentar\u00e9 tema:<\/p>\n\n\n\n<p>Office365 en Espa\u00f1ol &#8211; Presentar\u00e9 tema:<\/p>\n\n\n\n<p><strong>JUNIO<\/strong><\/p>\n\n\n\n<p>Reuni\u00f3n Mensual MyT (Mujeres y Tecnolog\u00eda) <\/p>\n\n\n\n<p>Emprendedores en Tecnolog\u00eda &#8211; Sup\u00e9rstite &#8211; Presentar\u00e9 tema:<\/p>\n\n\n\n<p>Office365 en Espa\u00f1ol &#8211; Presentar\u00e9 tema:<\/p>\n\n\n\n<p><strong>JULIO<\/strong><\/p>\n\n\n\n<p>Reuni\u00f3n Mensual MyT (Mujeres y Tecnolog\u00eda) <\/p>\n\n\n\n<p>Emprendedores en Tecnolog\u00eda &#8211; Sup\u00e9rstite &#8211; Presentar\u00e9 tema:<\/p>\n\n\n\n<p>Office365 en Espa\u00f1ol &#8211; Presentar\u00e9 tema:<\/p>\n\n\n\n<p><strong>AGOSTO<\/strong><\/p>\n\n\n\n<p>Empieza la aventura con la nueva <strong>comunidad Mujeres TICS Latam<\/strong><\/p>\n\n\n\n<p><a href=\"https:\/\/mujeresticslatam.com\/\">www.mujeresticslatam.com<\/a><\/p>\n\n\n\n<figure class=\"wp-block-image size-large\"><img loading=\"lazy\" decoding=\"async\" width=\"1024\" height=\"498\" src=\"https:\/\/blog.samantha365mx.com\/wp-content\/uploads\/2021\/12\/colaboradores-1536x747-2-1024x498.jpg\" alt=\"\" class=\"wp-image-566\" srcset=\"https:\/\/blog.samantha365mx.com\/wp-content\/uploads\/2021\/12\/colaboradores-1536x747-2-1024x498.jpg 1024w, https:\/\/blog.samantha365mx.com\/wp-content\/uploads\/2021\/12\/colaboradores-1536x747-2-300x146.jpg 300w, https:\/\/blog.samantha365mx.com\/wp-content\/uploads\/2021\/12\/colaboradores-1536x747-2-768x374.jpg 768w, https:\/\/blog.samantha365mx.com\/wp-content\/uploads\/2021\/12\/colaboradores-1536x747-2.jpg 1536w\" sizes=\"auto, (max-width: 1024px) 100vw, 1024px\" \/><figcaption>Equipo de colaboraci\u00f3n<\/figcaption><\/figure>\n\n\n\n<p>Calendario de actividades: <a href=\"https:\/\/mujeresticslatam.com\/index.php\/calendario-2021\/\" target=\"_blank\" rel=\"noreferrer noopener\">https:\/\/mujeresticslatam.com\/index.php\/calendario-2021\/<\/a><\/p>\n\n\n\n<p><strong>SEPTIEMBRE<\/strong><\/p>\n\n\n\n<p>Reuni\u00f3n Mensual MyT (Mujeres y Tecnolog\u00eda) <\/p>\n\n\n\n<p>Emprendedores en Tecnolog\u00eda &#8211; Sup\u00e9rstite &#8211; Presentar\u00e9 tema:<\/p>\n\n\n\n<p>Office365 en Espa\u00f1ol &#8211; Presentar\u00e9 tema:<\/p>\n\n\n\n<p><strong>OCTUBRE<\/strong><\/p>\n\n\n\n<p>Reuni\u00f3n Mensual MyT (Mujeres y Tecnolog\u00eda) <\/p>\n\n\n\n<p>Emprendedores en Tecnolog\u00eda &#8211; Sup\u00e9rstite &#8211; Presentar\u00e9 tema:<\/p>\n\n\n\n<p>Office365 en Espa\u00f1ol &#8211; Presentar\u00e9 tema:<\/p>\n\n\n\n<p><strong>NOVIEMBRE<\/strong><\/p>\n\n\n\n<p>Reuni\u00f3n Mensual MyT (Mujeres y Tecnolog\u00eda) <\/p>\n\n\n\n<p>Emprendedores en Tecnolog\u00eda &#8211; Sup\u00e9rstite &#8211; Presentar\u00e9 tema:<\/p>\n\n\n\n<p>Office365 en Espa\u00f1ol &#8211; Presentar\u00e9 tema:<\/p>\n\n\n\n<p><strong>DICIEMBRE<\/strong><\/p>\n\n\n\n<p>Con muchas actividades, entre conferencias, cursos de certificaci\u00f3n y proyectos, pero conociendo m\u00e1s personas.<\/p>\n\n\n\n<p>Cuando era estudiante particip\u00e9 en un programa de Microsoft Student Partner y con ello a muchas personas de otros pa\u00edses, esta vez tuve oportunidad de conocer a Ahmad Farid de Egipto. \u00a1Que gusto verte amigo!<\/p>\n\n\n\n<div class=\"wp-block-columns is-layout-flex wp-container-core-columns-is-layout-9d6595d7 wp-block-columns-is-layout-flex\">\n<div class=\"wp-block-column is-layout-flow wp-block-column-is-layout-flow\">\n<div class=\"wp-block-image\"><figure class=\"aligncenter size-large\"><img loading=\"lazy\" decoding=\"async\" width=\"1536\" height=\"2048\" src=\"https:\/\/blog.samantha365mx.com\/wp-content\/uploads\/2021\/12\/4-768x1024.jpg\" alt=\"\" class=\"wp-image-567\" srcset=\"https:\/\/blog.samantha365mx.com\/wp-content\/uploads\/2021\/12\/4-768x1024.jpg 768w, https:\/\/blog.samantha365mx.com\/wp-content\/uploads\/2021\/12\/4-225x300.jpg 225w, https:\/\/blog.samantha365mx.com\/wp-content\/uploads\/2021\/12\/4-1152x1536.jpg 1152w, https:\/\/blog.samantha365mx.com\/wp-content\/uploads\/2021\/12\/4.jpg 1536w\" sizes=\"auto, (max-width: 1536px) 100vw, 1536px\" \/><figcaption>Ahmad Farid y yo (Samantha Villarreal)<\/figcaption><\/figure><\/div>\n<\/div>\n\n\n\n<div class=\"wp-block-column is-layout-flow wp-block-column-is-layout-flow\">\n<div class=\"wp-block-image\"><figure class=\"aligncenter size-large\"><img loading=\"lazy\" decoding=\"async\" width=\"768\" height=\"1024\" src=\"https:\/\/blog.samantha365mx.com\/wp-content\/uploads\/2021\/12\/3-768x1024.jpg\" alt=\"\" class=\"wp-image-568\" srcset=\"https:\/\/blog.samantha365mx.com\/wp-content\/uploads\/2021\/12\/3-768x1024.jpg 768w, https:\/\/blog.samantha365mx.com\/wp-content\/uploads\/2021\/12\/3-225x300.jpg 225w, https:\/\/blog.samantha365mx.com\/wp-content\/uploads\/2021\/12\/3-1152x1536.jpg 1152w, https:\/\/blog.samantha365mx.com\/wp-content\/uploads\/2021\/12\/3.jpg 1536w\" sizes=\"auto, (max-width: 768px) 100vw, 768px\" \/><figcaption>Vista desde la Torre Latinoamericana hacia el Palacio de Bellas Artes en la Ciudad de M\u00e9xico<\/figcaption><\/figure><\/div>\n<\/div>\n<\/div>\n\n\n\n<p>Reuni\u00f3n Mensual MyT (Mujeres y Tecnolog\u00eda) <\/p>\n\n\n\n<p>Emprendedores en Tecnolog\u00eda &#8211; Sup\u00e9rstite &#8211; Presentar\u00e9 tema:<\/p>\n\n\n\n<p>Office365 en Espa\u00f1ol &#8211; Presentar\u00e9 tema:<\/p>\n\n\n\n<figure class=\"wp-block-image size-large\"><img loading=\"lazy\" decoding=\"async\" width=\"655\" height=\"370\" src=\"https:\/\/blog.samantha365mx.com\/wp-content\/uploads\/2021\/03\/image-18.png\" alt=\"\" class=\"wp-image-539\" srcset=\"https:\/\/blog.samantha365mx.com\/wp-content\/uploads\/2021\/03\/image-18.png 655w, https:\/\/blog.samantha365mx.com\/wp-content\/uploads\/2021\/03\/image-18-300x169.png 300w\" sizes=\"auto, (max-width: 655px) 100vw, 655px\" \/><\/figure>\n","protected":false},"excerpt":{"rendered":"<p class=\"text-justify\">ENERO Reuni\u00f3n Mensual MyT (Mujeres y Tecnolog\u00eda) 19\/01\/2021 &#8211; Presentar\u00e9 tema: &#8220;Crea paneles de informes con PowerBI para toma de decisiones&#8221; Comunidad [&hellip;]<\/p>\n","protected":false},"author":2,"featured_media":0,"parent":0,"menu_order":0,"comment_status":"closed","ping_status":"closed","template":"","meta":{"footnotes":""},"class_list":["post-109","page","type-page","status-publish","hentry"],"_links":{"self":[{"href":"https:\/\/blog.samantha365mx.com\/index.php\/wp-json\/wp\/v2\/pages\/109","targetHints":{"allow":["GET"]}}],"collection":[{"href":"https:\/\/blog.samantha365mx.com\/index.php\/wp-json\/wp\/v2\/pages"}],"about":[{"href":"https:\/\/blog.samantha365mx.com\/index.php\/wp-json\/wp\/v2\/types\/page"}],"author":[{"embeddable":true,"href":"https:\/\/blog.samantha365mx.com\/index.php\/wp-json\/wp\/v2\/users\/2"}],"replies":[{"embeddable":true,"href":"https:\/\/blog.samantha365mx.com\/index.php\/wp-json\/wp\/v2\/comments?post=109"}],"version-history":[{"count":11,"href":"https:\/\/blog.samantha365mx.com\/index.php\/wp-json\/wp\/v2\/pages\/109\/revisions"}],"predecessor-version":[{"id":569,"href":"https:\/\/blog.samantha365mx.com\/index.php\/wp-json\/wp\/v2\/pages\/109\/revisions\/569"}],"wp:attachment":[{"href":"https:\/\/blog.samantha365mx.com\/index.php\/wp-json\/wp\/v2\/media?parent=109"}],"curies":[{"name":"wp","href":"https:\/\/api.w.org\/{rel}","templated":true}]}}