{"id":110,"date":"2020-10-09T02:32:05","date_gmt":"2020-10-09T02:32:05","guid":{"rendered":"https:\/\/blog.samantha365mx.com\/?page_id=110"},"modified":"2021-04-09T22:06:09","modified_gmt":"2021-04-09T22:06:09","slug":"2019-2","status":"publish","type":"page","link":"https:\/\/blog.samantha365mx.com\/index.php\/2019-2\/","title":{"rendered":"2019"},"content":{"rendered":"\n<figure class=\"wp-block-image size-large\"><img loading=\"lazy\" decoding=\"async\" width=\"1024\" height=\"576\" src=\"https:\/\/blog.samantha365mx.com\/wp-content\/uploads\/2021\/02\/2019-1024x576.jpg\" alt=\"\" class=\"wp-image-194\" srcset=\"https:\/\/blog.samantha365mx.com\/wp-content\/uploads\/2021\/02\/2019-1024x576.jpg 1024w, https:\/\/blog.samantha365mx.com\/wp-content\/uploads\/2021\/02\/2019-300x169.jpg 300w, https:\/\/blog.samantha365mx.com\/wp-content\/uploads\/2021\/02\/2019-768x432.jpg 768w, https:\/\/blog.samantha365mx.com\/wp-content\/uploads\/2021\/02\/2019.jpg 1366w\" sizes=\"auto, (max-width: 1024px) 100vw, 1024px\" \/><\/figure>\n\n\n\n<figure class=\"wp-block-image size-large\"><img loading=\"lazy\" decoding=\"async\" width=\"1024\" height=\"768\" src=\"https:\/\/blog.samantha365mx.com\/wp-content\/uploads\/2021\/02\/Miss-Simpatia-2019-1024x768.jpg\" alt=\"\" class=\"wp-image-196\" srcset=\"https:\/\/blog.samantha365mx.com\/wp-content\/uploads\/2021\/02\/Miss-Simpatia-2019-1024x768.jpg 1024w, https:\/\/blog.samantha365mx.com\/wp-content\/uploads\/2021\/02\/Miss-Simpatia-2019-300x225.jpg 300w, https:\/\/blog.samantha365mx.com\/wp-content\/uploads\/2021\/02\/Miss-Simpatia-2019-768x576.jpg 768w, https:\/\/blog.samantha365mx.com\/wp-content\/uploads\/2021\/02\/Miss-Simpatia-2019.jpg 1440w\" sizes=\"auto, (max-width: 1024px) 100vw, 1024px\" \/><figcaption>Gracias Microsoft por este regalo \ud83d\ude00<\/figcaption><\/figure>\n\n\n\n<figure class=\"wp-block-image size-large\"><img loading=\"lazy\" decoding=\"async\" width=\"1024\" height=\"576\" src=\"https:\/\/blog.samantha365mx.com\/wp-content\/uploads\/2021\/02\/flow-vs-automate-1024x576.jpg\" alt=\"\" class=\"wp-image-198\" srcset=\"https:\/\/blog.samantha365mx.com\/wp-content\/uploads\/2021\/02\/flow-vs-automate-1024x576.jpg 1024w, https:\/\/blog.samantha365mx.com\/wp-content\/uploads\/2021\/02\/flow-vs-automate-300x169.jpg 300w, https:\/\/blog.samantha365mx.com\/wp-content\/uploads\/2021\/02\/flow-vs-automate-768x432.jpg 768w, https:\/\/blog.samantha365mx.com\/wp-content\/uploads\/2021\/02\/flow-vs-automate.jpg 1366w\" sizes=\"auto, (max-width: 1024px) 100vw, 1024px\" \/><figcaption>Hablando de flujos automatizados con PowerAutomate antes Microsoft Flow<\/figcaption><\/figure>\n\n\n\n<p>Un evento incre\u00edble para impulsar la participaci\u00f3n de las mujeres en el \u00e1rea de tecnolog\u00eda, fue el Woman IT organizado por la UAQ en donde tuve la oportunidad de presentar el tema &#8220;Toma la iniciativa al emprender y genera networking&#8221; donde participamos diversas ponentes y la asistencia era en su mayor\u00eda mujeres, tanto estudiantes, como profesionistas. Gracias por la invitaci\u00f3n.<\/p>\n\n\n\n<figure class=\"wp-block-gallery columns-3 is-cropped wp-block-gallery-1 is-layout-flex wp-block-gallery-is-layout-flex\"><ul class=\"blocks-gallery-grid\"><li class=\"blocks-gallery-item\"><figure><img loading=\"lazy\" decoding=\"async\" width=\"1024\" height=\"576\" src=\"https:\/\/blog.samantha365mx.com\/wp-content\/uploads\/2021\/04\/1-1024x576.jpg\" alt=\"\" data-id=\"542\" data-full-url=\"https:\/\/blog.samantha365mx.com\/wp-content\/uploads\/2021\/04\/1.jpg\" data-link=\"https:\/\/blog.samantha365mx.com\/index.php\/2019-2\/1-4\/\" class=\"wp-image-542\" srcset=\"https:\/\/blog.samantha365mx.com\/wp-content\/uploads\/2021\/04\/1-1024x576.jpg 1024w, https:\/\/blog.samantha365mx.com\/wp-content\/uploads\/2021\/04\/1-300x169.jpg 300w, https:\/\/blog.samantha365mx.com\/wp-content\/uploads\/2021\/04\/1-768x432.jpg 768w, https:\/\/blog.samantha365mx.com\/wp-content\/uploads\/2021\/04\/1.jpg 1111w\" sizes=\"auto, (max-width: 1024px) 100vw, 1024px\" \/><\/figure><\/li><li class=\"blocks-gallery-item\"><figure><img loading=\"lazy\" decoding=\"async\" width=\"833\" height=\"625\" src=\"https:\/\/blog.samantha365mx.com\/wp-content\/uploads\/2021\/04\/2.jpg\" alt=\"\" data-id=\"543\" data-full-url=\"https:\/\/blog.samantha365mx.com\/wp-content\/uploads\/2021\/04\/2.jpg\" data-link=\"https:\/\/blog.samantha365mx.com\/index.php\/2019-2\/2-4\/\" class=\"wp-image-543\" srcset=\"https:\/\/blog.samantha365mx.com\/wp-content\/uploads\/2021\/04\/2.jpg 833w, https:\/\/blog.samantha365mx.com\/wp-content\/uploads\/2021\/04\/2-300x225.jpg 300w, https:\/\/blog.samantha365mx.com\/wp-content\/uploads\/2021\/04\/2-768x576.jpg 768w\" sizes=\"auto, (max-width: 833px) 100vw, 833px\" \/><\/figure><\/li><li class=\"blocks-gallery-item\"><figure><img loading=\"lazy\" decoding=\"async\" width=\"833\" height=\"625\" src=\"https:\/\/blog.samantha365mx.com\/wp-content\/uploads\/2021\/04\/3.jpg\" alt=\"\" data-id=\"544\" data-full-url=\"https:\/\/blog.samantha365mx.com\/wp-content\/uploads\/2021\/04\/3.jpg\" data-link=\"https:\/\/blog.samantha365mx.com\/index.php\/2019-2\/3-3\/\" class=\"wp-image-544\" srcset=\"https:\/\/blog.samantha365mx.com\/wp-content\/uploads\/2021\/04\/3.jpg 833w, https:\/\/blog.samantha365mx.com\/wp-content\/uploads\/2021\/04\/3-300x225.jpg 300w, https:\/\/blog.samantha365mx.com\/wp-content\/uploads\/2021\/04\/3-768x576.jpg 768w\" sizes=\"auto, (max-width: 833px) 100vw, 833px\" \/><\/figure><\/li><li class=\"blocks-gallery-item\"><figure><img loading=\"lazy\" decoding=\"async\" width=\"1024\" height=\"688\" src=\"https:\/\/blog.samantha365mx.com\/wp-content\/uploads\/2021\/04\/4.jpg\" alt=\"\" data-id=\"545\" data-full-url=\"https:\/\/blog.samantha365mx.com\/wp-content\/uploads\/2021\/04\/4.jpg\" data-link=\"https:\/\/blog.samantha365mx.com\/index.php\/2019-2\/4-3\/\" class=\"wp-image-545\" srcset=\"https:\/\/blog.samantha365mx.com\/wp-content\/uploads\/2021\/04\/4.jpg 1024w, https:\/\/blog.samantha365mx.com\/wp-content\/uploads\/2021\/04\/4-300x202.jpg 300w, https:\/\/blog.samantha365mx.com\/wp-content\/uploads\/2021\/04\/4-768x516.jpg 768w\" sizes=\"auto, (max-width: 1024px) 100vw, 1024px\" \/><\/figure><\/li><li class=\"blocks-gallery-item\"><figure><img loading=\"lazy\" decoding=\"async\" width=\"1024\" height=\"576\" src=\"https:\/\/blog.samantha365mx.com\/wp-content\/uploads\/2021\/04\/5-1024x576.jpg\" alt=\"\" data-id=\"546\" data-full-url=\"https:\/\/blog.samantha365mx.com\/wp-content\/uploads\/2021\/04\/5.jpg\" data-link=\"https:\/\/blog.samantha365mx.com\/index.php\/2019-2\/5-2\/\" class=\"wp-image-546\" srcset=\"https:\/\/blog.samantha365mx.com\/wp-content\/uploads\/2021\/04\/5-1024x576.jpg 1024w, https:\/\/blog.samantha365mx.com\/wp-content\/uploads\/2021\/04\/5-300x169.jpg 300w, https:\/\/blog.samantha365mx.com\/wp-content\/uploads\/2021\/04\/5-768x432.jpg 768w, https:\/\/blog.samantha365mx.com\/wp-content\/uploads\/2021\/04\/5.jpg 1111w\" sizes=\"auto, (max-width: 1024px) 100vw, 1024px\" \/><\/figure><\/li><\/ul><figcaption class=\"blocks-gallery-caption\">WOMAN IT 2019 UAQ (Universidad Aut\u00f3noma de Quer\u00e9taro)<\/figcaption><\/figure>\n\n\n\n<figure class=\"wp-block-image size-large\"><img loading=\"lazy\" decoding=\"async\" width=\"731\" height=\"1024\" src=\"https:\/\/blog.samantha365mx.com\/wp-content\/uploads\/2021\/02\/m3652019-731x1024.jpg\" alt=\"\" class=\"wp-image-217\" srcset=\"https:\/\/blog.samantha365mx.com\/wp-content\/uploads\/2021\/02\/m3652019-731x1024.jpg 731w, https:\/\/blog.samantha365mx.com\/wp-content\/uploads\/2021\/02\/m3652019-214x300.jpg 214w, https:\/\/blog.samantha365mx.com\/wp-content\/uploads\/2021\/02\/m3652019-768x1076.jpg 768w, https:\/\/blog.samantha365mx.com\/wp-content\/uploads\/2021\/02\/m3652019-1097x1536.jpg 1097w, https:\/\/blog.samantha365mx.com\/wp-content\/uploads\/2021\/02\/m3652019.jpg 1462w\" sizes=\"auto, (max-width: 731px) 100vw, 731px\" \/><\/figure>\n","protected":false},"excerpt":{"rendered":"<p class=\"text-justify\">Un evento incre\u00edble para impulsar la participaci\u00f3n de las mujeres en el \u00e1rea de tecnolog\u00eda, fue el Woman IT organizado por la [&hellip;]<\/p>\n","protected":false},"author":2,"featured_media":0,"parent":0,"menu_order":0,"comment_status":"closed","ping_status":"closed","template":"","meta":{"footnotes":""},"class_list":["post-110","page","type-page","status-publish","hentry"],"_links":{"self":[{"href":"https:\/\/blog.samantha365mx.com\/index.php\/wp-json\/wp\/v2\/pages\/110","targetHints":{"allow":["GET"]}}],"collection":[{"href":"https:\/\/blog.samantha365mx.com\/index.php\/wp-json\/wp\/v2\/pages"}],"about":[{"href":"https:\/\/blog.samantha365mx.com\/index.php\/wp-json\/wp\/v2\/types\/page"}],"author":[{"embeddable":true,"href":"https:\/\/blog.samantha365mx.com\/index.php\/wp-json\/wp\/v2\/users\/2"}],"replies":[{"embeddable":true,"href":"https:\/\/blog.samantha365mx.com\/index.php\/wp-json\/wp\/v2\/comments?post=110"}],"version-history":[{"count":7,"href":"https:\/\/blog.samantha365mx.com\/index.php\/wp-json\/wp\/v2\/pages\/110\/revisions"}],"predecessor-version":[{"id":547,"href":"https:\/\/blog.samantha365mx.com\/index.php\/wp-json\/wp\/v2\/pages\/110\/revisions\/547"}],"wp:attachment":[{"href":"https:\/\/blog.samantha365mx.com\/index.php\/wp-json\/wp\/v2\/media?parent=110"}],"curies":[{"name":"wp","href":"https:\/\/api.w.org\/{rel}","templated":true}]}}