{"id":112,"date":"2020-10-09T02:32:05","date_gmt":"2020-10-09T02:32:05","guid":{"rendered":"https:\/\/blog.samantha365mx.com\/?page_id=112"},"modified":"2023-04-23T11:40:14","modified_gmt":"2023-04-23T17:40:14","slug":"2018-2","status":"publish","type":"page","link":"https:\/\/blog.samantha365mx.com\/index.php\/2018-2\/","title":{"rendered":"Eventos 2018"},"content":{"rendered":"\n<p>Siempre en los mejores eventos.<\/p>\n\n\n\n<p>Sin duda la presentaci\u00f3n de nuevas tecnolog\u00edas es algo que ha caracterizado a Microsoft desde hace mucho tiempo y este a\u00f1o no fue la excepci\u00f3n, trayendo un evento de Inteligencia Artificial y que m\u00e1s pod\u00eda pedir que hablar con uno de los expertos en este tema.<\/p>\n\n\n<div class=\"wp-block-image\">\n<figure class=\"aligncenter size-full is-resized\"><img loading=\"lazy\" decoding=\"async\" src=\"https:\/\/blog.samantha365mx.com\/wp-content\/uploads\/2023\/03\/Max.png\" alt=\"\" class=\"wp-image-593\" width=\"368\" height=\"342\"\/><figcaption class=\"wp-element-caption\">Con Max D\u00e9boli<\/figcaption><\/figure><\/div>\n\n<div class=\"wp-block-image\">\n<figure class=\"aligncenter size-large is-resized\"><img loading=\"lazy\" decoding=\"async\" src=\"https:\/\/blog.samantha365mx.com\/wp-content\/uploads\/2023\/04\/image-4-1024x769.png\" alt=\"\" class=\"wp-image-758\" width=\"452\" height=\"339\" srcset=\"https:\/\/blog.samantha365mx.com\/wp-content\/uploads\/2023\/04\/image-4-1024x769.png 1024w, https:\/\/blog.samantha365mx.com\/wp-content\/uploads\/2023\/04\/image-4-300x225.png 300w, https:\/\/blog.samantha365mx.com\/wp-content\/uploads\/2023\/04\/image-4-768x576.png 768w, https:\/\/blog.samantha365mx.com\/wp-content\/uploads\/2023\/04\/image-4.png 1439w\" sizes=\"auto, (max-width: 452px) 100vw, 452px\" \/><\/figure><\/div>\n\n\n<p>Desde Wework Varsovia transmitiendo evento: Incrementa la productividad de tu negocio<\/p>\n\n\n<div class=\"wp-block-image\">\n<figure class=\"aligncenter size-large is-resized\"><img loading=\"lazy\" decoding=\"async\" src=\"https:\/\/blog.samantha365mx.com\/wp-content\/uploads\/2023\/04\/image-768x1024.png\" alt=\"\" class=\"wp-image-752\" width=\"384\" height=\"512\" srcset=\"https:\/\/blog.samantha365mx.com\/wp-content\/uploads\/2023\/04\/image-768x1024.png 768w, https:\/\/blog.samantha365mx.com\/wp-content\/uploads\/2023\/04\/image-225x300.png 225w, https:\/\/blog.samantha365mx.com\/wp-content\/uploads\/2023\/04\/image-1152x1536.png 1152w, https:\/\/blog.samantha365mx.com\/wp-content\/uploads\/2023\/04\/image.png 1200w\" sizes=\"auto, (max-width: 384px) 100vw, 384px\" \/><\/figure><\/div>\n\n<div class=\"wp-block-image\">\n<figure class=\"aligncenter size-large is-resized\"><img loading=\"lazy\" decoding=\"async\" src=\"https:\/\/blog.samantha365mx.com\/wp-content\/uploads\/2023\/04\/image-1-1024x768.png\" alt=\"\" class=\"wp-image-753\" width=\"573\" height=\"430\" srcset=\"https:\/\/blog.samantha365mx.com\/wp-content\/uploads\/2023\/04\/image-1-1024x768.png 1024w, https:\/\/blog.samantha365mx.com\/wp-content\/uploads\/2023\/04\/image-1-300x225.png 300w, https:\/\/blog.samantha365mx.com\/wp-content\/uploads\/2023\/04\/image-1-768x576.png 768w, https:\/\/blog.samantha365mx.com\/wp-content\/uploads\/2023\/04\/image-1.png 1440w\" sizes=\"auto, (max-width: 573px) 100vw, 573px\" \/><\/figure><\/div>\n\n<div class=\"wp-block-image\">\n<figure class=\"aligncenter size-full is-resized\"><img loading=\"lazy\" decoding=\"async\" src=\"https:\/\/blog.samantha365mx.com\/wp-content\/uploads\/2023\/04\/image-2.png\" alt=\"\" class=\"wp-image-755\" width=\"485\" height=\"364\" srcset=\"https:\/\/blog.samantha365mx.com\/wp-content\/uploads\/2023\/04\/image-2.png 960w, https:\/\/blog.samantha365mx.com\/wp-content\/uploads\/2023\/04\/image-2-300x225.png 300w, https:\/\/blog.samantha365mx.com\/wp-content\/uploads\/2023\/04\/image-2-768x576.png 768w\" sizes=\"auto, (max-width: 485px) 100vw, 485px\" \/><\/figure><\/div>\n\n\n<p><\/p>\n\n\n\n<figure class=\"wp-block-image size-large\"><img loading=\"lazy\" decoding=\"async\" width=\"1024\" height=\"464\" src=\"https:\/\/blog.samantha365mx.com\/wp-content\/uploads\/2023\/04\/image-3-1024x464.png\" alt=\"\" class=\"wp-image-756\" srcset=\"https:\/\/blog.samantha365mx.com\/wp-content\/uploads\/2023\/04\/image-3-1024x464.png 1024w, https:\/\/blog.samantha365mx.com\/wp-content\/uploads\/2023\/04\/image-3-300x136.png 300w, https:\/\/blog.samantha365mx.com\/wp-content\/uploads\/2023\/04\/image-3-768x348.png 768w, https:\/\/blog.samantha365mx.com\/wp-content\/uploads\/2023\/04\/image-3.png 1279w\" sizes=\"auto, (max-width: 1024px) 100vw, 1024px\" \/><figcaption class=\"wp-element-caption\">Global Office365 Developer Bootcamp 2018 que tuvimos el pasado 26 de octubre en la Ciudad de M\u00e9xico.<\/figcaption><\/figure>\n\n\n\n<p>Cede UPIICSA, Ciudad de M\u00e9xico, invitados: Jes\u00fas Gil, Vladimir Medina, Haar\u00f3n Gonzalez, Samantha Villarreal, Max D\u00e9boli, Sergio Macias y Mauricio Angulo. Gracias por acompa\u00f1arnos.<\/p>\n","protected":false},"excerpt":{"rendered":"<p class=\"text-justify\">Siempre en los mejores eventos. Sin duda la presentaci\u00f3n de nuevas tecnolog\u00edas es algo que ha caracterizado a Microsoft desde hace mucho [&hellip;]<\/p>\n","protected":false},"author":2,"featured_media":0,"parent":0,"menu_order":0,"comment_status":"closed","ping_status":"closed","template":"","meta":{"footnotes":""},"class_list":["post-112","page","type-page","status-publish","hentry"],"_links":{"self":[{"href":"https:\/\/blog.samantha365mx.com\/index.php\/wp-json\/wp\/v2\/pages\/112","targetHints":{"allow":["GET"]}}],"collection":[{"href":"https:\/\/blog.samantha365mx.com\/index.php\/wp-json\/wp\/v2\/pages"}],"about":[{"href":"https:\/\/blog.samantha365mx.com\/index.php\/wp-json\/wp\/v2\/types\/page"}],"author":[{"embeddable":true,"href":"https:\/\/blog.samantha365mx.com\/index.php\/wp-json\/wp\/v2\/users\/2"}],"replies":[{"embeddable":true,"href":"https:\/\/blog.samantha365mx.com\/index.php\/wp-json\/wp\/v2\/comments?post=112"}],"version-history":[{"count":8,"href":"https:\/\/blog.samantha365mx.com\/index.php\/wp-json\/wp\/v2\/pages\/112\/revisions"}],"predecessor-version":[{"id":760,"href":"https:\/\/blog.samantha365mx.com\/index.php\/wp-json\/wp\/v2\/pages\/112\/revisions\/760"}],"wp:attachment":[{"href":"https:\/\/blog.samantha365mx.com\/index.php\/wp-json\/wp\/v2\/media?parent=112"}],"curies":[{"name":"wp","href":"https:\/\/api.w.org\/{rel}","templated":true}]}}