{"id":113,"date":"2020-10-09T02:32:05","date_gmt":"2020-10-09T02:32:05","guid":{"rendered":"https:\/\/blog.samantha365mx.com\/?page_id=113"},"modified":"2023-03-09T22:01:25","modified_gmt":"2023-03-10T03:01:25","slug":"2017-2","status":"publish","type":"page","link":"https:\/\/blog.samantha365mx.com\/index.php\/2017-2\/","title":{"rendered":"Eventos 2017"},"content":{"rendered":"\n<p>Surge Samantha365MX, la transformaci\u00f3n a mi forma de comunicar para homologar mi informaci\u00f3n en redes sociales, blog, hashtag y toda la informaci\u00f3n que comparto en Internet para Office365. S\u00edgueme en mis redes sociales con #Samantha365Mx<\/p>\n\n\n\n<figure class=\"wp-block-image size-large\"><img loading=\"lazy\" decoding=\"async\" width=\"829\" height=\"135\" src=\"https:\/\/blog.samantha365mx.com\/wp-content\/uploads\/2021\/02\/image-4.png\" alt=\"\" class=\"wp-image-469\" srcset=\"https:\/\/blog.samantha365mx.com\/wp-content\/uploads\/2021\/02\/image-4.png 829w, https:\/\/blog.samantha365mx.com\/wp-content\/uploads\/2021\/02\/image-4-300x49.png 300w, https:\/\/blog.samantha365mx.com\/wp-content\/uploads\/2021\/02\/image-4-768x125.png 768w\" sizes=\"auto, (max-width: 829px) 100vw, 829px\" \/><\/figure>\n\n\n\n<figure class=\"wp-block-embed is-type-video is-provider-youtube wp-block-embed-youtube wp-embed-aspect-16-9 wp-has-aspect-ratio\"><div class=\"wp-block-embed__wrapper\">\n<iframe loading=\"lazy\" title=\"Aprende que es Office365\" width=\"640\" height=\"360\" src=\"https:\/\/www.youtube.com\/embed\/Af6M3eH4lf8?feature=oembed\" frameborder=\"0\" allow=\"accelerometer; autoplay; clipboard-write; encrypted-media; gyroscope; picture-in-picture; web-share\" referrerpolicy=\"strict-origin-when-cross-origin\" allowfullscreen><\/iframe>\n<\/div><figcaption class=\"wp-element-caption\">Video para saber que es Office365<\/figcaption><\/figure>\n\n\n\n<p>Con este proyecto me present\u00e9 en varias ciudades de M\u00e9xico para hablar de Office365 con la ayuda de Microsoft llegamos a Guadalajara, Monterrey y claro Ciudad de M\u00e9xico, logrando llenos totales y asistiendo a muchos eventos, gracias por se parte de esta historia.<\/p>\n\n\n<div class=\"wp-block-image\">\n<figure class=\"aligncenter size-large is-resized\"><img loading=\"lazy\" decoding=\"async\" src=\"https:\/\/blog.samantha365mx.com\/wp-content\/uploads\/2021\/02\/image-6.png\" alt=\"\" class=\"wp-image-482\" width=\"271\" height=\"431\" srcset=\"https:\/\/blog.samantha365mx.com\/wp-content\/uploads\/2021\/02\/image-6.png 600w, https:\/\/blog.samantha365mx.com\/wp-content\/uploads\/2021\/02\/image-6-189x300.png 189w\" sizes=\"auto, (max-width: 271px) 100vw, 271px\" \/><\/figure><\/div>\n\n\n<p>Con todos estos ajustes ciertamente no podr\u00eda sola, muchas gracias por la oportunidad de colaborar con Microsoft, gracias Armando Halbinger por ser mi coach personal.<\/p>\n\n\n<div class=\"wp-block-image\">\n<figure class=\"aligncenter size-large is-resized\"><img loading=\"lazy\" decoding=\"async\" src=\"https:\/\/blog.samantha365mx.com\/wp-content\/uploads\/2023\/03\/armando2-1024x1024.jpg\" alt=\"\" class=\"wp-image-600\" width=\"425\" height=\"425\" srcset=\"https:\/\/blog.samantha365mx.com\/wp-content\/uploads\/2023\/03\/armando2-1024x1024.jpg 1024w, https:\/\/blog.samantha365mx.com\/wp-content\/uploads\/2023\/03\/armando2-300x300.jpg 300w, https:\/\/blog.samantha365mx.com\/wp-content\/uploads\/2023\/03\/armando2-150x150.jpg 150w, https:\/\/blog.samantha365mx.com\/wp-content\/uploads\/2023\/03\/armando2-768x768.jpg 768w, https:\/\/blog.samantha365mx.com\/wp-content\/uploads\/2023\/03\/armando2-1536x1536.jpg 1536w, https:\/\/blog.samantha365mx.com\/wp-content\/uploads\/2023\/03\/armando2-2048x2048.jpg 2048w\" sizes=\"auto, (max-width: 425px) 100vw, 425px\" \/><\/figure><\/div>\n\n\n<p>Fue un a\u00f1o dif\u00edcil para la Ciudad de M\u00e9xico, tuvimos un terremoto y bueno hab\u00eda que utilizar lo aprendido para ayudar a otros, mucha informaci\u00f3n no era precisa, a\u00fan as\u00ed estuve colaborando para obtener la ubicaci\u00f3n de los albergues oficiales y compartirlos a trav\u00e9s de PowerBI <\/p>\n\n\n\n<figure class=\"wp-block-image size-large\"><img loading=\"lazy\" decoding=\"async\" width=\"1024\" height=\"525\" src=\"https:\/\/blog.samantha365mx.com\/wp-content\/uploads\/2021\/02\/image-7-1024x525.png\" alt=\"\" class=\"wp-image-484\" srcset=\"https:\/\/blog.samantha365mx.com\/wp-content\/uploads\/2021\/02\/image-7-1024x525.png 1024w, https:\/\/blog.samantha365mx.com\/wp-content\/uploads\/2021\/02\/image-7-300x154.png 300w, https:\/\/blog.samantha365mx.com\/wp-content\/uploads\/2021\/02\/image-7-768x394.png 768w, https:\/\/blog.samantha365mx.com\/wp-content\/uploads\/2021\/02\/image-7.png 1363w\" sizes=\"auto, (max-width: 1024px) 100vw, 1024px\" \/><\/figure>\n\n\n\n<p>Ese a\u00f1o se lanza el Global Office365 Developer Bootcamp a nivel mundial, el evento m\u00e1s importante de Office365 y tengo la oportunidad de organizarlo en M\u00e9xico, con sede en la Ciudad de M\u00e9xico y el apoyo de las autoridades de la UPIICSA, universidad donde estudi\u00e9.<\/p>\n\n\n\n<figure class=\"wp-block-image size-large\"><img loading=\"lazy\" decoding=\"async\" width=\"1024\" height=\"576\" src=\"https:\/\/blog.samantha365mx.com\/wp-content\/uploads\/2021\/02\/image-8-1024x576.png\" alt=\"\" class=\"wp-image-485\" srcset=\"https:\/\/blog.samantha365mx.com\/wp-content\/uploads\/2021\/02\/image-8-1024x576.png 1024w, https:\/\/blog.samantha365mx.com\/wp-content\/uploads\/2021\/02\/image-8-300x169.png 300w, https:\/\/blog.samantha365mx.com\/wp-content\/uploads\/2021\/02\/image-8-768x432.png 768w, https:\/\/blog.samantha365mx.com\/wp-content\/uploads\/2021\/02\/image-8.png 1366w\" sizes=\"auto, (max-width: 1024px) 100vw, 1024px\" \/><\/figure>\n\n\n\n<figure class=\"wp-block-image size-large\"><img loading=\"lazy\" decoding=\"async\" width=\"1024\" height=\"574\" src=\"https:\/\/blog.samantha365mx.com\/wp-content\/uploads\/2021\/02\/image-9-1024x574.png\" alt=\"\" class=\"wp-image-486\" srcset=\"https:\/\/blog.samantha365mx.com\/wp-content\/uploads\/2021\/02\/image-9-1024x574.png 1024w, https:\/\/blog.samantha365mx.com\/wp-content\/uploads\/2021\/02\/image-9-300x168.png 300w, https:\/\/blog.samantha365mx.com\/wp-content\/uploads\/2021\/02\/image-9-768x431.png 768w, https:\/\/blog.samantha365mx.com\/wp-content\/uploads\/2021\/02\/image-9.png 1029w\" sizes=\"auto, (max-width: 1024px) 100vw, 1024px\" \/><\/figure>\n\n\n\n<p>En compa\u00f1\u00eda de grandes amigos<\/p>\n\n\n\n<figure class=\"wp-block-image size-large\"><img loading=\"lazy\" decoding=\"async\" width=\"1024\" height=\"409\" src=\"https:\/\/blog.samantha365mx.com\/wp-content\/uploads\/2021\/02\/image-10-1024x409.png\" alt=\"\" class=\"wp-image-487\" srcset=\"https:\/\/blog.samantha365mx.com\/wp-content\/uploads\/2021\/02\/image-10-1024x409.png 1024w, https:\/\/blog.samantha365mx.com\/wp-content\/uploads\/2021\/02\/image-10-300x120.png 300w, https:\/\/blog.samantha365mx.com\/wp-content\/uploads\/2021\/02\/image-10-768x307.png 768w, https:\/\/blog.samantha365mx.com\/wp-content\/uploads\/2021\/02\/image-10.png 1036w\" sizes=\"auto, (max-width: 1024px) 100vw, 1024px\" \/><\/figure>\n\n\n\n<figure class=\"wp-block-image size-large\"><img loading=\"lazy\" decoding=\"async\" width=\"1024\" height=\"452\" src=\"https:\/\/blog.samantha365mx.com\/wp-content\/uploads\/2021\/02\/image-11-1024x452.png\" alt=\"\" class=\"wp-image-488\" srcset=\"https:\/\/blog.samantha365mx.com\/wp-content\/uploads\/2021\/02\/image-11-1024x452.png 1024w, https:\/\/blog.samantha365mx.com\/wp-content\/uploads\/2021\/02\/image-11-300x133.png 300w, https:\/\/blog.samantha365mx.com\/wp-content\/uploads\/2021\/02\/image-11-768x339.png 768w, https:\/\/blog.samantha365mx.com\/wp-content\/uploads\/2021\/02\/image-11.png 1297w\" sizes=\"auto, (max-width: 1024px) 100vw, 1024px\" \/><figcaption class=\"wp-element-caption\">\u00c1ngel, Sam (Yo), Mauricio y Vladimir<\/figcaption><\/figure>\n\n\n\n<p>El evento fue genial, se reuni\u00f3 a m\u00e1s de 300 personas, conferencistas nacionales e internacionales, expertos en el tema, un gran ambiente, muchas gracias por acompa\u00f1arnos en esta primera edici\u00f3n.<\/p>\n\n\n\n<p>Tiempo despu\u00e9s tuvimos tambi\u00e9n nuestra reuni\u00f3n de Microsoft MVP&#8217;s en las oficinas de Microsoft.<\/p>\n\n\n\n<figure class=\"wp-block-image\"><img decoding=\"async\" src=\"https:\/\/scontent.fmex18-1.fna.fbcdn.net\/v\/t31.0-8\/17807595_1407931319258685_1775052100313894013_o.jpg?_nc_cat=105&amp;ccb=3&amp;_nc_sid=730e14&amp;_nc_eui2=AeEkCaf7UdSNq31vJM-DYf-5hu1bFDK3-fmG7VsUMrf5-Xs6RRxB5V1FamUPUdHc5kc&amp;_nc_ohc=fGtgHxB1VD4AX_WDhhR&amp;_nc_ht=scontent.fmex18-1.fna&amp;oh=2866174066ed795a467ef25d89e59950&amp;oe=605C13FB\" alt=\"Puede ser una imagen de 20 personas, incluidos Javier DLabra, Vicente G. Guzm\u00e1n, Juan Carlos Ruiz Pacheco, Octavio Rodriguez, Jounin V\u00edctor y Maleny Abrego y personas sonriendo\"\/><\/figure>\n","protected":false},"excerpt":{"rendered":"<p class=\"text-justify\">Surge Samantha365MX, la transformaci\u00f3n a mi forma de comunicar para homologar mi informaci\u00f3n en redes sociales, blog, hashtag y toda la informaci\u00f3n [&hellip;]<\/p>\n","protected":false},"author":2,"featured_media":0,"parent":0,"menu_order":0,"comment_status":"closed","ping_status":"closed","template":"","meta":{"footnotes":""},"class_list":["post-113","page","type-page","status-publish","hentry"],"_links":{"self":[{"href":"https:\/\/blog.samantha365mx.com\/index.php\/wp-json\/wp\/v2\/pages\/113","targetHints":{"allow":["GET"]}}],"collection":[{"href":"https:\/\/blog.samantha365mx.com\/index.php\/wp-json\/wp\/v2\/pages"}],"about":[{"href":"https:\/\/blog.samantha365mx.com\/index.php\/wp-json\/wp\/v2\/types\/page"}],"author":[{"embeddable":true,"href":"https:\/\/blog.samantha365mx.com\/index.php\/wp-json\/wp\/v2\/users\/2"}],"replies":[{"embeddable":true,"href":"https:\/\/blog.samantha365mx.com\/index.php\/wp-json\/wp\/v2\/comments?post=113"}],"version-history":[{"count":8,"href":"https:\/\/blog.samantha365mx.com\/index.php\/wp-json\/wp\/v2\/pages\/113\/revisions"}],"predecessor-version":[{"id":602,"href":"https:\/\/blog.samantha365mx.com\/index.php\/wp-json\/wp\/v2\/pages\/113\/revisions\/602"}],"wp:attachment":[{"href":"https:\/\/blog.samantha365mx.com\/index.php\/wp-json\/wp\/v2\/media?parent=113"}],"curies":[{"name":"wp","href":"https:\/\/api.w.org\/{rel}","templated":true}]}}