{"id":114,"date":"2020-10-09T02:32:06","date_gmt":"2020-10-09T02:32:06","guid":{"rendered":"https:\/\/blog.samantha365mx.com\/?page_id=114"},"modified":"2021-02-26T02:55:36","modified_gmt":"2021-02-26T02:55:36","slug":"2016-2","status":"publish","type":"page","link":"https:\/\/blog.samantha365mx.com\/index.php\/2016-2\/","title":{"rendered":"Eventos 2016"},"content":{"rendered":"\n<p>Este a\u00f1o fue muy emotivo hubo muchos eventos y mucho conocimiento por compartir, lo m\u00e1s sobresaliente les comparto.<\/p>\n\n\n\n<p>Microsoft organiz\u00f3 una competencia internacional de Excel y la final se llev\u00f3 a cabo en las oficinas de Microsoft M\u00e9xico, tuvo la oportunidad de ser parte del jurado en esta competencia, gracias por la invitaci\u00f3n a Ver\u00f3nica Pe\u00f1a y a Ivette Chalela. <\/p>\n\n\n\n<p>Felicidades a los ganadores.<\/p>\n\n\n\n<figure class=\"wp-block-image size-large\"><img loading=\"lazy\" decoding=\"async\" width=\"1024\" height=\"578\" src=\"https:\/\/blog.samantha365mx.com\/wp-content\/uploads\/2021\/02\/FE2016-1-1024x578.png\" alt=\"\" class=\"wp-image-455\" srcset=\"https:\/\/blog.samantha365mx.com\/wp-content\/uploads\/2021\/02\/FE2016-1-1024x578.png 1024w, https:\/\/blog.samantha365mx.com\/wp-content\/uploads\/2021\/02\/FE2016-1-300x169.png 300w, https:\/\/blog.samantha365mx.com\/wp-content\/uploads\/2021\/02\/FE2016-1-768x434.png 768w, https:\/\/blog.samantha365mx.com\/wp-content\/uploads\/2021\/02\/FE2016-1.png 1234w\" sizes=\"auto, (max-width: 1024px) 100vw, 1024px\" \/><\/figure>\n\n\n\n<p>Este a\u00f1o fue muy emocionante porque presento la comunidad Office365 en Espa\u00f1ol (antes comunidad Office365 en M\u00e9xico) durante la Semana del Emprendedor en la Ciudad de M\u00e9xico. Gracias Claudio Morales por la invitaci\u00f3n.<\/p>\n\n\n\n<figure class=\"wp-block-image size-large\"><img loading=\"lazy\" decoding=\"async\" width=\"1024\" height=\"576\" src=\"https:\/\/blog.samantha365mx.com\/wp-content\/uploads\/2021\/02\/comunidad-1024x576.png\" alt=\"\" class=\"wp-image-456\" srcset=\"https:\/\/blog.samantha365mx.com\/wp-content\/uploads\/2021\/02\/comunidad-1024x576.png 1024w, https:\/\/blog.samantha365mx.com\/wp-content\/uploads\/2021\/02\/comunidad-300x169.png 300w, https:\/\/blog.samantha365mx.com\/wp-content\/uploads\/2021\/02\/comunidad-768x432.png 768w, https:\/\/blog.samantha365mx.com\/wp-content\/uploads\/2021\/02\/comunidad-1536x864.png 1536w, https:\/\/blog.samantha365mx.com\/wp-content\/uploads\/2021\/02\/comunidad.png 1920w\" sizes=\"auto, (max-width: 1024px) 100vw, 1024px\" \/><\/figure>\n\n\n\n<p>Una comunidad que ha ido creciendo y fortaleci\u00e9ndose poco a poco, donde se comparte conocimiento, habilidades e ideas que mejoran el uso en esta herramienta. <\/p>\n\n\n\n<figure class=\"wp-block-image size-large\"><img loading=\"lazy\" decoding=\"async\" width=\"1024\" height=\"638\" src=\"https:\/\/blog.samantha365mx.com\/wp-content\/uploads\/2021\/02\/image-1024x638.png\" alt=\"\" class=\"wp-image-457\" srcset=\"https:\/\/blog.samantha365mx.com\/wp-content\/uploads\/2021\/02\/image-1024x638.png 1024w, https:\/\/blog.samantha365mx.com\/wp-content\/uploads\/2021\/02\/image-300x187.png 300w, https:\/\/blog.samantha365mx.com\/wp-content\/uploads\/2021\/02\/image-768x478.png 768w, https:\/\/blog.samantha365mx.com\/wp-content\/uploads\/2021\/02\/image.png 1114w\" sizes=\"auto, (max-width: 1024px) 100vw, 1024px\" \/><\/figure>\n\n\n\n<p>Puedes unirte a esta comunidad en Facebook: <a href=\"https:\/\/www.facebook.com\/groups\/Office365EnEspanol\" target=\"_blank\" rel=\"noreferrer noopener\">https:\/\/www.facebook.com\/groups\/Office365EnEspanol<\/a><\/p>\n\n\n\n<p>TelmexHub nos abre la puerta para empezar a hacer nuestros eventos en sus instalaciones para la Comunidad de Office365 y la comunidad de Emprendedores en Tecnolog\u00eda.<\/p>\n\n\n\n<figure class=\"wp-block-image size-large\"><img loading=\"lazy\" decoding=\"async\" width=\"1024\" height=\"576\" src=\"https:\/\/blog.samantha365mx.com\/wp-content\/uploads\/2021\/02\/image-2-1024x576.png\" alt=\"\" class=\"wp-image-459\" srcset=\"https:\/\/blog.samantha365mx.com\/wp-content\/uploads\/2021\/02\/image-2-1024x576.png 1024w, https:\/\/blog.samantha365mx.com\/wp-content\/uploads\/2021\/02\/image-2-300x169.png 300w, https:\/\/blog.samantha365mx.com\/wp-content\/uploads\/2021\/02\/image-2-768x432.png 768w, https:\/\/blog.samantha365mx.com\/wp-content\/uploads\/2021\/02\/image-2.png 1228w\" sizes=\"auto, (max-width: 1024px) 100vw, 1024px\" \/><figcaption>Gracias por su participaci\u00f3n Hiram Camarillo, Armando rojas, Carlos Rivera y Claudio Morales<\/figcaption><\/figure>\n\n\n\n<figure class=\"wp-block-image size-large\"><img loading=\"lazy\" decoding=\"async\" width=\"1024\" height=\"577\" src=\"https:\/\/blog.samantha365mx.com\/wp-content\/uploads\/2021\/02\/2016-1024x577.jpg\" alt=\"\" class=\"wp-image-460\" srcset=\"https:\/\/blog.samantha365mx.com\/wp-content\/uploads\/2021\/02\/2016-1024x577.jpg 1024w, https:\/\/blog.samantha365mx.com\/wp-content\/uploads\/2021\/02\/2016-300x169.jpg 300w, https:\/\/blog.samantha365mx.com\/wp-content\/uploads\/2021\/02\/2016-768x432.jpg 768w, https:\/\/blog.samantha365mx.com\/wp-content\/uploads\/2021\/02\/2016.jpg 1364w\" sizes=\"auto, (max-width: 1024px) 100vw, 1024px\" \/><figcaption>Gracias Edgar Villarreal y Abraham Unzueta por acompa\u00f1arnos.<\/figcaption><\/figure>\n\n\n\n<div class=\"wp-block-image\"><figure class=\"aligncenter\"><img decoding=\"async\" src=\"https:\/\/frezi.files.wordpress.com\/2016\/12\/evento3.png?w=265&amp;h=149&amp;zoom=2\" alt=\"\"\/><figcaption>Laura Fr\u00edas gracias por esta gran sesi\u00f3n.<\/figcaption><\/figure><\/div>\n\n\n\n<figure class=\"wp-block-image size-large\"><img loading=\"lazy\" decoding=\"async\" width=\"1024\" height=\"614\" src=\"https:\/\/blog.samantha365mx.com\/wp-content\/uploads\/2021\/02\/mvps-Enhanced-1024x614.jpg\" alt=\"\" class=\"wp-image-471\" srcset=\"https:\/\/blog.samantha365mx.com\/wp-content\/uploads\/2021\/02\/mvps-Enhanced-1024x614.jpg 1024w, https:\/\/blog.samantha365mx.com\/wp-content\/uploads\/2021\/02\/mvps-Enhanced-300x180.jpg 300w, https:\/\/blog.samantha365mx.com\/wp-content\/uploads\/2021\/02\/mvps-Enhanced-768x461.jpg 768w, https:\/\/blog.samantha365mx.com\/wp-content\/uploads\/2021\/02\/mvps-Enhanced-1536x921.jpg 1536w, https:\/\/blog.samantha365mx.com\/wp-content\/uploads\/2021\/02\/mvps-Enhanced-2048x1228.jpg 2048w\" sizes=\"auto, (max-width: 1024px) 100vw, 1024px\" \/><figcaption>Una reuni\u00f3n memorable Microsoft M\u00e9xico y Microsoft MVP&#8217;s en M\u00e9xico, en la fotograf\u00eda de izquierda a derecha: Alejandro, Sam (Yo), Laura, Christian, Vladimir, Ra\u00fal, Eduardo, Juan Carlos, -, Mauricio, Maximiliano, Ricardo, Jes\u00fas, David, Miguel, Omar y Amin. <\/figcaption><\/figure>\n\n\n\n<figure class=\"wp-block-image size-large\"><img loading=\"lazy\" decoding=\"async\" width=\"960\" height=\"720\" src=\"https:\/\/blog.samantha365mx.com\/wp-content\/uploads\/2021\/02\/image-5.png\" alt=\"\" class=\"wp-image-478\" srcset=\"https:\/\/blog.samantha365mx.com\/wp-content\/uploads\/2021\/02\/image-5.png 960w, https:\/\/blog.samantha365mx.com\/wp-content\/uploads\/2021\/02\/image-5-300x225.png 300w, https:\/\/blog.samantha365mx.com\/wp-content\/uploads\/2021\/02\/image-5-768x576.png 768w\" sizes=\"auto, (max-width: 960px) 100vw, 960px\" \/><figcaption>10 a\u00f1os de la Comunidad Microsoft-UPIICSA \u00a1Gracias por este gran evento chicos! (Orlando, Armando, Victor gracias por organizar este evento como estudiantes)<\/figcaption><\/figure>\n","protected":false},"excerpt":{"rendered":"<p class=\"text-justify\">Este a\u00f1o fue muy emotivo hubo muchos eventos y mucho conocimiento por compartir, lo m\u00e1s sobresaliente les comparto. Microsoft organiz\u00f3 una competencia [&hellip;]<\/p>\n","protected":false},"author":2,"featured_media":0,"parent":0,"menu_order":0,"comment_status":"closed","ping_status":"closed","template":"","meta":{"footnotes":""},"class_list":["post-114","page","type-page","status-publish","hentry"],"_links":{"self":[{"href":"https:\/\/blog.samantha365mx.com\/index.php\/wp-json\/wp\/v2\/pages\/114","targetHints":{"allow":["GET"]}}],"collection":[{"href":"https:\/\/blog.samantha365mx.com\/index.php\/wp-json\/wp\/v2\/pages"}],"about":[{"href":"https:\/\/blog.samantha365mx.com\/index.php\/wp-json\/wp\/v2\/types\/page"}],"author":[{"embeddable":true,"href":"https:\/\/blog.samantha365mx.com\/index.php\/wp-json\/wp\/v2\/users\/2"}],"replies":[{"embeddable":true,"href":"https:\/\/blog.samantha365mx.com\/index.php\/wp-json\/wp\/v2\/comments?post=114"}],"version-history":[{"count":9,"href":"https:\/\/blog.samantha365mx.com\/index.php\/wp-json\/wp\/v2\/pages\/114\/revisions"}],"predecessor-version":[{"id":481,"href":"https:\/\/blog.samantha365mx.com\/index.php\/wp-json\/wp\/v2\/pages\/114\/revisions\/481"}],"wp:attachment":[{"href":"https:\/\/blog.samantha365mx.com\/index.php\/wp-json\/wp\/v2\/media?parent=114"}],"curies":[{"name":"wp","href":"https:\/\/api.w.org\/{rel}","templated":true}]}}