{"id":115,"date":"2020-10-09T02:32:06","date_gmt":"2020-10-09T02:32:06","guid":{"rendered":"https:\/\/blog.samantha365mx.com\/?page_id=115"},"modified":"2021-02-26T04:29:05","modified_gmt":"2021-02-26T04:29:05","slug":"2015-2","status":"publish","type":"page","link":"https:\/\/blog.samantha365mx.com\/index.php\/2015-2\/","title":{"rendered":"Eventos 2015"},"content":{"rendered":"\n<p>Mi primer a\u00f1o como Microsoft Most Valuable Professional (MVP), fui el primer MVP en M\u00e9xico de la categor\u00eda de Office365, lo que me llev\u00f3 a un evento extraordinario que no imaginaba: el Microsoft Innovation Fest, la primer vez que vendr\u00eda Satya Nadella Director General de Microsoft Corp. a M\u00e9xico.<\/p>\n\n\n\n<p>En este gran evento en el que el CEO de Microsoft mostraba un adelante de todo lo que podr\u00eda hacer la tecnolog\u00eda, fui invitada a participar como conferencista en este gran evento, que reuni\u00f3  m\u00e1s de 1500 personas de forma presencial y 10,000 en l\u00ednea.<\/p>\n\n\n\n<p>Realmente un privilegio para mi poder estar en compa\u00f1\u00eda de personas tan talentosas y compartiendo conocimiento.<\/p>\n\n\n\n<div class=\"wp-block-columns is-layout-flex wp-container-core-columns-is-layout-9d6595d7 wp-block-columns-is-layout-flex\">\n<div class=\"wp-block-column is-layout-flow wp-block-column-is-layout-flow\" style=\"flex-basis:100%\">\n<p>&#8220;Transformando la productividad y procesos de negocios&#8221; fue t\u00edtulo de nuestra conferencia, en compa\u00f1\u00eda de Ver\u00f3nica Pe\u00f1a y Laura Fr\u00edas.<\/p>\n\n\n\n<p>Tambi\u00e9n participaron en este evento algunos amigos que conoc\u00ed un poco antes: Max D\u00e9boli, Amin Espinosa, Rafael Olvera, entre muchas personalidades m\u00e1s.<\/p>\n\n\n\n<div class=\"wp-block-group\"><div class=\"wp-block-group__inner-container is-layout-flow wp-block-group-is-layout-flow\">\n<div class=\"wp-block-columns is-layout-flex wp-container-core-columns-is-layout-9d6595d7 wp-block-columns-is-layout-flex\">\n<div class=\"wp-block-column is-layout-flow wp-block-column-is-layout-flow\" style=\"flex-basis:100%\">\n<figure class=\"wp-block-gallery columns-3 is-cropped wp-block-gallery-1 is-layout-flex wp-block-gallery-is-layout-flex\"><ul class=\"blocks-gallery-grid\"><li class=\"blocks-gallery-item\"><figure><img loading=\"lazy\" decoding=\"async\" width=\"800\" height=\"467\" src=\"https:\/\/blog.samantha365mx.com\/wp-content\/uploads\/2021\/01\/3.jpg\" alt=\"\" data-id=\"177\" data-full-url=\"https:\/\/blog.samantha365mx.com\/wp-content\/uploads\/2021\/01\/3.jpg\" data-link=\"https:\/\/blog.samantha365mx.com\/index.php\/2015-2\/attachment\/3\/\" class=\"wp-image-177\" srcset=\"https:\/\/blog.samantha365mx.com\/wp-content\/uploads\/2021\/01\/3.jpg 800w, https:\/\/blog.samantha365mx.com\/wp-content\/uploads\/2021\/01\/3-300x175.jpg 300w, https:\/\/blog.samantha365mx.com\/wp-content\/uploads\/2021\/01\/3-768x448.jpg 768w\" sizes=\"auto, (max-width: 800px) 100vw, 800px\" \/><\/figure><\/li><li class=\"blocks-gallery-item\"><figure><img loading=\"lazy\" decoding=\"async\" width=\"600\" height=\"337\" src=\"https:\/\/blog.samantha365mx.com\/wp-content\/uploads\/2021\/01\/1.jpg\" alt=\"\" data-id=\"176\" data-full-url=\"https:\/\/blog.samantha365mx.com\/wp-content\/uploads\/2021\/01\/1.jpg\" data-link=\"https:\/\/blog.samantha365mx.com\/index.php\/2015-2\/1-2\/\" class=\"wp-image-176\" srcset=\"https:\/\/blog.samantha365mx.com\/wp-content\/uploads\/2021\/01\/1.jpg 600w, https:\/\/blog.samantha365mx.com\/wp-content\/uploads\/2021\/01\/1-300x169.jpg 300w\" sizes=\"auto, (max-width: 600px) 100vw, 600px\" \/><\/figure><\/li><li class=\"blocks-gallery-item\"><figure><img loading=\"lazy\" decoding=\"async\" width=\"960\" height=\"720\" src=\"https:\/\/blog.samantha365mx.com\/wp-content\/uploads\/2021\/01\/4.jpg\" alt=\"\" data-id=\"178\" data-full-url=\"https:\/\/blog.samantha365mx.com\/wp-content\/uploads\/2021\/01\/4.jpg\" data-link=\"https:\/\/blog.samantha365mx.com\/index.php\/2015-2\/attachment\/4\/\" class=\"wp-image-178\" srcset=\"https:\/\/blog.samantha365mx.com\/wp-content\/uploads\/2021\/01\/4.jpg 960w, https:\/\/blog.samantha365mx.com\/wp-content\/uploads\/2021\/01\/4-300x225.jpg 300w, https:\/\/blog.samantha365mx.com\/wp-content\/uploads\/2021\/01\/4-768x576.jpg 768w\" sizes=\"auto, (max-width: 960px) 100vw, 960px\" \/><\/figure><\/li><li class=\"blocks-gallery-item\"><figure><img loading=\"lazy\" decoding=\"async\" width=\"1024\" height=\"576\" src=\"https:\/\/blog.samantha365mx.com\/wp-content\/uploads\/2021\/01\/5-1024x576.jpg\" alt=\"\" data-id=\"179\" data-full-url=\"https:\/\/blog.samantha365mx.com\/wp-content\/uploads\/2021\/01\/5.jpg\" data-link=\"https:\/\/blog.samantha365mx.com\/index.php\/2015-2\/attachment\/5\/\" class=\"wp-image-179\" srcset=\"https:\/\/blog.samantha365mx.com\/wp-content\/uploads\/2021\/01\/5-1024x576.jpg 1024w, https:\/\/blog.samantha365mx.com\/wp-content\/uploads\/2021\/01\/5-300x169.jpg 300w, https:\/\/blog.samantha365mx.com\/wp-content\/uploads\/2021\/01\/5-768x432.jpg 768w, https:\/\/blog.samantha365mx.com\/wp-content\/uploads\/2021\/01\/5-1536x864.jpg 1536w, https:\/\/blog.samantha365mx.com\/wp-content\/uploads\/2021\/01\/5.jpg 1600w\" sizes=\"auto, (max-width: 1024px) 100vw, 1024px\" \/><\/figure><\/li><\/ul><\/figure>\n\n\n\n<figure class=\"wp-block-image size-large\"><img loading=\"lazy\" decoding=\"async\" width=\"1024\" height=\"570\" src=\"https:\/\/blog.samantha365mx.com\/wp-content\/uploads\/2021\/02\/image-3-1024x570.png\" alt=\"\" class=\"wp-image-464\" srcset=\"https:\/\/blog.samantha365mx.com\/wp-content\/uploads\/2021\/02\/image-3-1024x570.png 1024w, https:\/\/blog.samantha365mx.com\/wp-content\/uploads\/2021\/02\/image-3-300x167.png 300w, https:\/\/blog.samantha365mx.com\/wp-content\/uploads\/2021\/02\/image-3-768x427.png 768w, https:\/\/blog.samantha365mx.com\/wp-content\/uploads\/2021\/02\/image-3.png 1231w\" sizes=\"auto, (max-width: 1024px) 100vw, 1024px\" \/><\/figure>\n\n\n\n<p>Un evento incre\u00edble lleno de grandes sorpresas y colaboraci\u00f3n para dar a conocer Office365 en el evento m\u00e1s importante del a\u00f1o.<\/p>\n<\/div>\n<\/div>\n<\/div><\/div>\n\n\n\n<p>Particip\u00e9 en muchos otros eventos este a\u00f1o, pero definitivamente el m\u00e1s significativo fue este.<\/p>\n<\/div>\n<\/div>\n\n\n\n<p>Mi compromiso cuando comenc\u00e9 con Office365 ha sido aprender todas las aplicaciones que lo integran para poder aportar a la comunidad la ayuda necesaria en la implementaci\u00f3n.<\/p>\n\n\n\n<figure class=\"wp-block-image size-large\"><img loading=\"lazy\" decoding=\"async\" width=\"648\" height=\"364\" src=\"https:\/\/blog.samantha365mx.com\/wp-content\/uploads\/2021\/02\/reconocimientos-mvp2015.jpg\" alt=\"\" class=\"wp-image-430\" srcset=\"https:\/\/blog.samantha365mx.com\/wp-content\/uploads\/2021\/02\/reconocimientos-mvp2015.jpg 648w, https:\/\/blog.samantha365mx.com\/wp-content\/uploads\/2021\/02\/reconocimientos-mvp2015-300x169.jpg 300w\" sizes=\"auto, (max-width: 648px) 100vw, 648px\" \/><\/figure>\n\n\n\n<p>Tiempo antes de ser MVP, un amigo me dijo: &#8220;Samantha ya deja el lado oscuro y regresa a Microsoft&#8221;, yo andaba ocupando tecnolog\u00edas OpenSource y experimentando, pero lo cierto es que siempre me he identificado con la marca y me ha brindado su apoyo. Gracias Armando por todo el apoyo desde que empec\u00e9 mi carrera con Microsoft.<\/p>\n\n\n\n<p>Daniel Sierra muchas gracias por invitarme a ser parte de Office365 durante el inicio de esta gran tecnolog\u00eda y Amin Espinosa gracias por no aceptar un no e invitarme a ser parte de un evento que me dijiste que cambiar\u00eda mi vida y as\u00ed fue.<\/p>\n\n\n\n<p>Erika Vilches gracias por llevar el programa de Microsoft MVP&#8217;s e impulsarlo.<\/p>\n\n\n\n<p>Gracias amigos. <\/p>\n","protected":false},"excerpt":{"rendered":"<p class=\"text-justify\">Mi primer a\u00f1o como Microsoft Most Valuable Professional (MVP), fui el primer MVP en M\u00e9xico de la categor\u00eda de Office365, lo que [&hellip;]<\/p>\n","protected":false},"author":2,"featured_media":0,"parent":0,"menu_order":0,"comment_status":"closed","ping_status":"closed","template":"","meta":{"footnotes":""},"class_list":["post-115","page","type-page","status-publish","hentry"],"_links":{"self":[{"href":"https:\/\/blog.samantha365mx.com\/index.php\/wp-json\/wp\/v2\/pages\/115","targetHints":{"allow":["GET"]}}],"collection":[{"href":"https:\/\/blog.samantha365mx.com\/index.php\/wp-json\/wp\/v2\/pages"}],"about":[{"href":"https:\/\/blog.samantha365mx.com\/index.php\/wp-json\/wp\/v2\/types\/page"}],"author":[{"embeddable":true,"href":"https:\/\/blog.samantha365mx.com\/index.php\/wp-json\/wp\/v2\/users\/2"}],"replies":[{"embeddable":true,"href":"https:\/\/blog.samantha365mx.com\/index.php\/wp-json\/wp\/v2\/comments?post=115"}],"version-history":[{"count":7,"href":"https:\/\/blog.samantha365mx.com\/index.php\/wp-json\/wp\/v2\/pages\/115\/revisions"}],"predecessor-version":[{"id":502,"href":"https:\/\/blog.samantha365mx.com\/index.php\/wp-json\/wp\/v2\/pages\/115\/revisions\/502"}],"wp:attachment":[{"href":"https:\/\/blog.samantha365mx.com\/index.php\/wp-json\/wp\/v2\/media?parent=115"}],"curies":[{"name":"wp","href":"https:\/\/api.w.org\/{rel}","templated":true}]}}