{"id":1553,"date":"2025-05-28T08:42:16","date_gmt":"2025-05-28T14:42:16","guid":{"rendered":"https:\/\/blog.samantha365mx.com\/?page_id=1553"},"modified":"2025-05-28T09:23:16","modified_gmt":"2025-05-28T15:23:16","slug":"va-por-andy","status":"publish","type":"page","link":"https:\/\/blog.samantha365mx.com\/index.php\/va-por-andy\/","title":{"rendered":"Va por Andy"},"content":{"rendered":"\n<p>Gracias a Jehov\u00e1 despu\u00e9s de un tiempo mi peque\u00f1a ya pudo tener su tratamiento.<\/p>\n\n\n\n<p>\u00a1Muchas gracias a quienes han estado pendientes, gracias por el apoyo, sus mensajes y buenos deseos, gracias pap\u00e1 por todo el apoyo, Charlotte gracias por estar con nosotros y a toda mi familia y amigos gracias!<\/p>\n\n\n\n<p>Una recuperaci\u00f3n tranquila y muy r\u00e1pida gracias a Jehov\u00e1.<\/p>\n\n\n\n<p><a><\/a>La cirug\u00eda de mi hija, fue no invasiva, llamada terapia endovascular, para tratar la malformaci\u00f3n arteriovenosa grado III, que ten\u00eda, a trav\u00e9s de esta se sellan los vasos sangu\u00edneos de la malformaci\u00f3n para que se recupere el flujo sangu\u00edneo que debe llevar el cerebro.<\/p>\n\n\n\n<p>Nuestra b\u00fasqueda en el tratamiento adecuado, con referencias de m\u00e9dicos en M\u00e9xico y fuera del pa\u00eds, para tener mejores condiciones posibles.<\/p>\n\n\n\n<p>Somos testigos de Jehov\u00e1, no aceptamos transfusiones de sangre, por lo que la b\u00fasqueda se hace m\u00e1s a detalle.<\/p>\n\n\n\n<p>En este camino encontramos al Dr. Ures Campos en la Ciudad de M\u00e9xico que comenz\u00f3 a monitorear el caso de mi hija (gracias por estar pendiente Doctor) y nos recomend\u00f3 al Dr. Mallyolo Pelayo en Puebla con un gran coraz\u00f3n, disponibilidad y habilidad impresionante como neurocirujano endovascular atendiendo a ni\u00f1os y adultos.<\/p>\n\n\n\n<p>Revis\u00f3 el caso de mi hija, realiz\u00f3 el estudio de angiograf\u00eda cerebral y nos dijo que pod\u00eda realizar el procedimiento, le comentamos tambi\u00e9n respecto a nuestras creencias y no tuvo ninguna objeci\u00f3n para atenderla.<\/p>\n\n\n\n<p>Los nervios como familia y de mi peque\u00f1a eran notables mientras la fecha se acercaba, pero confiando en Dios que todo saldr\u00eda bien.<\/p>\n\n\n\n<p>La cirug\u00eda de mi hija dur\u00f3 3 horas, no se cu\u00e1ntas personas exactamente participaron pero hab\u00eda como 10 o 15 especialistas (incluyendo 3 neurocirujanos) en la sala de hemodinamia, la malformaci\u00f3n pudo sellarse al 100%, la mayor\u00eda de los especialistas en el \u00e1rea no logran esto.<\/p>\n\n\n\n<p>No hubo hematomas, no tuvo problemas respiratorios, signos vitales estables y fue dada de alta en menos de 36 horas despu\u00e9s de la cirug\u00eda, previo al alta le realizaron tomograf\u00eda, todo en orden, revisaron que reaccionara como lo hac\u00eda previo a la cirug\u00eda y si, no tuvo ninguna complicaci\u00f3n gracias a Jehov\u00e1.<\/p>\n\n\n\n<p>Gracias por acompa\u00f1arnos en este camino a todos los que estuvieron pendientes, Jehov\u00e1 les bendiga.<\/p>\n\n\n\n<p>Quiero expresar mi agradecimiento al Dr. Mallyolo por todo, la dedicaci\u00f3n, el seguimiento, el cuidado y disposici\u00f3n que Jehov\u00e1 le siga bendiciendo, tiene mi adminisraci\u00f3n completa, estaremos siguiendo las instrucciones para que mi hija pueda ir recuper\u00e1ndose y vaya mejorando su salud.<\/p>\n\n\n\n<p>No me queda duda que el Dr. Mallyolo es uno de los mejores especialistas en esta \u00e1rea en M\u00e9xico.<\/p>\n\n\n\n<p>Tambi\u00e9n gracias a todo el equipo que estuvo en el procedimiento, especialistas, enfermeras, personal administrativo del Hospital Aqua de Puebla.<\/p>\n\n\n\n<p>De coraz\u00f3n espero que si alguien que est\u00e1 leyendo este post est\u00e1 pasando por una dif\u00edcil situaci\u00f3n, no te descorazones, sigue adelante con mucha fe y espero te recuperes pronto.<\/p>\n\n\n\n<figure class=\"wp-block-image size-full\"><img loading=\"lazy\" decoding=\"async\" width=\"768\" height=\"1024\" src=\"https:\/\/blog.samantha365mx.com\/wp-content\/uploads\/2025\/05\/Andy1.jpg\" alt=\"\" class=\"wp-image-1554\" srcset=\"https:\/\/blog.samantha365mx.com\/wp-content\/uploads\/2025\/05\/Andy1.jpg 768w, https:\/\/blog.samantha365mx.com\/wp-content\/uploads\/2025\/05\/Andy1-225x300.jpg 225w\" sizes=\"auto, (max-width: 768px) 100vw, 768px\" \/><\/figure>\n\n\n\n<figure class=\"wp-block-image size-large\"><img loading=\"lazy\" decoding=\"async\" width=\"1024\" height=\"768\" src=\"https:\/\/blog.samantha365mx.com\/wp-content\/uploads\/2025\/05\/Andy2-1024x768.jpg\" alt=\"\" class=\"wp-image-1555\" srcset=\"https:\/\/blog.samantha365mx.com\/wp-content\/uploads\/2025\/05\/Andy2-1024x768.jpg 1024w, https:\/\/blog.samantha365mx.com\/wp-content\/uploads\/2025\/05\/Andy2-300x225.jpg 300w, https:\/\/blog.samantha365mx.com\/wp-content\/uploads\/2025\/05\/Andy2-768x576.jpg 768w, https:\/\/blog.samantha365mx.com\/wp-content\/uploads\/2025\/05\/Andy2.jpg 1088w\" sizes=\"auto, (max-width: 1024px) 100vw, 1024px\" \/><\/figure>\n\n\n\n<p><a href=\"https:\/\/www.instagram.com\/reel\/DKGoheLOHJb\/?utm_source=ig_web_copy_link&amp;igsh=MzRlODBiNWFlZA==\">https:\/\/www.instagram.com\/reel\/DKGoheLOHJb\/?utm_source=ig_web_copy_link&amp;igsh=MzRlODBiNWFlZA==<\/a><\/p>\n\n\n\n<p>Publicado: 28 de Mayo 2025 <\/p>\n\n\n\n<p>Publicaci\u00f3n previa:&nbsp;<a href=\"https:\/\/blog.samantha365mx.com\/index.php\/apoyo\/\">Buscando apoyo<\/a><\/p>\n","protected":false},"excerpt":{"rendered":"<p class=\"text-justify\">Gracias a Jehov\u00e1 despu\u00e9s de un tiempo mi peque\u00f1a ya pudo tener su tratamiento. \u00a1Muchas gracias a quienes han estado pendientes, gracias [&hellip;]<\/p>\n","protected":false},"author":2,"featured_media":0,"parent":0,"menu_order":0,"comment_status":"closed","ping_status":"closed","template":"","meta":{"footnotes":""},"class_list":["post-1553","page","type-page","status-publish","hentry"],"_links":{"self":[{"href":"https:\/\/blog.samantha365mx.com\/index.php\/wp-json\/wp\/v2\/pages\/1553","targetHints":{"allow":["GET"]}}],"collection":[{"href":"https:\/\/blog.samantha365mx.com\/index.php\/wp-json\/wp\/v2\/pages"}],"about":[{"href":"https:\/\/blog.samantha365mx.com\/index.php\/wp-json\/wp\/v2\/types\/page"}],"author":[{"embeddable":true,"href":"https:\/\/blog.samantha365mx.com\/index.php\/wp-json\/wp\/v2\/users\/2"}],"replies":[{"embeddable":true,"href":"https:\/\/blog.samantha365mx.com\/index.php\/wp-json\/wp\/v2\/comments?post=1553"}],"version-history":[{"count":7,"href":"https:\/\/blog.samantha365mx.com\/index.php\/wp-json\/wp\/v2\/pages\/1553\/revisions"}],"predecessor-version":[{"id":1574,"href":"https:\/\/blog.samantha365mx.com\/index.php\/wp-json\/wp\/v2\/pages\/1553\/revisions\/1574"}],"wp:attachment":[{"href":"https:\/\/blog.samantha365mx.com\/index.php\/wp-json\/wp\/v2\/media?parent=1553"}],"curies":[{"name":"wp","href":"https:\/\/api.w.org\/{rel}","templated":true}]}}