{"id":165,"date":"2021-01-28T23:51:09","date_gmt":"2021-01-28T23:51:09","guid":{"rendered":"https:\/\/blog.samantha365mx.com\/?page_id=165"},"modified":"2023-04-23T11:44:13","modified_gmt":"2023-04-23T17:44:13","slug":"2020-2","status":"publish","type":"page","link":"https:\/\/blog.samantha365mx.com\/index.php\/2020-2\/","title":{"rendered":"Eventos 2020"},"content":{"rendered":"\n<ul class=\"wp-block-list\">\n<li><a href=\"https:\/\/blog.samantha365mx.com\/index.php\/final-america-imagine-cup-2020\/\" data-type=\"URL\" data-id=\"https:\/\/blog.samantha365mx.com\/index.php\/final-america-imagine-cup-2020\/\"><strong>Jurado en la Final America Imagine Cup<\/strong><\/a> 30\/03\/2020 <\/li>\n\n\n\n<li><a rel=\"noreferrer noopener\" href=\"https:\/\/www.youtube.com\/watch?v=N219VtmLLUU\" target=\"_blank\"><strong>Implementando PowerAutomate con m\u00faltiples aplicaciones de Office365<\/strong><\/a> &#8211; Evento en vivo Microsoft Excel a Todo Nivel 25\/04\/2020<\/li>\n\n\n\n<li><a rel=\"noreferrer noopener\" href=\"https:\/\/blog.samantha365mx.com\/index.php\/capitulo-4-azure-en-el-bar\/\" target=\"_blank\"><strong>Cap\u00edtulo 4, Azure en el Bar<\/strong><\/a> 30\/04\/2020 <\/li>\n\n\n\n<li><strong>Azure &amp; Office 365. Seguridad y control de usuarios. Autentificaci\u00f3n de Multi-factor<\/strong> &#8211; Tardes de caf\u00e9 CBS M\u00e9xico 30\/04\/2020 <\/li>\n\n\n\n<li><a rel=\"noreferrer noopener\" href=\"https:\/\/www.youtube.com\/watch?v=X5lb-sZ_-_g\" target=\"_blank\"><strong>C\u00f3mo ser un Microsoft Most Valuable Professional (MVP)<\/strong><\/a> &#8211; Entrevista en Microsoft Excel a Todo Nivel 08\/05\/2020<\/li>\n\n\n\n<li><strong>Qu\u00e9 es Microsoft 365<\/strong> &#8211; Tardes de caf\u00e9 CBS M\u00e9xico 14\/05\/2020<\/li>\n\n\n\n<li><strong>POWER BI para la Gesti\u00f3n Comercial y de Marketing<\/strong> &#8211; Tardes de caf\u00e9 CBS M\u00e9xico 21\/05\/2020<\/li>\n\n\n\n<li><a href=\"https:\/\/blog.samantha365mx.com\/index.php\/sabado-de-analytics\/\"><strong>S\u00e1bado de Analytics<\/strong><\/a> 23\/05\/2020<\/li>\n\n\n\n<li><a rel=\"noreferrer noopener\" href=\"https:\/\/www.meetup.com\/es\/Mujeres-y-tecnologia\/events\/271064876\/\" target=\"_blank\"><strong>Webinar mensual MyT Junio<\/strong><\/a> 9\/6\/2020 &#8211; Administrando tu negocio con Microsoft365<\/li>\n\n\n\n<li><a rel=\"noreferrer noopener\" href=\"https:\/\/www.meetup.com\/es\/Mujeres-y-tecnologia\/events\/271718732\/\" target=\"_blank\"><strong>Webinar mensual MyT Julio<\/strong><\/a> 14\/07\/2020 &#8211; Creaci\u00f3n de p\u00e1gina web para reservaciones con Office365<\/li>\n\n\n\n<li><a href=\"https:\/\/blog.samantha365mx.com\/index.php\/diplomado-de-azure-fundamentals-2020\/\"><strong>Diplomado de Azure Fundamentals<\/strong><\/a> 13\/08\/20 &#8211; Azure Active Directory de Microsoft365<\/li>\n\n\n\n<li><a rel=\"noreferrer noopener\" href=\"https:\/\/www.meetup.com\/es\/Mujeres-y-tecnologia\/events\/272510490\/\" target=\"_blank\"><strong>Webinar mensual MyT Agosto<\/strong><\/a> 25\/08\/2020 &#8211; Creaci\u00f3n de Sitios en SharePoint, parte 1<\/li>\n\n\n\n<li><strong>Empieza a automatizar con PowerAutomate<\/strong> &#8211; Tardes de caf\u00e9 CBS M\u00e9xico 27\/08\/2020<\/li>\n\n\n\n<li><a rel=\"noreferrer noopener\" href=\"https:\/\/www.meetup.com\/es\/Mujeres-y-tecnologia\/events\/272831832\/\" target=\"_blank\" data-type=\"URL\" data-id=\"https:\/\/www.meetup.com\/es\/Mujeres-y-tecnologia\/events\/272831832\/\"><strong>Webinar mensual MyT Septiembre<\/strong><\/a> 29\/09\/2020 &#8211; Creaci\u00f3n de Sitios en SharePoint, parte 2<\/li>\n\n\n\n<li><a rel=\"noreferrer noopener\" href=\"https:\/\/www.youtube.com\/watch?v=ea7cbActiEM\" target=\"_blank\"><strong>Entrevista en el canal de YouTube EXCELeINFO<\/strong><\/a> &#8211; 09\/10\/2020 &#8211; HABLANDO DE MICROSOFT 365 ft. Samantha Villarreal<\/li>\n\n\n\n<li><a href=\"https:\/\/blog.samantha365mx.com\/index.php\/microsoft-global-365-developer-bootcamp-mexico-financials-bussiness-community\/\"><strong>Microsoft Global 365 Developer Bootcamp \/ M\u00e9xico \/ Financials Bussiness Community<\/strong><\/a> 20\/10\/2020<\/li>\n\n\n\n<li><strong>Trucos para trabajar con millones de datos en PowerBI <\/strong>&#8211; Tardes de caf\u00e9 CBS M\u00e9xico 22\/10\/2020<\/li>\n\n\n\n<li><strong>Microsoft Global 365 Developer Bootcamp \/ Women&#8217;s vo_it Latam 2020<\/strong> 03\/10\/2020 <\/li>\n\n\n\n<li><a rel=\"noreferrer noopener\" href=\"https:\/\/www.meetup.com\/es\/Mujeres-y-tecnologia\/events\/273507673\/\" data-type=\"URL\" data-id=\"https:\/\/www.meetup.com\/es\/Mujeres-y-tecnologia\/events\/273507673\/\" target=\"_blank\"><strong>Webinar mensual MyT Octubre<\/strong><\/a> &#8211; 27\/10\/2020 Microsoft Teams, tu aliado en comunicaci\u00f3n<\/li>\n\n\n\n<li><a href=\"https:\/\/blog.samantha365mx.com\/index.php\/microsoft-global-365-developer-bootcamp-mexico-cdmx\/\"><strong>Microsoft Global 365 Developer Bootcamp \/ M\u00e9xico \/ CDMX<\/strong><\/a> 7\/11\/2020<\/li>\n\n\n\n<li><a rel=\"noreferrer noopener\" href=\"https:\/\/www.meetup.com\/es\/Mujeres-y-tecnologia\/events\/273644501\/\" data-type=\"URL\" data-id=\"https:\/\/www.meetup.com\/es\/Mujeres-y-tecnologia\/events\/273644501\/\" target=\"_blank\"><strong>Webinar mensual MyT Noviembre<\/strong><\/a> &#8211; 10\/11\/2020 Mejora tu productividad con Office365<\/li>\n\n\n\n<li><a href=\"https:\/\/blog.samantha365mx.com\/index.php\/microsoft-global-365-developer-bootcamp-mexico-technology-communities\/\"><strong>Microsoft Global 365 Developer Bootcamp \/ M\u00e9xico \/ Technology Communities<\/strong><\/a> 17\/11\/2020<\/li>\n\n\n\n<li><a rel=\"noreferrer noopener\" href=\"https:\/\/www.meetup.com\/es\/Mujeres-y-tecnologia\/events\/273644535\/\" data-type=\"URL\" data-id=\"https:\/\/www.meetup.com\/es\/Mujeres-y-tecnologia\/events\/273644535\/\" target=\"_blank\"><strong>Webinar mensual MyT Diciembre<\/strong><\/a> &#8211; 15\/12\/2020 Crear sorprendes flujos automatizados con PowerAutomate<\/li>\n<\/ul>\n\n\n\n<figure class=\"wp-block-gallery aligncenter has-nested-images columns-default is-cropped wp-block-gallery-1 is-layout-flex wp-block-gallery-is-layout-flex\">\n<figure class=\"wp-block-image size-large\"><img loading=\"lazy\" decoding=\"async\" width=\"1024\" height=\"1024\" data-id=\"504\" src=\"https:\/\/blog.samantha365mx.com\/wp-content\/uploads\/2021\/02\/Sam2020-1024x1024.jpg\" alt=\"\" class=\"wp-image-504\" srcset=\"https:\/\/blog.samantha365mx.com\/wp-content\/uploads\/2021\/02\/Sam2020-1024x1024.jpg 1024w, https:\/\/blog.samantha365mx.com\/wp-content\/uploads\/2021\/02\/Sam2020-300x300.jpg 300w, https:\/\/blog.samantha365mx.com\/wp-content\/uploads\/2021\/02\/Sam2020-150x150.jpg 150w, https:\/\/blog.samantha365mx.com\/wp-content\/uploads\/2021\/02\/Sam2020-768x768.jpg 768w, https:\/\/blog.samantha365mx.com\/wp-content\/uploads\/2021\/02\/Sam2020.jpg 1440w\" sizes=\"auto, (max-width: 1024px) 100vw, 1024px\" \/><figcaption class=\"wp-element-caption\">Aqu\u00ed en el Global Microsoft365 Developer Bootcamp 2020 | M\u00e9xico &#8211; CDMX<\/figcaption><\/figure>\n\n\n\n<figure class=\"wp-block-image size-large\"><img loading=\"lazy\" decoding=\"async\" width=\"768\" height=\"1024\" data-id=\"551\" src=\"https:\/\/blog.samantha365mx.com\/wp-content\/uploads\/2021\/04\/3-1-768x1024.jpg\" alt=\"\" class=\"wp-image-551\" srcset=\"https:\/\/blog.samantha365mx.com\/wp-content\/uploads\/2021\/04\/3-1-768x1024.jpg 768w, https:\/\/blog.samantha365mx.com\/wp-content\/uploads\/2021\/04\/3-1-225x300.jpg 225w, https:\/\/blog.samantha365mx.com\/wp-content\/uploads\/2021\/04\/3-1-1152x1536.jpg 1152w, https:\/\/blog.samantha365mx.com\/wp-content\/uploads\/2021\/04\/3-1.jpg 1511w\" sizes=\"auto, (max-width: 768px) 100vw, 768px\" \/><figcaption class=\"wp-element-caption\">Aqu\u00ed en el Global Microsoft365 Developer Bootcamp 2020 | M\u00e9xico &#8211; Technology Communities<\/figcaption><\/figure>\n<\/figure>\n\n\n<div class=\"wp-block-image\">\n<figure class=\"aligncenter size-large\"><img loading=\"lazy\" decoding=\"async\" width=\"577\" height=\"1024\" src=\"https:\/\/blog.samantha365mx.com\/wp-content\/uploads\/2023\/04\/image-5-577x1024.png\" alt=\"\" class=\"wp-image-762\" srcset=\"https:\/\/blog.samantha365mx.com\/wp-content\/uploads\/2023\/04\/image-5-577x1024.png 577w, https:\/\/blog.samantha365mx.com\/wp-content\/uploads\/2023\/04\/image-5-169x300.png 169w, https:\/\/blog.samantha365mx.com\/wp-content\/uploads\/2023\/04\/image-5-768x1363.png 768w, https:\/\/blog.samantha365mx.com\/wp-content\/uploads\/2023\/04\/image-5.png 787w\" sizes=\"auto, (max-width: 577px) 100vw, 577px\" \/><\/figure><\/div>\n\n\n<p>Este a\u00f1o fue de muchos retos, gracias a Dios seguimos aqu\u00ed, hay que cuidar la salud, nos vemos el pr\u00f3ximo a\u00f1o.<\/p>\n","protected":false},"excerpt":{"rendered":"<p class=\"text-justify\">Este a\u00f1o fue de muchos retos, gracias a Dios seguimos aqu\u00ed, hay que cuidar la salud, nos vemos el pr\u00f3ximo a\u00f1o.<\/p>\n","protected":false},"author":2,"featured_media":0,"parent":0,"menu_order":0,"comment_status":"closed","ping_status":"closed","template":"","meta":{"footnotes":""},"class_list":["post-165","page","type-page","status-publish","hentry"],"_links":{"self":[{"href":"https:\/\/blog.samantha365mx.com\/index.php\/wp-json\/wp\/v2\/pages\/165","targetHints":{"allow":["GET"]}}],"collection":[{"href":"https:\/\/blog.samantha365mx.com\/index.php\/wp-json\/wp\/v2\/pages"}],"about":[{"href":"https:\/\/blog.samantha365mx.com\/index.php\/wp-json\/wp\/v2\/types\/page"}],"author":[{"embeddable":true,"href":"https:\/\/blog.samantha365mx.com\/index.php\/wp-json\/wp\/v2\/users\/2"}],"replies":[{"embeddable":true,"href":"https:\/\/blog.samantha365mx.com\/index.php\/wp-json\/wp\/v2\/comments?post=165"}],"version-history":[{"count":24,"href":"https:\/\/blog.samantha365mx.com\/index.php\/wp-json\/wp\/v2\/pages\/165\/revisions"}],"predecessor-version":[{"id":763,"href":"https:\/\/blog.samantha365mx.com\/index.php\/wp-json\/wp\/v2\/pages\/165\/revisions\/763"}],"wp:attachment":[{"href":"https:\/\/blog.samantha365mx.com\/index.php\/wp-json\/wp\/v2\/media?parent=165"}],"curies":[{"name":"wp","href":"https:\/\/api.w.org\/{rel}","templated":true}]}}