{"id":1671,"date":"2026-03-28T19:03:07","date_gmt":"2026-03-29T01:03:07","guid":{"rendered":"https:\/\/blog.samantha365mx.com\/?page_id=1671"},"modified":"2026-03-28T19:31:51","modified_gmt":"2026-03-29T01:31:51","slug":"b10-abri-2025","status":"publish","type":"page","link":"https:\/\/blog.samantha365mx.com\/index.php\/b10-abri-2025\/","title":{"rendered":"B10 &#8211; Abril y Mayo &#8211; 2025"},"content":{"rendered":"\n<blockquote class=\"wp-block-quote is-layout-flow wp-block-quote-is-layout-flow\">\n<p>Conferencista del programa IA PARA TODO M\u00c9XICO &#8211; 1er ciclo de webinars<\/p>\n<\/blockquote>\n\n\n\n<figure class=\"wp-block-image size-full\"><img loading=\"lazy\" decoding=\"async\" width=\"886\" height=\"418\" src=\"https:\/\/blog.samantha365mx.com\/wp-content\/uploads\/2026\/03\/image.png\" alt=\"\" class=\"wp-image-1609\" srcset=\"https:\/\/blog.samantha365mx.com\/wp-content\/uploads\/2026\/03\/image.png 886w, https:\/\/blog.samantha365mx.com\/wp-content\/uploads\/2026\/03\/image-300x142.png 300w, https:\/\/blog.samantha365mx.com\/wp-content\/uploads\/2026\/03\/image-768x362.png 768w\" sizes=\"auto, (max-width: 886px) 100vw, 886px\" \/><\/figure>\n\n\n\n<p>IA para todo M\u00e9xico\u201d es un programa&nbsp;<strong>gratuito de capacitaci\u00f3n en Inteligencia Artificial<\/strong>, creado por&nbsp;<strong>CompuEducaci\u00f3n<\/strong>,&nbsp;<strong>expertos en el desarrollo de habilidades digitales<\/strong>,&nbsp;<strong>con el respaldo de Microsoft Elevate.<\/strong><\/p>\n\n\n\n<p>Su objetivo es acercar el conocimiento en IA a todos, y facilitar que m\u00e1s personas y organizaciones aprovechen herramientas digitales gratuitas, accesibles y f\u00e1ciles de aplicar en su d\u00eda a d\u00eda.<\/p>\n\n\n\n<p><strong>M\u00e1s de 5,000 personas en M\u00e9xico fueron capacitadas en el primer ciclo de conferencias<\/strong>, fortaleciendo su productividad, creatividad e innovaci\u00f3n con inteligencia artificial. Detalles del programa: <a href=\"https:\/\/compueducacion.mx\/ia-para-todo-mexico\/\">https:\/\/compueducacion.mx\/ia-para-todo-mexico\/<\/a><\/p>\n\n\n<div class=\"wp-block-image\">\n<figure class=\"aligncenter size-full\"><img loading=\"lazy\" decoding=\"async\" width=\"232\" height=\"327\" src=\"https:\/\/blog.samantha365mx.com\/wp-content\/uploads\/2026\/03\/image-5.png\" alt=\"\" class=\"wp-image-1692\" srcset=\"https:\/\/blog.samantha365mx.com\/wp-content\/uploads\/2026\/03\/image-5.png 232w, https:\/\/blog.samantha365mx.com\/wp-content\/uploads\/2026\/03\/image-5-213x300.png 213w\" sizes=\"auto, (max-width: 232px) 100vw, 232px\" \/><\/figure><\/div>\n\n\n<p>Webinar: <strong><a href=\"https:\/\/blog.samantha365mx.com\/wp-content\/uploads\/2026\/03\/22-de-abril-Webinar-Futuro-liderazgo-corporativo-5.pdf\">El futuro del liderazgo corporativo: IA para la toma de decisiones<\/a><\/strong> &#8211; 22 de Abril 2025 &#8211; 9 a 11am<\/p>\n\n\n\n<p>Webinar: <strong><a href=\"https:\/\/blog.samantha365mx.com\/wp-content\/uploads\/2026\/03\/IA-etica-y-eficaz-Construyamos-un-marco-de-gobernanza-en-la-empresa.pdf\">IA \u00e9tica y eficaz: Construyamos un marco de gobernanza en la empresa<\/a><\/strong> &#8211; 29 de Abril 2025 &#8211; 9 a 11am<\/p>\n\n\n\n<hr class=\"wp-block-separator has-alpha-channel-opacity\"\/>\n\n\n\n<p class=\"has-text-align-center\" id=\"mayo\"><strong>Mayo<\/strong><\/p>\n\n\n\n<hr class=\"wp-block-separator has-alpha-channel-opacity\"\/>\n\n\n\n<p>Webinar: <strong><a href=\"https:\/\/blog.samantha365mx.com\/wp-content\/uploads\/2026\/03\/Importancia-de-una-cultura-de-analisis-de-datos.pdf\">La Importancia de una cultura de An\u00e1lisis de Datos en la era de la IA<\/a><\/strong> &#8211; 6 de mayo 2025 &#8211; 3 a 5 pm<\/p>\n\n\n\n<p>Webinar: <strong><a href=\"https:\/\/blog.samantha365mx.com\/wp-content\/uploads\/2026\/03\/Mejores-practicas-de-Adopcion-Tecnologica-Empresarial-en-AI.pdf\">Mejores practicas de Adopcion Tecnologica Empresarial en AI<\/a><\/strong> &#8211; 8 de Mayo 2025 &#8211; 3 a 5 pm<\/p>\n\n\n\n<p>Webinar: <strong><a href=\"https:\/\/blog.samantha365mx.com\/wp-content\/uploads\/2026\/03\/22-de-abril-Webinar-Futuro-liderazgo-corporativo-5.pdf\">El futuro del liderazgo corporativo: IA para la toma de decisiones<\/a> <\/strong>&#8211; 13 de Mayo 2025 &#8211; 3 a 5pm<\/p>\n\n\n\n<p>Webinar: <a href=\"https:\/\/www.youtube.com\/watch?v=lEg0tKygAp8\"><strong>IA responsable: En el Laberinto legal de la creatividad y la privacidad <\/strong><\/a>&#8211; 15 de Mayo 2025 &#8211; 3 a 5pm<\/p>\n\n\n\n<p><\/p>\n","protected":false},"excerpt":{"rendered":"<p class=\"text-justify\">Conferencista del programa IA PARA TODO M\u00c9XICO &#8211; 1er ciclo de webinars IA para todo M\u00e9xico\u201d es un programa&nbsp;gratuito de capacitaci\u00f3n en [&hellip;]<\/p>\n","protected":false},"author":2,"featured_media":0,"parent":0,"menu_order":0,"comment_status":"closed","ping_status":"closed","template":"","meta":{"footnotes":""},"class_list":["post-1671","page","type-page","status-publish","hentry"],"_links":{"self":[{"href":"https:\/\/blog.samantha365mx.com\/index.php\/wp-json\/wp\/v2\/pages\/1671","targetHints":{"allow":["GET"]}}],"collection":[{"href":"https:\/\/blog.samantha365mx.com\/index.php\/wp-json\/wp\/v2\/pages"}],"about":[{"href":"https:\/\/blog.samantha365mx.com\/index.php\/wp-json\/wp\/v2\/types\/page"}],"author":[{"embeddable":true,"href":"https:\/\/blog.samantha365mx.com\/index.php\/wp-json\/wp\/v2\/users\/2"}],"replies":[{"embeddable":true,"href":"https:\/\/blog.samantha365mx.com\/index.php\/wp-json\/wp\/v2\/comments?post=1671"}],"version-history":[{"count":10,"href":"https:\/\/blog.samantha365mx.com\/index.php\/wp-json\/wp\/v2\/pages\/1671\/revisions"}],"predecessor-version":[{"id":1694,"href":"https:\/\/blog.samantha365mx.com\/index.php\/wp-json\/wp\/v2\/pages\/1671\/revisions\/1694"}],"wp:attachment":[{"href":"https:\/\/blog.samantha365mx.com\/index.php\/wp-json\/wp\/v2\/media?parent=1671"}],"curies":[{"name":"wp","href":"https:\/\/api.w.org\/{rel}","templated":true}]}}