{"id":169,"date":"2021-01-29T00:13:33","date_gmt":"2021-01-29T00:13:33","guid":{"rendered":"https:\/\/blog.samantha365mx.com\/?page_id=169"},"modified":"2021-01-29T00:13:33","modified_gmt":"2021-01-29T00:13:33","slug":"final-america-imagine-cup-2020","status":"publish","type":"page","link":"https:\/\/blog.samantha365mx.com\/index.php\/final-america-imagine-cup-2020\/","title":{"rendered":"Final America Imagine Cup 2020"},"content":{"rendered":"\n<p>\u00a1Este a\u00f1o ha sido grandioso!<\/p>\n\n\n\n<p>Pese a las circunstancias de contingencia de salud mundial por el covid, la colaboraci\u00f3n y el altruismo a resaltado, y esto se ve reflejado en la transmisi\u00f3n de conocimiento, entre los eventos m\u00e1s sobresalientes de este a\u00f1o han sido:<\/p>\n\n\n\n<p>Tuve el honor se ser jurado en la final de Am\u00e9rica de Imagine Cup, el pasado 30 de marzo 2020, felicidades a los ganadores: Synbiolic de Canad\u00e1<\/p>\n\n\n\n<p><a href=\"https:\/\/news.microsoft.com\/en-ca\/2020\/03\/30\/team-synbiolic-from-canada-wins-runner-up-position-at-the-2020-microsoft-imagine-cup-americas-regional-finals\/\">https:\/\/news.microsoft.com\/en-ca\/2020\/03\/30\/team-synbiolic-from-canada-wins-runner-up-position-at-the-2020-microsoft-imagine-cup-americas-regional-finals\/<\/a><\/p>\n\n\n\n<figure class=\"wp-block-image size-large\"><img loading=\"lazy\" decoding=\"async\" width=\"1024\" height=\"180\" src=\"https:\/\/blog.samantha365mx.com\/wp-content\/uploads\/2020\/10\/bannerIC-1024x180.png\" alt=\"\" class=\"wp-image-139\" srcset=\"https:\/\/blog.samantha365mx.com\/wp-content\/uploads\/2020\/10\/bannerIC-1024x180.png 1024w, https:\/\/blog.samantha365mx.com\/wp-content\/uploads\/2020\/10\/bannerIC-300x53.png 300w, https:\/\/blog.samantha365mx.com\/wp-content\/uploads\/2020\/10\/bannerIC-768x135.png 768w, https:\/\/blog.samantha365mx.com\/wp-content\/uploads\/2020\/10\/bannerIC-1536x270.png 1536w, https:\/\/blog.samantha365mx.com\/wp-content\/uploads\/2020\/10\/bannerIC.png 2048w\" sizes=\"auto, (max-width: 1024px) 100vw, 1024px\" \/><\/figure>\n\n\n\n<figure class=\"wp-block-image size-large\"><img loading=\"lazy\" decoding=\"async\" width=\"1024\" height=\"570\" src=\"https:\/\/blog.samantha365mx.com\/wp-content\/uploads\/2021\/01\/ic2020-1024x570.jpg\" alt=\"\" class=\"wp-image-170\" srcset=\"https:\/\/blog.samantha365mx.com\/wp-content\/uploads\/2021\/01\/ic2020-1024x570.jpg 1024w, https:\/\/blog.samantha365mx.com\/wp-content\/uploads\/2021\/01\/ic2020-300x167.jpg 300w, https:\/\/blog.samantha365mx.com\/wp-content\/uploads\/2021\/01\/ic2020-768x428.jpg 768w, https:\/\/blog.samantha365mx.com\/wp-content\/uploads\/2021\/01\/ic2020.jpg 1101w\" sizes=\"auto, (max-width: 1024px) 100vw, 1024px\" \/><\/figure>\n\n\n\n<figure class=\"wp-block-image size-large\"><img loading=\"lazy\" decoding=\"async\" width=\"1023\" height=\"756\" src=\"https:\/\/blog.samantha365mx.com\/wp-content\/uploads\/2021\/01\/1.png\" alt=\"\" class=\"wp-image-172\" srcset=\"https:\/\/blog.samantha365mx.com\/wp-content\/uploads\/2021\/01\/1.png 1023w, https:\/\/blog.samantha365mx.com\/wp-content\/uploads\/2021\/01\/1-300x222.png 300w, https:\/\/blog.samantha365mx.com\/wp-content\/uploads\/2021\/01\/1-768x568.png 768w\" sizes=\"auto, (max-width: 1023px) 100vw, 1023px\" \/><\/figure>\n\n\n\n<figure class=\"wp-block-image size-large\"><img loading=\"lazy\" decoding=\"async\" width=\"1024\" height=\"1024\" src=\"https:\/\/blog.samantha365mx.com\/wp-content\/uploads\/2021\/01\/samic-1024x1024.jpg\" alt=\"\" class=\"wp-image-171\" srcset=\"https:\/\/blog.samantha365mx.com\/wp-content\/uploads\/2021\/01\/samic-1024x1024.jpg 1024w, https:\/\/blog.samantha365mx.com\/wp-content\/uploads\/2021\/01\/samic-300x300.jpg 300w, https:\/\/blog.samantha365mx.com\/wp-content\/uploads\/2021\/01\/samic-150x150.jpg 150w, https:\/\/blog.samantha365mx.com\/wp-content\/uploads\/2021\/01\/samic-768x768.jpg 768w, https:\/\/blog.samantha365mx.com\/wp-content\/uploads\/2021\/01\/samic.jpg 1440w\" sizes=\"auto, (max-width: 1024px) 100vw, 1024px\" \/><\/figure>\n\n\n\n<p>Sigue este gran evento mundial en: <a href=\"https:\/\/imaginecup.microsoft.com\/es-es\/Events?id=0\" target=\"_blank\" rel=\"noreferrer noopener\">https:\/\/imaginecup.microsoft.com\/es-es\/Events?id=0<\/a><\/p>\n","protected":false},"excerpt":{"rendered":"<p class=\"text-justify\">\u00a1Este a\u00f1o ha sido grandioso! Pese a las circunstancias de contingencia de salud mundial por el covid, la colaboraci\u00f3n y el altruismo [&hellip;]<\/p>\n","protected":false},"author":2,"featured_media":0,"parent":0,"menu_order":0,"comment_status":"closed","ping_status":"closed","template":"","meta":{"footnotes":""},"class_list":["post-169","page","type-page","status-publish","hentry"],"_links":{"self":[{"href":"https:\/\/blog.samantha365mx.com\/index.php\/wp-json\/wp\/v2\/pages\/169","targetHints":{"allow":["GET"]}}],"collection":[{"href":"https:\/\/blog.samantha365mx.com\/index.php\/wp-json\/wp\/v2\/pages"}],"about":[{"href":"https:\/\/blog.samantha365mx.com\/index.php\/wp-json\/wp\/v2\/types\/page"}],"author":[{"embeddable":true,"href":"https:\/\/blog.samantha365mx.com\/index.php\/wp-json\/wp\/v2\/users\/2"}],"replies":[{"embeddable":true,"href":"https:\/\/blog.samantha365mx.com\/index.php\/wp-json\/wp\/v2\/comments?post=169"}],"version-history":[{"count":1,"href":"https:\/\/blog.samantha365mx.com\/index.php\/wp-json\/wp\/v2\/pages\/169\/revisions"}],"predecessor-version":[{"id":173,"href":"https:\/\/blog.samantha365mx.com\/index.php\/wp-json\/wp\/v2\/pages\/169\/revisions\/173"}],"wp:attachment":[{"href":"https:\/\/blog.samantha365mx.com\/index.php\/wp-json\/wp\/v2\/media?parent=169"}],"curies":[{"name":"wp","href":"https:\/\/api.w.org\/{rel}","templated":true}]}}