{"id":1695,"date":"2026-03-28T19:38:40","date_gmt":"2026-03-29T01:38:40","guid":{"rendered":"https:\/\/blog.samantha365mx.com\/?page_id=1695"},"modified":"2026-03-28T20:03:01","modified_gmt":"2026-03-29T02:03:01","slug":"b11-abril-2025","status":"publish","type":"page","link":"https:\/\/blog.samantha365mx.com\/index.php\/b11-abril-2025\/","title":{"rendered":"B11 &#8211; Mayo &#8211; 2025"},"content":{"rendered":"\n<h2 class=\"wp-block-heading\"><img loading=\"lazy\" decoding=\"async\" height=\"16\" width=\"16\" alt=\"\ud83c\udfa5\" src=\"https:\/\/static.xx.fbcdn.net\/images\/emoji.php\/v9\/tff\/1\/16\/1f3a5.png\"><img loading=\"lazy\" decoding=\"async\" height=\"16\" width=\"16\" alt=\"\u2615\" src=\"https:\/\/static.xx.fbcdn.net\/images\/emoji.php\/v9\/t91\/1\/16\/2615.png\">&nbsp;<strong>Cafecito en la Sala de Docentes \u2013 Microsoft Copilot: IA aplicada al aula para docentes<\/strong><\/h2>\n\n\n\n<p>Fui invitada al programa \u201cCafecito en Sala de Docentes\u201d con Laura S\u00e1nchez para hablar de Copilot en la educaci\u00f3n el 5 de mayo 2025 a las 6pm Ciudad de M\u00e9xico<\/p>\n\n\n\n<figure class=\"wp-block-embed is-type-video is-provider-youtube wp-block-embed-youtube wp-embed-aspect-16-9 wp-has-aspect-ratio\"><div class=\"wp-block-embed__wrapper\">\n<iframe loading=\"lazy\" title=\"Cafecito en la Sala de Docentes \u2013 Microsoft Copilot: IA aplicada al aula para docentes\" width=\"640\" height=\"360\" src=\"https:\/\/www.youtube.com\/embed\/mywxlOjvGuM?feature=oembed\" frameborder=\"0\" allow=\"accelerometer; autoplay; clipboard-write; encrypted-media; gyroscope; picture-in-picture; web-share\" referrerpolicy=\"strict-origin-when-cross-origin\" allowfullscreen><\/iframe>\n<\/div><\/figure>\n","protected":false},"excerpt":{"rendered":"<p class=\"text-justify\">&nbsp;Cafecito en la Sala de Docentes \u2013 Microsoft Copilot: IA aplicada al aula para docentes Fui invitada al programa \u201cCafecito en Sala [&hellip;]<\/p>\n","protected":false},"author":2,"featured_media":0,"parent":0,"menu_order":0,"comment_status":"closed","ping_status":"closed","template":"","meta":{"footnotes":""},"class_list":["post-1695","page","type-page","status-publish","hentry"],"_links":{"self":[{"href":"https:\/\/blog.samantha365mx.com\/index.php\/wp-json\/wp\/v2\/pages\/1695","targetHints":{"allow":["GET"]}}],"collection":[{"href":"https:\/\/blog.samantha365mx.com\/index.php\/wp-json\/wp\/v2\/pages"}],"about":[{"href":"https:\/\/blog.samantha365mx.com\/index.php\/wp-json\/wp\/v2\/types\/page"}],"author":[{"embeddable":true,"href":"https:\/\/blog.samantha365mx.com\/index.php\/wp-json\/wp\/v2\/users\/2"}],"replies":[{"embeddable":true,"href":"https:\/\/blog.samantha365mx.com\/index.php\/wp-json\/wp\/v2\/comments?post=1695"}],"version-history":[{"count":2,"href":"https:\/\/blog.samantha365mx.com\/index.php\/wp-json\/wp\/v2\/pages\/1695\/revisions"}],"predecessor-version":[{"id":1708,"href":"https:\/\/blog.samantha365mx.com\/index.php\/wp-json\/wp\/v2\/pages\/1695\/revisions\/1708"}],"wp:attachment":[{"href":"https:\/\/blog.samantha365mx.com\/index.php\/wp-json\/wp\/v2\/media?parent=1695"}],"curies":[{"name":"wp","href":"https:\/\/api.w.org\/{rel}","templated":true}]}}