{"id":1698,"date":"2026-03-28T19:43:27","date_gmt":"2026-03-29T01:43:27","guid":{"rendered":"https:\/\/blog.samantha365mx.com\/?page_id=1698"},"modified":"2026-04-22T00:19:46","modified_gmt":"2026-04-22T06:19:46","slug":"b12-abril-2025","status":"publish","type":"page","link":"https:\/\/blog.samantha365mx.com\/index.php\/b12-abril-2025\/","title":{"rendered":"AgentCon 2025 Mexico City"},"content":{"rendered":"\n<p>Colabor\u00e9 con Luis Beltr\u00e1n organizando este gran evento, en las instalaciones del CIC-IPN junto con el Dr. Hiram Calvo a qui\u00e9n agradecemos su apoyo.<\/p>\n\n\n\n<p>En donde tuvimos 15 conferencistas espectaculares, en donde a trav\u00e9s de 14 conferencias nos llevaron de la mano al conocimiento, implementaci\u00f3n y futuro del la Inteligencia Artificial con los agentes que pueden crearse, con m\u00e1s de 150 asistentes de diversas empresas e instituciones.<\/p>\n\n\n\n<p>Asistentes desde Pa\u00edses Bajos, Rep\u00fablica Checa, Estados Unidos, en en M\u00e9xico de Monterrey, Guadalajara, Chiapas, Estado de M\u00e9xico, Hidalgo y Ciudad de M\u00e9xico.<\/p>\n\n\n\n<figure class=\"wp-block-image size-large\"><img loading=\"lazy\" decoding=\"async\" width=\"1024\" height=\"970\" src=\"https:\/\/blog.samantha365mx.com\/wp-content\/uploads\/2025\/06\/Screenshot-2025-06-19-163227-1024x970.png\" alt=\"\" class=\"wp-image-1578\" srcset=\"https:\/\/blog.samantha365mx.com\/wp-content\/uploads\/2025\/06\/Screenshot-2025-06-19-163227-1024x970.png 1024w, https:\/\/blog.samantha365mx.com\/wp-content\/uploads\/2025\/06\/Screenshot-2025-06-19-163227-300x284.png 300w, https:\/\/blog.samantha365mx.com\/wp-content\/uploads\/2025\/06\/Screenshot-2025-06-19-163227-768x728.png 768w, https:\/\/blog.samantha365mx.com\/wp-content\/uploads\/2025\/06\/Screenshot-2025-06-19-163227.png 1139w\" sizes=\"auto, (max-width: 1024px) 100vw, 1024px\" \/><\/figure>\n\n\n\n<p>Programa del evento: tuvimos un total de 14 conferencias <\/p>\n\n\n\n<figure class=\"wp-block-gallery has-nested-images columns-default is-cropped wp-block-gallery-1 is-layout-flex wp-block-gallery-is-layout-flex\">\n<figure class=\"wp-block-image size-large\"><img loading=\"lazy\" decoding=\"async\" width=\"1024\" height=\"763\" data-id=\"1803\" src=\"https:\/\/blog.samantha365mx.com\/wp-content\/uploads\/2026\/04\/image-7-1024x763.png\" alt=\"\" class=\"wp-image-1803\" srcset=\"https:\/\/blog.samantha365mx.com\/wp-content\/uploads\/2026\/04\/image-7-1024x763.png 1024w, https:\/\/blog.samantha365mx.com\/wp-content\/uploads\/2026\/04\/image-7-300x224.png 300w, https:\/\/blog.samantha365mx.com\/wp-content\/uploads\/2026\/04\/image-7-768x572.png 768w, https:\/\/blog.samantha365mx.com\/wp-content\/uploads\/2026\/04\/image-7.png 1448w\" sizes=\"auto, (max-width: 1024px) 100vw, 1024px\" \/><\/figure>\n\n\n\n<figure class=\"wp-block-image size-large\"><img loading=\"lazy\" decoding=\"async\" width=\"1021\" height=\"1024\" data-id=\"1804\" src=\"https:\/\/blog.samantha365mx.com\/wp-content\/uploads\/2026\/04\/image-8-1021x1024.png\" alt=\"\" class=\"wp-image-1804\" srcset=\"https:\/\/blog.samantha365mx.com\/wp-content\/uploads\/2026\/04\/image-8-1021x1024.png 1021w, https:\/\/blog.samantha365mx.com\/wp-content\/uploads\/2026\/04\/image-8-300x300.png 300w, https:\/\/blog.samantha365mx.com\/wp-content\/uploads\/2026\/04\/image-8-150x150.png 150w, https:\/\/blog.samantha365mx.com\/wp-content\/uploads\/2026\/04\/image-8-768x770.png 768w, https:\/\/blog.samantha365mx.com\/wp-content\/uploads\/2026\/04\/image-8.png 1076w\" sizes=\"auto, (max-width: 1021px) 100vw, 1021px\" \/><\/figure>\n\n\n\n<figure class=\"wp-block-image size-large\"><img loading=\"lazy\" decoding=\"async\" width=\"1019\" height=\"1024\" data-id=\"1805\" src=\"https:\/\/blog.samantha365mx.com\/wp-content\/uploads\/2026\/04\/image-9-1019x1024.png\" alt=\"\" class=\"wp-image-1805\" srcset=\"https:\/\/blog.samantha365mx.com\/wp-content\/uploads\/2026\/04\/image-9-1019x1024.png 1019w, https:\/\/blog.samantha365mx.com\/wp-content\/uploads\/2026\/04\/image-9-300x300.png 300w, https:\/\/blog.samantha365mx.com\/wp-content\/uploads\/2026\/04\/image-9-150x150.png 150w, https:\/\/blog.samantha365mx.com\/wp-content\/uploads\/2026\/04\/image-9-768x772.png 768w, https:\/\/blog.samantha365mx.com\/wp-content\/uploads\/2026\/04\/image-9.png 1074w\" sizes=\"auto, (max-width: 1019px) 100vw, 1019px\" \/><\/figure>\n\n\n\n<figure class=\"wp-block-image size-large\"><img loading=\"lazy\" decoding=\"async\" width=\"1024\" height=\"1024\" data-id=\"1806\" src=\"https:\/\/blog.samantha365mx.com\/wp-content\/uploads\/2026\/04\/image-10-1024x1024.png\" alt=\"\" class=\"wp-image-1806\" srcset=\"https:\/\/blog.samantha365mx.com\/wp-content\/uploads\/2026\/04\/image-10-1024x1024.png 1024w, https:\/\/blog.samantha365mx.com\/wp-content\/uploads\/2026\/04\/image-10-300x300.png 300w, https:\/\/blog.samantha365mx.com\/wp-content\/uploads\/2026\/04\/image-10-150x150.png 150w, https:\/\/blog.samantha365mx.com\/wp-content\/uploads\/2026\/04\/image-10-768x767.png 768w, https:\/\/blog.samantha365mx.com\/wp-content\/uploads\/2026\/04\/image-10.png 1078w\" sizes=\"auto, (max-width: 1024px) 100vw, 1024px\" \/><\/figure>\n\n\n\n<figure class=\"wp-block-image size-large\"><img loading=\"lazy\" decoding=\"async\" width=\"1024\" height=\"1024\" data-id=\"1807\" src=\"https:\/\/blog.samantha365mx.com\/wp-content\/uploads\/2026\/04\/image-11-1024x1024.png\" alt=\"\" class=\"wp-image-1807\" srcset=\"https:\/\/blog.samantha365mx.com\/wp-content\/uploads\/2026\/04\/image-11-1024x1024.png 1024w, https:\/\/blog.samantha365mx.com\/wp-content\/uploads\/2026\/04\/image-11-300x300.png 300w, https:\/\/blog.samantha365mx.com\/wp-content\/uploads\/2026\/04\/image-11-150x150.png 150w, https:\/\/blog.samantha365mx.com\/wp-content\/uploads\/2026\/04\/image-11-768x769.png 768w, https:\/\/blog.samantha365mx.com\/wp-content\/uploads\/2026\/04\/image-11.png 1078w\" sizes=\"auto, (max-width: 1024px) 100vw, 1024px\" \/><\/figure>\n\n\n\n<figure class=\"wp-block-image size-large\"><img loading=\"lazy\" decoding=\"async\" width=\"1021\" height=\"1024\" data-id=\"1808\" src=\"https:\/\/blog.samantha365mx.com\/wp-content\/uploads\/2026\/04\/image-12-1021x1024.png\" alt=\"\" class=\"wp-image-1808\" srcset=\"https:\/\/blog.samantha365mx.com\/wp-content\/uploads\/2026\/04\/image-12-1021x1024.png 1021w, https:\/\/blog.samantha365mx.com\/wp-content\/uploads\/2026\/04\/image-12-300x300.png 300w, https:\/\/blog.samantha365mx.com\/wp-content\/uploads\/2026\/04\/image-12-150x150.png 150w, https:\/\/blog.samantha365mx.com\/wp-content\/uploads\/2026\/04\/image-12-768x770.png 768w, https:\/\/blog.samantha365mx.com\/wp-content\/uploads\/2026\/04\/image-12.png 1076w\" sizes=\"auto, (max-width: 1021px) 100vw, 1021px\" \/><\/figure>\n\n\n\n<figure class=\"wp-block-image size-large\"><img loading=\"lazy\" decoding=\"async\" width=\"1020\" height=\"1024\" data-id=\"1809\" src=\"https:\/\/blog.samantha365mx.com\/wp-content\/uploads\/2026\/04\/image-13-1020x1024.png\" alt=\"\" class=\"wp-image-1809\" srcset=\"https:\/\/blog.samantha365mx.com\/wp-content\/uploads\/2026\/04\/image-13-1020x1024.png 1020w, https:\/\/blog.samantha365mx.com\/wp-content\/uploads\/2026\/04\/image-13-300x300.png 300w, https:\/\/blog.samantha365mx.com\/wp-content\/uploads\/2026\/04\/image-13-150x150.png 150w, https:\/\/blog.samantha365mx.com\/wp-content\/uploads\/2026\/04\/image-13-768x771.png 768w, https:\/\/blog.samantha365mx.com\/wp-content\/uploads\/2026\/04\/image-13.png 1075w\" sizes=\"auto, (max-width: 1020px) 100vw, 1020px\" \/><\/figure>\n\n\n\n<figure class=\"wp-block-image size-large\"><img loading=\"lazy\" decoding=\"async\" width=\"1021\" height=\"1024\" data-id=\"1810\" src=\"https:\/\/blog.samantha365mx.com\/wp-content\/uploads\/2026\/04\/image-14-1021x1024.png\" alt=\"\" class=\"wp-image-1810\" srcset=\"https:\/\/blog.samantha365mx.com\/wp-content\/uploads\/2026\/04\/image-14-1021x1024.png 1021w, https:\/\/blog.samantha365mx.com\/wp-content\/uploads\/2026\/04\/image-14-300x300.png 300w, https:\/\/blog.samantha365mx.com\/wp-content\/uploads\/2026\/04\/image-14-150x150.png 150w, https:\/\/blog.samantha365mx.com\/wp-content\/uploads\/2026\/04\/image-14-768x770.png 768w, https:\/\/blog.samantha365mx.com\/wp-content\/uploads\/2026\/04\/image-14.png 1076w\" sizes=\"auto, (max-width: 1021px) 100vw, 1021px\" \/><\/figure>\n\n\n\n<figure class=\"wp-block-image size-large\"><img loading=\"lazy\" decoding=\"async\" width=\"1022\" height=\"1024\" data-id=\"1811\" src=\"https:\/\/blog.samantha365mx.com\/wp-content\/uploads\/2026\/04\/image-15-1022x1024.png\" alt=\"\" class=\"wp-image-1811\" srcset=\"https:\/\/blog.samantha365mx.com\/wp-content\/uploads\/2026\/04\/image-15-1022x1024.png 1022w, https:\/\/blog.samantha365mx.com\/wp-content\/uploads\/2026\/04\/image-15-300x300.png 300w, https:\/\/blog.samantha365mx.com\/wp-content\/uploads\/2026\/04\/image-15-150x150.png 150w, https:\/\/blog.samantha365mx.com\/wp-content\/uploads\/2026\/04\/image-15-768x769.png 768w, https:\/\/blog.samantha365mx.com\/wp-content\/uploads\/2026\/04\/image-15.png 1077w\" sizes=\"auto, (max-width: 1022px) 100vw, 1022px\" \/><\/figure>\n\n\n\n<figure class=\"wp-block-image size-large\"><img loading=\"lazy\" decoding=\"async\" width=\"1021\" height=\"1024\" data-id=\"1812\" src=\"https:\/\/blog.samantha365mx.com\/wp-content\/uploads\/2026\/04\/image-16-1021x1024.png\" alt=\"\" class=\"wp-image-1812\" srcset=\"https:\/\/blog.samantha365mx.com\/wp-content\/uploads\/2026\/04\/image-16-1021x1024.png 1021w, https:\/\/blog.samantha365mx.com\/wp-content\/uploads\/2026\/04\/image-16-300x300.png 300w, https:\/\/blog.samantha365mx.com\/wp-content\/uploads\/2026\/04\/image-16-150x150.png 150w, https:\/\/blog.samantha365mx.com\/wp-content\/uploads\/2026\/04\/image-16-768x770.png 768w, https:\/\/blog.samantha365mx.com\/wp-content\/uploads\/2026\/04\/image-16.png 1076w\" sizes=\"auto, (max-width: 1021px) 100vw, 1021px\" \/><\/figure>\n\n\n\n<figure class=\"wp-block-image size-large\"><img loading=\"lazy\" decoding=\"async\" width=\"1024\" height=\"1024\" data-id=\"1813\" src=\"https:\/\/blog.samantha365mx.com\/wp-content\/uploads\/2026\/04\/image-17-1024x1024.png\" alt=\"\" class=\"wp-image-1813\" srcset=\"https:\/\/blog.samantha365mx.com\/wp-content\/uploads\/2026\/04\/image-17-1024x1024.png 1024w, https:\/\/blog.samantha365mx.com\/wp-content\/uploads\/2026\/04\/image-17-300x300.png 300w, https:\/\/blog.samantha365mx.com\/wp-content\/uploads\/2026\/04\/image-17-150x150.png 150w, https:\/\/blog.samantha365mx.com\/wp-content\/uploads\/2026\/04\/image-17-768x769.png 768w, https:\/\/blog.samantha365mx.com\/wp-content\/uploads\/2026\/04\/image-17.png 1078w\" sizes=\"auto, (max-width: 1024px) 100vw, 1024px\" \/><\/figure>\n\n\n\n<figure class=\"wp-block-image size-large\"><img loading=\"lazy\" decoding=\"async\" width=\"1020\" height=\"1024\" data-id=\"1814\" src=\"https:\/\/blog.samantha365mx.com\/wp-content\/uploads\/2026\/04\/image-18-1020x1024.png\" alt=\"\" class=\"wp-image-1814\" srcset=\"https:\/\/blog.samantha365mx.com\/wp-content\/uploads\/2026\/04\/image-18-1020x1024.png 1020w, https:\/\/blog.samantha365mx.com\/wp-content\/uploads\/2026\/04\/image-18-300x300.png 300w, https:\/\/blog.samantha365mx.com\/wp-content\/uploads\/2026\/04\/image-18-150x150.png 150w, https:\/\/blog.samantha365mx.com\/wp-content\/uploads\/2026\/04\/image-18-768x771.png 768w, https:\/\/blog.samantha365mx.com\/wp-content\/uploads\/2026\/04\/image-18.png 1075w\" sizes=\"auto, (max-width: 1020px) 100vw, 1020px\" \/><\/figure>\n\n\n\n<figure class=\"wp-block-image size-large\"><img loading=\"lazy\" decoding=\"async\" width=\"1018\" height=\"1024\" data-id=\"1815\" src=\"https:\/\/blog.samantha365mx.com\/wp-content\/uploads\/2026\/04\/image-19-1018x1024.png\" alt=\"\" class=\"wp-image-1815\" srcset=\"https:\/\/blog.samantha365mx.com\/wp-content\/uploads\/2026\/04\/image-19-1018x1024.png 1018w, https:\/\/blog.samantha365mx.com\/wp-content\/uploads\/2026\/04\/image-19-298x300.png 298w, https:\/\/blog.samantha365mx.com\/wp-content\/uploads\/2026\/04\/image-19-150x150.png 150w, https:\/\/blog.samantha365mx.com\/wp-content\/uploads\/2026\/04\/image-19-768x772.png 768w, https:\/\/blog.samantha365mx.com\/wp-content\/uploads\/2026\/04\/image-19.png 1073w\" sizes=\"auto, (max-width: 1018px) 100vw, 1018px\" \/><\/figure>\n<\/figure>\n\n\n\n<figure class=\"wp-block-image size-large\"><img loading=\"lazy\" decoding=\"async\" width=\"1024\" height=\"554\" src=\"https:\/\/blog.samantha365mx.com\/wp-content\/uploads\/2026\/04\/image-6-1024x554.png\" alt=\"\" class=\"wp-image-1801\" srcset=\"https:\/\/blog.samantha365mx.com\/wp-content\/uploads\/2026\/04\/image-6-1024x554.png 1024w, https:\/\/blog.samantha365mx.com\/wp-content\/uploads\/2026\/04\/image-6-300x162.png 300w, https:\/\/blog.samantha365mx.com\/wp-content\/uploads\/2026\/04\/image-6-768x416.png 768w, https:\/\/blog.samantha365mx.com\/wp-content\/uploads\/2026\/04\/image-6.png 1096w\" sizes=\"auto, (max-width: 1024px) 100vw, 1024px\" \/><\/figure>\n\n\n\n<p>Detalles del evento: <\/p>\n\n\n\n<p><a href=\"https:\/\/globalai.community\/chapters\/mexico-city\/events\/agentcon-2025-mexico-city\">https:\/\/globalai.community\/chapters\/mexico-city\/events\/agentcon-2025-mexico-city<\/a><\/p>\n\n\n\n<figure class=\"wp-block-image size-large\"><img loading=\"lazy\" decoding=\"async\" width=\"1024\" height=\"576\" src=\"https:\/\/blog.samantha365mx.com\/wp-content\/uploads\/2025\/07\/image-1-1024x576.png\" alt=\"\" class=\"wp-image-1587\" srcset=\"https:\/\/blog.samantha365mx.com\/wp-content\/uploads\/2025\/07\/image-1-1024x576.png 1024w, https:\/\/blog.samantha365mx.com\/wp-content\/uploads\/2025\/07\/image-1-300x169.png 300w, https:\/\/blog.samantha365mx.com\/wp-content\/uploads\/2025\/07\/image-1-768x432.png 768w, https:\/\/blog.samantha365mx.com\/wp-content\/uploads\/2025\/07\/image-1-1536x865.png 1536w, https:\/\/blog.samantha365mx.com\/wp-content\/uploads\/2025\/07\/image-1.png 1924w\" sizes=\"auto, (max-width: 1024px) 100vw, 1024px\" \/><\/figure>\n\n\n\n<figure class=\"wp-block-image size-large\"><img loading=\"lazy\" decoding=\"async\" width=\"1024\" height=\"536\" src=\"https:\/\/blog.samantha365mx.com\/wp-content\/uploads\/2025\/06\/image-2-1024x536.png\" alt=\"\" class=\"wp-image-1581\" srcset=\"https:\/\/blog.samantha365mx.com\/wp-content\/uploads\/2025\/06\/image-2-1024x536.png 1024w, https:\/\/blog.samantha365mx.com\/wp-content\/uploads\/2025\/06\/image-2-300x157.png 300w, https:\/\/blog.samantha365mx.com\/wp-content\/uploads\/2025\/06\/image-2-768x402.png 768w, https:\/\/blog.samantha365mx.com\/wp-content\/uploads\/2025\/06\/image-2.png 1132w\" sizes=\"auto, (max-width: 1024px) 100vw, 1024px\" \/><\/figure>\n\n\n\n<figure class=\"wp-block-image size-large\"><img loading=\"lazy\" decoding=\"async\" width=\"1024\" height=\"536\" src=\"https:\/\/blog.samantha365mx.com\/wp-content\/uploads\/2025\/07\/image-1024x536.png\" alt=\"\" class=\"wp-image-1585\" srcset=\"https:\/\/blog.samantha365mx.com\/wp-content\/uploads\/2025\/07\/image-1024x536.png 1024w, https:\/\/blog.samantha365mx.com\/wp-content\/uploads\/2025\/07\/image-300x157.png 300w, https:\/\/blog.samantha365mx.com\/wp-content\/uploads\/2025\/07\/image-768x402.png 768w, https:\/\/blog.samantha365mx.com\/wp-content\/uploads\/2025\/07\/image.png 1141w\" sizes=\"auto, (max-width: 1024px) 100vw, 1024px\" \/><\/figure>\n","protected":false},"excerpt":{"rendered":"<p class=\"text-justify\">Colabor\u00e9 con Luis Beltr\u00e1n organizando este gran evento, en las instalaciones del CIC-IPN junto con el Dr. Hiram Calvo a qui\u00e9n agradecemos [&hellip;]<\/p>\n","protected":false},"author":2,"featured_media":0,"parent":0,"menu_order":0,"comment_status":"closed","ping_status":"closed","template":"","meta":{"footnotes":""},"class_list":["post-1698","page","type-page","status-publish","hentry"],"_links":{"self":[{"href":"https:\/\/blog.samantha365mx.com\/index.php\/wp-json\/wp\/v2\/pages\/1698","targetHints":{"allow":["GET"]}}],"collection":[{"href":"https:\/\/blog.samantha365mx.com\/index.php\/wp-json\/wp\/v2\/pages"}],"about":[{"href":"https:\/\/blog.samantha365mx.com\/index.php\/wp-json\/wp\/v2\/types\/page"}],"author":[{"embeddable":true,"href":"https:\/\/blog.samantha365mx.com\/index.php\/wp-json\/wp\/v2\/users\/2"}],"replies":[{"embeddable":true,"href":"https:\/\/blog.samantha365mx.com\/index.php\/wp-json\/wp\/v2\/comments?post=1698"}],"version-history":[{"count":8,"href":"https:\/\/blog.samantha365mx.com\/index.php\/wp-json\/wp\/v2\/pages\/1698\/revisions"}],"predecessor-version":[{"id":1963,"href":"https:\/\/blog.samantha365mx.com\/index.php\/wp-json\/wp\/v2\/pages\/1698\/revisions\/1963"}],"wp:attachment":[{"href":"https:\/\/blog.samantha365mx.com\/index.php\/wp-json\/wp\/v2\/media?parent=1698"}],"curies":[{"name":"wp","href":"https:\/\/api.w.org\/{rel}","templated":true}]}}