{"id":1704,"date":"2026-03-28T20:02:09","date_gmt":"2026-03-29T02:02:09","guid":{"rendered":"https:\/\/blog.samantha365mx.com\/?page_id=1704"},"modified":"2026-03-28T20:02:09","modified_gmt":"2026-03-29T02:02:09","slug":"b13-julio-2025","status":"publish","type":"page","link":"https:\/\/blog.samantha365mx.com\/index.php\/b13-julio-2025\/","title":{"rendered":"B13 &#8211; Julio &#8211; 2025"},"content":{"rendered":"\n<h2 class=\"wp-block-heading\">Copilot y Aplicaciones de Productividad<\/h2>\n\n\n\n<p>Brind\u00e9 capacitaci\u00f3n en l\u00ednea de curso de Copilot y Aplicaciones de Productividad de 18 horas para empresa mexicana a trav\u00e9s de CompuEducaci\u00f3n partner de Microsoft, del 15 al 18 de Julio 2025 de 8am a 12:30pm<\/p>\n\n\n\n<figure class=\"wp-block-image size-large\"><img loading=\"lazy\" decoding=\"async\" width=\"1024\" height=\"622\" src=\"https:\/\/blog.samantha365mx.com\/wp-content\/uploads\/2026\/03\/image-7-1024x622.png\" alt=\"\" class=\"wp-image-1702\" srcset=\"https:\/\/blog.samantha365mx.com\/wp-content\/uploads\/2026\/03\/image-7-1024x622.png 1024w, https:\/\/blog.samantha365mx.com\/wp-content\/uploads\/2026\/03\/image-7-300x182.png 300w, https:\/\/blog.samantha365mx.com\/wp-content\/uploads\/2026\/03\/image-7-768x466.png 768w, https:\/\/blog.samantha365mx.com\/wp-content\/uploads\/2026\/03\/image-7-1536x932.png 1536w, https:\/\/blog.samantha365mx.com\/wp-content\/uploads\/2026\/03\/image-7.png 1547w\" sizes=\"auto, (max-width: 1024px) 100vw, 1024px\" \/><\/figure>\n","protected":false},"excerpt":{"rendered":"<p class=\"text-justify\">Copilot y Aplicaciones de Productividad Brind\u00e9 capacitaci\u00f3n en l\u00ednea de curso de Copilot y Aplicaciones de Productividad de 18 horas para empresa [&hellip;]<\/p>\n","protected":false},"author":2,"featured_media":0,"parent":0,"menu_order":0,"comment_status":"closed","ping_status":"closed","template":"","meta":{"footnotes":""},"class_list":["post-1704","page","type-page","status-publish","hentry"],"_links":{"self":[{"href":"https:\/\/blog.samantha365mx.com\/index.php\/wp-json\/wp\/v2\/pages\/1704","targetHints":{"allow":["GET"]}}],"collection":[{"href":"https:\/\/blog.samantha365mx.com\/index.php\/wp-json\/wp\/v2\/pages"}],"about":[{"href":"https:\/\/blog.samantha365mx.com\/index.php\/wp-json\/wp\/v2\/types\/page"}],"author":[{"embeddable":true,"href":"https:\/\/blog.samantha365mx.com\/index.php\/wp-json\/wp\/v2\/users\/2"}],"replies":[{"embeddable":true,"href":"https:\/\/blog.samantha365mx.com\/index.php\/wp-json\/wp\/v2\/comments?post=1704"}],"version-history":[{"count":1,"href":"https:\/\/blog.samantha365mx.com\/index.php\/wp-json\/wp\/v2\/pages\/1704\/revisions"}],"predecessor-version":[{"id":1705,"href":"https:\/\/blog.samantha365mx.com\/index.php\/wp-json\/wp\/v2\/pages\/1704\/revisions\/1705"}],"wp:attachment":[{"href":"https:\/\/blog.samantha365mx.com\/index.php\/wp-json\/wp\/v2\/media?parent=1704"}],"curies":[{"name":"wp","href":"https:\/\/api.w.org\/{rel}","templated":true}]}}