{"id":1709,"date":"2026-03-28T20:29:19","date_gmt":"2026-03-29T02:29:19","guid":{"rendered":"https:\/\/blog.samantha365mx.com\/?page_id=1709"},"modified":"2026-04-15T20:22:29","modified_gmt":"2026-04-16T02:22:29","slug":"b14-agosto-2025","status":"publish","type":"page","link":"https:\/\/blog.samantha365mx.com\/index.php\/b14-agosto-2025\/","title":{"rendered":"B14- Agosto, Septiembre y Octubre &#8211; 2025"},"content":{"rendered":"\n<h2 class=\"wp-block-heading\">Curso IA para usuarios finales &#8211; 10 sesiones en l\u00ednea <\/h2>\n\n\n<div class=\"wp-block-image\">\n<figure class=\"aligncenter size-full\"><img loading=\"lazy\" decoding=\"async\" width=\"526\" height=\"527\" src=\"https:\/\/blog.samantha365mx.com\/wp-content\/uploads\/2026\/03\/image-2.png\" alt=\"\" class=\"wp-image-1614\" srcset=\"https:\/\/blog.samantha365mx.com\/wp-content\/uploads\/2026\/03\/image-2.png 526w, https:\/\/blog.samantha365mx.com\/wp-content\/uploads\/2026\/03\/image-2-300x300.png 300w, https:\/\/blog.samantha365mx.com\/wp-content\/uploads\/2026\/03\/image-2-150x150.png 150w\" sizes=\"auto, (max-width: 526px) 100vw, 526px\" \/><\/figure><\/div>\n\n\n<p>Empoderando a la Comunidad con Herramientas Gratuitas y Uso Responsable<\/p>\n\n\n\n<p>En colaboraci\u00f3n con:<a rel=\"noreferrer noopener\" target=\"_blank\" href=\"https:\/\/mujeresticslatam.com\/curso-ia\/\">#MujeresTICSLatam<\/a><strong>&nbsp;y&nbsp;<\/strong><a rel=\"noreferrer noopener\" target=\"_blank\" href=\"https:\/\/globalai.community\/chapters\/mexico-city\/\">#GlobalAIMexicoCity<\/a><\/p>\n\n\n\n<p>Organic\u00e9 esta capacitaci\u00f3n en l\u00ednea para usuarios finales que desean mejorar sus habilidades en el uso de Inteligencia Artificial, contmaos con algunos invitados y en otros caso tuve la oportunidad de brindar las sesiones.<\/p>\n\n\n\n<p>La Inteligencia Artificial ya no es el futuro, es el presente. Este curso est\u00e1 dise\u00f1ado para desmitificar la IA y darte las habilidades pr\u00e1cticas para usar las herramientas m\u00e1s populares de forma segura, \u00e9tica y efectiva en tu vida diaria y profesional.<\/p>\n\n\n\n<p>10 sesiones, 1 cada semana, los viernes del 29 de Agosto al 31 de Octubre 2025<\/p>\n\n\n\n<p>El curso lo terminaron 150 personas a quienes se les entregaron constancias digitales, las personas que estuvieron presentes fueron de 23 pa\u00edses con diversos usos horarios desde Canad\u00e1 hasta Argentina en el continente Americano hasta Espa\u00f1a y Francia en Esuropa. \u00a1Muchas gracias por la confianza!<\/p>\n\n\n\n<ul class=\"wp-block-list\">\n<li><em>29\/Ago\/2025 M\u00f3dulo 1: <strong><a href=\"https:\/\/www.youtube.com\/watch?v=V0uc1YrMcbA\">\u00bfQu\u00e9 es la IA? Desentra\u00f1ando los Fundamentos<\/a><\/strong><\/em><br>Introduce los conceptos clave, capacidades y aplicaciones de la IA en la vida cotidiana.<\/li>\n<\/ul>\n\n\n\n<figure class=\"wp-block-embed is-type-video is-provider-youtube wp-block-embed-youtube wp-embed-aspect-16-9 wp-has-aspect-ratio\"><div class=\"wp-block-embed__wrapper\">\n<iframe loading=\"lazy\" title=\"Curso IA para usuarios finales - Sesi\u00f3n 1 (Grabaci\u00f3n del 29 de agosto 2025)\" width=\"640\" height=\"360\" src=\"https:\/\/www.youtube.com\/embed\/V0uc1YrMcbA?feature=oembed\" frameborder=\"0\" allow=\"accelerometer; autoplay; clipboard-write; encrypted-media; gyroscope; picture-in-picture; web-share\" referrerpolicy=\"strict-origin-when-cross-origin\" allowfullscreen><\/iframe>\n<\/div><\/figure>\n\n\n\n<hr class=\"wp-block-separator has-alpha-channel-opacity\"\/>\n\n\n\n<p class=\"has-text-align-center\">Septiembre<\/p>\n\n\n\n<hr class=\"wp-block-separator has-alpha-channel-opacity\"\/>\n\n\n\n<p><\/p>\n\n\n\n<ul class=\"wp-block-list\">\n<li><em>05\/Sept\/2025 M\u00f3dulo 2: <strong><a href=\"https:\/\/www.youtube.com\/watch?v=As00EKbv-yI\">C\u00f3mo Aprende la IA: Gu\u00eda Sencilla al Aprendizaje Autom\u00e1tico<\/a><\/strong><\/em><br>Explica c\u00f3mo los sistemas de IA aprenden de los datos, sin jerga t\u00e9cnica.<\/li>\n<\/ul>\n\n\n\n<figure class=\"wp-block-embed is-type-video is-provider-youtube wp-block-embed-youtube wp-embed-aspect-16-9 wp-has-aspect-ratio\"><div class=\"wp-block-embed__wrapper\">\n<iframe loading=\"lazy\" title=\"Curso IA para usuarios finales - Sesi\u00f3n 2 (Grabaci\u00f3n del 5 de septiembre 2025)\" width=\"640\" height=\"360\" src=\"https:\/\/www.youtube.com\/embed\/As00EKbv-yI?feature=oembed\" frameborder=\"0\" allow=\"accelerometer; autoplay; clipboard-write; encrypted-media; gyroscope; picture-in-picture; web-share\" referrerpolicy=\"strict-origin-when-cross-origin\" allowfullscreen><\/iframe>\n<\/div><\/figure>\n\n\n\n<ul class=\"wp-block-list\">\n<li><em>12\/Sept\/2025 y 19\/Sept\/2025 M\u00f3dulo 3 &amp; 4:<strong> Dominio de ChatGPT<\/strong><\/em>  <em><strong><a href=\"https:\/\/www.youtube.com\/watch?v=aHqhSPzN7yY\">Parte 1<\/a> y <a href=\"https:\/\/www.youtube.com\/watch?v=ZR5RjyRE53U\">Parte 2<\/a><\/strong><\/em><br>Exploraci\u00f3n pr\u00e1ctica de la versi\u00f3n gratuita, sus trucos, consejos y limitaciones.<\/li>\n<\/ul>\n\n\n\n<figure class=\"wp-block-embed is-type-video is-provider-youtube wp-block-embed-youtube wp-embed-aspect-16-9 wp-has-aspect-ratio\"><div class=\"wp-block-embed__wrapper\">\n<iframe loading=\"lazy\" title=\"Curso IA para usuarios finales - Sesi\u00f3n 3 (Grabaci\u00f3n del 13 de septiembre 2025)\" width=\"640\" height=\"360\" src=\"https:\/\/www.youtube.com\/embed\/aHqhSPzN7yY?feature=oembed\" frameborder=\"0\" allow=\"accelerometer; autoplay; clipboard-write; encrypted-media; gyroscope; picture-in-picture; web-share\" referrerpolicy=\"strict-origin-when-cross-origin\" allowfullscreen><\/iframe>\n<\/div><\/figure>\n\n\n\n<figure class=\"wp-block-embed is-type-video is-provider-youtube wp-block-embed-youtube wp-embed-aspect-16-9 wp-has-aspect-ratio\"><div class=\"wp-block-embed__wrapper\">\n<iframe loading=\"lazy\" title=\"Curso IA para usuarios finales - Sesi\u00f3n 4 (Grabaci\u00f3n del 19 de septiembre 2025)\" width=\"640\" height=\"360\" src=\"https:\/\/www.youtube.com\/embed\/ZR5RjyRE53U?feature=oembed\" frameborder=\"0\" allow=\"accelerometer; autoplay; clipboard-write; encrypted-media; gyroscope; picture-in-picture; web-share\" referrerpolicy=\"strict-origin-when-cross-origin\" allowfullscreen><\/iframe>\n<\/div><\/figure>\n\n\n\n<ul class=\"wp-block-list\">\n<li><em>26\/Sept\/2025 y 3\/Oct\/2025 M\u00f3dulo 5 &amp; 6: <strong>Potenciando la Productividad con Copilot<\/strong><\/em> <em><strong><a href=\"https:\/\/youtu.be\/FPAxbtm94Ao\">Parte 1<\/a> y <a href=\"https:\/\/youtu.be\/kps4Z5oXXSc\">Parte 2<\/a><\/strong><\/em>  Gu\u00eda pr\u00e1ctica para usar las funcionalidades gratuitas y entender sus l\u00edmites.<\/li>\n<\/ul>\n\n\n\n<figure class=\"wp-block-embed is-type-video is-provider-youtube wp-block-embed-youtube wp-embed-aspect-16-9 wp-has-aspect-ratio\"><div class=\"wp-block-embed__wrapper\">\n<iframe loading=\"lazy\" title=\"Curso IA para usuarios finales - Sesi\u00f3n 5 (Grabaci\u00f3n del 26 de septiembre 2025)\" width=\"640\" height=\"360\" src=\"https:\/\/www.youtube.com\/embed\/FPAxbtm94Ao?feature=oembed\" frameborder=\"0\" allow=\"accelerometer; autoplay; clipboard-write; encrypted-media; gyroscope; picture-in-picture; web-share\" referrerpolicy=\"strict-origin-when-cross-origin\" allowfullscreen><\/iframe>\n<\/div><\/figure>\n\n\n\n<figure class=\"wp-block-embed is-type-video is-provider-youtube wp-block-embed-youtube wp-embed-aspect-16-9 wp-has-aspect-ratio\"><div class=\"wp-block-embed__wrapper\">\n<iframe loading=\"lazy\" title=\"Curso IA para usuarios finales - Sesi\u00f3n 6 (Grabaci\u00f3n del 3 de Octubre del 2025)\" width=\"640\" height=\"360\" src=\"https:\/\/www.youtube.com\/embed\/kps4Z5oXXSc?feature=oembed\" frameborder=\"0\" allow=\"accelerometer; autoplay; clipboard-write; encrypted-media; gyroscope; picture-in-picture; web-share\" referrerpolicy=\"strict-origin-when-cross-origin\" allowfullscreen><\/iframe>\n<\/div><\/figure>\n\n\n\n<hr class=\"wp-block-separator has-alpha-channel-opacity\"\/>\n\n\n\n<p class=\"has-text-align-center\">Octubre<\/p>\n\n\n\n<hr class=\"wp-block-separator has-alpha-channel-opacity\"\/>\n\n\n\n<p><\/p>\n\n\n\n<ul class=\"wp-block-list\">\n<li><em>10\/Oct\/2025 y 17\/Oct\/2025 M\u00f3dulo 7: <strong>Explorando (Google Gemini) otras IAs Parte 1 y Parte 2<\/strong><\/em><br>Introducci\u00f3n a sus capacidades multimodales \u00fanicas y c\u00f3mo utilizarlas.<\/li>\n<\/ul>\n\n\n\n<p><\/p>\n\n\n\n<ul class=\"wp-block-list\">\n<li><em>24\/Oct\/2025 M\u00f3dulo 8: <strong>\u00c9tica de la IA para Todos<\/strong><\/em> Aborda la equidad, el sesgo y la importancia del uso responsable y la supervisi\u00f3n humana\u00a0y\u00a0<em>M\u00f3dulo 9: <strong>Protegiendo tu Huella Digital <\/strong><\/em>Se enfoca en el impacto de la IA en los datos personales y c\u00f3mo proteger tu privacidad. <strong><em><a href=\"https:\/\/youtu.be\/x9_HZ4BbOV4\">M\u00f3dulo 8 y 9 <\/a><\/em><\/strong><\/li>\n<\/ul>\n\n\n\n<figure class=\"wp-block-embed is-type-video is-provider-youtube wp-block-embed-youtube wp-embed-aspect-16-9 wp-has-aspect-ratio\"><div class=\"wp-block-embed__wrapper\">\n<iframe loading=\"lazy\" title=\"Curso IA para usuarios finales - Sesi\u00f3n 9 (Grabaci\u00f3n del 24 de Octubre del 2025)\" width=\"640\" height=\"360\" src=\"https:\/\/www.youtube.com\/embed\/x9_HZ4BbOV4?feature=oembed\" frameborder=\"0\" allow=\"accelerometer; autoplay; clipboard-write; encrypted-media; gyroscope; picture-in-picture; web-share\" referrerpolicy=\"strict-origin-when-cross-origin\" allowfullscreen><\/iframe>\n<\/div><\/figure>\n\n\n\n<ul class=\"wp-block-list\">\n<li><em><strong>31\/Oct\/2025<\/strong>\u00a0M\u00f3dulo 10: <strong><a href=\"https:\/\/youtu.be\/8hNUbWl8dmU\">El Futuro es Ahora: Manteni\u00e9ndose Actualizado<\/a><\/strong><\/em><br>Te equipa con estrategias y recursos para el aprendizaje continuo en el mundo de la IA.<\/li>\n<\/ul>\n\n\n\n<figure class=\"wp-block-embed is-type-video is-provider-youtube wp-block-embed-youtube wp-embed-aspect-16-9 wp-has-aspect-ratio\"><div class=\"wp-block-embed__wrapper\">\n<iframe loading=\"lazy\" title=\"Curso IA para usuarios finales - Sesi\u00f3n 10 (Grabaci\u00f3n del 31 de Octubre del 2025)\" width=\"640\" height=\"360\" src=\"https:\/\/www.youtube.com\/embed\/8hNUbWl8dmU?feature=oembed\" frameborder=\"0\" allow=\"accelerometer; autoplay; clipboard-write; encrypted-media; gyroscope; picture-in-picture; web-share\" referrerpolicy=\"strict-origin-when-cross-origin\" allowfullscreen><\/iframe>\n<\/div><\/figure>\n\n\n\n<figure class=\"wp-block-gallery has-nested-images columns-default is-cropped wp-block-gallery-1 is-layout-flex wp-block-gallery-is-layout-flex\">\n<figure class=\"wp-block-image size-large\"><img loading=\"lazy\" decoding=\"async\" width=\"1024\" height=\"571\" data-id=\"1729\" src=\"https:\/\/blog.samantha365mx.com\/wp-content\/uploads\/2026\/03\/image-8-1024x571.png\" alt=\"\" class=\"wp-image-1729\" srcset=\"https:\/\/blog.samantha365mx.com\/wp-content\/uploads\/2026\/03\/image-8-1024x571.png 1024w, https:\/\/blog.samantha365mx.com\/wp-content\/uploads\/2026\/03\/image-8-300x167.png 300w, https:\/\/blog.samantha365mx.com\/wp-content\/uploads\/2026\/03\/image-8-768x428.png 768w, https:\/\/blog.samantha365mx.com\/wp-content\/uploads\/2026\/03\/image-8.png 1443w\" sizes=\"auto, (max-width: 1024px) 100vw, 1024px\" \/><\/figure>\n\n\n\n<figure class=\"wp-block-image size-large\"><img loading=\"lazy\" decoding=\"async\" width=\"1024\" height=\"773\" data-id=\"1735\" src=\"https:\/\/blog.samantha365mx.com\/wp-content\/uploads\/2026\/03\/image-11-1024x773.png\" alt=\"\" class=\"wp-image-1735\" srcset=\"https:\/\/blog.samantha365mx.com\/wp-content\/uploads\/2026\/03\/image-11-1024x773.png 1024w, https:\/\/blog.samantha365mx.com\/wp-content\/uploads\/2026\/03\/image-11-300x226.png 300w, https:\/\/blog.samantha365mx.com\/wp-content\/uploads\/2026\/03\/image-11-768x579.png 768w, https:\/\/blog.samantha365mx.com\/wp-content\/uploads\/2026\/03\/image-11-1536x1159.png 1536w, https:\/\/blog.samantha365mx.com\/wp-content\/uploads\/2026\/03\/image-11.png 2048w\" sizes=\"auto, (max-width: 1024px) 100vw, 1024px\" \/><\/figure>\n<\/figure>\n\n\n\n<h2 class=\"wp-block-heading\">Aqu\u00ed experimentando con videos hechos con IA para webianrs postereriores <\/h2>\n\n\n\n<figure class=\"wp-block-video\"><video controls src=\"https:\/\/blog.samantha365mx.com\/wp-content\/uploads\/2026\/03\/AQPJxjUbshBLO3pdPtecDzIUNVy38_Tjri36PoXJanesRJ0fL_KItJSO50YNhuFGZx3GsiRYSnWG27Ln_IqHlwnwVIL2Rv8co2lfOIZ_BQjcWA.mp4\"><\/video><\/figure>\n","protected":false},"excerpt":{"rendered":"<p class=\"text-justify\">Curso IA para usuarios finales &#8211; 10 sesiones en l\u00ednea Empoderando a la Comunidad con Herramientas Gratuitas y Uso Responsable En colaboraci\u00f3n [&hellip;]<\/p>\n","protected":false},"author":2,"featured_media":0,"parent":0,"menu_order":0,"comment_status":"closed","ping_status":"closed","template":"","meta":{"footnotes":""},"class_list":["post-1709","page","type-page","status-publish","hentry"],"_links":{"self":[{"href":"https:\/\/blog.samantha365mx.com\/index.php\/wp-json\/wp\/v2\/pages\/1709","targetHints":{"allow":["GET"]}}],"collection":[{"href":"https:\/\/blog.samantha365mx.com\/index.php\/wp-json\/wp\/v2\/pages"}],"about":[{"href":"https:\/\/blog.samantha365mx.com\/index.php\/wp-json\/wp\/v2\/types\/page"}],"author":[{"embeddable":true,"href":"https:\/\/blog.samantha365mx.com\/index.php\/wp-json\/wp\/v2\/users\/2"}],"replies":[{"embeddable":true,"href":"https:\/\/blog.samantha365mx.com\/index.php\/wp-json\/wp\/v2\/comments?post=1709"}],"version-history":[{"count":20,"href":"https:\/\/blog.samantha365mx.com\/index.php\/wp-json\/wp\/v2\/pages\/1709\/revisions"}],"predecessor-version":[{"id":1821,"href":"https:\/\/blog.samantha365mx.com\/index.php\/wp-json\/wp\/v2\/pages\/1709\/revisions\/1821"}],"wp:attachment":[{"href":"https:\/\/blog.samantha365mx.com\/index.php\/wp-json\/wp\/v2\/media?parent=1709"}],"curies":[{"name":"wp","href":"https:\/\/api.w.org\/{rel}","templated":true}]}}