{"id":1822,"date":"2026-04-16T11:08:38","date_gmt":"2026-04-16T17:08:38","guid":{"rendered":"https:\/\/blog.samantha365mx.com\/?page_id=1822"},"modified":"2026-04-22T00:20:48","modified_gmt":"2026-04-22T06:20:48","slug":"octubre-noviembre-y-diciembre-2025","status":"publish","type":"page","link":"https:\/\/blog.samantha365mx.com\/index.php\/octubre-noviembre-y-diciembre-2025\/","title":{"rendered":"Conferencista en IA PARA TODO M\u00c9XICO de Microsoft ELEVATE y CompuEducaci\u00f3n- 2do ciclo de webinars"},"content":{"rendered":"\n<p>Debido al \u00e9xito obtenido se gener\u00f3 un 2do ciclo de webinars <\/p>\n\n\n\n<figure class=\"wp-block-image\"><img loading=\"lazy\" decoding=\"async\" width=\"886\" height=\"418\" src=\"https:\/\/blog.samantha365mx.com\/wp-content\/uploads\/2026\/03\/image.png\" alt=\"\" class=\"wp-image-1609\" srcset=\"https:\/\/blog.samantha365mx.com\/wp-content\/uploads\/2026\/03\/image.png 886w, https:\/\/blog.samantha365mx.com\/wp-content\/uploads\/2026\/03\/image-300x142.png 300w, https:\/\/blog.samantha365mx.com\/wp-content\/uploads\/2026\/03\/image-768x362.png 768w\" sizes=\"auto, (max-width: 886px) 100vw, 886px\" \/><\/figure>\n\n\n\n<p>&#8220;IA para todo M\u00e9xico\u201d es un programa\u00a0<strong>gratuito de capacitaci\u00f3n en Inteligencia Artificial<\/strong>, creado por\u00a0<strong>CompuEducaci\u00f3n<\/strong>,\u00a0<strong>expertos en el desarrollo de habilidades digitales<\/strong>,\u00a0<strong>con el respaldo de Microsoft Elevate.<\/strong><\/p>\n\n\n\n<p>Su objetivo es acercar el conocimiento en IA a todos, y facilitar que m\u00e1s personas y organizaciones aprovechen herramientas digitales gratuitas, accesibles y f\u00e1ciles de aplicar en su d\u00eda a d\u00eda.<\/p>\n\n\n\n<p><strong>M\u00e1s de 10,000 personas en M\u00e9xico fueron capacitadas en el primer ciclo de conferencias<\/strong>, fortaleciendo su productividad, creatividad e innovaci\u00f3n con inteligencia artificial. Detalles del programa:&nbsp;<a href=\"https:\/\/compueducacion.mx\/ia-para-todo-mexico\/\">https:\/\/compueducacion.mx\/ia-para-todo-mexico\/<\/a><\/p>\n\n\n<div class=\"wp-block-image\">\n<figure class=\"aligncenter\"><img loading=\"lazy\" decoding=\"async\" width=\"232\" height=\"327\" src=\"https:\/\/blog.samantha365mx.com\/wp-content\/uploads\/2026\/03\/image-5.png\" alt=\"\" class=\"wp-image-1692\" srcset=\"https:\/\/blog.samantha365mx.com\/wp-content\/uploads\/2026\/03\/image-5.png 232w, https:\/\/blog.samantha365mx.com\/wp-content\/uploads\/2026\/03\/image-5-213x300.png 213w\" sizes=\"auto, (max-width: 232px) 100vw, 232px\" \/><\/figure><\/div>\n\n\n<p>Hubo sesiones durante Octubre, Noviembre y Diciembre y tuve la oportunidad de participar en 4 de estas sesiones que enlisto a continuaci\u00f3n:<\/p>\n\n\n\n<p>Webinar:&nbsp;<a href=\"https:\/\/www.youtube.com\/watch?v=_wn3w2R5ucg\">Introducci\u00f3n a la Inteligencia Artificial Creativa<\/a>&nbsp;29 de Octubre 2025, 11am a 1pm<\/p>\n\n\n\n<figure class=\"wp-block-embed is-type-video is-provider-youtube wp-block-embed-youtube wp-embed-aspect-16-9 wp-has-aspect-ratio\"><div class=\"wp-block-embed__wrapper\">\n<iframe loading=\"lazy\" title=\"Taller: Introducci\u00f3n a la Inteligencia Artificial Creativa\" width=\"640\" height=\"360\" src=\"https:\/\/www.youtube.com\/embed\/_wn3w2R5ucg?feature=oembed\" frameborder=\"0\" allow=\"accelerometer; autoplay; clipboard-write; encrypted-media; gyroscope; picture-in-picture; web-share\" referrerpolicy=\"strict-origin-when-cross-origin\" allowfullscreen><\/iframe>\n<\/div><\/figure>\n\n\n\n<hr class=\"wp-block-separator has-alpha-channel-opacity\"\/>\n\n\n\n<p class=\"has-text-align-center\"><strong>Noviembre<\/strong><\/p>\n\n\n\n<hr class=\"wp-block-separator has-alpha-channel-opacity\"\/>\n\n\n\n<p>Webinar:&nbsp;<a href=\"https:\/\/www.youtube.com\/watch?v=Vzo_-O4wHhE\">Generaci\u00f3n de Im\u00e1genes con IA<\/a>&nbsp;12 de Noviembre 2025, 11am a 1pm<\/p>\n\n\n\n<figure class=\"wp-block-embed is-type-video is-provider-youtube wp-block-embed-youtube wp-embed-aspect-16-9 wp-has-aspect-ratio\"><div class=\"wp-block-embed__wrapper\">\n<iframe loading=\"lazy\" title=\"Taller: Generaci\u00f3n de Im\u00e1genes con IA\" width=\"640\" height=\"360\" src=\"https:\/\/www.youtube.com\/embed\/Vzo_-O4wHhE?feature=oembed\" frameborder=\"0\" allow=\"accelerometer; autoplay; clipboard-write; encrypted-media; gyroscope; picture-in-picture; web-share\" referrerpolicy=\"strict-origin-when-cross-origin\" allowfullscreen><\/iframe>\n<\/div><\/figure>\n\n\n\n<p>Webinar:&nbsp;<a href=\"https:\/\/www.youtube.com\/watch?v=CwnQcskur34\">Redacci\u00f3n Creativa con IA<\/a>&nbsp;26 de Noviembre 2025, 11am a 1pm<\/p>\n\n\n\n<figure class=\"wp-block-embed is-type-video is-provider-youtube wp-block-embed-youtube wp-embed-aspect-16-9 wp-has-aspect-ratio\"><div class=\"wp-block-embed__wrapper\">\n<iframe loading=\"lazy\" title=\"Taller: Redacci\u00f3n Creativa con IA\" width=\"640\" height=\"360\" src=\"https:\/\/www.youtube.com\/embed\/CwnQcskur34?feature=oembed\" frameborder=\"0\" allow=\"accelerometer; autoplay; clipboard-write; encrypted-media; gyroscope; picture-in-picture; web-share\" referrerpolicy=\"strict-origin-when-cross-origin\" allowfullscreen><\/iframe>\n<\/div><\/figure>\n\n\n\n<hr class=\"wp-block-separator has-alpha-channel-opacity\"\/>\n\n\n\n<p class=\"has-text-align-center\">Diciembre<\/p>\n\n\n\n<hr class=\"wp-block-separator has-alpha-channel-opacity\"\/>\n\n\n\n<p>Webinar:&nbsp;<a href=\"https:\/\/www.youtube.com\/watch?v=rMvPrS3qiLg\">Creaci\u00f3n de Video con IA<\/a>&nbsp;12 de Diciembre 2025, 11am a 1pm<\/p>\n\n\n\n<figure class=\"wp-block-embed is-type-video is-provider-youtube wp-block-embed-youtube wp-embed-aspect-16-9 wp-has-aspect-ratio\"><div class=\"wp-block-embed__wrapper\">\n<iframe loading=\"lazy\" title=\"Taller: Creaci\u00f3n de video con IA\" width=\"640\" height=\"360\" src=\"https:\/\/www.youtube.com\/embed\/rMvPrS3qiLg?feature=oembed\" frameborder=\"0\" allow=\"accelerometer; autoplay; clipboard-write; encrypted-media; gyroscope; picture-in-picture; web-share\" referrerpolicy=\"strict-origin-when-cross-origin\" allowfullscreen><\/iframe>\n<\/div><\/figure>\n","protected":false},"excerpt":{"rendered":"<p class=\"text-justify\">Debido al \u00e9xito obtenido se gener\u00f3 un 2do ciclo de webinars &#8220;IA para todo M\u00e9xico\u201d es un programa\u00a0gratuito de capacitaci\u00f3n en Inteligencia [&hellip;]<\/p>\n","protected":false},"author":2,"featured_media":0,"parent":0,"menu_order":0,"comment_status":"closed","ping_status":"closed","template":"","meta":{"footnotes":""},"class_list":["post-1822","page","type-page","status-publish","hentry"],"_links":{"self":[{"href":"https:\/\/blog.samantha365mx.com\/index.php\/wp-json\/wp\/v2\/pages\/1822","targetHints":{"allow":["GET"]}}],"collection":[{"href":"https:\/\/blog.samantha365mx.com\/index.php\/wp-json\/wp\/v2\/pages"}],"about":[{"href":"https:\/\/blog.samantha365mx.com\/index.php\/wp-json\/wp\/v2\/types\/page"}],"author":[{"embeddable":true,"href":"https:\/\/blog.samantha365mx.com\/index.php\/wp-json\/wp\/v2\/users\/2"}],"replies":[{"embeddable":true,"href":"https:\/\/blog.samantha365mx.com\/index.php\/wp-json\/wp\/v2\/comments?post=1822"}],"version-history":[{"count":2,"href":"https:\/\/blog.samantha365mx.com\/index.php\/wp-json\/wp\/v2\/pages\/1822\/revisions"}],"predecessor-version":[{"id":1964,"href":"https:\/\/blog.samantha365mx.com\/index.php\/wp-json\/wp\/v2\/pages\/1822\/revisions\/1964"}],"wp:attachment":[{"href":"https:\/\/blog.samantha365mx.com\/index.php\/wp-json\/wp\/v2\/media?parent=1822"}],"curies":[{"name":"wp","href":"https:\/\/api.w.org\/{rel}","templated":true}]}}