{"id":1834,"date":"2026-04-21T12:18:22","date_gmt":"2026-04-21T18:18:22","guid":{"rendered":"https:\/\/blog.samantha365mx.com\/?page_id=1834"},"modified":"2026-04-27T13:45:34","modified_gmt":"2026-04-27T19:45:34","slug":"webinar-productividad-con-office365","status":"publish","type":"page","link":"https:\/\/blog.samantha365mx.com\/index.php\/webinar-productividad-con-office365\/","title":{"rendered":"Webinar &#8220;Productividad con Office365&#8221;"},"content":{"rendered":"\n<p>DigitNow es una empresa mexicana l\u00edder en consultor\u00eda tecnol\u00f3gica especializada en la adopci\u00f3n estrat\u00e9gica de soluciones de nube y Microsoft 365, con un fuerte enfoque en seguridad, ciberseguridad y capacitaci\u00f3n empresarial. Su enfoque integral incluye la protecci\u00f3n de la identidad, cumplimiento normativo y la mitigaci\u00f3n de riesgos humanos a trav\u00e9s de capacitaci\u00f3n especializada, garantizando la continuidad operativa y la seguridad en el entorno de trabajo moderno.<\/p>\n\n\n\n<p>El 29 de mayo 2025, tuve oportunidad de participar como como conferencista especializada en Microsoft 365 por parte de su empresa para dar a conocer las actualizaciones para durante un evento para sus clientes.<\/p>\n\n\n\n<figure class=\"wp-block-image size-large\"><img loading=\"lazy\" decoding=\"async\" width=\"1024\" height=\"417\" src=\"https:\/\/blog.samantha365mx.com\/wp-content\/uploads\/2026\/04\/image-24-1024x417.png\" alt=\"\" class=\"wp-image-1838\" srcset=\"https:\/\/blog.samantha365mx.com\/wp-content\/uploads\/2026\/04\/image-24-1024x417.png 1024w, https:\/\/blog.samantha365mx.com\/wp-content\/uploads\/2026\/04\/image-24-300x122.png 300w, https:\/\/blog.samantha365mx.com\/wp-content\/uploads\/2026\/04\/image-24-768x313.png 768w, https:\/\/blog.samantha365mx.com\/wp-content\/uploads\/2026\/04\/image-24-1536x625.png 1536w, https:\/\/blog.samantha365mx.com\/wp-content\/uploads\/2026\/04\/image-24.png 1911w\" sizes=\"auto, (max-width: 1024px) 100vw, 1024px\" \/><\/figure>\n\n\n\n<p><\/p>\n\n\n\n<p>Tuvo muy buena recepci\u00f3n el webinar anterior, que fui invitada a dar el webinar &#8220;Aumenta tu productividad con Microsoft 365 Copilot&#8221; el 15 de agosto 2025.<\/p>\n\n\n\n<figure class=\"wp-block-image size-large\"><img loading=\"lazy\" decoding=\"async\" width=\"791\" height=\"1024\" src=\"https:\/\/blog.samantha365mx.com\/wp-content\/uploads\/2026\/04\/image-59-791x1024.png\" alt=\"\" class=\"wp-image-2009\" srcset=\"https:\/\/blog.samantha365mx.com\/wp-content\/uploads\/2026\/04\/image-59-791x1024.png 791w, https:\/\/blog.samantha365mx.com\/wp-content\/uploads\/2026\/04\/image-59-232x300.png 232w, https:\/\/blog.samantha365mx.com\/wp-content\/uploads\/2026\/04\/image-59-768x994.png 768w, https:\/\/blog.samantha365mx.com\/wp-content\/uploads\/2026\/04\/image-59-1187x1536.png 1187w, https:\/\/blog.samantha365mx.com\/wp-content\/uploads\/2026\/04\/image-59-1583x2048.png 1583w, https:\/\/blog.samantha365mx.com\/wp-content\/uploads\/2026\/04\/image-59.png 1872w\" sizes=\"auto, (max-width: 791px) 100vw, 791px\" \/><\/figure>\n","protected":false},"excerpt":{"rendered":"<p class=\"text-justify\">DigitNow es una empresa mexicana l\u00edder en consultor\u00eda tecnol\u00f3gica especializada en la adopci\u00f3n estrat\u00e9gica de soluciones de nube y Microsoft 365, con [&hellip;]<\/p>\n","protected":false},"author":2,"featured_media":0,"parent":0,"menu_order":0,"comment_status":"closed","ping_status":"closed","template":"","meta":{"footnotes":""},"class_list":["post-1834","page","type-page","status-publish","hentry"],"_links":{"self":[{"href":"https:\/\/blog.samantha365mx.com\/index.php\/wp-json\/wp\/v2\/pages\/1834","targetHints":{"allow":["GET"]}}],"collection":[{"href":"https:\/\/blog.samantha365mx.com\/index.php\/wp-json\/wp\/v2\/pages"}],"about":[{"href":"https:\/\/blog.samantha365mx.com\/index.php\/wp-json\/wp\/v2\/types\/page"}],"author":[{"embeddable":true,"href":"https:\/\/blog.samantha365mx.com\/index.php\/wp-json\/wp\/v2\/users\/2"}],"replies":[{"embeddable":true,"href":"https:\/\/blog.samantha365mx.com\/index.php\/wp-json\/wp\/v2\/comments?post=1834"}],"version-history":[{"count":3,"href":"https:\/\/blog.samantha365mx.com\/index.php\/wp-json\/wp\/v2\/pages\/1834\/revisions"}],"predecessor-version":[{"id":2011,"href":"https:\/\/blog.samantha365mx.com\/index.php\/wp-json\/wp\/v2\/pages\/1834\/revisions\/2011"}],"wp:attachment":[{"href":"https:\/\/blog.samantha365mx.com\/index.php\/wp-json\/wp\/v2\/media?parent=1834"}],"curies":[{"name":"wp","href":"https:\/\/api.w.org\/{rel}","templated":true}]}}