{"id":1846,"date":"2026-04-21T12:40:39","date_gmt":"2026-04-21T18:40:39","guid":{"rendered":"https:\/\/blog.samantha365mx.com\/?page_id=1846"},"modified":"2026-04-21T12:43:18","modified_gmt":"2026-04-21T18:43:18","slug":"curso-de-inteligencia-artificial-intermedio","status":"publish","type":"page","link":"https:\/\/blog.samantha365mx.com\/index.php\/curso-de-inteligencia-artificial-intermedio\/","title":{"rendered":"Curso de Inteligencia Artificial (Intermedio)"},"content":{"rendered":"\n<p>El curso es la continuidad del curso de <a href=\"https:\/\/blog.samantha365mx.com\/index.php\/curso-de-inteligencia-artificial-basico\/\">Inteligencia Artificial (B\u00e1sico)<\/a> no te ense\u00f1a a crear el algoritmo, sino a\u00a0<strong>ser el arquitecto que sabe qu\u00e9 herramienta usar, c\u00f3mo cuidar la seguridad de la empresa y c\u00f3mo medir el \u00e9xito del proyecto<\/strong>, tambi\u00e9n impulsado por CompuEducaci\u00f3n<\/p>\n\n\n\n<p><strong>Nivel Intermedio: Implementaci\u00f3n y Gesti\u00f3n (20 hrs)<\/strong><\/p>\n\n\n\n<p>Aqu\u00ed el enfoque cambia hacia la&nbsp;<strong>productividad y la toma de decisiones<\/strong>&nbsp;estrat\u00e9gica.<\/p>\n\n\n\n<ul class=\"wp-block-list\">\n<li><strong>Aplicaci\u00f3n Real:<\/strong>&nbsp;An\u00e1lisis de casos de \u00e9xito en departamentos espec\u00edficos (RH, Finanzas, Log\u00edstica) para ver d\u00f3nde est\u00e1 el retorno de inversi\u00f3n.<\/li>\n\n\n\n<li><strong>Liderazgo de Proyectos:<\/strong>&nbsp;C\u00f3mo gestionar un equipo de IA, definir presupuestos y plantear problemas de negocio de forma que la tecnolog\u00eda pueda resolverlos.<\/li>\n\n\n\n<li><strong>Automatizaci\u00f3n Inteligente:<\/strong>&nbsp;Diferenciar entre automatizar tareas simples (RPA) y usar IA para tareas complejas o no estructuradas.<\/li>\n\n\n\n<li><strong>Taller de Diagn\u00f3stico:<\/strong>&nbsp;El punto m\u00e1s pr\u00e1ctico; aprender a mapear procesos internos, evaluar qu\u00e9 tan viable es automatizarlos y calcular cu\u00e1nto tiempo o dinero se podr\u00eda ahorrar.<\/li>\n<\/ul>\n\n\n\n<p>Este curso lo impart\u00ed de lunes a jueves del 6 al 21 de agosto 2025<\/p>\n\n\n\n<figure class=\"wp-block-image size-large\"><img loading=\"lazy\" decoding=\"async\" width=\"1024\" height=\"502\" src=\"https:\/\/blog.samantha365mx.com\/wp-content\/uploads\/2026\/04\/image-28-1024x502.png\" alt=\"\" class=\"wp-image-1849\" srcset=\"https:\/\/blog.samantha365mx.com\/wp-content\/uploads\/2026\/04\/image-28-1024x502.png 1024w, https:\/\/blog.samantha365mx.com\/wp-content\/uploads\/2026\/04\/image-28-300x147.png 300w, https:\/\/blog.samantha365mx.com\/wp-content\/uploads\/2026\/04\/image-28-768x376.png 768w, https:\/\/blog.samantha365mx.com\/wp-content\/uploads\/2026\/04\/image-28-1536x752.png 1536w, https:\/\/blog.samantha365mx.com\/wp-content\/uploads\/2026\/04\/image-28.png 1911w\" sizes=\"auto, (max-width: 1024px) 100vw, 1024px\" \/><\/figure>\n","protected":false},"excerpt":{"rendered":"<p class=\"text-justify\">El curso es la continuidad del curso de Inteligencia Artificial (B\u00e1sico) no te ense\u00f1a a crear el algoritmo, sino a\u00a0ser el arquitecto [&hellip;]<\/p>\n","protected":false},"author":2,"featured_media":0,"parent":0,"menu_order":0,"comment_status":"closed","ping_status":"closed","template":"","meta":{"footnotes":""},"class_list":["post-1846","page","type-page","status-publish","hentry"],"_links":{"self":[{"href":"https:\/\/blog.samantha365mx.com\/index.php\/wp-json\/wp\/v2\/pages\/1846","targetHints":{"allow":["GET"]}}],"collection":[{"href":"https:\/\/blog.samantha365mx.com\/index.php\/wp-json\/wp\/v2\/pages"}],"about":[{"href":"https:\/\/blog.samantha365mx.com\/index.php\/wp-json\/wp\/v2\/types\/page"}],"author":[{"embeddable":true,"href":"https:\/\/blog.samantha365mx.com\/index.php\/wp-json\/wp\/v2\/users\/2"}],"replies":[{"embeddable":true,"href":"https:\/\/blog.samantha365mx.com\/index.php\/wp-json\/wp\/v2\/comments?post=1846"}],"version-history":[{"count":2,"href":"https:\/\/blog.samantha365mx.com\/index.php\/wp-json\/wp\/v2\/pages\/1846\/revisions"}],"predecessor-version":[{"id":1851,"href":"https:\/\/blog.samantha365mx.com\/index.php\/wp-json\/wp\/v2\/pages\/1846\/revisions\/1851"}],"wp:attachment":[{"href":"https:\/\/blog.samantha365mx.com\/index.php\/wp-json\/wp\/v2\/media?parent=1846"}],"curies":[{"name":"wp","href":"https:\/\/api.w.org\/{rel}","templated":true}]}}