{"id":1853,"date":"2026-04-21T12:51:48","date_gmt":"2026-04-21T18:51:48","guid":{"rendered":"https:\/\/blog.samantha365mx.com\/?page_id=1853"},"modified":"2026-04-21T12:51:48","modified_gmt":"2026-04-21T18:51:48","slug":"webinar-copilot-para-microsoft-365","status":"publish","type":"page","link":"https:\/\/blog.samantha365mx.com\/index.php\/webinar-copilot-para-microsoft-365\/","title":{"rendered":"Webinar &#8220;Copilot para Microsoft 365&#8221;"},"content":{"rendered":"\n<p>Este webinar fue parte de la difusi\u00f3n de uso de inteligencia artificial por parte de Amorata empresa en Colombia para sus ciclo de conferencias en la difusi\u00f3n de tecnolog\u00eda Microsoft y en este caso particula para Microsoft 365 Copilot dentro de las aplicaciones de productividad y como su uso eficaz nos ayuda en la mejora de toma de decisiones al obtener informaci\u00f3n consistente y oportuna de m\u00e1s \u00e1gil.<\/p>\n\n\n\n<p>Este webinar lo brind\u00e9 el 25 de agosto de 2025 <\/p>\n\n\n\n<figure class=\"wp-block-image size-large\"><img loading=\"lazy\" decoding=\"async\" width=\"1024\" height=\"502\" src=\"https:\/\/blog.samantha365mx.com\/wp-content\/uploads\/2026\/04\/image-29-1024x502.png\" alt=\"\" class=\"wp-image-1854\" srcset=\"https:\/\/blog.samantha365mx.com\/wp-content\/uploads\/2026\/04\/image-29-1024x502.png 1024w, https:\/\/blog.samantha365mx.com\/wp-content\/uploads\/2026\/04\/image-29-300x147.png 300w, https:\/\/blog.samantha365mx.com\/wp-content\/uploads\/2026\/04\/image-29-768x376.png 768w, https:\/\/blog.samantha365mx.com\/wp-content\/uploads\/2026\/04\/image-29-1536x753.png 1536w, https:\/\/blog.samantha365mx.com\/wp-content\/uploads\/2026\/04\/image-29.png 1914w\" sizes=\"auto, (max-width: 1024px) 100vw, 1024px\" \/><\/figure>\n\n\n\n<p><\/p>\n","protected":false},"excerpt":{"rendered":"<p class=\"text-justify\">Este webinar fue parte de la difusi\u00f3n de uso de inteligencia artificial por parte de Amorata empresa en Colombia para sus ciclo [&hellip;]<\/p>\n","protected":false},"author":2,"featured_media":0,"parent":0,"menu_order":0,"comment_status":"closed","ping_status":"closed","template":"","meta":{"footnotes":""},"class_list":["post-1853","page","type-page","status-publish","hentry"],"_links":{"self":[{"href":"https:\/\/blog.samantha365mx.com\/index.php\/wp-json\/wp\/v2\/pages\/1853","targetHints":{"allow":["GET"]}}],"collection":[{"href":"https:\/\/blog.samantha365mx.com\/index.php\/wp-json\/wp\/v2\/pages"}],"about":[{"href":"https:\/\/blog.samantha365mx.com\/index.php\/wp-json\/wp\/v2\/types\/page"}],"author":[{"embeddable":true,"href":"https:\/\/blog.samantha365mx.com\/index.php\/wp-json\/wp\/v2\/users\/2"}],"replies":[{"embeddable":true,"href":"https:\/\/blog.samantha365mx.com\/index.php\/wp-json\/wp\/v2\/comments?post=1853"}],"version-history":[{"count":1,"href":"https:\/\/blog.samantha365mx.com\/index.php\/wp-json\/wp\/v2\/pages\/1853\/revisions"}],"predecessor-version":[{"id":1855,"href":"https:\/\/blog.samantha365mx.com\/index.php\/wp-json\/wp\/v2\/pages\/1853\/revisions\/1855"}],"wp:attachment":[{"href":"https:\/\/blog.samantha365mx.com\/index.php\/wp-json\/wp\/v2\/media?parent=1853"}],"curies":[{"name":"wp","href":"https:\/\/api.w.org\/{rel}","templated":true}]}}