{"id":1856,"date":"2026-04-21T12:59:52","date_gmt":"2026-04-21T18:59:52","guid":{"rendered":"https:\/\/blog.samantha365mx.com\/?page_id=1856"},"modified":"2026-04-21T12:59:52","modified_gmt":"2026-04-21T18:59:52","slug":"taller-de-microsoft-365-copilot-y-power-plataform","status":"publish","type":"page","link":"https:\/\/blog.samantha365mx.com\/index.php\/taller-de-microsoft-365-copilot-y-power-plataform\/","title":{"rendered":"Taller de Microsoft 365 Copilot y Power Plataform"},"content":{"rendered":"\n<p><strong>Impart\u00ed curso de \u201cCopilot con Power Platform\u201d\u00a0<\/strong>a trav\u00e9s de CompuEducaci\u00f3n del martes 30 de septiembre al viernes 3 de octubre 2025, durante 28 horas mostr\u00e9 como el uso de Copilot est\u00e1 cambiando la forma de realizar nuestras actividades de manera m\u00e1s accedible, sin embargo tambi\u00e9n mostr\u00e9 que sigue siendo necesario conocer los entornos y alcace de cada aplicaci\u00f3n para saber como pedir las cosas a Copilot y como despu\u00e9s realizar ejercicios conjuntos.<\/p>\n\n\n\n<figure class=\"wp-block-image size-large\"><img loading=\"lazy\" decoding=\"async\" width=\"1024\" height=\"504\" src=\"https:\/\/blog.samantha365mx.com\/wp-content\/uploads\/2026\/04\/image-31-1024x504.png\" alt=\"\" class=\"wp-image-1858\" srcset=\"https:\/\/blog.samantha365mx.com\/wp-content\/uploads\/2026\/04\/image-31-1024x504.png 1024w, https:\/\/blog.samantha365mx.com\/wp-content\/uploads\/2026\/04\/image-31-300x148.png 300w, https:\/\/blog.samantha365mx.com\/wp-content\/uploads\/2026\/04\/image-31-768x378.png 768w, https:\/\/blog.samantha365mx.com\/wp-content\/uploads\/2026\/04\/image-31-1536x756.png 1536w, https:\/\/blog.samantha365mx.com\/wp-content\/uploads\/2026\/04\/image-31.png 1912w\" sizes=\"auto, (max-width: 1024px) 100vw, 1024px\" \/><\/figure>\n","protected":false},"excerpt":{"rendered":"<p class=\"text-justify\">Impart\u00ed curso de \u201cCopilot con Power Platform\u201d\u00a0a trav\u00e9s de CompuEducaci\u00f3n del martes 30 de septiembre al viernes 3 de octubre 2025, durante [&hellip;]<\/p>\n","protected":false},"author":2,"featured_media":0,"parent":0,"menu_order":0,"comment_status":"closed","ping_status":"closed","template":"","meta":{"footnotes":""},"class_list":["post-1856","page","type-page","status-publish","hentry"],"_links":{"self":[{"href":"https:\/\/blog.samantha365mx.com\/index.php\/wp-json\/wp\/v2\/pages\/1856","targetHints":{"allow":["GET"]}}],"collection":[{"href":"https:\/\/blog.samantha365mx.com\/index.php\/wp-json\/wp\/v2\/pages"}],"about":[{"href":"https:\/\/blog.samantha365mx.com\/index.php\/wp-json\/wp\/v2\/types\/page"}],"author":[{"embeddable":true,"href":"https:\/\/blog.samantha365mx.com\/index.php\/wp-json\/wp\/v2\/users\/2"}],"replies":[{"embeddable":true,"href":"https:\/\/blog.samantha365mx.com\/index.php\/wp-json\/wp\/v2\/comments?post=1856"}],"version-history":[{"count":1,"href":"https:\/\/blog.samantha365mx.com\/index.php\/wp-json\/wp\/v2\/pages\/1856\/revisions"}],"predecessor-version":[{"id":1859,"href":"https:\/\/blog.samantha365mx.com\/index.php\/wp-json\/wp\/v2\/pages\/1856\/revisions\/1859"}],"wp:attachment":[{"href":"https:\/\/blog.samantha365mx.com\/index.php\/wp-json\/wp\/v2\/media?parent=1856"}],"curies":[{"name":"wp","href":"https:\/\/api.w.org\/{rel}","templated":true}]}}