{"id":1860,"date":"2026-04-21T13:12:34","date_gmt":"2026-04-21T19:12:34","guid":{"rendered":"https:\/\/blog.samantha365mx.com\/?page_id=1860"},"modified":"2026-04-21T13:12:34","modified_gmt":"2026-04-21T19:12:34","slug":"capacitacion-m365-para-transportes-ardica","status":"publish","type":"page","link":"https:\/\/blog.samantha365mx.com\/index.php\/capacitacion-m365-para-transportes-ardica\/","title":{"rendered":"Capacitacion M365 para Transportes Ardica"},"content":{"rendered":"\n<p>Transportes Ardica, con m\u00e1s de 20 a\u00f1os de experiencia, es una empresa mexicana especializada en el transporte de maquinaria ligera y equipo industrial con base en Jalisco. La compa\u00f1\u00eda se enfoca en la seguridad y el manejo especializado de activos de alto valor mediante el uso de plataformas hidr\u00e1ulicas y monitoreo en tiempo real.\u00a0<\/p>\n\n\n\n<p>Solicitaron mi colaboraci\u00f3n para ayudarles a integrar el uso de Microsoft 365, para ello fue necesaria la migraci\u00f3n de correo a Microsoft 365 y capacitarlos en esta tecnolog\u00eda.<\/p>\n\n\n\n<p>Brind\u00e9 el curso de Microsoft 365 para usuarios finales con duraci\u00f3n de 12 horas y a trav\u00e9s de este, la empresa mejor\u00f3 sustancialmente sus procesos, mejor\u00f3 la seguridad de sus datos y optimiz\u00f3 su operaci\u00f3n.<\/p>\n\n\n\n<p>Curso del 13 al 29 de octubre 2025<\/p>\n\n\n\n<figure class=\"wp-block-image size-large\"><img loading=\"lazy\" decoding=\"async\" width=\"1024\" height=\"503\" src=\"https:\/\/blog.samantha365mx.com\/wp-content\/uploads\/2026\/04\/image-32-1024x503.png\" alt=\"\" class=\"wp-image-1861\" srcset=\"https:\/\/blog.samantha365mx.com\/wp-content\/uploads\/2026\/04\/image-32-1024x503.png 1024w, https:\/\/blog.samantha365mx.com\/wp-content\/uploads\/2026\/04\/image-32-300x147.png 300w, https:\/\/blog.samantha365mx.com\/wp-content\/uploads\/2026\/04\/image-32-768x378.png 768w, https:\/\/blog.samantha365mx.com\/wp-content\/uploads\/2026\/04\/image-32-1536x755.png 1536w, https:\/\/blog.samantha365mx.com\/wp-content\/uploads\/2026\/04\/image-32.png 1912w\" sizes=\"auto, (max-width: 1024px) 100vw, 1024px\" \/><\/figure>\n","protected":false},"excerpt":{"rendered":"<p class=\"text-justify\">Transportes Ardica, con m\u00e1s de 20 a\u00f1os de experiencia, es una empresa mexicana especializada en el transporte de maquinaria ligera y equipo [&hellip;]<\/p>\n","protected":false},"author":2,"featured_media":0,"parent":0,"menu_order":0,"comment_status":"closed","ping_status":"closed","template":"","meta":{"footnotes":""},"class_list":["post-1860","page","type-page","status-publish","hentry"],"_links":{"self":[{"href":"https:\/\/blog.samantha365mx.com\/index.php\/wp-json\/wp\/v2\/pages\/1860","targetHints":{"allow":["GET"]}}],"collection":[{"href":"https:\/\/blog.samantha365mx.com\/index.php\/wp-json\/wp\/v2\/pages"}],"about":[{"href":"https:\/\/blog.samantha365mx.com\/index.php\/wp-json\/wp\/v2\/types\/page"}],"author":[{"embeddable":true,"href":"https:\/\/blog.samantha365mx.com\/index.php\/wp-json\/wp\/v2\/users\/2"}],"replies":[{"embeddable":true,"href":"https:\/\/blog.samantha365mx.com\/index.php\/wp-json\/wp\/v2\/comments?post=1860"}],"version-history":[{"count":1,"href":"https:\/\/blog.samantha365mx.com\/index.php\/wp-json\/wp\/v2\/pages\/1860\/revisions"}],"predecessor-version":[{"id":1862,"href":"https:\/\/blog.samantha365mx.com\/index.php\/wp-json\/wp\/v2\/pages\/1860\/revisions\/1862"}],"wp:attachment":[{"href":"https:\/\/blog.samantha365mx.com\/index.php\/wp-json\/wp\/v2\/media?parent=1860"}],"curies":[{"name":"wp","href":"https:\/\/api.w.org\/{rel}","templated":true}]}}