{"id":1863,"date":"2026-04-21T13:16:44","date_gmt":"2026-04-21T19:16:44","guid":{"rendered":"https:\/\/blog.samantha365mx.com\/?page_id=1863"},"modified":"2026-04-21T13:16:44","modified_gmt":"2026-04-21T19:16:44","slug":"copilot-y-aplicaciones-de-productividad","status":"publish","type":"page","link":"https:\/\/blog.samantha365mx.com\/index.php\/copilot-y-aplicaciones-de-productividad\/","title":{"rendered":"Copilot y Aplicaciones de Productividad"},"content":{"rendered":"\n<p>Brind\u00e9 nuevamente capacitaci\u00f3n en l\u00ednea de curso de Copilot y Aplicaciones de Productividad de 18 horas para empresa mexicana a trav\u00e9s de CompuEducaci\u00f3n partner de Microsoft, los lunes del 13 al 27 de octubre de 8:00 am a 2:00 pm<\/p>\n\n\n\n<figure class=\"wp-block-image size-large\"><img loading=\"lazy\" decoding=\"async\" width=\"1024\" height=\"513\" src=\"https:\/\/blog.samantha365mx.com\/wp-content\/uploads\/2026\/04\/image-33-1024x513.png\" alt=\"\" class=\"wp-image-1865\" srcset=\"https:\/\/blog.samantha365mx.com\/wp-content\/uploads\/2026\/04\/image-33-1024x513.png 1024w, https:\/\/blog.samantha365mx.com\/wp-content\/uploads\/2026\/04\/image-33-300x150.png 300w, https:\/\/blog.samantha365mx.com\/wp-content\/uploads\/2026\/04\/image-33-768x385.png 768w, https:\/\/blog.samantha365mx.com\/wp-content\/uploads\/2026\/04\/image-33-1536x770.png 1536w, https:\/\/blog.samantha365mx.com\/wp-content\/uploads\/2026\/04\/image-33.png 1917w\" sizes=\"auto, (max-width: 1024px) 100vw, 1024px\" \/><\/figure>\n","protected":false},"excerpt":{"rendered":"<p class=\"text-justify\">Brind\u00e9 nuevamente capacitaci\u00f3n en l\u00ednea de curso de Copilot y Aplicaciones de Productividad de 18 horas para empresa mexicana a trav\u00e9s de [&hellip;]<\/p>\n","protected":false},"author":2,"featured_media":0,"parent":0,"menu_order":0,"comment_status":"closed","ping_status":"closed","template":"","meta":{"footnotes":""},"class_list":["post-1863","page","type-page","status-publish","hentry"],"_links":{"self":[{"href":"https:\/\/blog.samantha365mx.com\/index.php\/wp-json\/wp\/v2\/pages\/1863","targetHints":{"allow":["GET"]}}],"collection":[{"href":"https:\/\/blog.samantha365mx.com\/index.php\/wp-json\/wp\/v2\/pages"}],"about":[{"href":"https:\/\/blog.samantha365mx.com\/index.php\/wp-json\/wp\/v2\/types\/page"}],"author":[{"embeddable":true,"href":"https:\/\/blog.samantha365mx.com\/index.php\/wp-json\/wp\/v2\/users\/2"}],"replies":[{"embeddable":true,"href":"https:\/\/blog.samantha365mx.com\/index.php\/wp-json\/wp\/v2\/comments?post=1863"}],"version-history":[{"count":1,"href":"https:\/\/blog.samantha365mx.com\/index.php\/wp-json\/wp\/v2\/pages\/1863\/revisions"}],"predecessor-version":[{"id":1867,"href":"https:\/\/blog.samantha365mx.com\/index.php\/wp-json\/wp\/v2\/pages\/1863\/revisions\/1867"}],"wp:attachment":[{"href":"https:\/\/blog.samantha365mx.com\/index.php\/wp-json\/wp\/v2\/media?parent=1863"}],"curies":[{"name":"wp","href":"https:\/\/api.w.org\/{rel}","templated":true}]}}