{"id":1868,"date":"2026-04-21T13:23:39","date_gmt":"2026-04-21T19:23:39","guid":{"rendered":"https:\/\/blog.samantha365mx.com\/?page_id=1868"},"modified":"2026-04-21T13:24:59","modified_gmt":"2026-04-21T19:24:59","slug":"aplicaciones-de-productividad-con-chatgpt","status":"publish","type":"page","link":"https:\/\/blog.samantha365mx.com\/index.php\/aplicaciones-de-productividad-con-chatgpt\/","title":{"rendered":"Aplicaciones de Productividad con ChatGPT"},"content":{"rendered":"\n<p>Impart\u00ed este nuevo curso de Aplicaciones de Productividad con ChatGPT de 16 horas para empresa a trav\u00e9s de CompuEducaci\u00f3n partner de Microsoft, del 27 al 30 de octubre 2025, en colaboraci\u00f3n con Jose L\u00f3pez (Peppexcel youtubber). Este curso fue enfocado princiaplemnte a uso de la IA con gobernanza y delimitando el uso en diversas funciones.<\/p>\n\n\n\n<p>En este curso tambi\u00e9n mostramos diferencias de uso con Microsoft 365 Copilot y su integraci\u00f3n nativa con las aplicaciones de productividad.<\/p>\n\n\n\n<figure class=\"wp-block-image size-large\"><img loading=\"lazy\" decoding=\"async\" width=\"1024\" height=\"499\" src=\"https:\/\/blog.samantha365mx.com\/wp-content\/uploads\/2026\/04\/image-34-1024x499.png\" alt=\"\" class=\"wp-image-1869\" srcset=\"https:\/\/blog.samantha365mx.com\/wp-content\/uploads\/2026\/04\/image-34-1024x499.png 1024w, https:\/\/blog.samantha365mx.com\/wp-content\/uploads\/2026\/04\/image-34-300x146.png 300w, https:\/\/blog.samantha365mx.com\/wp-content\/uploads\/2026\/04\/image-34-768x375.png 768w, https:\/\/blog.samantha365mx.com\/wp-content\/uploads\/2026\/04\/image-34-1536x749.png 1536w, https:\/\/blog.samantha365mx.com\/wp-content\/uploads\/2026\/04\/image-34.png 1913w\" sizes=\"auto, (max-width: 1024px) 100vw, 1024px\" \/><\/figure>\n","protected":false},"excerpt":{"rendered":"<p class=\"text-justify\">Impart\u00ed este nuevo curso de Aplicaciones de Productividad con ChatGPT de 16 horas para empresa a trav\u00e9s de CompuEducaci\u00f3n partner de Microsoft, [&hellip;]<\/p>\n","protected":false},"author":2,"featured_media":0,"parent":0,"menu_order":0,"comment_status":"closed","ping_status":"closed","template":"","meta":{"footnotes":""},"class_list":["post-1868","page","type-page","status-publish","hentry"],"_links":{"self":[{"href":"https:\/\/blog.samantha365mx.com\/index.php\/wp-json\/wp\/v2\/pages\/1868","targetHints":{"allow":["GET"]}}],"collection":[{"href":"https:\/\/blog.samantha365mx.com\/index.php\/wp-json\/wp\/v2\/pages"}],"about":[{"href":"https:\/\/blog.samantha365mx.com\/index.php\/wp-json\/wp\/v2\/types\/page"}],"author":[{"embeddable":true,"href":"https:\/\/blog.samantha365mx.com\/index.php\/wp-json\/wp\/v2\/users\/2"}],"replies":[{"embeddable":true,"href":"https:\/\/blog.samantha365mx.com\/index.php\/wp-json\/wp\/v2\/comments?post=1868"}],"version-history":[{"count":2,"href":"https:\/\/blog.samantha365mx.com\/index.php\/wp-json\/wp\/v2\/pages\/1868\/revisions"}],"predecessor-version":[{"id":1871,"href":"https:\/\/blog.samantha365mx.com\/index.php\/wp-json\/wp\/v2\/pages\/1868\/revisions\/1871"}],"wp:attachment":[{"href":"https:\/\/blog.samantha365mx.com\/index.php\/wp-json\/wp\/v2\/media?parent=1868"}],"curies":[{"name":"wp","href":"https:\/\/api.w.org\/{rel}","templated":true}]}}