{"id":1873,"date":"2026-04-21T13:28:33","date_gmt":"2026-04-21T19:28:33","guid":{"rendered":"https:\/\/blog.samantha365mx.com\/?page_id=1873"},"modified":"2026-04-21T13:28:40","modified_gmt":"2026-04-21T19:28:40","slug":"taller-microsoft-365-copilot-y-power-platform","status":"publish","type":"page","link":"https:\/\/blog.samantha365mx.com\/index.php\/taller-microsoft-365-copilot-y-power-platform\/","title":{"rendered":"Taller Microsoft 365 Copilot y Power Platform"},"content":{"rendered":"\n<p><strong>Impart\u00ed nuevamente el curso de \u201cCopilot con Power Platform\u201d\u00a0<\/strong>a trav\u00e9s de CompuEducaci\u00f3n del lunes 24 martes 25 jueves 27 y viernes 28 de noviembre 2025, durante 28 horas mostr\u00e9 como el uso de Copilot est\u00e1 cambiando la forma de realizar nuestras actividades de manera m\u00e1s accedible, sin embargo tambi\u00e9n mostr\u00e9 que sigue siendo necesario conocer los entornos y alcace de cada aplicaci\u00f3n para saber como pedir las cosas a Copilot y como despu\u00e9s realizar ejercicios conjuntos. <\/p>\n\n\n\n<figure class=\"wp-block-image size-large\"><img loading=\"lazy\" decoding=\"async\" width=\"1024\" height=\"502\" src=\"https:\/\/blog.samantha365mx.com\/wp-content\/uploads\/2026\/04\/image-36-1024x502.png\" alt=\"\" class=\"wp-image-1875\" srcset=\"https:\/\/blog.samantha365mx.com\/wp-content\/uploads\/2026\/04\/image-36-1024x502.png 1024w, https:\/\/blog.samantha365mx.com\/wp-content\/uploads\/2026\/04\/image-36-300x147.png 300w, https:\/\/blog.samantha365mx.com\/wp-content\/uploads\/2026\/04\/image-36-768x377.png 768w, https:\/\/blog.samantha365mx.com\/wp-content\/uploads\/2026\/04\/image-36-1536x754.png 1536w, https:\/\/blog.samantha365mx.com\/wp-content\/uploads\/2026\/04\/image-36.png 1910w\" sizes=\"auto, (max-width: 1024px) 100vw, 1024px\" \/><\/figure>\n","protected":false},"excerpt":{"rendered":"<p class=\"text-justify\">Impart\u00ed nuevamente el curso de \u201cCopilot con Power Platform\u201d\u00a0a trav\u00e9s de CompuEducaci\u00f3n del lunes 24 martes 25 jueves 27 y viernes 28 [&hellip;]<\/p>\n","protected":false},"author":2,"featured_media":0,"parent":0,"menu_order":0,"comment_status":"closed","ping_status":"closed","template":"","meta":{"footnotes":""},"class_list":["post-1873","page","type-page","status-publish","hentry"],"_links":{"self":[{"href":"https:\/\/blog.samantha365mx.com\/index.php\/wp-json\/wp\/v2\/pages\/1873","targetHints":{"allow":["GET"]}}],"collection":[{"href":"https:\/\/blog.samantha365mx.com\/index.php\/wp-json\/wp\/v2\/pages"}],"about":[{"href":"https:\/\/blog.samantha365mx.com\/index.php\/wp-json\/wp\/v2\/types\/page"}],"author":[{"embeddable":true,"href":"https:\/\/blog.samantha365mx.com\/index.php\/wp-json\/wp\/v2\/users\/2"}],"replies":[{"embeddable":true,"href":"https:\/\/blog.samantha365mx.com\/index.php\/wp-json\/wp\/v2\/comments?post=1873"}],"version-history":[{"count":2,"href":"https:\/\/blog.samantha365mx.com\/index.php\/wp-json\/wp\/v2\/pages\/1873\/revisions"}],"predecessor-version":[{"id":1877,"href":"https:\/\/blog.samantha365mx.com\/index.php\/wp-json\/wp\/v2\/pages\/1873\/revisions\/1877"}],"wp:attachment":[{"href":"https:\/\/blog.samantha365mx.com\/index.php\/wp-json\/wp\/v2\/media?parent=1873"}],"curies":[{"name":"wp","href":"https:\/\/api.w.org\/{rel}","templated":true}]}}