{"id":1878,"date":"2026-04-21T13:42:12","date_gmt":"2026-04-21T19:42:12","guid":{"rendered":"https:\/\/blog.samantha365mx.com\/?page_id=1878"},"modified":"2026-04-21T13:42:12","modified_gmt":"2026-04-21T19:42:12","slug":"demostracion-de-flujo-de-colaboracion-en-m365-y-project","status":"publish","type":"page","link":"https:\/\/blog.samantha365mx.com\/index.php\/demostracion-de-flujo-de-colaboracion-en-m365-y-project\/","title":{"rendered":"Demostraci\u00f3n de Flujo de colaboraci\u00f3n en M365 y Project"},"content":{"rendered":"\n<p>En esta sesi\u00f3n que impart\u00ed a trav\u00e9s de CompuEducaci\u00f3n, mostr\u00e9 como la interacci\u00f3n de las suscripciones Planner, Project y Microsoft 365 Copilot tienen una fuerte colaboraci\u00f3n al brindar informaci\u00f3n directa de los planes generados y como optimizar los recursos basados en sus contenidos, tomando en cuenta que el uso de Project web est\u00e1 en el \u00faltimo a\u00f1o de vida.<\/p>\n\n\n\n<p>Esta sesi\u00f3n fue contundente para visualizar nuevas formas de trabajo y optimizaci\u00f3n de recursos mediante el uso correcto de las aplicaciones en sus diferentes licenciamientos.<\/p>\n\n\n\n<figure class=\"wp-block-image size-large\"><img loading=\"lazy\" decoding=\"async\" width=\"1024\" height=\"503\" src=\"https:\/\/blog.samantha365mx.com\/wp-content\/uploads\/2026\/04\/image-38-1024x503.png\" alt=\"\" class=\"wp-image-1880\" srcset=\"https:\/\/blog.samantha365mx.com\/wp-content\/uploads\/2026\/04\/image-38-1024x503.png 1024w, https:\/\/blog.samantha365mx.com\/wp-content\/uploads\/2026\/04\/image-38-300x147.png 300w, https:\/\/blog.samantha365mx.com\/wp-content\/uploads\/2026\/04\/image-38-768x377.png 768w, https:\/\/blog.samantha365mx.com\/wp-content\/uploads\/2026\/04\/image-38-1536x755.png 1536w, https:\/\/blog.samantha365mx.com\/wp-content\/uploads\/2026\/04\/image-38.png 1911w\" sizes=\"auto, (max-width: 1024px) 100vw, 1024px\" \/><\/figure>\n","protected":false},"excerpt":{"rendered":"<p class=\"text-justify\">En esta sesi\u00f3n que impart\u00ed a trav\u00e9s de CompuEducaci\u00f3n, mostr\u00e9 como la interacci\u00f3n de las suscripciones Planner, Project y Microsoft 365 Copilot [&hellip;]<\/p>\n","protected":false},"author":2,"featured_media":0,"parent":0,"menu_order":0,"comment_status":"closed","ping_status":"closed","template":"","meta":{"footnotes":""},"class_list":["post-1878","page","type-page","status-publish","hentry"],"_links":{"self":[{"href":"https:\/\/blog.samantha365mx.com\/index.php\/wp-json\/wp\/v2\/pages\/1878","targetHints":{"allow":["GET"]}}],"collection":[{"href":"https:\/\/blog.samantha365mx.com\/index.php\/wp-json\/wp\/v2\/pages"}],"about":[{"href":"https:\/\/blog.samantha365mx.com\/index.php\/wp-json\/wp\/v2\/types\/page"}],"author":[{"embeddable":true,"href":"https:\/\/blog.samantha365mx.com\/index.php\/wp-json\/wp\/v2\/users\/2"}],"replies":[{"embeddable":true,"href":"https:\/\/blog.samantha365mx.com\/index.php\/wp-json\/wp\/v2\/comments?post=1878"}],"version-history":[{"count":1,"href":"https:\/\/blog.samantha365mx.com\/index.php\/wp-json\/wp\/v2\/pages\/1878\/revisions"}],"predecessor-version":[{"id":1881,"href":"https:\/\/blog.samantha365mx.com\/index.php\/wp-json\/wp\/v2\/pages\/1878\/revisions\/1881"}],"wp:attachment":[{"href":"https:\/\/blog.samantha365mx.com\/index.php\/wp-json\/wp\/v2\/media?parent=1878"}],"curies":[{"name":"wp","href":"https:\/\/api.w.org\/{rel}","templated":true}]}}