{"id":1883,"date":"2026-04-21T13:49:05","date_gmt":"2026-04-21T19:49:05","guid":{"rendered":"https:\/\/blog.samantha365mx.com\/?page_id=1883"},"modified":"2026-04-21T13:51:27","modified_gmt":"2026-04-21T19:51:27","slug":"curso-ms-taller-copilot-con-power-platform","status":"publish","type":"page","link":"https:\/\/blog.samantha365mx.com\/index.php\/curso-ms-taller-copilot-con-power-platform\/","title":{"rendered":"Curso MS-Taller Copilot con Power Platform"},"content":{"rendered":"\n<p><strong>Brind\u00e9 el curso de \u201cCopilot con Power Platform\u201d\u00a0<\/strong>a trav\u00e9s de CompuEducaci\u00f3n en colaboraci\u00f3n con IT College para Latinoam\u00e9rica del 17 de noviembre al 17 de diciembre 2025, durante 28 horas mostr\u00e9 como el uso de Copilot est\u00e1 cambiando la forma de realizar nuestras actividades de manera m\u00e1s accedible, sin embargo tambi\u00e9n mostr\u00e9 que sigue siendo necesario conocer los entornos y alcace de cada aplicaci\u00f3n para saber como pedir las cosas a Copilot y como despu\u00e9s realizar ejercicios conjuntos. <\/p>\n\n\n\n<figure class=\"wp-block-image size-large\"><img loading=\"lazy\" decoding=\"async\" width=\"1024\" height=\"499\" src=\"https:\/\/blog.samantha365mx.com\/wp-content\/uploads\/2026\/04\/image-39-1024x499.png\" alt=\"\" class=\"wp-image-1884\" srcset=\"https:\/\/blog.samantha365mx.com\/wp-content\/uploads\/2026\/04\/image-39-1024x499.png 1024w, https:\/\/blog.samantha365mx.com\/wp-content\/uploads\/2026\/04\/image-39-300x146.png 300w, https:\/\/blog.samantha365mx.com\/wp-content\/uploads\/2026\/04\/image-39-768x374.png 768w, https:\/\/blog.samantha365mx.com\/wp-content\/uploads\/2026\/04\/image-39-1536x748.png 1536w, https:\/\/blog.samantha365mx.com\/wp-content\/uploads\/2026\/04\/image-39.png 1917w\" sizes=\"auto, (max-width: 1024px) 100vw, 1024px\" \/><\/figure>\n","protected":false},"excerpt":{"rendered":"<p class=\"text-justify\">Brind\u00e9 el curso de \u201cCopilot con Power Platform\u201d\u00a0a trav\u00e9s de CompuEducaci\u00f3n en colaboraci\u00f3n con IT College para Latinoam\u00e9rica del 17 de noviembre [&hellip;]<\/p>\n","protected":false},"author":2,"featured_media":0,"parent":0,"menu_order":0,"comment_status":"closed","ping_status":"closed","template":"","meta":{"footnotes":""},"class_list":["post-1883","page","type-page","status-publish","hentry"],"_links":{"self":[{"href":"https:\/\/blog.samantha365mx.com\/index.php\/wp-json\/wp\/v2\/pages\/1883","targetHints":{"allow":["GET"]}}],"collection":[{"href":"https:\/\/blog.samantha365mx.com\/index.php\/wp-json\/wp\/v2\/pages"}],"about":[{"href":"https:\/\/blog.samantha365mx.com\/index.php\/wp-json\/wp\/v2\/types\/page"}],"author":[{"embeddable":true,"href":"https:\/\/blog.samantha365mx.com\/index.php\/wp-json\/wp\/v2\/users\/2"}],"replies":[{"embeddable":true,"href":"https:\/\/blog.samantha365mx.com\/index.php\/wp-json\/wp\/v2\/comments?post=1883"}],"version-history":[{"count":3,"href":"https:\/\/blog.samantha365mx.com\/index.php\/wp-json\/wp\/v2\/pages\/1883\/revisions"}],"predecessor-version":[{"id":1888,"href":"https:\/\/blog.samantha365mx.com\/index.php\/wp-json\/wp\/v2\/pages\/1883\/revisions\/1888"}],"wp:attachment":[{"href":"https:\/\/blog.samantha365mx.com\/index.php\/wp-json\/wp\/v2\/media?parent=1883"}],"curies":[{"name":"wp","href":"https:\/\/api.w.org\/{rel}","templated":true}]}}