{"id":1893,"date":"2026-04-21T22:25:07","date_gmt":"2026-04-22T04:25:07","guid":{"rendered":"https:\/\/blog.samantha365mx.com\/?page_id=1893"},"modified":"2026-04-27T10:42:04","modified_gmt":"2026-04-27T16:42:04","slug":"conferencista-en-ia-para-todo-mexico-de-microsoft-elevate-y-compueducacion-2do-ciclo-de-webinars-extension","status":"publish","type":"page","link":"https:\/\/blog.samantha365mx.com\/index.php\/conferencista-en-ia-para-todo-mexico-de-microsoft-elevate-y-compueducacion-2do-ciclo-de-webinars-extension\/","title":{"rendered":"Conferencista en IA PARA TODO M\u00c9XICO de Microsoft ELEVATE y CompuEducaci\u00f3n- 2do ciclo de webinars &#8211; extensi\u00f3n"},"content":{"rendered":"\n<p>Debido a la demanda generada por el contenido y resoluci\u00f3n de preguntas <strong>se extendi\u00f3 el 2do ciclo de conferencias para repetir los webinars de mayor \u00e9xito<\/strong> del programa de IA para todo M\u00e9xico de Microsoft Elevete a trav\u00e9s de CompuEducaci\u00f3n, partner de Microsoft.<\/p>\n\n\n\n<figure class=\"wp-block-image\"><img loading=\"lazy\" decoding=\"async\" width=\"886\" height=\"418\" src=\"https:\/\/blog.samantha365mx.com\/wp-content\/uploads\/2026\/03\/image.png\" alt=\"\" class=\"wp-image-1609\" srcset=\"https:\/\/blog.samantha365mx.com\/wp-content\/uploads\/2026\/03\/image.png 886w, https:\/\/blog.samantha365mx.com\/wp-content\/uploads\/2026\/03\/image-300x142.png 300w, https:\/\/blog.samantha365mx.com\/wp-content\/uploads\/2026\/03\/image-768x362.png 768w\" sizes=\"auto, (max-width: 886px) 100vw, 886px\" \/><\/figure>\n\n\n\n<p><strong>M\u00e1s de 15,000 personas en M\u00e9xico fueron capacitadasdurante estos 2 ciclos de conferencias<\/strong>, fortaleciendo su productividad, creatividad e innovaci\u00f3n con inteligencia artificial. Detalles del programa:&nbsp;<a href=\"https:\/\/compueducacion.mx\/ia-para-todo-mexico\/\">https:\/\/compueducacion.mx\/ia-para-todo-mexico\/<\/a><\/p>\n\n\n<div class=\"wp-block-image\">\n<figure class=\"aligncenter\"><img loading=\"lazy\" decoding=\"async\" width=\"232\" height=\"327\" src=\"https:\/\/blog.samantha365mx.com\/wp-content\/uploads\/2026\/03\/image-5.png\" alt=\"\" class=\"wp-image-1692\" srcset=\"https:\/\/blog.samantha365mx.com\/wp-content\/uploads\/2026\/03\/image-5.png 232w, https:\/\/blog.samantha365mx.com\/wp-content\/uploads\/2026\/03\/image-5-213x300.png 213w\" sizes=\"auto, (max-width: 232px) 100vw, 232px\" \/><\/figure><\/div>\n\n\n<h2 class=\"wp-block-heading\">Los webinars que impart\u00ed fueron<\/h2>\n\n\n\n<figure class=\"wp-block-image size-large\"><img loading=\"lazy\" decoding=\"async\" width=\"1024\" height=\"178\" src=\"https:\/\/blog.samantha365mx.com\/wp-content\/uploads\/2026\/04\/image-57-1024x178.png\" alt=\"\" class=\"wp-image-2001\" srcset=\"https:\/\/blog.samantha365mx.com\/wp-content\/uploads\/2026\/04\/image-57-1024x178.png 1024w, https:\/\/blog.samantha365mx.com\/wp-content\/uploads\/2026\/04\/image-57-300x52.png 300w, https:\/\/blog.samantha365mx.com\/wp-content\/uploads\/2026\/04\/image-57-768x133.png 768w, https:\/\/blog.samantha365mx.com\/wp-content\/uploads\/2026\/04\/image-57.png 1165w\" sizes=\"auto, (max-width: 1024px) 100vw, 1024px\" \/><\/figure>\n\n\n<div class=\"wp-block-image\">\n<figure class=\"aligncenter size-full\"><img loading=\"lazy\" decoding=\"async\" width=\"612\" height=\"277\" src=\"https:\/\/blog.samantha365mx.com\/wp-content\/uploads\/2026\/04\/image-58.png\" alt=\"\" class=\"wp-image-2002\" srcset=\"https:\/\/blog.samantha365mx.com\/wp-content\/uploads\/2026\/04\/image-58.png 612w, https:\/\/blog.samantha365mx.com\/wp-content\/uploads\/2026\/04\/image-58-300x136.png 300w\" sizes=\"auto, (max-width: 612px) 100vw, 612px\" \/><\/figure><\/div>\n\n\n<figure class=\"wp-block-gallery has-nested-images columns-default is-cropped wp-block-gallery-1 is-layout-flex wp-block-gallery-is-layout-flex\">\n<figure class=\"wp-block-image size-large\"><img loading=\"lazy\" decoding=\"async\" width=\"1016\" height=\"1024\" data-id=\"1994\" src=\"https:\/\/blog.samantha365mx.com\/wp-content\/uploads\/2026\/04\/image-53-1016x1024.png\" alt=\"\" class=\"wp-image-1994\" srcset=\"https:\/\/blog.samantha365mx.com\/wp-content\/uploads\/2026\/04\/image-53-1016x1024.png 1016w, https:\/\/blog.samantha365mx.com\/wp-content\/uploads\/2026\/04\/image-53-298x300.png 298w, https:\/\/blog.samantha365mx.com\/wp-content\/uploads\/2026\/04\/image-53-150x150.png 150w, https:\/\/blog.samantha365mx.com\/wp-content\/uploads\/2026\/04\/image-53-768x774.png 768w, https:\/\/blog.samantha365mx.com\/wp-content\/uploads\/2026\/04\/image-53.png 1024w\" sizes=\"auto, (max-width: 1016px) 100vw, 1016px\" \/><\/figure>\n\n\n\n<figure class=\"wp-block-image size-large\"><img loading=\"lazy\" decoding=\"async\" width=\"1016\" height=\"1024\" data-id=\"1992\" src=\"https:\/\/blog.samantha365mx.com\/wp-content\/uploads\/2026\/04\/image-52-1016x1024.png\" alt=\"\" class=\"wp-image-1992\" srcset=\"https:\/\/blog.samantha365mx.com\/wp-content\/uploads\/2026\/04\/image-52-1016x1024.png 1016w, https:\/\/blog.samantha365mx.com\/wp-content\/uploads\/2026\/04\/image-52-298x300.png 298w, https:\/\/blog.samantha365mx.com\/wp-content\/uploads\/2026\/04\/image-52-150x150.png 150w, https:\/\/blog.samantha365mx.com\/wp-content\/uploads\/2026\/04\/image-52-768x774.png 768w, https:\/\/blog.samantha365mx.com\/wp-content\/uploads\/2026\/04\/image-52.png 1024w\" sizes=\"auto, (max-width: 1016px) 100vw, 1016px\" \/><\/figure>\n\n\n\n<figure class=\"wp-block-image size-large\"><img loading=\"lazy\" decoding=\"async\" width=\"1024\" height=\"1024\" data-id=\"1995\" src=\"https:\/\/blog.samantha365mx.com\/wp-content\/uploads\/2026\/04\/image-54-1024x1024.png\" alt=\"\" class=\"wp-image-1995\" srcset=\"https:\/\/blog.samantha365mx.com\/wp-content\/uploads\/2026\/04\/image-54-1024x1024.png 1024w, https:\/\/blog.samantha365mx.com\/wp-content\/uploads\/2026\/04\/image-54-300x300.png 300w, https:\/\/blog.samantha365mx.com\/wp-content\/uploads\/2026\/04\/image-54-150x150.png 150w, https:\/\/blog.samantha365mx.com\/wp-content\/uploads\/2026\/04\/image-54-768x768.png 768w, https:\/\/blog.samantha365mx.com\/wp-content\/uploads\/2026\/04\/image-54.png 1080w\" sizes=\"auto, (max-width: 1024px) 100vw, 1024px\" \/><\/figure>\n\n\n\n<figure class=\"wp-block-image size-large\"><img loading=\"lazy\" decoding=\"async\" width=\"1024\" height=\"1024\" data-id=\"1996\" src=\"https:\/\/blog.samantha365mx.com\/wp-content\/uploads\/2026\/04\/image-55-1024x1024.png\" alt=\"\" class=\"wp-image-1996\" srcset=\"https:\/\/blog.samantha365mx.com\/wp-content\/uploads\/2026\/04\/image-55-1024x1024.png 1024w, https:\/\/blog.samantha365mx.com\/wp-content\/uploads\/2026\/04\/image-55-300x300.png 300w, https:\/\/blog.samantha365mx.com\/wp-content\/uploads\/2026\/04\/image-55-150x150.png 150w, https:\/\/blog.samantha365mx.com\/wp-content\/uploads\/2026\/04\/image-55-768x768.png 768w, https:\/\/blog.samantha365mx.com\/wp-content\/uploads\/2026\/04\/image-55.png 1080w\" sizes=\"auto, (max-width: 1024px) 100vw, 1024px\" \/><\/figure>\n<\/figure>\n\n\n\n<h2 class=\"wp-block-heading\">En esta secci\u00f3n podr\u00e1s ver los videos de cada webinar.<\/h2>\n\n\n\n<p>Webinar: &nbsp;Introducci\u00f3n a la Inteligencia Artificial Creativa &#8211; 14 de Enero 2026 <\/p>\n\n\n\n<figure class=\"wp-block-embed is-type-video is-provider-youtube wp-block-embed-youtube wp-embed-aspect-16-9 wp-has-aspect-ratio\"><div class=\"wp-block-embed__wrapper\">\n<iframe loading=\"lazy\" title=\"Introducci\u00f3n a la Inteligencia Artificial Creativa - segunda vuelta\" width=\"640\" height=\"360\" src=\"https:\/\/www.youtube.com\/embed\/5mZ5hAztoQI?feature=oembed\" frameborder=\"0\" allow=\"accelerometer; autoplay; clipboard-write; encrypted-media; gyroscope; picture-in-picture; web-share\" referrerpolicy=\"strict-origin-when-cross-origin\" allowfullscreen><\/iframe>\n<\/div><\/figure>\n\n\n\n<p>Webinar: Taller Generaci\u00f3n de Im\u00e1genes con IA &#8211; 28 de Enero 2026<\/p>\n\n\n\n<figure class=\"wp-block-embed is-type-video is-provider-youtube wp-block-embed-youtube wp-embed-aspect-16-9 wp-has-aspect-ratio\"><div class=\"wp-block-embed__wrapper\">\n<iframe loading=\"lazy\" title=\"Taller Generaci\u00f3n de Im\u00e1genes con IA\" width=\"640\" height=\"360\" src=\"https:\/\/www.youtube.com\/embed\/6s_Fcmad-AU?feature=oembed\" frameborder=\"0\" allow=\"accelerometer; autoplay; clipboard-write; encrypted-media; gyroscope; picture-in-picture; web-share\" referrerpolicy=\"strict-origin-when-cross-origin\" allowfullscreen><\/iframe>\n<\/div><\/figure>\n\n\n\n<p>Webinar: Redacci\u00f3n Creativa con IA &#8211; 11 de Febrero 2026<\/p>\n\n\n\n<figure class=\"wp-block-embed is-type-video is-provider-youtube wp-block-embed-youtube wp-embed-aspect-16-9 wp-has-aspect-ratio\"><div class=\"wp-block-embed__wrapper\">\n<iframe loading=\"lazy\" title=\"Redaccion creativa con IA\" width=\"640\" height=\"360\" src=\"https:\/\/www.youtube.com\/embed\/FSgYfe2G0Tk?feature=oembed\" frameborder=\"0\" allow=\"accelerometer; autoplay; clipboard-write; encrypted-media; gyroscope; picture-in-picture; web-share\" referrerpolicy=\"strict-origin-when-cross-origin\" allowfullscreen><\/iframe>\n<\/div><\/figure>\n\n\n\n<p>Webinar: Creaci\u00f3n de Video con IA &#8211; 25 de Febrero 2026<\/p>\n\n\n\n<figure class=\"wp-block-embed is-type-video is-provider-youtube wp-block-embed-youtube wp-embed-aspect-16-9 wp-has-aspect-ratio\"><div class=\"wp-block-embed__wrapper\">\n<iframe loading=\"lazy\" title=\"Creaci\u00f3n de Video con IA\" width=\"640\" height=\"360\" src=\"https:\/\/www.youtube.com\/embed\/JPyoaoKE9G4?feature=oembed\" frameborder=\"0\" allow=\"accelerometer; autoplay; clipboard-write; encrypted-media; gyroscope; picture-in-picture; web-share\" referrerpolicy=\"strict-origin-when-cross-origin\" allowfullscreen><\/iframe>\n<\/div><\/figure>\n","protected":false},"excerpt":{"rendered":"<p class=\"text-justify\">Debido a la demanda generada por el contenido y resoluci\u00f3n de preguntas se extendi\u00f3 el 2do ciclo de conferencias para repetir los [&hellip;]<\/p>\n","protected":false},"author":2,"featured_media":0,"parent":0,"menu_order":0,"comment_status":"closed","ping_status":"closed","template":"","meta":{"footnotes":""},"class_list":["post-1893","page","type-page","status-publish","hentry"],"_links":{"self":[{"href":"https:\/\/blog.samantha365mx.com\/index.php\/wp-json\/wp\/v2\/pages\/1893","targetHints":{"allow":["GET"]}}],"collection":[{"href":"https:\/\/blog.samantha365mx.com\/index.php\/wp-json\/wp\/v2\/pages"}],"about":[{"href":"https:\/\/blog.samantha365mx.com\/index.php\/wp-json\/wp\/v2\/types\/page"}],"author":[{"embeddable":true,"href":"https:\/\/blog.samantha365mx.com\/index.php\/wp-json\/wp\/v2\/users\/2"}],"replies":[{"embeddable":true,"href":"https:\/\/blog.samantha365mx.com\/index.php\/wp-json\/wp\/v2\/comments?post=1893"}],"version-history":[{"count":5,"href":"https:\/\/blog.samantha365mx.com\/index.php\/wp-json\/wp\/v2\/pages\/1893\/revisions"}],"predecessor-version":[{"id":2003,"href":"https:\/\/blog.samantha365mx.com\/index.php\/wp-json\/wp\/v2\/pages\/1893\/revisions\/2003"}],"wp:attachment":[{"href":"https:\/\/blog.samantha365mx.com\/index.php\/wp-json\/wp\/v2\/media?parent=1893"}],"curies":[{"name":"wp","href":"https:\/\/api.w.org\/{rel}","templated":true}]}}