{"id":1896,"date":"2026-04-21T22:30:05","date_gmt":"2026-04-22T04:30:05","guid":{"rendered":"https:\/\/blog.samantha365mx.com\/?page_id=1896"},"modified":"2026-04-21T22:30:05","modified_gmt":"2026-04-22T04:30:05","slug":"ms-4018-draft-analyze-and-present-with-microsoft-365-copilot","status":"publish","type":"page","link":"https:\/\/blog.samantha365mx.com\/index.php\/ms-4018-draft-analyze-and-present-with-microsoft-365-copilot\/","title":{"rendered":"MS-4018 Draft analyze and present with Microsoft 365 Copilot"},"content":{"rendered":"\n<p>Es una capacitaci\u00f3n de nivel principiante dise\u00f1ada para que los usuarios empresariales aprendan a integrar la IA generativa en sus tareas diarias. brind\u00e9 esta capacitaci\u00f3n el 12 de enero de 2026 a trav\u00e9s de CompuEducaci\u00f3n.<\/p>\n\n\n\n<p><strong>Estructura del Curso por Aplicaci\u00f3n<\/strong><\/p>\n\n\n\n<p>El contenido se divide en m\u00f3dulos pr\u00e1cticos para las principales herramientas de la suite:<\/p>\n\n\n\n<ul class=\"wp-block-list\">\n<li><strong>Microsoft Word:<\/strong>\u00a0Aprendera generar borradores desde cero bas\u00e1ndote en otros archivos, resumir documentos extensos, cambiar el tono de un texto y crear tablas autom\u00e1ticamente.<\/li>\n\n\n\n<li><strong>Microsoft PowerPoint:<\/strong>\u00a0Se enfoca en crear presentaciones completas a partir de temas o documentos existentes, organizar diapositivas, a\u00f1adir im\u00e1genes y resumir el contenido visual.<\/li>\n\n\n\n<li><strong>Microsoft Excel:<\/strong>\u00a0El curso ense\u00f1a a analizar datos para obtener insights, identificar tendencias o valores at\u00edpicos y generar f\u00f3rmulas o gr\u00e1ficos mediante lenguaje natural.<\/li>\n\n\n\n<li><strong>Microsoft Teams:<\/strong>\u00a0Mejora la productividad en reuniones al aprender a resumir discusiones en tiempo real, identificar puntos clave no resueltos y extraer tareas accionables de los chats.<\/li>\n\n\n\n<li><strong>Microsoft Outlook:<\/strong>\u00a0Optimiza la gesti\u00f3n del correo electr\u00f3nico mediante el resumen de hilos largos y la redacci\u00f3n r\u00e1pida de respuestas ajustadas al contexto.<\/li>\n\n\n\n<li><strong>Copilot Chat:<\/strong>\u00a0Explora el uso del chat centralizado para interactuar con datos corporativos y de la web, facilitando la investigaci\u00f3n y la preparaci\u00f3n de materiales complejos.\u00a0Microsoft Learn\u00a0+7<\/li>\n<\/ul>\n\n\n\n<p><strong>Aspectos Clave y Beneficios<\/strong><\/p>\n\n\n\n<ul class=\"wp-block-list\">\n<li><strong>Gesti\u00f3n de Datos:<\/strong>\u00a0El curso explica la diferencia crucial entre trabajar con datos conectados a la web y datos de trabajo (corporativos) protegidos.<\/li>\n\n\n\n<li><strong>\u00c9tica y Responsabilidad:<\/strong>\u00a0Incluye fundamentos sobre c\u00f3mo funciona la IA de Microsoft y su compromiso con el uso \u00e9tico y responsable de la tecnolog\u00eda.<\/li>\n<\/ul>\n\n\n\n<figure class=\"wp-block-image size-large\"><img loading=\"lazy\" decoding=\"async\" width=\"1024\" height=\"499\" src=\"https:\/\/blog.samantha365mx.com\/wp-content\/uploads\/2026\/04\/image-40-1024x499.png\" alt=\"\" class=\"wp-image-1897\" srcset=\"https:\/\/blog.samantha365mx.com\/wp-content\/uploads\/2026\/04\/image-40-1024x499.png 1024w, https:\/\/blog.samantha365mx.com\/wp-content\/uploads\/2026\/04\/image-40-300x146.png 300w, https:\/\/blog.samantha365mx.com\/wp-content\/uploads\/2026\/04\/image-40-768x374.png 768w, https:\/\/blog.samantha365mx.com\/wp-content\/uploads\/2026\/04\/image-40-1536x748.png 1536w, https:\/\/blog.samantha365mx.com\/wp-content\/uploads\/2026\/04\/image-40.png 1913w\" sizes=\"auto, (max-width: 1024px) 100vw, 1024px\" \/><\/figure>\n","protected":false},"excerpt":{"rendered":"<p class=\"text-justify\">Es una capacitaci\u00f3n de nivel principiante dise\u00f1ada para que los usuarios empresariales aprendan a integrar la IA generativa en sus tareas diarias. [&hellip;]<\/p>\n","protected":false},"author":2,"featured_media":0,"parent":0,"menu_order":0,"comment_status":"closed","ping_status":"closed","template":"","meta":{"footnotes":""},"class_list":["post-1896","page","type-page","status-publish","hentry"],"_links":{"self":[{"href":"https:\/\/blog.samantha365mx.com\/index.php\/wp-json\/wp\/v2\/pages\/1896","targetHints":{"allow":["GET"]}}],"collection":[{"href":"https:\/\/blog.samantha365mx.com\/index.php\/wp-json\/wp\/v2\/pages"}],"about":[{"href":"https:\/\/blog.samantha365mx.com\/index.php\/wp-json\/wp\/v2\/types\/page"}],"author":[{"embeddable":true,"href":"https:\/\/blog.samantha365mx.com\/index.php\/wp-json\/wp\/v2\/users\/2"}],"replies":[{"embeddable":true,"href":"https:\/\/blog.samantha365mx.com\/index.php\/wp-json\/wp\/v2\/comments?post=1896"}],"version-history":[{"count":1,"href":"https:\/\/blog.samantha365mx.com\/index.php\/wp-json\/wp\/v2\/pages\/1896\/revisions"}],"predecessor-version":[{"id":1898,"href":"https:\/\/blog.samantha365mx.com\/index.php\/wp-json\/wp\/v2\/pages\/1896\/revisions\/1898"}],"wp:attachment":[{"href":"https:\/\/blog.samantha365mx.com\/index.php\/wp-json\/wp\/v2\/media?parent=1896"}],"curies":[{"name":"wp","href":"https:\/\/api.w.org\/{rel}","templated":true}]}}