{"id":1899,"date":"2026-04-21T22:43:23","date_gmt":"2026-04-22T04:43:23","guid":{"rendered":"https:\/\/blog.samantha365mx.com\/?page_id=1899"},"modified":"2026-04-21T22:45:45","modified_gmt":"2026-04-22T04:45:45","slug":"7th-global-power-platform-bootcamp-2026-mexico","status":"publish","type":"page","link":"https:\/\/blog.samantha365mx.com\/index.php\/7th-global-power-platform-bootcamp-2026-mexico\/","title":{"rendered":"7th Global Power Platform Bootcamp 2026 M\u00e9xico"},"content":{"rendered":"\n<p>Este 20 de Febrero celebramos el 7mo Global Power Platform Bootcamp 2026 M\u00e9xico.<\/p>\n\n\n\n<p>Con invitados de la Ciudad de M\u00e9xico, Estado de M\u00e9xico, Hidalgo, Baja California y Guanajuato.<\/p>\n\n\n\n<p>Organizadoras y anfitrionas: Luisa Puebla y Samantha Villarreal<\/p>\n\n\n\n<p>Inscripciones al p\u00fablico en general: <a href=\"https:\/\/l.facebook.com\/l.php?u=https%3A%2F%2Fwww.meetup.com%2Fes-ES%2Fglobalaicdmx%2Fevents%2F312777254%2F%3Ffbclid%3DIwZXh0bgNhZW0CMTAAYnJpZBExRDB0QnhweHIwU2VQWHl3a3NydGMGYXBwX2lkEDIyMjAzOTE3ODgyMDA4OTIAAR4BcZg0nC0f4BcuS61yFKKPinnVZAsrortIOzcrNi9sBtfr_LkH84nOYE3JjQ_aem_4zb2fdufauDBFLYMxcsX4w&amp;h=AT4wXTqdcFJPjL-fW-uuIF9RIq9QieSqJF6cvSPSt_Oej7xM98Gt9nELGajonpYG0y23zGwvnx3eWAeNH_CcYdodAWW7J9TdEDrLiLPjF4HlEidp3JgSBIG6Np8mZ_GIMR5XdXGO344WTw&amp;__tn__=-UK-R&amp;c[0]=AT7rMhtNtBUVC-wanaUrOVGZHbo5TzKAqy90QKEjpGPglFORPBpuouSBqR8I7L3hQJJJmxSqFRMto6YVCtiWgpiXFa9am1hV5v2iY_T_s_r1aVDoy14cxWlwZ2m-ynGTZSKjwxm1tsXb9R__Ya2ohar35HTrutRc1vll5Wr_ofDVpO46fVJMyQw1zTr_b2pwTsvkSQhCwClYMRky0HnwBCAlDdduHA\" target=\"_blank\" rel=\"noreferrer noopener\">https:\/\/www.meetup.com\/es-ES\/globalaicdmx\/events\/312777254\/<\/a><\/p>\n\n\n\n<p>Las inscripciones para estudiantes y comunidad de las universidades invitadas ser\u00e1 a trav\u00e9s de un enlace interno que te proporcionar\u00e1 tu instituci\u00f3n<\/p>\n\n\n\n<p>Ambos registros te har\u00e1n llegar un correo electr\u00f3nico de confirmaci\u00f3n.<\/p>\n\n\n\n<p>Lugar: Universidad La Salle Nezahualc\u00f3yolt, <\/p>\n\n\n\n<p>Invitan: Microsoft, Cap\u00edtulo Global AI Mexico City, Comunidad Mujeres TICS Latam y Microsoft MVP<\/p>\n\n\n\n<p>PROGRAMA<\/p>\n\n\n\n<figure class=\"wp-block-image size-large\"><img loading=\"lazy\" decoding=\"async\" width=\"1024\" height=\"585\" src=\"https:\/\/blog.samantha365mx.com\/wp-content\/uploads\/2026\/04\/1-1024x585.jpg\" alt=\"\" class=\"wp-image-1902\" srcset=\"https:\/\/blog.samantha365mx.com\/wp-content\/uploads\/2026\/04\/1-1024x585.jpg 1024w, https:\/\/blog.samantha365mx.com\/wp-content\/uploads\/2026\/04\/1-300x171.jpg 300w, https:\/\/blog.samantha365mx.com\/wp-content\/uploads\/2026\/04\/1-768x439.jpg 768w, https:\/\/blog.samantha365mx.com\/wp-content\/uploads\/2026\/04\/1-1536x877.jpg 1536w, https:\/\/blog.samantha365mx.com\/wp-content\/uploads\/2026\/04\/1.jpg 1889w\" sizes=\"auto, (max-width: 1024px) 100vw, 1024px\" \/><\/figure>\n\n\n\n<figure class=\"wp-block-gallery has-nested-images columns-default is-cropped wp-block-gallery-1 is-layout-flex wp-block-gallery-is-layout-flex\">\n<figure class=\"wp-block-image size-large\"><img loading=\"lazy\" decoding=\"async\" width=\"1024\" height=\"585\" data-id=\"1900\" src=\"https:\/\/blog.samantha365mx.com\/wp-content\/uploads\/2026\/04\/2-1024x585.jpg\" alt=\"\" class=\"wp-image-1900\" srcset=\"https:\/\/blog.samantha365mx.com\/wp-content\/uploads\/2026\/04\/2-1024x585.jpg 1024w, https:\/\/blog.samantha365mx.com\/wp-content\/uploads\/2026\/04\/2-300x171.jpg 300w, https:\/\/blog.samantha365mx.com\/wp-content\/uploads\/2026\/04\/2-768x439.jpg 768w, https:\/\/blog.samantha365mx.com\/wp-content\/uploads\/2026\/04\/2-1536x878.jpg 1536w, https:\/\/blog.samantha365mx.com\/wp-content\/uploads\/2026\/04\/2.jpg 1888w\" sizes=\"auto, (max-width: 1024px) 100vw, 1024px\" \/><\/figure>\n\n\n\n<figure class=\"wp-block-image size-large\"><img loading=\"lazy\" decoding=\"async\" width=\"1024\" height=\"585\" data-id=\"1903\" src=\"https:\/\/blog.samantha365mx.com\/wp-content\/uploads\/2026\/04\/3-1024x585.jpg\" alt=\"\" class=\"wp-image-1903\" srcset=\"https:\/\/blog.samantha365mx.com\/wp-content\/uploads\/2026\/04\/3-1024x585.jpg 1024w, https:\/\/blog.samantha365mx.com\/wp-content\/uploads\/2026\/04\/3-300x171.jpg 300w, https:\/\/blog.samantha365mx.com\/wp-content\/uploads\/2026\/04\/3-768x438.jpg 768w, https:\/\/blog.samantha365mx.com\/wp-content\/uploads\/2026\/04\/3-1536x877.jpg 1536w, https:\/\/blog.samantha365mx.com\/wp-content\/uploads\/2026\/04\/3.jpg 1890w\" sizes=\"auto, (max-width: 1024px) 100vw, 1024px\" \/><\/figure>\n\n\n\n<figure class=\"wp-block-image size-large\"><img loading=\"lazy\" decoding=\"async\" width=\"1024\" height=\"585\" data-id=\"1901\" src=\"https:\/\/blog.samantha365mx.com\/wp-content\/uploads\/2026\/04\/4-1024x585.jpg\" alt=\"\" class=\"wp-image-1901\" srcset=\"https:\/\/blog.samantha365mx.com\/wp-content\/uploads\/2026\/04\/4-1024x585.jpg 1024w, https:\/\/blog.samantha365mx.com\/wp-content\/uploads\/2026\/04\/4-300x171.jpg 300w, https:\/\/blog.samantha365mx.com\/wp-content\/uploads\/2026\/04\/4-768x439.jpg 768w, https:\/\/blog.samantha365mx.com\/wp-content\/uploads\/2026\/04\/4-1536x878.jpg 1536w, https:\/\/blog.samantha365mx.com\/wp-content\/uploads\/2026\/04\/4.jpg 1888w\" sizes=\"auto, (max-width: 1024px) 100vw, 1024px\" \/><\/figure>\n\n\n\n<figure class=\"wp-block-image size-large\"><img loading=\"lazy\" decoding=\"async\" width=\"1889\" height=\"1079\" data-id=\"1904\" src=\"https:\/\/blog.samantha365mx.com\/wp-content\/uploads\/2026\/04\/5-1024x585.jpg\" alt=\"\" class=\"wp-image-1904\" srcset=\"https:\/\/blog.samantha365mx.com\/wp-content\/uploads\/2026\/04\/5-1024x585.jpg 1024w, https:\/\/blog.samantha365mx.com\/wp-content\/uploads\/2026\/04\/5-300x171.jpg 300w, https:\/\/blog.samantha365mx.com\/wp-content\/uploads\/2026\/04\/5-768x439.jpg 768w, https:\/\/blog.samantha365mx.com\/wp-content\/uploads\/2026\/04\/5-1536x877.jpg 1536w, https:\/\/blog.samantha365mx.com\/wp-content\/uploads\/2026\/04\/5.jpg 1889w\" sizes=\"auto, (max-width: 1889px) 100vw, 1889px\" \/><\/figure>\n\n\n\n<figure class=\"wp-block-image size-large\"><img loading=\"lazy\" decoding=\"async\" width=\"1024\" height=\"585\" data-id=\"1907\" src=\"https:\/\/blog.samantha365mx.com\/wp-content\/uploads\/2026\/04\/6-1024x585.jpg\" alt=\"\" class=\"wp-image-1907\" srcset=\"https:\/\/blog.samantha365mx.com\/wp-content\/uploads\/2026\/04\/6-1024x585.jpg 1024w, https:\/\/blog.samantha365mx.com\/wp-content\/uploads\/2026\/04\/6-300x171.jpg 300w, https:\/\/blog.samantha365mx.com\/wp-content\/uploads\/2026\/04\/6-768x439.jpg 768w, https:\/\/blog.samantha365mx.com\/wp-content\/uploads\/2026\/04\/6-1536x878.jpg 1536w, https:\/\/blog.samantha365mx.com\/wp-content\/uploads\/2026\/04\/6.jpg 1888w\" sizes=\"auto, (max-width: 1024px) 100vw, 1024px\" \/><\/figure>\n\n\n\n<figure class=\"wp-block-image size-large\"><img loading=\"lazy\" decoding=\"async\" width=\"1024\" height=\"585\" data-id=\"1906\" src=\"https:\/\/blog.samantha365mx.com\/wp-content\/uploads\/2026\/04\/7-1024x585.jpg\" alt=\"\" class=\"wp-image-1906\" srcset=\"https:\/\/blog.samantha365mx.com\/wp-content\/uploads\/2026\/04\/7-1024x585.jpg 1024w, https:\/\/blog.samantha365mx.com\/wp-content\/uploads\/2026\/04\/7-300x171.jpg 300w, https:\/\/blog.samantha365mx.com\/wp-content\/uploads\/2026\/04\/7-768x439.jpg 768w, https:\/\/blog.samantha365mx.com\/wp-content\/uploads\/2026\/04\/7-1536x878.jpg 1536w, https:\/\/blog.samantha365mx.com\/wp-content\/uploads\/2026\/04\/7.jpg 1888w\" sizes=\"auto, (max-width: 1024px) 100vw, 1024px\" \/><\/figure>\n\n\n\n<figure class=\"wp-block-image size-large\"><img loading=\"lazy\" decoding=\"async\" width=\"1024\" height=\"585\" data-id=\"1905\" src=\"https:\/\/blog.samantha365mx.com\/wp-content\/uploads\/2026\/04\/8-1024x585.jpg\" alt=\"\" class=\"wp-image-1905\" srcset=\"https:\/\/blog.samantha365mx.com\/wp-content\/uploads\/2026\/04\/8-1024x585.jpg 1024w, https:\/\/blog.samantha365mx.com\/wp-content\/uploads\/2026\/04\/8-300x171.jpg 300w, https:\/\/blog.samantha365mx.com\/wp-content\/uploads\/2026\/04\/8-768x439.jpg 768w, https:\/\/blog.samantha365mx.com\/wp-content\/uploads\/2026\/04\/8-1536x878.jpg 1536w, https:\/\/blog.samantha365mx.com\/wp-content\/uploads\/2026\/04\/8.jpg 1888w\" sizes=\"auto, (max-width: 1024px) 100vw, 1024px\" \/><\/figure>\n<\/figure>\n\n\n\n<p>FOTOS DEL EVENTO<\/p>\n\n\n\n<figure class=\"wp-block-gallery has-nested-images columns-default is-cropped wp-block-gallery-2 is-layout-flex wp-block-gallery-is-layout-flex\">\n<figure class=\"wp-block-image size-large\"><img loading=\"lazy\" decoding=\"async\" width=\"1024\" height=\"896\" data-id=\"1911\" src=\"https:\/\/blog.samantha365mx.com\/wp-content\/uploads\/2026\/04\/Samantha-1024x896.jpg\" alt=\"\" class=\"wp-image-1911\" srcset=\"https:\/\/blog.samantha365mx.com\/wp-content\/uploads\/2026\/04\/Samantha-1024x896.jpg 1024w, https:\/\/blog.samantha365mx.com\/wp-content\/uploads\/2026\/04\/Samantha-300x263.jpg 300w, https:\/\/blog.samantha365mx.com\/wp-content\/uploads\/2026\/04\/Samantha-768x672.jpg 768w, https:\/\/blog.samantha365mx.com\/wp-content\/uploads\/2026\/04\/Samantha-1536x1344.jpg 1536w, https:\/\/blog.samantha365mx.com\/wp-content\/uploads\/2026\/04\/Samantha-90x80.jpg 90w, https:\/\/blog.samantha365mx.com\/wp-content\/uploads\/2026\/04\/Samantha.jpg 2048w\" sizes=\"auto, (max-width: 1024px) 100vw, 1024px\" \/><\/figure>\n\n\n\n<figure class=\"wp-block-image size-large\"><img loading=\"lazy\" decoding=\"async\" width=\"1024\" height=\"768\" data-id=\"1909\" src=\"https:\/\/blog.samantha365mx.com\/wp-content\/uploads\/2026\/04\/1-1-1024x768.jpg\" alt=\"\" class=\"wp-image-1909\" srcset=\"https:\/\/blog.samantha365mx.com\/wp-content\/uploads\/2026\/04\/1-1-1024x768.jpg 1024w, https:\/\/blog.samantha365mx.com\/wp-content\/uploads\/2026\/04\/1-1-300x225.jpg 300w, https:\/\/blog.samantha365mx.com\/wp-content\/uploads\/2026\/04\/1-1-768x576.jpg 768w, https:\/\/blog.samantha365mx.com\/wp-content\/uploads\/2026\/04\/1-1.jpg 1280w\" sizes=\"auto, (max-width: 1024px) 100vw, 1024px\" \/><\/figure>\n\n\n\n<figure class=\"wp-block-image size-large\"><img loading=\"lazy\" decoding=\"async\" width=\"1024\" height=\"409\" data-id=\"1908\" src=\"https:\/\/blog.samantha365mx.com\/wp-content\/uploads\/2026\/04\/Auditorio-interior-1024x409.jpg\" alt=\"\" class=\"wp-image-1908\" srcset=\"https:\/\/blog.samantha365mx.com\/wp-content\/uploads\/2026\/04\/Auditorio-interior-1024x409.jpg 1024w, https:\/\/blog.samantha365mx.com\/wp-content\/uploads\/2026\/04\/Auditorio-interior-300x120.jpg 300w, https:\/\/blog.samantha365mx.com\/wp-content\/uploads\/2026\/04\/Auditorio-interior-768x306.jpg 768w, https:\/\/blog.samantha365mx.com\/wp-content\/uploads\/2026\/04\/Auditorio-interior-1536x613.jpg 1536w, https:\/\/blog.samantha365mx.com\/wp-content\/uploads\/2026\/04\/Auditorio-interior.jpg 1624w\" sizes=\"auto, (max-width: 1024px) 100vw, 1024px\" \/><\/figure>\n\n\n\n<figure class=\"wp-block-image size-large\"><img loading=\"lazy\" decoding=\"async\" width=\"768\" height=\"1024\" data-id=\"1910\" src=\"https:\/\/blog.samantha365mx.com\/wp-content\/uploads\/2026\/04\/Auditorio-768x1024.jpg\" alt=\"\" class=\"wp-image-1910\" srcset=\"https:\/\/blog.samantha365mx.com\/wp-content\/uploads\/2026\/04\/Auditorio-768x1024.jpg 768w, https:\/\/blog.samantha365mx.com\/wp-content\/uploads\/2026\/04\/Auditorio-225x300.jpg 225w, https:\/\/blog.samantha365mx.com\/wp-content\/uploads\/2026\/04\/Auditorio-1152x1536.jpg 1152w, https:\/\/blog.samantha365mx.com\/wp-content\/uploads\/2026\/04\/Auditorio.jpg 1200w\" sizes=\"auto, (max-width: 768px) 100vw, 768px\" \/><\/figure>\n\n\n\n<figure class=\"wp-block-image size-large\"><img loading=\"lazy\" decoding=\"async\" width=\"1024\" height=\"683\" data-id=\"1914\" src=\"https:\/\/blog.samantha365mx.com\/wp-content\/uploads\/2026\/04\/Conferencia-1024x683.jpg\" alt=\"\" class=\"wp-image-1914\" srcset=\"https:\/\/blog.samantha365mx.com\/wp-content\/uploads\/2026\/04\/Conferencia-1024x683.jpg 1024w, https:\/\/blog.samantha365mx.com\/wp-content\/uploads\/2026\/04\/Conferencia-300x200.jpg 300w, https:\/\/blog.samantha365mx.com\/wp-content\/uploads\/2026\/04\/Conferencia-768x512.jpg 768w, https:\/\/blog.samantha365mx.com\/wp-content\/uploads\/2026\/04\/Conferencia-1536x1024.jpg 1536w, https:\/\/blog.samantha365mx.com\/wp-content\/uploads\/2026\/04\/Conferencia.jpg 2048w\" sizes=\"auto, (max-width: 1024px) 100vw, 1024px\" \/><\/figure>\n\n\n\n<figure class=\"wp-block-image size-large\"><img loading=\"lazy\" decoding=\"async\" width=\"1024\" height=\"576\" data-id=\"1912\" src=\"https:\/\/blog.samantha365mx.com\/wp-content\/uploads\/2026\/04\/Conferencia2-1024x576.jpg\" alt=\"\" class=\"wp-image-1912\" srcset=\"https:\/\/blog.samantha365mx.com\/wp-content\/uploads\/2026\/04\/Conferencia2-1024x576.jpg 1024w, https:\/\/blog.samantha365mx.com\/wp-content\/uploads\/2026\/04\/Conferencia2-300x169.jpg 300w, https:\/\/blog.samantha365mx.com\/wp-content\/uploads\/2026\/04\/Conferencia2-768x432.jpg 768w, https:\/\/blog.samantha365mx.com\/wp-content\/uploads\/2026\/04\/Conferencia2-1536x864.jpg 1536w, https:\/\/blog.samantha365mx.com\/wp-content\/uploads\/2026\/04\/Conferencia2.jpg 2048w\" sizes=\"auto, (max-width: 1024px) 100vw, 1024px\" \/><\/figure>\n\n\n\n<figure class=\"wp-block-image size-large\"><img loading=\"lazy\" decoding=\"async\" width=\"1024\" height=\"683\" data-id=\"1913\" src=\"https:\/\/blog.samantha365mx.com\/wp-content\/uploads\/2026\/04\/Conferencia3-1024x683.jpg\" alt=\"\" class=\"wp-image-1913\" srcset=\"https:\/\/blog.samantha365mx.com\/wp-content\/uploads\/2026\/04\/Conferencia3-1024x683.jpg 1024w, https:\/\/blog.samantha365mx.com\/wp-content\/uploads\/2026\/04\/Conferencia3-300x200.jpg 300w, https:\/\/blog.samantha365mx.com\/wp-content\/uploads\/2026\/04\/Conferencia3-768x512.jpg 768w, https:\/\/blog.samantha365mx.com\/wp-content\/uploads\/2026\/04\/Conferencia3-1536x1024.jpg 1536w, https:\/\/blog.samantha365mx.com\/wp-content\/uploads\/2026\/04\/Conferencia3.jpg 2048w\" sizes=\"auto, (max-width: 1024px) 100vw, 1024px\" \/><\/figure>\n\n\n\n<figure class=\"wp-block-image size-large\"><img loading=\"lazy\" decoding=\"async\" width=\"1024\" height=\"683\" data-id=\"1915\" src=\"https:\/\/blog.samantha365mx.com\/wp-content\/uploads\/2026\/04\/Conferencia4-1024x683.jpg\" alt=\"\" class=\"wp-image-1915\" srcset=\"https:\/\/blog.samantha365mx.com\/wp-content\/uploads\/2026\/04\/Conferencia4-1024x683.jpg 1024w, https:\/\/blog.samantha365mx.com\/wp-content\/uploads\/2026\/04\/Conferencia4-300x200.jpg 300w, https:\/\/blog.samantha365mx.com\/wp-content\/uploads\/2026\/04\/Conferencia4-768x512.jpg 768w, https:\/\/blog.samantha365mx.com\/wp-content\/uploads\/2026\/04\/Conferencia4-1536x1024.jpg 1536w, https:\/\/blog.samantha365mx.com\/wp-content\/uploads\/2026\/04\/Conferencia4.jpg 2048w\" sizes=\"auto, (max-width: 1024px) 100vw, 1024px\" \/><\/figure>\n\n\n\n<figure class=\"wp-block-image size-large\"><img loading=\"lazy\" decoding=\"async\" width=\"1024\" height=\"649\" data-id=\"1916\" src=\"https:\/\/blog.samantha365mx.com\/wp-content\/uploads\/2026\/04\/Conferencia5-1024x649.jpg\" alt=\"\" class=\"wp-image-1916\" srcset=\"https:\/\/blog.samantha365mx.com\/wp-content\/uploads\/2026\/04\/Conferencia5-1024x649.jpg 1024w, https:\/\/blog.samantha365mx.com\/wp-content\/uploads\/2026\/04\/Conferencia5-300x190.jpg 300w, https:\/\/blog.samantha365mx.com\/wp-content\/uploads\/2026\/04\/Conferencia5-768x486.jpg 768w, https:\/\/blog.samantha365mx.com\/wp-content\/uploads\/2026\/04\/Conferencia5.jpg 1440w\" sizes=\"auto, (max-width: 1024px) 100vw, 1024px\" \/><\/figure>\n\n\n\n<figure class=\"wp-block-image size-large\"><img loading=\"lazy\" decoding=\"async\" width=\"1024\" height=\"768\" data-id=\"1917\" src=\"https:\/\/blog.samantha365mx.com\/wp-content\/uploads\/2026\/04\/Conferencistas-1-1024x768.jpg\" alt=\"\" class=\"wp-image-1917\" srcset=\"https:\/\/blog.samantha365mx.com\/wp-content\/uploads\/2026\/04\/Conferencistas-1-1024x768.jpg 1024w, https:\/\/blog.samantha365mx.com\/wp-content\/uploads\/2026\/04\/Conferencistas-1-300x225.jpg 300w, https:\/\/blog.samantha365mx.com\/wp-content\/uploads\/2026\/04\/Conferencistas-1-768x576.jpg 768w, https:\/\/blog.samantha365mx.com\/wp-content\/uploads\/2026\/04\/Conferencistas-1.jpg 1280w\" sizes=\"auto, (max-width: 1024px) 100vw, 1024px\" \/><\/figure>\n\n\n\n<figure class=\"wp-block-image size-large\"><img loading=\"lazy\" decoding=\"async\" width=\"768\" height=\"1024\" data-id=\"1918\" src=\"https:\/\/blog.samantha365mx.com\/wp-content\/uploads\/2026\/04\/Entrada-Universidad-la-Salle-768x1024.jpg\" alt=\"\" class=\"wp-image-1918\" srcset=\"https:\/\/blog.samantha365mx.com\/wp-content\/uploads\/2026\/04\/Entrada-Universidad-la-Salle-768x1024.jpg 768w, https:\/\/blog.samantha365mx.com\/wp-content\/uploads\/2026\/04\/Entrada-Universidad-la-Salle-225x300.jpg 225w, https:\/\/blog.samantha365mx.com\/wp-content\/uploads\/2026\/04\/Entrada-Universidad-la-Salle-1152x1536.jpg 1152w, https:\/\/blog.samantha365mx.com\/wp-content\/uploads\/2026\/04\/Entrada-Universidad-la-Salle.jpg 1200w\" sizes=\"auto, (max-width: 768px) 100vw, 768px\" \/><\/figure>\n\n\n\n<figure class=\"wp-block-image size-large\"><img loading=\"lazy\" decoding=\"async\" width=\"1024\" height=\"768\" data-id=\"1919\" src=\"https:\/\/blog.samantha365mx.com\/wp-content\/uploads\/2026\/04\/Final-del-evento-1024x768.jpg\" alt=\"\" class=\"wp-image-1919\" srcset=\"https:\/\/blog.samantha365mx.com\/wp-content\/uploads\/2026\/04\/Final-del-evento-1024x768.jpg 1024w, https:\/\/blog.samantha365mx.com\/wp-content\/uploads\/2026\/04\/Final-del-evento-300x225.jpg 300w, https:\/\/blog.samantha365mx.com\/wp-content\/uploads\/2026\/04\/Final-del-evento-768x576.jpg 768w, https:\/\/blog.samantha365mx.com\/wp-content\/uploads\/2026\/04\/Final-del-evento.jpg 1280w\" sizes=\"auto, (max-width: 1024px) 100vw, 1024px\" \/><\/figure>\n\n\n\n<figure class=\"wp-block-image size-large\"><img loading=\"lazy\" decoding=\"async\" width=\"1024\" height=\"683\" data-id=\"1920\" src=\"https:\/\/blog.samantha365mx.com\/wp-content\/uploads\/2026\/04\/Inauguracion-1024x683.jpg\" alt=\"\" class=\"wp-image-1920\" srcset=\"https:\/\/blog.samantha365mx.com\/wp-content\/uploads\/2026\/04\/Inauguracion-1024x683.jpg 1024w, https:\/\/blog.samantha365mx.com\/wp-content\/uploads\/2026\/04\/Inauguracion-300x200.jpg 300w, https:\/\/blog.samantha365mx.com\/wp-content\/uploads\/2026\/04\/Inauguracion-768x512.jpg 768w, https:\/\/blog.samantha365mx.com\/wp-content\/uploads\/2026\/04\/Inauguracion-1536x1024.jpg 1536w, https:\/\/blog.samantha365mx.com\/wp-content\/uploads\/2026\/04\/Inauguracion.jpg 2048w\" sizes=\"auto, (max-width: 1024px) 100vw, 1024px\" \/><\/figure>\n\n\n\n<figure class=\"wp-block-image size-large\"><img loading=\"lazy\" decoding=\"async\" width=\"1024\" height=\"896\" data-id=\"1922\" src=\"https:\/\/blog.samantha365mx.com\/wp-content\/uploads\/2026\/04\/Registro-2-1024x896.jpg\" alt=\"\" class=\"wp-image-1922\" srcset=\"https:\/\/blog.samantha365mx.com\/wp-content\/uploads\/2026\/04\/Registro-2-1024x896.jpg 1024w, https:\/\/blog.samantha365mx.com\/wp-content\/uploads\/2026\/04\/Registro-2-300x263.jpg 300w, https:\/\/blog.samantha365mx.com\/wp-content\/uploads\/2026\/04\/Registro-2-768x672.jpg 768w, https:\/\/blog.samantha365mx.com\/wp-content\/uploads\/2026\/04\/Registro-2-1536x1344.jpg 1536w, https:\/\/blog.samantha365mx.com\/wp-content\/uploads\/2026\/04\/Registro-2-90x80.jpg 90w, https:\/\/blog.samantha365mx.com\/wp-content\/uploads\/2026\/04\/Registro-2.jpg 2048w\" sizes=\"auto, (max-width: 1024px) 100vw, 1024px\" \/><\/figure>\n\n\n\n<figure class=\"wp-block-image size-large\"><img loading=\"lazy\" decoding=\"async\" width=\"1024\" height=\"896\" data-id=\"1921\" src=\"https:\/\/blog.samantha365mx.com\/wp-content\/uploads\/2026\/04\/Registro-1024x896.jpg\" alt=\"\" class=\"wp-image-1921\" srcset=\"https:\/\/blog.samantha365mx.com\/wp-content\/uploads\/2026\/04\/Registro-1024x896.jpg 1024w, https:\/\/blog.samantha365mx.com\/wp-content\/uploads\/2026\/04\/Registro-300x263.jpg 300w, https:\/\/blog.samantha365mx.com\/wp-content\/uploads\/2026\/04\/Registro-768x672.jpg 768w, https:\/\/blog.samantha365mx.com\/wp-content\/uploads\/2026\/04\/Registro-1536x1344.jpg 1536w, https:\/\/blog.samantha365mx.com\/wp-content\/uploads\/2026\/04\/Registro-90x80.jpg 90w, https:\/\/blog.samantha365mx.com\/wp-content\/uploads\/2026\/04\/Registro.jpg 2048w\" sizes=\"auto, (max-width: 1024px) 100vw, 1024px\" \/><\/figure>\n<\/figure>\n\n\n\n<p>Tu banner favorito<\/p>\n\n\n\n<figure class=\"wp-block-gallery has-nested-images columns-default is-cropped wp-block-gallery-3 is-layout-flex wp-block-gallery-is-layout-flex\">\n<figure class=\"wp-block-image size-large\"><img loading=\"lazy\" decoding=\"async\" width=\"943\" height=\"716\" data-id=\"1923\" src=\"https:\/\/blog.samantha365mx.com\/wp-content\/uploads\/2026\/04\/1-2.jpg\" alt=\"\" class=\"wp-image-1923\" srcset=\"https:\/\/blog.samantha365mx.com\/wp-content\/uploads\/2026\/04\/1-2.jpg 943w, https:\/\/blog.samantha365mx.com\/wp-content\/uploads\/2026\/04\/1-2-300x228.jpg 300w, https:\/\/blog.samantha365mx.com\/wp-content\/uploads\/2026\/04\/1-2-768x583.jpg 768w\" sizes=\"auto, (max-width: 943px) 100vw, 943px\" \/><\/figure>\n\n\n\n<figure class=\"wp-block-image size-large\"><img loading=\"lazy\" decoding=\"async\" width=\"936\" height=\"732\" data-id=\"1924\" src=\"https:\/\/blog.samantha365mx.com\/wp-content\/uploads\/2026\/04\/2-1.jpg\" alt=\"\" class=\"wp-image-1924\" srcset=\"https:\/\/blog.samantha365mx.com\/wp-content\/uploads\/2026\/04\/2-1.jpg 936w, https:\/\/blog.samantha365mx.com\/wp-content\/uploads\/2026\/04\/2-1-300x235.jpg 300w, https:\/\/blog.samantha365mx.com\/wp-content\/uploads\/2026\/04\/2-1-768x601.jpg 768w\" sizes=\"auto, (max-width: 936px) 100vw, 936px\" \/><\/figure>\n\n\n\n<figure class=\"wp-block-image size-large\"><img loading=\"lazy\" decoding=\"async\" width=\"910\" height=\"705\" data-id=\"1925\" src=\"https:\/\/blog.samantha365mx.com\/wp-content\/uploads\/2026\/04\/3-1.jpg\" alt=\"\" class=\"wp-image-1925\" srcset=\"https:\/\/blog.samantha365mx.com\/wp-content\/uploads\/2026\/04\/3-1.jpg 910w, https:\/\/blog.samantha365mx.com\/wp-content\/uploads\/2026\/04\/3-1-300x232.jpg 300w, https:\/\/blog.samantha365mx.com\/wp-content\/uploads\/2026\/04\/3-1-768x595.jpg 768w\" sizes=\"auto, (max-width: 910px) 100vw, 910px\" \/><\/figure>\n\n\n\n<figure class=\"wp-block-image size-large\"><img loading=\"lazy\" decoding=\"async\" width=\"925\" height=\"717\" data-id=\"1927\" src=\"https:\/\/blog.samantha365mx.com\/wp-content\/uploads\/2026\/04\/4-1.jpg\" alt=\"\" class=\"wp-image-1927\" srcset=\"https:\/\/blog.samantha365mx.com\/wp-content\/uploads\/2026\/04\/4-1.jpg 925w, https:\/\/blog.samantha365mx.com\/wp-content\/uploads\/2026\/04\/4-1-300x233.jpg 300w, https:\/\/blog.samantha365mx.com\/wp-content\/uploads\/2026\/04\/4-1-768x595.jpg 768w\" sizes=\"auto, (max-width: 925px) 100vw, 925px\" \/><\/figure>\n\n\n\n<figure class=\"wp-block-image size-large\"><img loading=\"lazy\" decoding=\"async\" width=\"942\" height=\"745\" data-id=\"1926\" src=\"https:\/\/blog.samantha365mx.com\/wp-content\/uploads\/2026\/04\/5-1.jpg\" alt=\"\" class=\"wp-image-1926\" srcset=\"https:\/\/blog.samantha365mx.com\/wp-content\/uploads\/2026\/04\/5-1.jpg 942w, https:\/\/blog.samantha365mx.com\/wp-content\/uploads\/2026\/04\/5-1-300x237.jpg 300w, https:\/\/blog.samantha365mx.com\/wp-content\/uploads\/2026\/04\/5-1-768x607.jpg 768w\" sizes=\"auto, (max-width: 942px) 100vw, 942px\" \/><\/figure>\n\n\n\n<figure class=\"wp-block-image size-large\"><img loading=\"lazy\" decoding=\"async\" width=\"931\" height=\"719\" data-id=\"1928\" src=\"https:\/\/blog.samantha365mx.com\/wp-content\/uploads\/2026\/04\/6-1.jpg\" alt=\"\" class=\"wp-image-1928\" srcset=\"https:\/\/blog.samantha365mx.com\/wp-content\/uploads\/2026\/04\/6-1.jpg 931w, https:\/\/blog.samantha365mx.com\/wp-content\/uploads\/2026\/04\/6-1-300x232.jpg 300w, https:\/\/blog.samantha365mx.com\/wp-content\/uploads\/2026\/04\/6-1-768x593.jpg 768w\" sizes=\"auto, (max-width: 931px) 100vw, 931px\" \/><\/figure>\n<\/figure>\n","protected":false},"excerpt":{"rendered":"<p class=\"text-justify\">Este 20 de Febrero celebramos el 7mo Global Power Platform Bootcamp 2026 M\u00e9xico. Con invitados de la Ciudad de M\u00e9xico, Estado de [&hellip;]<\/p>\n","protected":false},"author":2,"featured_media":0,"parent":0,"menu_order":0,"comment_status":"closed","ping_status":"closed","template":"","meta":{"footnotes":""},"class_list":["post-1899","page","type-page","status-publish","hentry"],"_links":{"self":[{"href":"https:\/\/blog.samantha365mx.com\/index.php\/wp-json\/wp\/v2\/pages\/1899","targetHints":{"allow":["GET"]}}],"collection":[{"href":"https:\/\/blog.samantha365mx.com\/index.php\/wp-json\/wp\/v2\/pages"}],"about":[{"href":"https:\/\/blog.samantha365mx.com\/index.php\/wp-json\/wp\/v2\/types\/page"}],"author":[{"embeddable":true,"href":"https:\/\/blog.samantha365mx.com\/index.php\/wp-json\/wp\/v2\/users\/2"}],"replies":[{"embeddable":true,"href":"https:\/\/blog.samantha365mx.com\/index.php\/wp-json\/wp\/v2\/comments?post=1899"}],"version-history":[{"count":2,"href":"https:\/\/blog.samantha365mx.com\/index.php\/wp-json\/wp\/v2\/pages\/1899\/revisions"}],"predecessor-version":[{"id":1930,"href":"https:\/\/blog.samantha365mx.com\/index.php\/wp-json\/wp\/v2\/pages\/1899\/revisions\/1930"}],"wp:attachment":[{"href":"https:\/\/blog.samantha365mx.com\/index.php\/wp-json\/wp\/v2\/media?parent=1899"}],"curies":[{"name":"wp","href":"https:\/\/api.w.org\/{rel}","templated":true}]}}