{"id":1931,"date":"2026-04-21T22:53:52","date_gmt":"2026-04-22T04:53:52","guid":{"rendered":"https:\/\/blog.samantha365mx.com\/?page_id=1931"},"modified":"2026-04-21T22:53:52","modified_gmt":"2026-04-22T04:53:52","slug":"conferencista-en-get-cs-latam-copilot-como-socio-estrateegico-innovacion-productividad-y-talento-en-la-era-de-la-ia","status":"publish","type":"page","link":"https:\/\/blog.samantha365mx.com\/index.php\/conferencista-en-get-cs-latam-copilot-como-socio-estrateegico-innovacion-productividad-y-talento-en-la-era-de-la-ia\/","title":{"rendered":"Conferencista en Get-CS Latam &#8220;Copilot como socio estrat\u00e9egico: innovaci\u00f3n, productividad y talento en la era de la IA&#8221;"},"content":{"rendered":"\n<p id=\"isPasted\"><strong>Get-CsLatam Conference<\/strong>&nbsp;es el punto de encuentro m\u00e1s relevante en Latinoam\u00e9rica para profesionales que lideran la transformaci\u00f3n digital con tecnolog\u00edas Microsoft. Durante esta edici\u00f3n, exploraremos las \u00faltimas tendencias en&nbsp;<strong>Comunicaciones Unificadas, Colaboraci\u00f3n, Productividad, Inteligencia Artificial y Modern Workplace<\/strong>, de la mano de los principales referentes del sector.<\/p>\n\n\n\n<p>El evento re\u00fane a expertos internacionales, Microsoft MVPs y representantes oficiales de Microsoft M\u00e9xico y Microsoft Corp, quienes compartir\u00e1n conocimientos pr\u00e1cticos, casos de \u00e9xito y estrategias que est\u00e1n redefiniendo la forma en que trabajamos.<\/p>\n\n\n\n<p>Este a\u00f1o tuve la oportunidad de participar nuevamente como conferencista con el tema: &#8220;Copilot como socio estrat\u00e9egico: innovaci\u00f3n, productividad y talento en la era de la IA&#8221; el 13 de febrero de 2026. <\/p>\n\n\n\n<p>Este es el resumen de la sesi\u00f3n:<\/p>\n\n\n\n<p>Descubre c\u00f3mo las empresas est\u00e1n transformando su crecimiento tecnol\u00f3gico y laboral al integrar Copilot como aliado estrat\u00e9gico. A trav\u00e9s de casos reales, exploraremos c\u00f3mo la inteligencia artificial potencia la innovaci\u00f3n, mejora la productividad y empodera al talento humano capacitado.<\/p>\n\n\n\n<p>Compart\u00ed mi experiencia en adopci\u00f3n tecnolog\u00eda con Copilot desde que empez\u00f3 a utilizarse en el ambito empresarial, abordando temas principalmente con aplicaciones de productividad y power platform de Microsoft 365.<\/p>\n\n\n\n<ul class=\"wp-block-list\">\n<li>Habl\u00e9 de la evoluci\u00f3n de Copilot,<\/li>\n\n\n\n<li>Casos de \u00e9xito,<\/li>\n\n\n\n<li>El rol del talento humano capacitado<\/li>\n\n\n\n<li>El uso de Copilot como catalizador de innovaci\u00f3n, con el uso de Work IQ y Frontier en Agentes de Word, Excel y PowerPoint.<\/li>\n\n\n\n<li>Retos y consideraciones \u00e9ticas<\/li>\n\n\n\n<li>Visi\u00f3n al futuro<\/li>\n<\/ul>\n\n\n\n<p>En este enlace puedes ver la informaci\u00f3n de los conferencistas que asistimos este a\u00f1o: <a href=\"https:\/\/events.justattend.com\/events\/conference-speakers\/103316b2\">https:\/\/events.justattend.com\/events\/conference-speakers\/103316b2<\/a><\/p>\n\n\n\n<figure class=\"wp-block-image size-large\"><img loading=\"lazy\" decoding=\"async\" width=\"1024\" height=\"896\" src=\"https:\/\/blog.samantha365mx.com\/wp-content\/uploads\/2026\/04\/image-41-1024x896.png\" alt=\"\" class=\"wp-image-1932\" srcset=\"https:\/\/blog.samantha365mx.com\/wp-content\/uploads\/2026\/04\/image-41-1024x896.png 1024w, https:\/\/blog.samantha365mx.com\/wp-content\/uploads\/2026\/04\/image-41-300x263.png 300w, https:\/\/blog.samantha365mx.com\/wp-content\/uploads\/2026\/04\/image-41-768x672.png 768w, https:\/\/blog.samantha365mx.com\/wp-content\/uploads\/2026\/04\/image-41-1536x1344.png 1536w, https:\/\/blog.samantha365mx.com\/wp-content\/uploads\/2026\/04\/image-41-90x80.png 90w, https:\/\/blog.samantha365mx.com\/wp-content\/uploads\/2026\/04\/image-41.png 2048w\" sizes=\"auto, (max-width: 1024px) 100vw, 1024px\" \/><\/figure>\n\n\n\n<figure class=\"wp-block-gallery has-nested-images columns-default is-cropped wp-block-gallery-1 is-layout-flex wp-block-gallery-is-layout-flex\">\n<figure class=\"wp-block-image size-large\"><img loading=\"lazy\" decoding=\"async\" width=\"1024\" height=\"896\" data-id=\"1933\" src=\"https:\/\/blog.samantha365mx.com\/wp-content\/uploads\/2026\/04\/a3-1024x896.jpg\" alt=\"\" class=\"wp-image-1933\" srcset=\"https:\/\/blog.samantha365mx.com\/wp-content\/uploads\/2026\/04\/a3-1024x896.jpg 1024w, https:\/\/blog.samantha365mx.com\/wp-content\/uploads\/2026\/04\/a3-300x263.jpg 300w, https:\/\/blog.samantha365mx.com\/wp-content\/uploads\/2026\/04\/a3-768x672.jpg 768w, https:\/\/blog.samantha365mx.com\/wp-content\/uploads\/2026\/04\/a3-1536x1344.jpg 1536w, https:\/\/blog.samantha365mx.com\/wp-content\/uploads\/2026\/04\/a3-90x80.jpg 90w, https:\/\/blog.samantha365mx.com\/wp-content\/uploads\/2026\/04\/a3.jpg 2048w\" sizes=\"auto, (max-width: 1024px) 100vw, 1024px\" \/><\/figure>\n\n\n\n<figure class=\"wp-block-image size-large\"><img loading=\"lazy\" decoding=\"async\" width=\"683\" height=\"1024\" data-id=\"1934\" src=\"https:\/\/blog.samantha365mx.com\/wp-content\/uploads\/2026\/04\/a1-683x1024.jpg\" alt=\"\" class=\"wp-image-1934\" srcset=\"https:\/\/blog.samantha365mx.com\/wp-content\/uploads\/2026\/04\/a1-683x1024.jpg 683w, https:\/\/blog.samantha365mx.com\/wp-content\/uploads\/2026\/04\/a1-200x300.jpg 200w, https:\/\/blog.samantha365mx.com\/wp-content\/uploads\/2026\/04\/a1-768x1152.jpg 768w, https:\/\/blog.samantha365mx.com\/wp-content\/uploads\/2026\/04\/a1-1024x1536.jpg 1024w, https:\/\/blog.samantha365mx.com\/wp-content\/uploads\/2026\/04\/a1.jpg 1365w\" sizes=\"auto, (max-width: 683px) 100vw, 683px\" \/><\/figure>\n\n\n\n<figure class=\"wp-block-image size-large\"><img loading=\"lazy\" decoding=\"async\" width=\"683\" height=\"1024\" data-id=\"1936\" src=\"https:\/\/blog.samantha365mx.com\/wp-content\/uploads\/2026\/04\/a2-683x1024.jpg\" alt=\"\" class=\"wp-image-1936\" srcset=\"https:\/\/blog.samantha365mx.com\/wp-content\/uploads\/2026\/04\/a2-683x1024.jpg 683w, https:\/\/blog.samantha365mx.com\/wp-content\/uploads\/2026\/04\/a2-200x300.jpg 200w, https:\/\/blog.samantha365mx.com\/wp-content\/uploads\/2026\/04\/a2-768x1152.jpg 768w, https:\/\/blog.samantha365mx.com\/wp-content\/uploads\/2026\/04\/a2-1024x1536.jpg 1024w, https:\/\/blog.samantha365mx.com\/wp-content\/uploads\/2026\/04\/a2.jpg 1365w\" sizes=\"auto, (max-width: 683px) 100vw, 683px\" \/><\/figure>\n<\/figure>\n","protected":false},"excerpt":{"rendered":"<p class=\"text-justify\">Get-CsLatam Conference&nbsp;es el punto de encuentro m\u00e1s relevante en Latinoam\u00e9rica para profesionales que lideran la transformaci\u00f3n digital con tecnolog\u00edas Microsoft. Durante esta [&hellip;]<\/p>\n","protected":false},"author":2,"featured_media":0,"parent":0,"menu_order":0,"comment_status":"closed","ping_status":"closed","template":"","meta":{"footnotes":""},"class_list":["post-1931","page","type-page","status-publish","hentry"],"_links":{"self":[{"href":"https:\/\/blog.samantha365mx.com\/index.php\/wp-json\/wp\/v2\/pages\/1931","targetHints":{"allow":["GET"]}}],"collection":[{"href":"https:\/\/blog.samantha365mx.com\/index.php\/wp-json\/wp\/v2\/pages"}],"about":[{"href":"https:\/\/blog.samantha365mx.com\/index.php\/wp-json\/wp\/v2\/types\/page"}],"author":[{"embeddable":true,"href":"https:\/\/blog.samantha365mx.com\/index.php\/wp-json\/wp\/v2\/users\/2"}],"replies":[{"embeddable":true,"href":"https:\/\/blog.samantha365mx.com\/index.php\/wp-json\/wp\/v2\/comments?post=1931"}],"version-history":[{"count":1,"href":"https:\/\/blog.samantha365mx.com\/index.php\/wp-json\/wp\/v2\/pages\/1931\/revisions"}],"predecessor-version":[{"id":1937,"href":"https:\/\/blog.samantha365mx.com\/index.php\/wp-json\/wp\/v2\/pages\/1931\/revisions\/1937"}],"wp:attachment":[{"href":"https:\/\/blog.samantha365mx.com\/index.php\/wp-json\/wp\/v2\/media?parent=1931"}],"curies":[{"name":"wp","href":"https:\/\/api.w.org\/{rel}","templated":true}]}}