{"id":1938,"date":"2026-04-21T22:57:55","date_gmt":"2026-04-22T04:57:55","guid":{"rendered":"https:\/\/blog.samantha365mx.com\/?page_id=1938"},"modified":"2026-04-21T22:57:55","modified_gmt":"2026-04-22T04:57:55","slug":"ms-4019-transform-your-everyday-business-processes-with-agents","status":"publish","type":"page","link":"https:\/\/blog.samantha365mx.com\/index.php\/ms-4019-transform-your-everyday-business-processes-with-agents\/","title":{"rendered":"MS-4019 Transform your everyday business processes with agents"},"content":{"rendered":"\n<p>El\u00a0<strong>MS-4019<\/strong>\u00a0se enfoca en ense\u00f1ar c\u00f3mo los\u00a0<strong>agentes de Copilot<\/strong>\u00a0pueden extender las capacidades de la IA para que no solo responda preguntas, sino que ejecute procesos espec\u00edficos, conecte con datos externos y realice tareas repetitivas de forma aut\u00f3noma.<\/p>\n\n\n\n<p>Este curso tuve oportunidad de impartirlo a trav\u00e9s de CompuEducaci\u00f3n el 4 de marzo 2026 para empresas mexicanas.<\/p>\n\n\n\n<p>A diferencia de los cursos anteriores que se enfocan en la productividad individual (redactar o analizar), este curso se enfoca en la\u00a0<strong>eficiencia organizacional<\/strong>. Permite que la empresa cree sus propios &#8220;expertos digitales&#8221; que conocen sus datos espec\u00edficos y siguen sus reglas de negocio.<\/p>\n\n\n\n<p><strong>M\u00f3dulos Principales<\/strong><\/p>\n\n\n\n<ol class=\"wp-block-list\">\n<li><strong>Introducci\u00f3n a los Agentes de Microsoft 365 Copilot:<\/strong>\n<ul class=\"wp-block-list\">\n<li>Entender qu\u00e9 es un agente y c\u00f3mo se diferencia del chat est\u00e1ndar.<\/li>\n\n\n\n<li>Explorar la galer\u00eda de agentes pre-construidos para tareas comunes.<\/li>\n<\/ul>\n<\/li>\n\n\n\n<li><strong>Uso de Agentes en SharePoint:<\/strong>\n<ul class=\"wp-block-list\">\n<li>Aprender a crear agentes espec\u00edficos que &#8220;vivan&#8221; en tus sitios de SharePoint para consultar bases de conocimientos, pol\u00edticas internas o manuales de forma r\u00e1pida.<\/li>\n<\/ul>\n<\/li>\n\n\n\n<li><strong>Extensi\u00f3n con Copilot Studio:<\/strong>\n<ul class=\"wp-block-list\">\n<li>Conceptos b\u00e1sicos para crear y publicar agentes personalizados sin necesidad de saber programar.<\/li>\n\n\n\n<li>C\u00f3mo conectar Copilot con otros or\u00edgenes de datos (como un CRM o una base de datos externa).<\/li>\n<\/ul>\n<\/li>\n\n\n\n<li><strong>Optimizaci\u00f3n de Procesos de Negocio:<\/strong>\n<ul class=\"wp-block-list\">\n<li>Casos de uso pr\u00e1cticos para \u00e1reas como Ventas, Servicio al Cliente y Operaciones.<\/li>\n\n\n\n<li>C\u00f3mo usar agentes para automatizar el flujo de trabajo entre aplicaciones (Word, Excel, Teams).<\/li>\n<\/ul>\n<\/li>\n<\/ol>\n\n\n\n<figure class=\"wp-block-image size-large\"><img loading=\"lazy\" decoding=\"async\" width=\"1024\" height=\"499\" src=\"https:\/\/blog.samantha365mx.com\/wp-content\/uploads\/2026\/04\/image-42-1024x499.png\" alt=\"\" class=\"wp-image-1939\" srcset=\"https:\/\/blog.samantha365mx.com\/wp-content\/uploads\/2026\/04\/image-42-1024x499.png 1024w, https:\/\/blog.samantha365mx.com\/wp-content\/uploads\/2026\/04\/image-42-300x146.png 300w, https:\/\/blog.samantha365mx.com\/wp-content\/uploads\/2026\/04\/image-42-768x374.png 768w, https:\/\/blog.samantha365mx.com\/wp-content\/uploads\/2026\/04\/image-42-1536x748.png 1536w, https:\/\/blog.samantha365mx.com\/wp-content\/uploads\/2026\/04\/image-42.png 1912w\" sizes=\"auto, (max-width: 1024px) 100vw, 1024px\" \/><\/figure>\n","protected":false},"excerpt":{"rendered":"<p class=\"text-justify\">El\u00a0MS-4019\u00a0se enfoca en ense\u00f1ar c\u00f3mo los\u00a0agentes de Copilot\u00a0pueden extender las capacidades de la IA para que no solo responda preguntas, sino que [&hellip;]<\/p>\n","protected":false},"author":2,"featured_media":0,"parent":0,"menu_order":0,"comment_status":"closed","ping_status":"closed","template":"","meta":{"footnotes":""},"class_list":["post-1938","page","type-page","status-publish","hentry"],"_links":{"self":[{"href":"https:\/\/blog.samantha365mx.com\/index.php\/wp-json\/wp\/v2\/pages\/1938","targetHints":{"allow":["GET"]}}],"collection":[{"href":"https:\/\/blog.samantha365mx.com\/index.php\/wp-json\/wp\/v2\/pages"}],"about":[{"href":"https:\/\/blog.samantha365mx.com\/index.php\/wp-json\/wp\/v2\/types\/page"}],"author":[{"embeddable":true,"href":"https:\/\/blog.samantha365mx.com\/index.php\/wp-json\/wp\/v2\/users\/2"}],"replies":[{"embeddable":true,"href":"https:\/\/blog.samantha365mx.com\/index.php\/wp-json\/wp\/v2\/comments?post=1938"}],"version-history":[{"count":1,"href":"https:\/\/blog.samantha365mx.com\/index.php\/wp-json\/wp\/v2\/pages\/1938\/revisions"}],"predecessor-version":[{"id":1940,"href":"https:\/\/blog.samantha365mx.com\/index.php\/wp-json\/wp\/v2\/pages\/1938\/revisions\/1940"}],"wp:attachment":[{"href":"https:\/\/blog.samantha365mx.com\/index.php\/wp-json\/wp\/v2\/media?parent=1938"}],"curies":[{"name":"wp","href":"https:\/\/api.w.org\/{rel}","templated":true}]}}