{"id":1941,"date":"2026-04-21T23:05:46","date_gmt":"2026-04-22T05:05:46","guid":{"rendered":"https:\/\/blog.samantha365mx.com\/?page_id=1941"},"modified":"2026-04-21T23:06:35","modified_gmt":"2026-04-22T05:06:35","slug":"curso-de-planner-project-web-y-copilot-preparandose-para-decir-adios-a-project-web","status":"publish","type":"page","link":"https:\/\/blog.samantha365mx.com\/index.php\/curso-de-planner-project-web-y-copilot-preparandose-para-decir-adios-a-project-web\/","title":{"rendered":"Curso de Planner, Project web y Copilot preparandose para decir adios a Project web"},"content":{"rendered":"\n<p>Este curso est\u00e1 dise\u00f1ado para transformar la gesti\u00f3n de proyectos de un nivel operativo a uno\u00a0<strong>estrat\u00e9gico y automatizado<\/strong>, integrando todo el ecosistema de Microsoft 365. Es ideal para\u00a0<strong>PMOs (Oficinas de Proyectos)<\/strong>\u00a0o l\u00edderes de \u00e1rea que buscan dejar de usar Excel para gestionar tareas y quieren una soluci\u00f3n profesional que genere datos autom\u00e1ticos para la toma de decisiones.<\/p>\n\n\n\n<p>Se abarcaron diversos temas que agrupar\u00e9 as\u00ed:<\/p>\n\n\n\n<p><strong>1. Estrategia y Estructura (El Cimiento)<\/strong><\/p>\n\n\n\n<ul class=\"wp-block-list\">\n<li><strong>Gesti\u00f3n de Portafolio:<\/strong>\u00a0No solo se trata de tareas, sino de alinear los proyectos con la estrategia de la empresa.<\/li>\n\n\n\n<li><strong>Datos Empresariales:<\/strong>\u00a0Define c\u00f3mo se debe organizar la informaci\u00f3n para que sea \u00fatil a nivel corporativo y no solo personal.\u00a0<\/li>\n<\/ul>\n\n\n\n<p><strong>2. Planner Premium y Project (Ejecuci\u00f3n Avanzada)<\/strong><\/p>\n\n\n\n<ul class=\"wp-block-list\">\n<li><strong>Estandarizaci\u00f3n:<\/strong>\u00a0Uso de plantillas, metas (Goals) y campos personalizados para que todos los proyectos hablen el mismo idioma.<\/li>\n\n\n\n<li><strong>Gesti\u00f3n de Recursos:<\/strong>\u00a0Uso de\u00a0<strong>Project Power App<\/strong>\u00a0para administrar programas complejos, calendarios y, lo m\u00e1s importante, saber qui\u00e9n est\u00e1 disponible para trabajar y qui\u00e9n est\u00e1 saturado.<\/li>\n<\/ul>\n\n\n\n<p><strong>3. Ecosistema Colaborativo (Integraci\u00f3n)<\/strong><\/p>\n\n\n\n<ul class=\"wp-block-list\">\n<li><strong>Teams como Hub:<\/strong>\u00a0Centraliza la gesti\u00f3n para que el equipo no salte entre aplicaciones; todo ocurre dentro de los canales de Teams.<\/li>\n\n\n\n<li><strong>Power BI:<\/strong>\u00a0El punto cr\u00edtico para la direcci\u00f3n. Automatiza reportes y tableros de control (dashboards) para ver el estado de salud de todos los proyectos en tiempo real.<\/li>\n<\/ul>\n\n\n\n<p><strong>4. Inteligencia Artificial (El Diferenciador)<\/strong><\/p>\n\n\n\n<ul class=\"wp-block-list\">\n<li><strong>Copilot e Insights:<\/strong>\u00a0Uso de IA para analizar el avance, identificar riesgos antes de que ocurran y expandir tablas de datos para reportes que antes tomaban horas generar manualmente.<\/li>\n<\/ul>\n\n\n\n<p>Este curso se genera a partir de la necesidad de la migraci\u00f3n de Project web a Planner ya que est\u00e1 a unos meses de ser retirado por completo Project web y abriendo paso a opciones adicionales del uso de Planner que integra un almacenamiento en la nube a trav\u00e9s de Dataverse que permite consumir sus datos en otras aplicaciones tanto de Power Platform como de Copilot.<\/p>\n\n\n\n<p>Este curso lo impart\u00ed a trav\u00e9s de compuEducaci\u00f3n del 11 al 13 de marzo 2026 <\/p>\n\n\n\n<figure class=\"wp-block-image size-large\"><img loading=\"lazy\" decoding=\"async\" width=\"1024\" height=\"504\" src=\"https:\/\/blog.samantha365mx.com\/wp-content\/uploads\/2026\/04\/image-43-1024x504.png\" alt=\"\" class=\"wp-image-1942\" srcset=\"https:\/\/blog.samantha365mx.com\/wp-content\/uploads\/2026\/04\/image-43-1024x504.png 1024w, https:\/\/blog.samantha365mx.com\/wp-content\/uploads\/2026\/04\/image-43-300x148.png 300w, https:\/\/blog.samantha365mx.com\/wp-content\/uploads\/2026\/04\/image-43-768x378.png 768w, https:\/\/blog.samantha365mx.com\/wp-content\/uploads\/2026\/04\/image-43-1536x756.png 1536w, https:\/\/blog.samantha365mx.com\/wp-content\/uploads\/2026\/04\/image-43.png 1916w\" sizes=\"auto, (max-width: 1024px) 100vw, 1024px\" \/><\/figure>\n","protected":false},"excerpt":{"rendered":"<p class=\"text-justify\">Este curso est\u00e1 dise\u00f1ado para transformar la gesti\u00f3n de proyectos de un nivel operativo a uno\u00a0estrat\u00e9gico y automatizado, integrando todo el ecosistema [&hellip;]<\/p>\n","protected":false},"author":2,"featured_media":0,"parent":0,"menu_order":0,"comment_status":"closed","ping_status":"closed","template":"","meta":{"footnotes":""},"class_list":["post-1941","page","type-page","status-publish","hentry"],"_links":{"self":[{"href":"https:\/\/blog.samantha365mx.com\/index.php\/wp-json\/wp\/v2\/pages\/1941","targetHints":{"allow":["GET"]}}],"collection":[{"href":"https:\/\/blog.samantha365mx.com\/index.php\/wp-json\/wp\/v2\/pages"}],"about":[{"href":"https:\/\/blog.samantha365mx.com\/index.php\/wp-json\/wp\/v2\/types\/page"}],"author":[{"embeddable":true,"href":"https:\/\/blog.samantha365mx.com\/index.php\/wp-json\/wp\/v2\/users\/2"}],"replies":[{"embeddable":true,"href":"https:\/\/blog.samantha365mx.com\/index.php\/wp-json\/wp\/v2\/comments?post=1941"}],"version-history":[{"count":4,"href":"https:\/\/blog.samantha365mx.com\/index.php\/wp-json\/wp\/v2\/pages\/1941\/revisions"}],"predecessor-version":[{"id":1946,"href":"https:\/\/blog.samantha365mx.com\/index.php\/wp-json\/wp\/v2\/pages\/1941\/revisions\/1946"}],"wp:attachment":[{"href":"https:\/\/blog.samantha365mx.com\/index.php\/wp-json\/wp\/v2\/media?parent=1941"}],"curies":[{"name":"wp","href":"https:\/\/api.w.org\/{rel}","templated":true}]}}