{"id":1969,"date":"2026-04-22T18:53:38","date_gmt":"2026-04-23T00:53:38","guid":{"rendered":"https:\/\/blog.samantha365mx.com\/?page_id=1969"},"modified":"2026-04-22T20:02:31","modified_gmt":"2026-04-23T02:02:31","slug":"guia-informativa-del-alcance-de-microsoft-365-copilot-para-usuarios-finales-edicion-2026","status":"publish","type":"page","link":"https:\/\/blog.samantha365mx.com\/index.php\/guia-informativa-del-alcance-de-microsoft-365-copilot-para-usuarios-finales-edicion-2026\/","title":{"rendered":"Gu\u00eda informativa del alcance de Microsoft 365 Copilot para usuarios finales &#8211; Edici\u00f3n 2026"},"content":{"rendered":"\n<p>He creado este documento para facilitar tu aprendizaje en el uso de Microsoft 365 y que tengas una gu\u00eda sencilla de algunos de los alcance de Microsoft 365 Copilot antes de adquirir tu licenciamiento para tu empresa o instituci\u00f3n educativa.<\/p>\n\n\n\n<p>En esta&nbsp;gu\u00eda se presenta&nbsp;qu\u00e9&nbsp;es Copilot y&nbsp;c\u00f3mo&nbsp;funciona&nbsp;(modelos&nbsp;de&nbsp;lenguaje, Microsoft Graph, apps de Microsoft 365 y&nbsp;conectividad&nbsp;web), sus&nbsp;beneficios&nbsp;en&nbsp;productividad,&nbsp;calidad&nbsp;de&nbsp;comunicaci\u00f3n,&nbsp;creatividad,&nbsp;colaboraci\u00f3n&nbsp;y&nbsp;seguridad, y&nbsp;c\u00f3mo&nbsp;aplicar&nbsp;prompts&nbsp;efectivos&nbsp;(Meta,&nbsp;Contexto,&nbsp;Expectativas&nbsp;y Fuente).&nbsp;Adem\u00e1s, resume las&nbsp;capacidades&nbsp;principales&nbsp;de Copilot&nbsp;en&nbsp;Word, Excel, PowerPoint, Outlook y Teams, e&nbsp;incluye&nbsp;recomendaciones&nbsp;de&nbsp;uso,&nbsp;qu\u00e9&nbsp;evitar&nbsp;y&nbsp;consideraciones&nbsp;de&nbsp;seguridad&nbsp;y&nbsp;privacidad.&nbsp;<\/p>\n\n\n\n<p>Si&nbsp;este&nbsp;tema&nbsp;te&nbsp;interesa,&nbsp;te&nbsp;invito&nbsp;a&nbsp;compartir&nbsp;esta&nbsp;gu\u00eda&nbsp;con&nbsp;tu&nbsp;equipo&nbsp;y&nbsp;otras&nbsp;personas&nbsp;que&nbsp;quieran&nbsp;aprovechar&nbsp;Copilot&nbsp;en&nbsp;su&nbsp;d\u00eda a d\u00eda. \u200bUna&nbsp;explicaci\u00f3n&nbsp;sencilla&nbsp;de&nbsp;qu\u00e9&nbsp;es Microsoft 365 Copilot y&nbsp;c\u00f3mo&nbsp;se integra con&nbsp;tus&nbsp;herramientas.&nbsp;\u200bEjemplos&nbsp;de prompts para&nbsp;obtener&nbsp;mejores&nbsp;resultados&nbsp;desde&nbsp;el&nbsp;primer&nbsp;intento.&nbsp;\u200bCasos de&nbsp;uso&nbsp;por&nbsp;aplicaci\u00f3n&nbsp;(Word, Excel, PowerPoint, Outlook y Teams) y&nbsp;mejores&nbsp;pr\u00e1cticas.&nbsp;\u200bRecomendaciones&nbsp;de&nbsp;seguridad&nbsp;y&nbsp;privacidad,<\/p>\n\n\n\n<div data-wp-interactive=\"core\/file\" class=\"wp-block-file\"><object data-wp-bind--hidden=\"!state.hasPdfPreview\" hidden class=\"wp-block-file__embed\" data=\"https:\/\/blog.samantha365mx.com\/wp-content\/uploads\/2026\/04\/Guia-informativa-del-alcance-de-Microsoft-365-Copilot-para-usuarios-finales.pdf\" type=\"application\/pdf\" style=\"width:100%;height:600px\" aria-label=\"Incrustado de Gu\u00eda informativa del alcance de Microsoft 365 Copilot para usuarios finales.\"><\/object><a id=\"wp-block-file--media-742a44a6-3185-4f0a-b6f2-c21b2dd01ea6\" href=\"https:\/\/blog.samantha365mx.com\/wp-content\/uploads\/2026\/04\/Guia-informativa-del-alcance-de-Microsoft-365-Copilot-para-usuarios-finales.pdf\">Gu\u00eda informativa del alcance de Microsoft 365 Copilot para usuarios finales<\/a><a href=\"https:\/\/blog.samantha365mx.com\/wp-content\/uploads\/2026\/04\/Guia-informativa-del-alcance-de-Microsoft-365-Copilot-para-usuarios-finales.pdf\" class=\"wp-block-file__button wp-element-button\" download aria-describedby=\"wp-block-file--media-742a44a6-3185-4f0a-b6f2-c21b2dd01ea6\">Descarga<\/a><\/div>\n","protected":false},"excerpt":{"rendered":"<p class=\"text-justify\">He creado este documento para facilitar tu aprendizaje en el uso de Microsoft 365 y que tengas una gu\u00eda sencilla de algunos [&hellip;]<\/p>\n","protected":false},"author":2,"featured_media":0,"parent":0,"menu_order":0,"comment_status":"closed","ping_status":"closed","template":"","meta":{"footnotes":""},"class_list":["post-1969","page","type-page","status-publish","hentry"],"_links":{"self":[{"href":"https:\/\/blog.samantha365mx.com\/index.php\/wp-json\/wp\/v2\/pages\/1969","targetHints":{"allow":["GET"]}}],"collection":[{"href":"https:\/\/blog.samantha365mx.com\/index.php\/wp-json\/wp\/v2\/pages"}],"about":[{"href":"https:\/\/blog.samantha365mx.com\/index.php\/wp-json\/wp\/v2\/types\/page"}],"author":[{"embeddable":true,"href":"https:\/\/blog.samantha365mx.com\/index.php\/wp-json\/wp\/v2\/users\/2"}],"replies":[{"embeddable":true,"href":"https:\/\/blog.samantha365mx.com\/index.php\/wp-json\/wp\/v2\/comments?post=1969"}],"version-history":[{"count":2,"href":"https:\/\/blog.samantha365mx.com\/index.php\/wp-json\/wp\/v2\/pages\/1969\/revisions"}],"predecessor-version":[{"id":1979,"href":"https:\/\/blog.samantha365mx.com\/index.php\/wp-json\/wp\/v2\/pages\/1969\/revisions\/1979"}],"wp:attachment":[{"href":"https:\/\/blog.samantha365mx.com\/index.php\/wp-json\/wp\/v2\/media?parent=1969"}],"curies":[{"name":"wp","href":"https:\/\/api.w.org\/{rel}","templated":true}]}}