{"id":20,"date":"2020-10-08T21:16:42","date_gmt":"2020-10-08T21:16:42","guid":{"rendered":"https:\/\/blog.samantha365mx.com\/?page_id=20"},"modified":"2026-04-21T23:40:38","modified_gmt":"2026-04-22T05:40:38","slug":"inicio","status":"publish","type":"page","link":"https:\/\/blog.samantha365mx.com\/","title":{"rendered":"Inicio"},"content":{"rendered":"\n<p>En un mundo donde la tecnolog\u00eda avanza a pasos agigantados, busco soluciones que no solo sean eficientes, sino que tambi\u00e9n impulsen el potencial al m\u00e1ximo. Al entender esa necesidad me dedico a ofrecer contenido din\u00e1mico y recursos valiosos que te ayudar\u00e1n a navegar por el vasto oc\u00e9ano de la innovaci\u00f3n digital.<\/p>\n\n\n\n<p><strong>Para Empresas:<\/strong>&nbsp;Descubre c\u00f3mo mis ideas y estrategias pueden transformar tu negocio. Desde an\u00e1lisis de tendencias hasta consejos pr\u00e1cticos, proporciono las herramientas necesarias para que tu empresa se destaque en un mercado competitivo. Con\u00e9ctate con otros l\u00edderes del sector y participa en conversaciones que dar\u00e1n forma al futuro de la industria.<\/p>\n\n\n\n<p><strong>Para Usuarios Finales:<\/strong>&nbsp;Explora un mundo de conocimiento a tu alcance. Aprende nuevas habilidades, mejora tu productividad y encuentra inspiraci\u00f3n en historias de \u00e9xito. Ya sea que est\u00e9s buscando mejorar tu carrera o simplemente quieras estar al d\u00eda con las \u00faltimas tecnolog\u00edas, aqu\u00ed encontrar\u00e1s acceso a las comunidades de tecnolog\u00eda para lograrlo.<\/p>\n\n\n\n<p>Si eres nuevo aqu\u00ed, te invito a unirte a nuestra creciente familia. Conoce mis art\u00edculos especializados, participa en webinars interactivos y aprovecha nuestras gu\u00edas exclusivas. Est\u00e1s a un clic de desbloquear oportunidades ilimitadas para tu crecimiento personal y profesional.<\/p>\n\n\n\n<p>Al dirigir y participar activamente en las comunidades t\u00e9cnicas: Mujeres TICS Latam, Copilot en Espa\u00f1ol, Microsoft 365 Latam y el Cap\u00edtulo Oficial de Global AI en la Ciudad de M\u00e9xico logro tener mayor interacci\u00f3n con las necesidades de las empresas, brindar soluciones efectivas y un mayor acercamiento con cada usuario de tecnolog\u00eda, de tal forma que comprendo mejor las necesidades empresariales.<\/p>\n\n\n\n<p>Si tienes un tema espec\u00edfico que te gustar\u00eda que aborde, no dudes en escribirme a&nbsp;<a href=\"mailto:contacto@samantha365mx.com\" target=\"_blank\" rel=\"noreferrer noopener\">contacto@samantha365mx.com<\/a>.<\/p>\n\n\n\n<p>Conoce algunos de los eventos donde he tenido oportunidad de participar: <\/p>\n\n\n\n<div class=\"wp-block-columns is-layout-flex wp-container-core-columns-is-layout-9d6595d7 wp-block-columns-is-layout-flex\">\n<div class=\"wp-block-column is-layout-flow wp-block-column-is-layout-flow\" style=\"flex-basis:100%\">\n<figure class=\"wp-block-embed is-type-wp-embed is-provider-incrustado wp-block-embed-incrustado\"><div class=\"wp-block-embed__wrapper\">\n<blockquote class=\"wp-embedded-content\" data-secret=\"ySDX6yPeoR\"><a href=\"https:\/\/blog.samantha365mx.com\/index.php\/2025\/04\/09\/a19-septiembre-2024\/\">A19 &#8211; Septiembre 2024<\/a><\/blockquote><iframe loading=\"lazy\" class=\"wp-embedded-content\" sandbox=\"allow-scripts\" security=\"restricted\" style=\"position: absolute; visibility: hidden;\" title=\"&#8220;A19 &#8211; Septiembre 2024&#8221; &#8212; \" src=\"https:\/\/blog.samantha365mx.com\/index.php\/2025\/04\/09\/a19-septiembre-2024\/embed\/#?secret=aegVwSg4WU#?secret=ySDX6yPeoR\" data-secret=\"ySDX6yPeoR\" width=\"600\" height=\"338\" frameborder=\"0\" marginwidth=\"0\" marginheight=\"0\" scrolling=\"no\"><\/iframe>\n<\/div><\/figure>\n<\/div>\n<\/div>\n\n\n\n<figure class=\"wp-block-embed is-type-wp-embed is-provider-incrustado wp-block-embed-incrustado\"><div class=\"wp-block-embed__wrapper\">\n<blockquote class=\"wp-embedded-content\" data-secret=\"xGKsQ3Cg8x\"><a href=\"https:\/\/blog.samantha365mx.com\/index.php\/2025\/04\/09\/b6-marzo-2025\/\">B6 &#8211; Marzo 2025<\/a><\/blockquote><iframe loading=\"lazy\" class=\"wp-embedded-content\" sandbox=\"allow-scripts\" security=\"restricted\" style=\"position: absolute; visibility: hidden;\" title=\"&#8220;B6 &#8211; Marzo 2025&#8221; &#8212; \" src=\"https:\/\/blog.samantha365mx.com\/index.php\/2025\/04\/09\/b6-marzo-2025\/embed\/#?secret=k89boAEK2G#?secret=xGKsQ3Cg8x\" data-secret=\"xGKsQ3Cg8x\" width=\"600\" height=\"338\" frameborder=\"0\" marginwidth=\"0\" marginheight=\"0\" scrolling=\"no\"><\/iframe>\n<\/div><\/figure>\n\n\n\n<figure class=\"wp-block-embed is-type-wp-embed is-provider-incrustado wp-block-embed-incrustado\"><div class=\"wp-block-embed__wrapper\">\n<blockquote class=\"wp-embedded-content\" data-secret=\"xXwT5ofT0M\"><a href=\"https:\/\/blog.samantha365mx.com\/index.php\/b12-abril-2025\/\">B12 &#8211; Junio &#8211; 2025<\/a><\/blockquote><iframe loading=\"lazy\" class=\"wp-embedded-content\" sandbox=\"allow-scripts\" security=\"restricted\" style=\"position: absolute; visibility: hidden;\" title=\"&#8220;B12 &#8211; Junio &#8211; 2025&#8221; &#8212; \" src=\"https:\/\/blog.samantha365mx.com\/index.php\/b12-abril-2025\/embed\/#?secret=ZbFiA2gEyg#?secret=xXwT5ofT0M\" data-secret=\"xXwT5ofT0M\" width=\"600\" height=\"338\" frameborder=\"0\" marginwidth=\"0\" marginheight=\"0\" scrolling=\"no\"><\/iframe>\n<\/div><\/figure>\n\n\n\n<figure class=\"wp-block-embed is-type-wp-embed is-provider-incrustado wp-block-embed-incrustado\"><div class=\"wp-block-embed__wrapper\">\n<blockquote class=\"wp-embedded-content\" data-secret=\"Ijcfm7tw64\"><a href=\"https:\/\/blog.samantha365mx.com\/index.php\/octubre-noviembre-y-diciembre-2025\/\">Octubre, Noviembre y Diciembre 2025<\/a><\/blockquote><iframe loading=\"lazy\" class=\"wp-embedded-content\" sandbox=\"allow-scripts\" security=\"restricted\" style=\"position: absolute; visibility: hidden;\" title=\"&#8220;Octubre, Noviembre y Diciembre 2025&#8221; &#8212; \" src=\"https:\/\/blog.samantha365mx.com\/index.php\/octubre-noviembre-y-diciembre-2025\/embed\/#?secret=a0xGEmm5Q9#?secret=Ijcfm7tw64\" data-secret=\"Ijcfm7tw64\" width=\"600\" height=\"338\" frameborder=\"0\" marginwidth=\"0\" marginheight=\"0\" scrolling=\"no\"><\/iframe>\n<\/div><\/figure>\n\n\n\n<figure class=\"wp-block-embed is-type-wp-embed is-provider-incrustado wp-block-embed-incrustado\"><div class=\"wp-block-embed__wrapper\">\n<blockquote class=\"wp-embedded-content\" data-secret=\"r5Qk0YCEXg\"><a href=\"https:\/\/blog.samantha365mx.com\/index.php\/7th-global-power-platform-bootcamp-2026-mexico\/\">7th Global Power Platform Bootcamp 2026 M\u00e9xico<\/a><\/blockquote><iframe loading=\"lazy\" class=\"wp-embedded-content\" sandbox=\"allow-scripts\" security=\"restricted\" style=\"position: absolute; visibility: hidden;\" title=\"&#8220;7th Global Power Platform Bootcamp 2026 M\u00e9xico&#8221; &#8212; \" src=\"https:\/\/blog.samantha365mx.com\/index.php\/7th-global-power-platform-bootcamp-2026-mexico\/embed\/#?secret=a07lIXRQpZ#?secret=r5Qk0YCEXg\" data-secret=\"r5Qk0YCEXg\" width=\"600\" height=\"338\" frameborder=\"0\" marginwidth=\"0\" marginheight=\"0\" scrolling=\"no\"><\/iframe>\n<\/div><\/figure>\n\n\n\n<figure class=\"wp-block-image size-large\"><img loading=\"lazy\" decoding=\"async\" width=\"1024\" height=\"450\" src=\"https:\/\/blog.samantha365mx.com\/wp-content\/uploads\/2024\/10\/23-1024x450.jpg\" alt=\"\" class=\"wp-image-1024\" srcset=\"https:\/\/blog.samantha365mx.com\/wp-content\/uploads\/2024\/10\/23-1024x450.jpg 1024w, https:\/\/blog.samantha365mx.com\/wp-content\/uploads\/2024\/10\/23-300x132.jpg 300w, https:\/\/blog.samantha365mx.com\/wp-content\/uploads\/2024\/10\/23-768x338.jpg 768w, https:\/\/blog.samantha365mx.com\/wp-content\/uploads\/2024\/10\/23-1536x675.jpg 1536w, https:\/\/blog.samantha365mx.com\/wp-content\/uploads\/2024\/10\/23.jpg 1892w\" sizes=\"auto, (max-width: 1024px) 100vw, 1024px\" \/><\/figure>\n\n\n\n<p>He sido conferencista recurrente en el Get-CS Latam hablando de tecnolog\u00eda y generaci\u00f3n de soluciones e implementaci\u00f3n, los eventos generados como el Global AI Bootcamp Mexico City logran impacto internacional al salir en noticias internacionales.<\/p>\n\n\n\n<figure class=\"wp-block-gallery has-nested-images columns-default is-cropped wp-block-gallery-1 is-layout-flex wp-block-gallery-is-layout-flex\">\n<figure class=\"wp-block-image size-full\"><img loading=\"lazy\" decoding=\"async\" width=\"768\" height=\"654\" data-id=\"1533\" src=\"https:\/\/blog.samantha365mx.com\/wp-content\/uploads\/2025\/04\/image-223.png\" alt=\"\" class=\"wp-image-1533\" srcset=\"https:\/\/blog.samantha365mx.com\/wp-content\/uploads\/2025\/04\/image-223.png 768w, https:\/\/blog.samantha365mx.com\/wp-content\/uploads\/2025\/04\/image-223-300x255.png 300w\" sizes=\"auto, (max-width: 768px) 100vw, 768px\" \/><\/figure>\n\n\n\n<figure class=\"wp-block-image size-full\"><img loading=\"lazy\" decoding=\"async\" width=\"1024\" height=\"929\" data-id=\"1535\" src=\"https:\/\/blog.samantha365mx.com\/wp-content\/uploads\/2025\/04\/image-225.png\" alt=\"\" class=\"wp-image-1535\" srcset=\"https:\/\/blog.samantha365mx.com\/wp-content\/uploads\/2025\/04\/image-225.png 1024w, https:\/\/blog.samantha365mx.com\/wp-content\/uploads\/2025\/04\/image-225-300x272.png 300w, https:\/\/blog.samantha365mx.com\/wp-content\/uploads\/2025\/04\/image-225-768x697.png 768w\" sizes=\"auto, (max-width: 1024px) 100vw, 1024px\" \/><\/figure>\n\n\n\n<figure class=\"wp-block-image size-full\"><img loading=\"lazy\" decoding=\"async\" width=\"960\" height=\"720\" data-id=\"1534\" src=\"https:\/\/blog.samantha365mx.com\/wp-content\/uploads\/2025\/04\/image-224.png\" alt=\"\" class=\"wp-image-1534\" srcset=\"https:\/\/blog.samantha365mx.com\/wp-content\/uploads\/2025\/04\/image-224.png 960w, https:\/\/blog.samantha365mx.com\/wp-content\/uploads\/2025\/04\/image-224-300x225.png 300w, https:\/\/blog.samantha365mx.com\/wp-content\/uploads\/2025\/04\/image-224-768x576.png 768w\" sizes=\"auto, (max-width: 960px) 100vw, 960px\" \/><\/figure>\n\n\n\n<figure class=\"wp-block-image size-full\"><img loading=\"lazy\" decoding=\"async\" width=\"1024\" height=\"413\" data-id=\"1536\" src=\"https:\/\/blog.samantha365mx.com\/wp-content\/uploads\/2025\/04\/image-226.png\" alt=\"\" class=\"wp-image-1536\" srcset=\"https:\/\/blog.samantha365mx.com\/wp-content\/uploads\/2025\/04\/image-226.png 1024w, https:\/\/blog.samantha365mx.com\/wp-content\/uploads\/2025\/04\/image-226-300x121.png 300w, https:\/\/blog.samantha365mx.com\/wp-content\/uploads\/2025\/04\/image-226-768x310.png 768w\" sizes=\"auto, (max-width: 1024px) 100vw, 1024px\" \/><\/figure>\n<\/figure>\n\n\n\n<figure class=\"wp-block-gallery has-nested-images columns-default is-cropped wp-block-gallery-2 is-layout-flex wp-block-gallery-is-layout-flex\">\n<figure class=\"wp-block-image size-large\"><img loading=\"lazy\" decoding=\"async\" width=\"638\" height=\"1024\" data-id=\"1663\" src=\"https:\/\/blog.samantha365mx.com\/wp-content\/uploads\/2026\/03\/image-3-638x1024.png\" alt=\"\" class=\"wp-image-1663\" srcset=\"https:\/\/blog.samantha365mx.com\/wp-content\/uploads\/2026\/03\/image-3-638x1024.png 638w, https:\/\/blog.samantha365mx.com\/wp-content\/uploads\/2026\/03\/image-3-187x300.png 187w, https:\/\/blog.samantha365mx.com\/wp-content\/uploads\/2026\/03\/image-3-768x1233.png 768w, https:\/\/blog.samantha365mx.com\/wp-content\/uploads\/2026\/03\/image-3-957x1536.png 957w, https:\/\/blog.samantha365mx.com\/wp-content\/uploads\/2026\/03\/image-3.png 1276w\" sizes=\"auto, (max-width: 638px) 100vw, 638px\" \/><\/figure>\n\n\n\n<figure class=\"wp-block-image size-large\"><img loading=\"lazy\" decoding=\"async\" width=\"694\" height=\"1024\" data-id=\"1957\" src=\"https:\/\/blog.samantha365mx.com\/wp-content\/uploads\/2026\/04\/2a-694x1024.jpg\" alt=\"\" class=\"wp-image-1957\" srcset=\"https:\/\/blog.samantha365mx.com\/wp-content\/uploads\/2026\/04\/2a-694x1024.jpg 694w, https:\/\/blog.samantha365mx.com\/wp-content\/uploads\/2026\/04\/2a-203x300.jpg 203w, https:\/\/blog.samantha365mx.com\/wp-content\/uploads\/2026\/04\/2a-768x1134.jpg 768w, https:\/\/blog.samantha365mx.com\/wp-content\/uploads\/2026\/04\/2a-1040x1536.jpg 1040w, https:\/\/blog.samantha365mx.com\/wp-content\/uploads\/2026\/04\/2a.jpg 1387w\" sizes=\"auto, (max-width: 694px) 100vw, 694px\" \/><\/figure>\n\n\n\n<figure class=\"wp-block-image size-large\"><img loading=\"lazy\" decoding=\"async\" width=\"1024\" height=\"768\" data-id=\"1917\" src=\"https:\/\/blog.samantha365mx.com\/wp-content\/uploads\/2026\/04\/Conferencistas-1-1024x768.jpg\" alt=\"\" class=\"wp-image-1917\" srcset=\"https:\/\/blog.samantha365mx.com\/wp-content\/uploads\/2026\/04\/Conferencistas-1-1024x768.jpg 1024w, https:\/\/blog.samantha365mx.com\/wp-content\/uploads\/2026\/04\/Conferencistas-1-300x225.jpg 300w, https:\/\/blog.samantha365mx.com\/wp-content\/uploads\/2026\/04\/Conferencistas-1-768x576.jpg 768w, https:\/\/blog.samantha365mx.com\/wp-content\/uploads\/2026\/04\/Conferencistas-1.jpg 1280w\" sizes=\"auto, (max-width: 1024px) 100vw, 1024px\" \/><\/figure>\n\n\n\n<figure class=\"wp-block-image size-large\"><img loading=\"lazy\" decoding=\"async\" width=\"683\" height=\"1024\" data-id=\"1936\" src=\"https:\/\/blog.samantha365mx.com\/wp-content\/uploads\/2026\/04\/a2-683x1024.jpg\" alt=\"\" class=\"wp-image-1936\" srcset=\"https:\/\/blog.samantha365mx.com\/wp-content\/uploads\/2026\/04\/a2-683x1024.jpg 683w, https:\/\/blog.samantha365mx.com\/wp-content\/uploads\/2026\/04\/a2-200x300.jpg 200w, https:\/\/blog.samantha365mx.com\/wp-content\/uploads\/2026\/04\/a2-768x1152.jpg 768w, https:\/\/blog.samantha365mx.com\/wp-content\/uploads\/2026\/04\/a2-1024x1536.jpg 1024w, https:\/\/blog.samantha365mx.com\/wp-content\/uploads\/2026\/04\/a2.jpg 1365w\" sizes=\"auto, (max-width: 683px) 100vw, 683px\" \/><\/figure>\n\n\n\n<figure class=\"wp-block-image size-large\"><img loading=\"lazy\" decoding=\"async\" width=\"683\" height=\"1024\" data-id=\"1934\" src=\"https:\/\/blog.samantha365mx.com\/wp-content\/uploads\/2026\/04\/a1-683x1024.jpg\" alt=\"\" class=\"wp-image-1934\" srcset=\"https:\/\/blog.samantha365mx.com\/wp-content\/uploads\/2026\/04\/a1-683x1024.jpg 683w, https:\/\/blog.samantha365mx.com\/wp-content\/uploads\/2026\/04\/a1-200x300.jpg 200w, https:\/\/blog.samantha365mx.com\/wp-content\/uploads\/2026\/04\/a1-768x1152.jpg 768w, https:\/\/blog.samantha365mx.com\/wp-content\/uploads\/2026\/04\/a1-1024x1536.jpg 1024w, https:\/\/blog.samantha365mx.com\/wp-content\/uploads\/2026\/04\/a1.jpg 1365w\" sizes=\"auto, (max-width: 683px) 100vw, 683px\" \/><\/figure>\n\n\n\n<figure class=\"wp-block-image size-full\"><img loading=\"lazy\" decoding=\"async\" width=\"1439\" height=\"1080\" data-id=\"758\" src=\"https:\/\/blog.samantha365mx.com\/wp-content\/uploads\/2023\/04\/image-4.png\" alt=\"\" class=\"wp-image-758\" srcset=\"https:\/\/blog.samantha365mx.com\/wp-content\/uploads\/2023\/04\/image-4.png 1439w, https:\/\/blog.samantha365mx.com\/wp-content\/uploads\/2023\/04\/image-4-300x225.png 300w, https:\/\/blog.samantha365mx.com\/wp-content\/uploads\/2023\/04\/image-4-1024x769.png 1024w, https:\/\/blog.samantha365mx.com\/wp-content\/uploads\/2023\/04\/image-4-768x576.png 768w\" sizes=\"auto, (max-width: 1439px) 100vw, 1439px\" \/><\/figure>\n<\/figure>\n\n\n\n<p>Conoce como la tecnolog\u00eda transforma los procesos empresariales, reduce el tiempo, minimiza costos y enfocate en el crecimiento de tu negocio,<\/p>\n\n\n\n<p>Colaboremos juntos.<\/p>\n\n\n\n<p><\/p>\n","protected":false},"excerpt":{"rendered":"<p class=\"text-justify\">En un mundo donde la tecnolog\u00eda avanza a pasos agigantados, busco soluciones que no solo sean eficientes, sino que tambi\u00e9n impulsen el [&hellip;]<\/p>\n","protected":false},"author":2,"featured_media":0,"parent":0,"menu_order":0,"comment_status":"closed","ping_status":"closed","template":"","meta":{"footnotes":""},"class_list":["post-20","page","type-page","status-publish","hentry"],"_links":{"self":[{"href":"https:\/\/blog.samantha365mx.com\/index.php\/wp-json\/wp\/v2\/pages\/20","targetHints":{"allow":["GET"]}}],"collection":[{"href":"https:\/\/blog.samantha365mx.com\/index.php\/wp-json\/wp\/v2\/pages"}],"about":[{"href":"https:\/\/blog.samantha365mx.com\/index.php\/wp-json\/wp\/v2\/types\/page"}],"author":[{"embeddable":true,"href":"https:\/\/blog.samantha365mx.com\/index.php\/wp-json\/wp\/v2\/users\/2"}],"replies":[{"embeddable":true,"href":"https:\/\/blog.samantha365mx.com\/index.php\/wp-json\/wp\/v2\/comments?post=20"}],"version-history":[{"count":36,"href":"https:\/\/blog.samantha365mx.com\/index.php\/wp-json\/wp\/v2\/pages\/20\/revisions"}],"predecessor-version":[{"id":1958,"href":"https:\/\/blog.samantha365mx.com\/index.php\/wp-json\/wp\/v2\/pages\/20\/revisions\/1958"}],"wp:attachment":[{"href":"https:\/\/blog.samantha365mx.com\/index.php\/wp-json\/wp\/v2\/media?parent=20"}],"curies":[{"name":"wp","href":"https:\/\/api.w.org\/{rel}","templated":true}]}}