{"id":207,"date":"2021-02-04T02:52:44","date_gmt":"2021-02-04T02:52:44","guid":{"rendered":"https:\/\/blog.samantha365mx.com\/?page_id=207"},"modified":"2021-05-19T19:28:54","modified_gmt":"2021-05-19T19:28:54","slug":"microsoft-global-365-developer-bootcamp-mexico-technology-communities","status":"publish","type":"page","link":"https:\/\/blog.samantha365mx.com\/index.php\/microsoft-global-365-developer-bootcamp-mexico-technology-communities\/","title":{"rendered":"Microsoft Global 365 Developer Bootcamp \/ M\u00e9xico \/ Technology Communities"},"content":{"rendered":"\n<div class=\"wp-block-image\"><figure class=\"aligncenter size-large is-resized\"><img loading=\"lazy\" decoding=\"async\" src=\"https:\/\/blog.samantha365mx.com\/wp-content\/uploads\/2021\/02\/m365.png\" alt=\"\" class=\"wp-image-215\" width=\"589\" height=\"651\" srcset=\"https:\/\/blog.samantha365mx.com\/wp-content\/uploads\/2021\/02\/m365.png 784w, https:\/\/blog.samantha365mx.com\/wp-content\/uploads\/2021\/02\/m365-271x300.png 271w, https:\/\/blog.samantha365mx.com\/wp-content\/uploads\/2021\/02\/m365-768x849.png 768w\" sizes=\"auto, (max-width: 589px) 100vw, 589px\" \/><\/figure><\/div>\n\n\n\n<p>Para cerrar mis contribuciones durante este a\u00f1o en el <strong>Global Microsoft 365 Developer Bootcamp<\/strong>, organic\u00e9 esta edici\u00f3n en conjunto con Sandy Beristain de CBSM\u00e9xico (gracias amiga), en esta edici\u00f3n: <strong>Technology Communities<\/strong>, el pasado <strong>17 de Noviembre de 2020<\/strong>, se tuvo la <strong>participaci\u00f3n de diversas universidades de la zona Baj\u00edo de M\u00e9xico<\/strong>: Universidad de Le\u00f3n, Tecnol\u00f3gico Nacional de M\u00e9xico, Universidad Tecnol\u00f3gica de Salamanca, Universidad Polit\u00e9cnico Juventino Rosas, Universidad Incarnate Word, Universidad de Guanajuato, Instituto Sanmiguelense, Universidad de la Salle Baj\u00edo, Universidad del Centro del Centro del Baj\u00edo, Universidad Cat\u00f3lica, Congreso Internacional de Innovaci\u00f3n Tecnol\u00f3gica y Computaci\u00f3n.<\/p>\n\n\n\n<div class=\"wp-block-image\"><figure class=\"aligncenter size-large is-resized\"><img loading=\"lazy\" decoding=\"async\" src=\"https:\/\/blog.samantha365mx.com\/wp-content\/uploads\/2021\/05\/image.png\" alt=\"\" class=\"wp-image-556\" width=\"592\" height=\"333\" srcset=\"https:\/\/blog.samantha365mx.com\/wp-content\/uploads\/2021\/05\/image.png 1023w, https:\/\/blog.samantha365mx.com\/wp-content\/uploads\/2021\/05\/image-300x169.png 300w, https:\/\/blog.samantha365mx.com\/wp-content\/uploads\/2021\/05\/image-768x433.png 768w\" sizes=\"auto, (max-width: 592px) 100vw, 592px\" \/><\/figure><\/div>\n\n\n\n<p><strong>Agradecemos a las comunidades participantes<\/strong>: Comunidad Microsoft Office 365 en Espa\u00f1ol, Comunidad Microsoft Student Tech Club UPIICSA; nuestros patrocinadores: Microsoft, Samantha365MX, CBSM\u00e9xico, Blogic, AxentIT, X1M\u00e9xico y la colaboraci\u00f3n de los Microsoft MVP y COPTIGTO A.C.<\/p>\n\n\n\n<div class=\"wp-block-image\"><figure class=\"aligncenter size-large is-resized\"><img loading=\"lazy\" decoding=\"async\" src=\"https:\/\/blog.samantha365mx.com\/wp-content\/uploads\/2021\/05\/image-1.png\" alt=\"\" class=\"wp-image-557\" width=\"588\" height=\"332\" srcset=\"https:\/\/blog.samantha365mx.com\/wp-content\/uploads\/2021\/05\/image-1.png 1021w, https:\/\/blog.samantha365mx.com\/wp-content\/uploads\/2021\/05\/image-1-300x170.png 300w, https:\/\/blog.samantha365mx.com\/wp-content\/uploads\/2021\/05\/image-1-768x434.png 768w\" sizes=\"auto, (max-width: 588px) 100vw, 588px\" \/><\/figure><\/div>\n\n\n\n<p>La asistencia fue de <strong>casi 1400 personas en l\u00ednea<\/strong> acompa\u00f1\u00e1ndonos en la transmisi\u00f3n de 7 magnificas conferencias: <\/p>\n\n\n\n<ul class=\"wp-block-list\"><li><strong>Automatizaci\u00f3n de procesos con PoweAutomate<\/strong> \/ Samantha Villarreal \/ Microsoft MVP y Samantha365MX<\/li><li><strong>Innovando con Microsoft 365<\/strong> \/ Luis S\u00e1nchez \/ L\u00edder de Comunidad Microsoft Tech Club UPIICSA<\/li><li><strong>Integraci\u00f3n de Internet de las cosas con Microsoft 365<\/strong> \/ \u00c1ngel Cruz \/ Director de Operaciones de X1M\u00e9xico<\/li><li><strong>Automatiza la atenci\u00f3n a los clientes con Power Virtual Agent + Dynamics 365<\/strong> \/ Jos\u00e9 Ram\u00edrez \/ Director de Operaciones AxexIT<\/li><li><strong>Creando Apps con Office365<\/strong> \/ Rodolfo Beristain \/ Director General Blogic<\/li><li><strong>Gesti\u00f3n de documentos Office desde nuestras apps .NET con Open XML SDK<\/strong> \/ Luis Beltr\u00e1n \/ Microsoft MVP<\/li><li><strong>Automatizaci\u00f3n de procesos con Forms y PowerAutomate<\/strong> \/ Sandra Beristain \/ Directora General CBSM\u00e9xico<\/li><\/ul>\n\n\n\n<p>Muchas gracias por haberme acompa\u00f1ado en estas ediciones, nos vemos el pr\u00f3ximo a\u00f1o en el Global Microsoft 365 Deveoper Bootcamp <a href=\"https:\/\/developer.microsoft.com\/en-us\/microsoft-365\/bootcamps\" target=\"_blank\" rel=\"noreferrer noopener\">https:\/\/developer.microsoft.com\/en-us\/microsoft-365\/bootcamps<\/a> <\/p>\n\n\n\n<p>Registro de este evento: <a rel=\"noreferrer noopener\" href=\"https:\/\/www.eventbrite.com\/e\/microsoft-365-developer-bootcamp-2020-mexico-technology-communities-tickets-116373431065\" target=\"_blank\">https:\/\/www.eventbrite.com\/e\/microsoft-365-developer-bootcamp-2020-mexico-technology-communities-tickets-116373431065<\/a><\/p>\n","protected":false},"excerpt":{"rendered":"<p class=\"text-justify\">Para cerrar mis contribuciones durante este a\u00f1o en el Global Microsoft 365 Developer Bootcamp, organic\u00e9 esta edici\u00f3n en conjunto con Sandy Beristain [&hellip;]<\/p>\n","protected":false},"author":2,"featured_media":0,"parent":0,"menu_order":0,"comment_status":"closed","ping_status":"closed","template":"","meta":{"footnotes":""},"class_list":["post-207","page","type-page","status-publish","hentry"],"_links":{"self":[{"href":"https:\/\/blog.samantha365mx.com\/index.php\/wp-json\/wp\/v2\/pages\/207","targetHints":{"allow":["GET"]}}],"collection":[{"href":"https:\/\/blog.samantha365mx.com\/index.php\/wp-json\/wp\/v2\/pages"}],"about":[{"href":"https:\/\/blog.samantha365mx.com\/index.php\/wp-json\/wp\/v2\/types\/page"}],"author":[{"embeddable":true,"href":"https:\/\/blog.samantha365mx.com\/index.php\/wp-json\/wp\/v2\/users\/2"}],"replies":[{"embeddable":true,"href":"https:\/\/blog.samantha365mx.com\/index.php\/wp-json\/wp\/v2\/comments?post=207"}],"version-history":[{"count":5,"href":"https:\/\/blog.samantha365mx.com\/index.php\/wp-json\/wp\/v2\/pages\/207\/revisions"}],"predecessor-version":[{"id":559,"href":"https:\/\/blog.samantha365mx.com\/index.php\/wp-json\/wp\/v2\/pages\/207\/revisions\/559"}],"wp:attachment":[{"href":"https:\/\/blog.samantha365mx.com\/index.php\/wp-json\/wp\/v2\/media?parent=207"}],"curies":[{"name":"wp","href":"https:\/\/api.w.org\/{rel}","templated":true}]}}