{"id":386,"date":"2021-02-23T23:44:20","date_gmt":"2021-02-23T23:44:20","guid":{"rendered":"https:\/\/blog.samantha365mx.com\/?page_id=386"},"modified":"2026-04-22T18:40:52","modified_gmt":"2026-04-23T00:40:52","slug":"programa-de-mentoria","status":"publish","type":"page","link":"https:\/\/blog.samantha365mx.com\/index.php\/programa-de-mentoria\/","title":{"rendered":"Programa de Mentor\u00eda"},"content":{"rendered":"\n<figure class=\"wp-block-image size-large\"><img loading=\"lazy\" decoding=\"async\" width=\"1024\" height=\"580\" src=\"https:\/\/blog.samantha365mx.com\/wp-content\/uploads\/2021\/02\/mentoria-1024x580.png\" alt=\"\" class=\"wp-image-387\" srcset=\"https:\/\/blog.samantha365mx.com\/wp-content\/uploads\/2021\/02\/mentoria-1024x580.png 1024w, https:\/\/blog.samantha365mx.com\/wp-content\/uploads\/2021\/02\/mentoria-300x170.png 300w, https:\/\/blog.samantha365mx.com\/wp-content\/uploads\/2021\/02\/mentoria-768x435.png 768w, https:\/\/blog.samantha365mx.com\/wp-content\/uploads\/2021\/02\/mentoria.png 1225w\" sizes=\"auto, (max-width: 1024px) 100vw, 1024px\" \/><\/figure>\n\n\n\n<p>\ud83d\udce2 Convocatoria: Programa de Mentor\u00eda Samantha365MX \u2013 Generaci\u00f3n 2026 (Periodo 1. Marzo, Abril y Mayo)  ( Periodo 2. Septiembre, Octubre y Noviembre)<\/p>\n\n\n\n<p><strong>Transformando vidas a trav\u00e9s de la tecnolog\u00eda.<\/strong><\/p>\n\n\n\n<p>El programa de mentor\u00eda Samantha365MX naci\u00f3 en mayo de 2020 como respuesta al impacto econ\u00f3mico de la pandemia en M\u00e9xico. Lo que comenz\u00f3 como un esfuerzo para apoyar a mujeres valientes que buscaban sustentar a sus familias aprendiendo tecnolog\u00eda desde cero, hoy evoluciona para seguir cerrando la brecha digital.<\/p>\n\n\n\n<p>Tras el \u00e9xito de nuestras primeras generaciones \u2014quienes lograron actualizar su equipo, certificarse en Microsoft 365 e incluso integrarse al mundo laboral como becarias en empresas de iniciativa privada\u2014 abrimos las puertas para este 2026.<\/p>\n\n\n\n<p><strong>\u00bfEn qu\u00e9 consiste?<\/strong><\/p>\n\n\n\n<p>Buscamos a personas con conocimientos nulos o m\u00ednimos en tecnolog\u00eda que tengan el deseo genuino de superarse y aprender a dominar herramientas digitales clave.<\/p>\n\n\n\n<ul class=\"wp-block-list\">\n<li><strong>\u23f3 Duraci\u00f3n:<\/strong>&nbsp;3 meses.<\/li>\n\n\n\n<li><strong>\ud83d\udcc5 Compromiso:<\/strong>&nbsp;1 hora a la semana.<\/li>\n\n\n\n<li><strong>\ud83d\udcbb Modalidad:<\/strong>&nbsp;Sesiones virtuales v\u00eda&nbsp;<strong>Microsoft Teams<\/strong>.<\/li>\n\n\n\n<li><strong>\ud83d\udcb0 Costo:<\/strong>&nbsp;Totalmente&nbsp;<strong>gratuito<\/strong>.<\/li>\n\n\n\n<li><strong>\ud83c\udfaf Enfoque:<\/strong>&nbsp;Aprendizaje pr\u00e1ctico en el ecosistema de&nbsp;<strong>Microsoft 365<\/strong>.<\/li>\n<\/ul>\n\n\n\n<p><strong>Requisitos y Selecci\u00f3n<\/strong><\/p>\n\n\n\n<p>Para garantizar una atenci\u00f3n personalizada y de alta calidad, el cupo es sumamente limitado:&nbsp;<\/p>\n\n\n\n<ul class=\"wp-block-list\">\n<li>Abierto al&nbsp;<strong>p\u00fablico en general<\/strong>.<\/li>\n\n\n\n<li>Solo se aceptan&nbsp;<strong>1 o 2 personas por periodo<\/strong>.<\/li>\n\n\n\n<li>Samantha365MX se reserva el&nbsp;<strong>derecho de admisi\u00f3n<\/strong>&nbsp;(buscamos perfiles que realmente necesiten este impulso para mejorar su entorno econ\u00f3mico y profesional).&nbsp;<\/li>\n<\/ul>\n\n\n\n<p><strong>Nuestra Historia<\/strong><\/p>\n\n\n\n<p>Nuestras primeras mentoradas no solo aprendieron a usar Windows y Office 365; se convirtieron en piezas clave de la comunidad&nbsp;<em>Mujeres y Tecnolog\u00eda<\/em>, gestionando eventos en vivo y campa\u00f1as digitales. Hoy, t\u00fa puedes ser el pr\u00f3ximo caso de \u00e9xito.<\/p>\n\n\n\n<hr class=\"wp-block-separator has-alpha-channel-opacity\"\/>\n\n\n\n<p>\u00bfTe interesa ser parte del programa de mentor\u00eda? o \u00bfQuieres ayudarme en este programa para mejorar la calidad de vida a otras personas? <\/p>\n\n\n\n<p>Escr\u00edbeme: <a href=\"mailto:hola@samantha365mx.com\" target=\"_blank\" rel=\"noreferrer noopener\">hola@samantha365mx.com<\/a> <\/p>\n","protected":false},"excerpt":{"rendered":"<p class=\"text-justify\">\ud83d\udce2 Convocatoria: Programa de Mentor\u00eda Samantha365MX \u2013 Generaci\u00f3n 2026 (Periodo 1. Marzo, Abril y Mayo) ( Periodo 2. Septiembre, Octubre y Noviembre) [&hellip;]<\/p>\n","protected":false},"author":2,"featured_media":0,"parent":0,"menu_order":0,"comment_status":"closed","ping_status":"closed","template":"","meta":{"footnotes":""},"class_list":["post-386","page","type-page","status-publish","hentry"],"_links":{"self":[{"href":"https:\/\/blog.samantha365mx.com\/index.php\/wp-json\/wp\/v2\/pages\/386","targetHints":{"allow":["GET"]}}],"collection":[{"href":"https:\/\/blog.samantha365mx.com\/index.php\/wp-json\/wp\/v2\/pages"}],"about":[{"href":"https:\/\/blog.samantha365mx.com\/index.php\/wp-json\/wp\/v2\/types\/page"}],"author":[{"embeddable":true,"href":"https:\/\/blog.samantha365mx.com\/index.php\/wp-json\/wp\/v2\/users\/2"}],"replies":[{"embeddable":true,"href":"https:\/\/blog.samantha365mx.com\/index.php\/wp-json\/wp\/v2\/comments?post=386"}],"version-history":[{"count":5,"href":"https:\/\/blog.samantha365mx.com\/index.php\/wp-json\/wp\/v2\/pages\/386\/revisions"}],"predecessor-version":[{"id":1968,"href":"https:\/\/blog.samantha365mx.com\/index.php\/wp-json\/wp\/v2\/pages\/386\/revisions\/1968"}],"wp:attachment":[{"href":"https:\/\/blog.samantha365mx.com\/index.php\/wp-json\/wp\/v2\/media?parent=386"}],"curies":[{"name":"wp","href":"https:\/\/api.w.org\/{rel}","templated":true}]}}