{"id":410,"date":"2021-02-24T20:28:43","date_gmt":"2021-02-24T20:28:43","guid":{"rendered":"https:\/\/blog.samantha365mx.com\/?page_id=410"},"modified":"2021-02-26T04:27:33","modified_gmt":"2021-02-26T04:27:33","slug":"del-inicio-al-2014","status":"publish","type":"page","link":"https:\/\/blog.samantha365mx.com\/index.php\/del-inicio-al-2014\/","title":{"rendered":"Del inicio al 2014"},"content":{"rendered":"\n<p>Mi gusto por los eventos surgi\u00f3 cuando cursaba el \u00faltimo a\u00f1o de la universidad, estaba haciendo mi servicio social y se present\u00f3 la oportunidad de crear una comunidad entre mi universidad y Microsoft. No sab\u00eda lo que implicaba y como impactar\u00eda mi vida.<\/p>\n\n\n\n<p>Ah\u00ed surgi\u00f3 la comunidad Microsoft-UPIICSA, realizamos nuestros primeros eventos en el 2006, recuerdo un evento que me emocion\u00f3 mucho, quer\u00eda hacer una semana Microsoft en la escuela, as\u00ed que ped\u00ed el apoyo de esta gran empresa y de las autoridades de UPIICSA, me aprobaron el evento y logramos reunir m\u00e1s de 800 personas en nuestro evento de presentaci\u00f3n de la comunidad, no exist\u00edan estas alianzas ni comunidades tan fuertes cuando era estudiante por lo que muchas personas sintieron curiosidad.<\/p>\n\n\n\n<p>Ese a\u00f1o fue grandioso, fui nombrada l\u00edder de comunidad reconocida por Microsoft, colabor\u00e9 con mis amigos y conoc\u00ed personas incre\u00edbles. <\/p>\n\n\n\n<div class=\"wp-block-image\"><figure class=\"aligncenter size-large is-resized\"><img loading=\"lazy\" decoding=\"async\" src=\"https:\/\/blog.samantha365mx.com\/wp-content\/uploads\/2021\/02\/lider.png\" alt=\"\" class=\"wp-image-442\" width=\"425\" height=\"476\" srcset=\"https:\/\/blog.samantha365mx.com\/wp-content\/uploads\/2021\/02\/lider.png 613w, https:\/\/blog.samantha365mx.com\/wp-content\/uploads\/2021\/02\/lider-267x300.png 267w\" sizes=\"auto, (max-width: 425px) 100vw, 425px\" \/><\/figure><\/div>\n\n\n\n<figure class=\"wp-block-image size-large\"><img loading=\"lazy\" decoding=\"async\" width=\"1024\" height=\"580\" src=\"https:\/\/blog.samantha365mx.com\/wp-content\/uploads\/2021\/02\/CMS1-2006-1024x580.png\" alt=\"\" class=\"wp-image-436\" srcset=\"https:\/\/blog.samantha365mx.com\/wp-content\/uploads\/2021\/02\/CMS1-2006-1024x580.png 1024w, https:\/\/blog.samantha365mx.com\/wp-content\/uploads\/2021\/02\/CMS1-2006-300x170.png 300w, https:\/\/blog.samantha365mx.com\/wp-content\/uploads\/2021\/02\/CMS1-2006-768x435.png 768w, https:\/\/blog.samantha365mx.com\/wp-content\/uploads\/2021\/02\/CMS1-2006.png 1226w\" sizes=\"auto, (max-width: 1024px) 100vw, 1024px\" \/><\/figure>\n\n\n\n<p>Llegado el 2007 se me hace la invitaci\u00f3n para participar del programa  programa de Microsoft Student Partner -hoy se conoce como <a rel=\"noreferrer noopener\" href=\"https:\/\/studentambassadors.microsoft.com\/\" target=\"_blank\">Microsoft Learn Student Ambassadors<\/a>&#8211;<\/p>\n\n\n\n<figure class=\"wp-block-image size-large\"><img loading=\"lazy\" decoding=\"async\" width=\"1024\" height=\"380\" src=\"https:\/\/blog.samantha365mx.com\/wp-content\/uploads\/2021\/02\/MSP-1024x380.png\" alt=\"\" class=\"wp-image-416\" srcset=\"https:\/\/blog.samantha365mx.com\/wp-content\/uploads\/2021\/02\/MSP-1024x380.png 1024w, https:\/\/blog.samantha365mx.com\/wp-content\/uploads\/2021\/02\/MSP-300x111.png 300w, https:\/\/blog.samantha365mx.com\/wp-content\/uploads\/2021\/02\/MSP-768x285.png 768w, https:\/\/blog.samantha365mx.com\/wp-content\/uploads\/2021\/02\/MSP-1536x570.png 1536w, https:\/\/blog.samantha365mx.com\/wp-content\/uploads\/2021\/02\/MSP.png 1920w\" sizes=\"auto, (max-width: 1024px) 100vw, 1024px\" \/><\/figure>\n\n\n\n<p>Y bueno, felizmente puedo decir que en el 2021 contin\u00faa vigente la comunidad que fund\u00e9 en el 2006, cada cierto tiempo cambia el comit\u00e9 organizador y esta comunidad a beneficiado a miles de personas durante todo este tiempo. Gracias chicos por continuar ayudando de estudiante a estudiante.<\/p>\n\n\n\n<p>Tuvimos muchos eventos y la cercan\u00eda con Microsoft cada vez fue mayor, sin importar el trabajo en que me desarrolle profesionalmente, siempre he mantenido la cercan\u00eda con las comunidades de tecnolog\u00eda.<\/p>\n\n\n\n<figure class=\"wp-block-image size-large\"><img loading=\"lazy\" decoding=\"async\" width=\"1005\" height=\"752\" src=\"https:\/\/blog.samantha365mx.com\/wp-content\/uploads\/2021\/02\/msp2007.png\" alt=\"\" class=\"wp-image-418\" srcset=\"https:\/\/blog.samantha365mx.com\/wp-content\/uploads\/2021\/02\/msp2007.png 1005w, https:\/\/blog.samantha365mx.com\/wp-content\/uploads\/2021\/02\/msp2007-300x224.png 300w, https:\/\/blog.samantha365mx.com\/wp-content\/uploads\/2021\/02\/msp2007-768x575.png 768w\" sizes=\"auto, (max-width: 1005px) 100vw, 1005px\" \/><figcaption>Primeros Microsoft Student Partner en M\u00e9xico, 2007<\/figcaption><\/figure>\n\n\n\n<p>Llegado el 2008, trabajaba en UPIICSA lo que me permit\u00eda seguir apoyando la comunidad y fortalecerla, contribu\u00ed a llevar a cabo el primer SUMMIT de MSP (Microsoft Student Partner) en la Ciudad de M\u00e9xico.<\/p>\n\n\n\n<figure class=\"wp-block-image size-large\"><img loading=\"lazy\" decoding=\"async\" width=\"1024\" height=\"691\" src=\"https:\/\/blog.samantha365mx.com\/wp-content\/uploads\/2021\/02\/msp2008-Enhanced-1024x691.jpg\" alt=\"\" class=\"wp-image-448\" srcset=\"https:\/\/blog.samantha365mx.com\/wp-content\/uploads\/2021\/02\/msp2008-Enhanced-1024x691.jpg 1024w, https:\/\/blog.samantha365mx.com\/wp-content\/uploads\/2021\/02\/msp2008-Enhanced-300x202.jpg 300w, https:\/\/blog.samantha365mx.com\/wp-content\/uploads\/2021\/02\/msp2008-Enhanced-768x518.jpg 768w, https:\/\/blog.samantha365mx.com\/wp-content\/uploads\/2021\/02\/msp2008-Enhanced-1536x1036.jpg 1536w, https:\/\/blog.samantha365mx.com\/wp-content\/uploads\/2021\/02\/msp2008-Enhanced.jpg 1990w\" sizes=\"auto, (max-width: 1024px) 100vw, 1024px\" \/><figcaption>Posiblemente les suenen algunos nombres de esta generaci\u00f3n: Rub\u00e9n Murgartegui llevaba ahora el programa en Microsoft y entre los MSP de M\u00e9xico estaban: \u00c1ngel Cruz, Carlos Rivera, Erick Ru\u00edz, Ivonne P\u00e9rez, M\u00f3nica Camacho, F\u00e9lix Cort\u00e9s y varios amigos m\u00e1s.<\/figcaption><\/figure>\n\n\n\n<p>Este mismo a\u00f1o cree 2 comunidades una de desarrolladores y otra de IT-Pro para profesionistas del \u00e1rea de tecnolog\u00eda, mismos que organizaron algunos eventos.<\/p>\n\n\n\n<div class=\"wp-block-columns is-layout-flex wp-container-core-columns-is-layout-9d6595d7 wp-block-columns-is-layout-flex\">\n<div class=\"wp-block-column is-layout-flow wp-block-column-is-layout-flow\" style=\"flex-basis:100%\">\n<div class=\"wp-block-group\"><div class=\"wp-block-group__inner-container is-layout-flow wp-block-group-is-layout-flow\">\n<div class=\"wp-block-group\"><div class=\"wp-block-group__inner-container is-layout-flow wp-block-group-is-layout-flow\">\n<div class=\"wp-block-columns is-layout-flex wp-container-core-columns-is-layout-9d6595d7 wp-block-columns-is-layout-flex\">\n<div class=\"wp-block-column is-layout-flow wp-block-column-is-layout-flow\" style=\"flex-basis:100%\">\n<div class=\"wp-block-group\"><div class=\"wp-block-group__inner-container is-layout-flow wp-block-group-is-layout-flow\">\n<figure class=\"wp-block-gallery columns-2 is-cropped wp-block-gallery-1 is-layout-flex wp-block-gallery-is-layout-flex\"><ul class=\"blocks-gallery-grid\"><li class=\"blocks-gallery-item\"><figure><img loading=\"lazy\" decoding=\"async\" width=\"1024\" height=\"727\" src=\"https:\/\/blog.samantha365mx.com\/wp-content\/uploads\/2021\/02\/dev-1024x727.jpg\" alt=\"\" data-id=\"420\" class=\"wp-image-420\" srcset=\"https:\/\/blog.samantha365mx.com\/wp-content\/uploads\/2021\/02\/dev-1024x727.jpg 1024w, https:\/\/blog.samantha365mx.com\/wp-content\/uploads\/2021\/02\/dev-300x213.jpg 300w, https:\/\/blog.samantha365mx.com\/wp-content\/uploads\/2021\/02\/dev-768x546.jpg 768w, https:\/\/blog.samantha365mx.com\/wp-content\/uploads\/2021\/02\/dev.jpg 1060w\" sizes=\"auto, (max-width: 1024px) 100vw, 1024px\" \/><\/figure><\/li><li class=\"blocks-gallery-item\"><figure><img loading=\"lazy\" decoding=\"async\" width=\"484\" height=\"240\" src=\"https:\/\/blog.samantha365mx.com\/wp-content\/uploads\/2021\/02\/itpro.png\" alt=\"\" data-id=\"421\" data-full-url=\"https:\/\/blog.samantha365mx.com\/wp-content\/uploads\/2021\/02\/itpro.png\" data-link=\"https:\/\/blog.samantha365mx.com\/index.php\/del-inicio-al-2014\/itpro\/\" class=\"wp-image-421\" srcset=\"https:\/\/blog.samantha365mx.com\/wp-content\/uploads\/2021\/02\/itpro.png 484w, https:\/\/blog.samantha365mx.com\/wp-content\/uploads\/2021\/02\/itpro-300x149.png 300w\" sizes=\"auto, (max-width: 484px) 100vw, 484px\" \/><\/figure><\/li><\/ul><figcaption class=\"blocks-gallery-caption\">Logos de las comunidades para profesionales. (Dise\u00f1o de imagen Mauricio Bola\u00f1os)<\/figcaption><\/figure>\n\n\n\n<p>Los siguientes a\u00f1os me mantuve ocupada dando algunas conferencias en diversas eventos de tecnolog\u00eda, apoyando las comunidades y dedic\u00e1ndome a mi familia, me manten\u00eda activa profesionalmente, pero ya no con el mismo ritmo. <\/p>\n\n\n\n<figure class=\"wp-block-gallery columns-2 is-cropped wp-block-gallery-2 is-layout-flex wp-block-gallery-is-layout-flex\"><ul class=\"blocks-gallery-grid\"><li class=\"blocks-gallery-item\"><figure><img loading=\"lazy\" decoding=\"async\" width=\"575\" height=\"1024\" src=\"https:\/\/blog.samantha365mx.com\/wp-content\/uploads\/2021\/02\/Sam-2008-Enhanced-575x1024.jpg\" alt=\"\" data-id=\"446\" data-full-url=\"https:\/\/blog.samantha365mx.com\/wp-content\/uploads\/2021\/02\/Sam-2008-Enhanced-scaled.jpg\" data-link=\"https:\/\/blog.samantha365mx.com\/index.php\/del-inicio-al-2014\/sam-2008-enhanced\/\" class=\"wp-image-446\" srcset=\"https:\/\/blog.samantha365mx.com\/wp-content\/uploads\/2021\/02\/Sam-2008-Enhanced-575x1024.jpg 575w, https:\/\/blog.samantha365mx.com\/wp-content\/uploads\/2021\/02\/Sam-2008-Enhanced-168x300.jpg 168w, https:\/\/blog.samantha365mx.com\/wp-content\/uploads\/2021\/02\/Sam-2008-Enhanced-768x1368.jpg 768w, https:\/\/blog.samantha365mx.com\/wp-content\/uploads\/2021\/02\/Sam-2008-Enhanced-863x1536.jpg 863w, https:\/\/blog.samantha365mx.com\/wp-content\/uploads\/2021\/02\/Sam-2008-Enhanced-1150x2048.jpg 1150w, https:\/\/blog.samantha365mx.com\/wp-content\/uploads\/2021\/02\/Sam-2008-Enhanced-scaled.jpg 1438w\" sizes=\"auto, (max-width: 575px) 100vw, 575px\" \/><\/figure><\/li><li class=\"blocks-gallery-item\"><figure><img loading=\"lazy\" decoding=\"async\" width=\"768\" height=\"1024\" src=\"https:\/\/blog.samantha365mx.com\/wp-content\/uploads\/2021\/02\/Sam-2007-Enhanced-768x1024.jpg\" alt=\"\" data-id=\"445\" data-full-url=\"https:\/\/blog.samantha365mx.com\/wp-content\/uploads\/2021\/02\/Sam-2007-Enhanced.jpg\" data-link=\"https:\/\/blog.samantha365mx.com\/index.php\/del-inicio-al-2014\/sam-2007-enhanced\/\" class=\"wp-image-445\" srcset=\"https:\/\/blog.samantha365mx.com\/wp-content\/uploads\/2021\/02\/Sam-2007-Enhanced-768x1024.jpg 768w, https:\/\/blog.samantha365mx.com\/wp-content\/uploads\/2021\/02\/Sam-2007-Enhanced-225x300.jpg 225w, https:\/\/blog.samantha365mx.com\/wp-content\/uploads\/2021\/02\/Sam-2007-Enhanced-1152x1536.jpg 1152w, https:\/\/blog.samantha365mx.com\/wp-content\/uploads\/2021\/02\/Sam-2007-Enhanced.jpg 1440w\" sizes=\"auto, (max-width: 768px) 100vw, 768px\" \/><\/figure><\/li><\/ul><\/figure>\n\n\n\n<p>Hasta el 2014 donde retomo fuertemente las actividades profesionales y conozco Office 365, decido comenzar con una consultor\u00eda y Microsoft mantiene las puertas abiertas conmigo y comienza una nueva aventura.<\/p>\n<\/div><\/div>\n<\/div>\n<\/div>\n<\/div><\/div>\n\n\n\n<figure class=\"wp-block-gallery columns-3 is-cropped wp-block-gallery-3 is-layout-flex wp-block-gallery-is-layout-flex\"><ul class=\"blocks-gallery-grid\"><li class=\"blocks-gallery-item\"><figure><img loading=\"lazy\" decoding=\"async\" width=\"575\" height=\"1024\" src=\"https:\/\/blog.samantha365mx.com\/wp-content\/uploads\/2021\/02\/Sam-2014-Enhanced-575x1024.jpg\" alt=\"\" data-id=\"451\" data-full-url=\"https:\/\/blog.samantha365mx.com\/wp-content\/uploads\/2021\/02\/Sam-2014-Enhanced-scaled.jpg\" data-link=\"https:\/\/blog.samantha365mx.com\/index.php\/del-inicio-al-2014\/sam-2014-enhanced\/\" class=\"wp-image-451\" srcset=\"https:\/\/blog.samantha365mx.com\/wp-content\/uploads\/2021\/02\/Sam-2014-Enhanced-575x1024.jpg 575w, https:\/\/blog.samantha365mx.com\/wp-content\/uploads\/2021\/02\/Sam-2014-Enhanced-168x300.jpg 168w, https:\/\/blog.samantha365mx.com\/wp-content\/uploads\/2021\/02\/Sam-2014-Enhanced-768x1368.jpg 768w, https:\/\/blog.samantha365mx.com\/wp-content\/uploads\/2021\/02\/Sam-2014-Enhanced-863x1536.jpg 863w, https:\/\/blog.samantha365mx.com\/wp-content\/uploads\/2021\/02\/Sam-2014-Enhanced-1150x2048.jpg 1150w, https:\/\/blog.samantha365mx.com\/wp-content\/uploads\/2021\/02\/Sam-2014-Enhanced-scaled.jpg 1438w\" sizes=\"auto, (max-width: 575px) 100vw, 575px\" \/><\/figure><\/li><li class=\"blocks-gallery-item\"><figure><img loading=\"lazy\" decoding=\"async\" width=\"1024\" height=\"523\" src=\"https:\/\/blog.samantha365mx.com\/wp-content\/uploads\/2021\/02\/Sam-20142.jpg\" alt=\"\" data-id=\"426\" data-full-url=\"https:\/\/blog.samantha365mx.com\/wp-content\/uploads\/2021\/02\/Sam-20142.jpg\" data-link=\"https:\/\/blog.samantha365mx.com\/index.php\/del-inicio-al-2014\/sam-20142\/\" class=\"wp-image-426\" srcset=\"https:\/\/blog.samantha365mx.com\/wp-content\/uploads\/2021\/02\/Sam-20142.jpg 1024w, https:\/\/blog.samantha365mx.com\/wp-content\/uploads\/2021\/02\/Sam-20142-300x153.jpg 300w, https:\/\/blog.samantha365mx.com\/wp-content\/uploads\/2021\/02\/Sam-20142-768x392.jpg 768w\" sizes=\"auto, (max-width: 1024px) 100vw, 1024px\" \/><\/figure><\/li><li class=\"blocks-gallery-item\"><figure><img loading=\"lazy\" decoding=\"async\" width=\"576\" height=\"1024\" src=\"https:\/\/blog.samantha365mx.com\/wp-content\/uploads\/2021\/02\/Sam-20143-Enhanced-576x1024.jpg\" alt=\"\" data-id=\"450\" data-full-url=\"https:\/\/blog.samantha365mx.com\/wp-content\/uploads\/2021\/02\/Sam-20143-Enhanced.jpg\" data-link=\"https:\/\/blog.samantha365mx.com\/index.php\/del-inicio-al-2014\/sam-20143-enhanced\/\" class=\"wp-image-450\" srcset=\"https:\/\/blog.samantha365mx.com\/wp-content\/uploads\/2021\/02\/Sam-20143-Enhanced-576x1024.jpg 576w, https:\/\/blog.samantha365mx.com\/wp-content\/uploads\/2021\/02\/Sam-20143-Enhanced-169x300.jpg 169w, https:\/\/blog.samantha365mx.com\/wp-content\/uploads\/2021\/02\/Sam-20143-Enhanced-768x1365.jpg 768w, https:\/\/blog.samantha365mx.com\/wp-content\/uploads\/2021\/02\/Sam-20143-Enhanced-864x1536.jpg 864w, https:\/\/blog.samantha365mx.com\/wp-content\/uploads\/2021\/02\/Sam-20143-Enhanced.jpg 1152w\" sizes=\"auto, (max-width: 576px) 100vw, 576px\" \/><\/figure><\/li><\/ul><\/figure>\n<\/div><\/div>\n<\/div>\n<\/div>\n","protected":false},"excerpt":{"rendered":"<p class=\"text-justify\">Mi gusto por los eventos surgi\u00f3 cuando cursaba el \u00faltimo a\u00f1o de la universidad, estaba haciendo mi servicio social y se present\u00f3 [&hellip;]<\/p>\n","protected":false},"author":2,"featured_media":0,"parent":0,"menu_order":0,"comment_status":"closed","ping_status":"closed","template":"","meta":{"footnotes":""},"class_list":["post-410","page","type-page","status-publish","hentry"],"_links":{"self":[{"href":"https:\/\/blog.samantha365mx.com\/index.php\/wp-json\/wp\/v2\/pages\/410","targetHints":{"allow":["GET"]}}],"collection":[{"href":"https:\/\/blog.samantha365mx.com\/index.php\/wp-json\/wp\/v2\/pages"}],"about":[{"href":"https:\/\/blog.samantha365mx.com\/index.php\/wp-json\/wp\/v2\/types\/page"}],"author":[{"embeddable":true,"href":"https:\/\/blog.samantha365mx.com\/index.php\/wp-json\/wp\/v2\/users\/2"}],"replies":[{"embeddable":true,"href":"https:\/\/blog.samantha365mx.com\/index.php\/wp-json\/wp\/v2\/comments?post=410"}],"version-history":[{"count":9,"href":"https:\/\/blog.samantha365mx.com\/index.php\/wp-json\/wp\/v2\/pages\/410\/revisions"}],"predecessor-version":[{"id":501,"href":"https:\/\/blog.samantha365mx.com\/index.php\/wp-json\/wp\/v2\/pages\/410\/revisions\/501"}],"wp:attachment":[{"href":"https:\/\/blog.samantha365mx.com\/index.php\/wp-json\/wp\/v2\/media?parent=410"}],"curies":[{"name":"wp","href":"https:\/\/api.w.org\/{rel}","templated":true}]}}