{"id":579,"date":"2023-03-09T21:27:28","date_gmt":"2023-03-10T02:27:28","guid":{"rendered":"https:\/\/blog.samantha365mx.com\/?page_id=579"},"modified":"2023-04-23T11:57:27","modified_gmt":"2023-04-23T17:57:27","slug":"eventos-2022-2","status":"publish","type":"page","link":"https:\/\/blog.samantha365mx.com\/index.php\/eventos-2022-2\/","title":{"rendered":"Eventos 2022"},"content":{"rendered":"\n<p><a rel=\"noreferrer noopener\" href=\"https:\/\/blog.samantha365mx.com\/index.php\/curso-de-certificacion-microsoft-365-fundamentals\/\" target=\"_blank\">Curso de certificaci\u00f3n Microsoft 365 Fundamentals<\/a> &#8211; Inicio 20 de Enero al 3 de Febrero 2022.<\/p>\n\n\n\n<p><a href=\"https:\/\/blog.samantha365mx.com\/index.php\/curso-de-certificacion-power-platform-fundamentals\/\" target=\"_blank\" rel=\"noreferrer noopener\">Curso de certificaci\u00f3n Power Platform Fundamentals<\/a> &#8211; Inicio 10 de Febrero 2022<\/p>\n\n\n\n<p>Ciclo de conferencias 26 y 27 de Febrero<\/p>\n\n\n\n<p><a rel=\"noreferrer noopener\" href=\"https:\/\/blog.samantha365mx.com\/index.php\/curso-de-certificacion-de-powerbi-fundamentals\/\" target=\"_blank\">Curso de certificaci\u00f3n Power BI<\/a> &#8211; Inicio 10 de Marzo 2022<\/p>\n\n\n<div class=\"wp-block-image\">\n<figure class=\"aligncenter size-full is-resized\"><img loading=\"lazy\" decoding=\"async\" src=\"https:\/\/blog.samantha365mx.com\/wp-content\/uploads\/2023\/04\/image-7.png\" alt=\"\" class=\"wp-image-767\" width=\"431\" height=\"558\" srcset=\"https:\/\/blog.samantha365mx.com\/wp-content\/uploads\/2023\/04\/image-7.png 791w, https:\/\/blog.samantha365mx.com\/wp-content\/uploads\/2023\/04\/image-7-232x300.png 232w, https:\/\/blog.samantha365mx.com\/wp-content\/uploads\/2023\/04\/image-7-768x994.png 768w\" sizes=\"auto, (max-width: 431px) 100vw, 431px\" \/><\/figure><\/div>\n\n\n<p><a rel=\"noreferrer noopener\" href=\"https:\/\/blog.samantha365mx.com\/index.php\/curso-de-certificacion-microsoft-azure-fundamentals\/\" target=\"_blank\">Curso de certificaci\u00f3n Azure Fundamentals &#8211; 14 de Abril al 5 de Mayo 2022<\/a><\/p>\n\n\n\n<p><a rel=\"noreferrer noopener\" href=\"https:\/\/blog.samantha365mx.com\/index.php\/ciclo-de-conferencias-14-y-15-de-mayo-2022\/\" target=\"_blank\">Ciclo de conferencias 13 y 14 de Mayo 2022<\/a><\/p>\n\n\n\n<p><a href=\"https:\/\/blog.samantha365mx.com\/index.php\/tips-and-tricks-microsoft-365\/\" target=\"_blank\" rel=\"noreferrer noopener\">Tips and Tricks Microsoft 365 &#8211; 13 de Mayo 2022<\/a><\/p>\n\n\n\n<p><a rel=\"noreferrer noopener\" href=\"https:\/\/blog.samantha365mx.com\/index.php\/curso-de-certificacion-seguridad-microsoft-365\/\" target=\"_blank\">Curso de certificaci\u00f3n Seguridad Microsoft 365 &#8211; 19 de Mayo al 10 de Junio 2022<\/a><\/p>\n\n\n\n<p><a href=\"https:\/\/blog.samantha365mx.com\/index.php\/women-on-tec\/\" target=\"_blank\" rel=\"noreferrer noopener\">Women On Tec &#8211; 4 de Junio 2022<\/a><\/p>\n\n\n\n<p><a href=\"https:\/\/humbertojaimes.net\/build\/?fbclid=IwAR0NcMmwIgKJqYUrr0JM7yRiEN6Ld1jRFkA5yNGwTQ3W5adVE3LwBjMM4Dc\" target=\"_blank\" rel=\"noreferrer noopener\">Microsoft Build Devs Xamarin<\/a> &#8211; 10 de Junio 2022, gracias por la invitaci\u00f3n, tema que present\u00e9: <strong>Inteligencia empresarial con Power BI en PowerPoint y Outlook<\/strong><\/p>\n\n\n\n<p><a rel=\"noreferrer noopener\" href=\"https:\/\/blog.samantha365mx.com\/index.php\/sumando-hacemos-mas\/\" target=\"_blank\">Sumando Hacemos M\u00e1s<\/a> &#8211; 23 de junio, 14, 21, 28 de Julio y 4 de Agosto 2022.<\/p>\n\n\n\n<p><a href=\"https:\/\/blog.samantha365mx.com\/index.php\/convierte-tus-redes-sociales-en-redes-de-negocio\/\" target=\"_blank\" rel=\"noreferrer noopener\">Convierte tus redes sociales en redes de trabajo<\/a> &#8211; 23 de junio 2022<\/p>\n\n\n\n<p><a rel=\"noreferrer noopener\" href=\"https:\/\/blog.samantha365mx.com\/index.php\/2do-aniversario-comunidad-mujeres-tics-latam\/\" target=\"_blank\">2do Aniversario de la Comunidad Mujeres TICS Latam<\/a> &#8211; 12 y 13 de Agosto 2022<\/p>\n\n\n\n<p><a rel=\"noreferrer noopener\" href=\"https:\/\/womenawards.globant.com\/2022\/DigitalLeader\/SamanthaVillarrealTorres?fbclid=IwAR2Fm4xmGCcaeCWb1Q2ztqNc7jsf1Sb8bXTRjiUXfnCR2lzVOEFqVcIroSA\" target=\"_blank\">Nominaci\u00f3n Globant Women Award &#8211; 20 Agosto 2022<\/a><\/p>\n\n\n\n<p><a href=\"https:\/\/www.youtube.com\/watch?v=nX6i1yz-xMo\" target=\"_blank\" rel=\"noreferrer noopener\">Comunidad Mujeres TICS Latam invitados al canal de Miguel Dimas<\/a><\/p>\n\n\n\n<p><a href=\"https:\/\/blog.samantha365mx.com\/index.php\/curso-de-certificacion-mo-200\/\" target=\"_blank\" rel=\"noreferrer noopener\">Curso de certificaci\u00f3n MO-200<\/a> &#8211; 1, 8, 22, 29 de Septiembre, 6 y 13 de Octubre 2022<\/p>\n\n\n\n<p><a rel=\"noreferrer noopener\" href=\"https:\/\/blog.samantha365mx.com\/index.php\/curso-de-certificacion-mo-201\/\" target=\"_blank\">Curso de certificaci\u00f3n MO-201<\/a> &#8211; 3, 10, 17, 24 de Noviembre y 1 de Diciembre 2022.<\/p>\n\n\n\n<p><a href=\"https:\/\/blog.samantha365mx.com\/index.php\/certificacionesmujerestics\/\" target=\"_blank\" rel=\"noreferrer noopener\">#CertificacionesMujeresTICS<\/a> &#8211; 8 de Diciembre 2022<\/p>\n\n\n\n<p><a href=\"https:\/\/blog.samantha365mx.com\/index.php\/ciclo-de-conferencias-mujeres-tics-latam-fin-de-ano-2022\/\" target=\"_blank\" rel=\"noreferrer noopener\">Ciclo de conferencias comunidad Mujeres TICS Latam<\/a> &#8211; 15 y 16 de Diciembre 2022 fin de a\u00f1o 2022<\/p>\n\n\n\n<p>Equipo de colaboraci\u00f3n Mujeres TICS Latam 2022<\/p>\n\n\n\n<figure class=\"wp-block-image size-large\"><img loading=\"lazy\" decoding=\"async\" width=\"1024\" height=\"370\" src=\"https:\/\/blog.samantha365mx.com\/wp-content\/uploads\/2023\/03\/image-38-1024x370.png\" alt=\"\" class=\"wp-image-706\" srcset=\"https:\/\/blog.samantha365mx.com\/wp-content\/uploads\/2023\/03\/image-38-1024x370.png 1024w, https:\/\/blog.samantha365mx.com\/wp-content\/uploads\/2023\/03\/image-38-300x108.png 300w, https:\/\/blog.samantha365mx.com\/wp-content\/uploads\/2023\/03\/image-38-768x278.png 768w, https:\/\/blog.samantha365mx.com\/wp-content\/uploads\/2023\/03\/image-38.png 1386w\" sizes=\"auto, (max-width: 1024px) 100vw, 1024px\" \/><\/figure>\n\n\n<div class=\"wp-block-image\">\n<figure class=\"aligncenter size-full is-resized\"><img loading=\"lazy\" decoding=\"async\" src=\"https:\/\/blog.samantha365mx.com\/wp-content\/uploads\/2023\/04\/image-6.png\" alt=\"\" class=\"wp-image-764\" width=\"460\" height=\"460\" srcset=\"https:\/\/blog.samantha365mx.com\/wp-content\/uploads\/2023\/04\/image-6.png 960w, https:\/\/blog.samantha365mx.com\/wp-content\/uploads\/2023\/04\/image-6-300x300.png 300w, https:\/\/blog.samantha365mx.com\/wp-content\/uploads\/2023\/04\/image-6-150x150.png 150w, https:\/\/blog.samantha365mx.com\/wp-content\/uploads\/2023\/04\/image-6-768x768.png 768w\" sizes=\"auto, (max-width: 460px) 100vw, 460px\" \/><\/figure><\/div>\n\n\n<p>Los cambios son buenos, hay que intentar a veces cosas nuevas y ver que pasa, esto pas\u00f3, muchas gracias a mi hermana Estefan\u00ed por este cambio, te amo mi hermanita peque\u00f1a \ud83d\ude42 <\/p>\n\n\n\n<figure class=\"wp-block-gallery has-nested-images columns-default is-cropped wp-block-gallery-1 is-layout-flex wp-block-gallery-is-layout-flex\">\n<figure class=\"wp-block-image size-large\"><img loading=\"lazy\" decoding=\"async\" width=\"819\" height=\"1024\" data-id=\"771\" src=\"https:\/\/blog.samantha365mx.com\/wp-content\/uploads\/2023\/04\/image-9-819x1024.png\" alt=\"\" class=\"wp-image-771\" srcset=\"https:\/\/blog.samantha365mx.com\/wp-content\/uploads\/2023\/04\/image-9-819x1024.png 819w, https:\/\/blog.samantha365mx.com\/wp-content\/uploads\/2023\/04\/image-9-240x300.png 240w, https:\/\/blog.samantha365mx.com\/wp-content\/uploads\/2023\/04\/image-9-768x960.png 768w, https:\/\/blog.samantha365mx.com\/wp-content\/uploads\/2023\/04\/image-9-1229x1536.png 1229w, https:\/\/blog.samantha365mx.com\/wp-content\/uploads\/2023\/04\/image-9.png 1440w\" sizes=\"auto, (max-width: 819px) 100vw, 819px\" \/><figcaption class=\"wp-element-caption\">Con Lorena Torres<\/figcaption><\/figure>\n\n\n\n<figure class=\"wp-block-image size-large\"><img loading=\"lazy\" decoding=\"async\" width=\"819\" height=\"1024\" data-id=\"770\" src=\"https:\/\/blog.samantha365mx.com\/wp-content\/uploads\/2023\/04\/image-8-819x1024.png\" alt=\"\" class=\"wp-image-770\" srcset=\"https:\/\/blog.samantha365mx.com\/wp-content\/uploads\/2023\/04\/image-8-819x1024.png 819w, https:\/\/blog.samantha365mx.com\/wp-content\/uploads\/2023\/04\/image-8-240x300.png 240w, https:\/\/blog.samantha365mx.com\/wp-content\/uploads\/2023\/04\/image-8-768x960.png 768w, https:\/\/blog.samantha365mx.com\/wp-content\/uploads\/2023\/04\/image-8-1229x1536.png 1229w, https:\/\/blog.samantha365mx.com\/wp-content\/uploads\/2023\/04\/image-8.png 1440w\" sizes=\"auto, (max-width: 819px) 100vw, 819px\" \/><figcaption class=\"wp-element-caption\">Con Flor Argumedo<\/figcaption><\/figure>\n\n\n\n<figure class=\"wp-block-image size-large\"><img loading=\"lazy\" decoding=\"async\" width=\"819\" height=\"1024\" data-id=\"773\" src=\"https:\/\/blog.samantha365mx.com\/wp-content\/uploads\/2023\/04\/Laura-Calderon-819x1024.jpg\" alt=\"\" class=\"wp-image-773\" srcset=\"https:\/\/blog.samantha365mx.com\/wp-content\/uploads\/2023\/04\/Laura-Calderon-819x1024.jpg 819w, https:\/\/blog.samantha365mx.com\/wp-content\/uploads\/2023\/04\/Laura-Calderon-240x300.jpg 240w, https:\/\/blog.samantha365mx.com\/wp-content\/uploads\/2023\/04\/Laura-Calderon-768x960.jpg 768w, https:\/\/blog.samantha365mx.com\/wp-content\/uploads\/2023\/04\/Laura-Calderon-1229x1536.jpg 1229w, https:\/\/blog.samantha365mx.com\/wp-content\/uploads\/2023\/04\/Laura-Calderon.jpg 1440w\" sizes=\"auto, (max-width: 819px) 100vw, 819px\" \/><figcaption class=\"wp-element-caption\">Con Laura Calderon<\/figcaption><\/figure>\n\n\n\n<figure class=\"wp-block-image size-large\"><img loading=\"lazy\" decoding=\"async\" width=\"768\" height=\"1024\" data-id=\"774\" src=\"https:\/\/blog.samantha365mx.com\/wp-content\/uploads\/2023\/04\/Eli-768x1024.jpg\" alt=\"\" class=\"wp-image-774\" srcset=\"https:\/\/blog.samantha365mx.com\/wp-content\/uploads\/2023\/04\/Eli-768x1024.jpg 768w, https:\/\/blog.samantha365mx.com\/wp-content\/uploads\/2023\/04\/Eli-225x300.jpg 225w, https:\/\/blog.samantha365mx.com\/wp-content\/uploads\/2023\/04\/Eli-1152x1536.jpg 1152w, https:\/\/blog.samantha365mx.com\/wp-content\/uploads\/2023\/04\/Eli.jpg 1536w\" sizes=\"auto, (max-width: 768px) 100vw, 768px\" \/><figcaption class=\"wp-element-caption\">Con Elizabeth Idelfonso<\/figcaption><\/figure>\n\n\n\n<figure class=\"wp-block-image size-large\"><img loading=\"lazy\" decoding=\"async\" width=\"819\" height=\"1024\" data-id=\"775\" src=\"https:\/\/blog.samantha365mx.com\/wp-content\/uploads\/2023\/04\/Sam-2021-819x1024.jpg\" alt=\"\" class=\"wp-image-775\" srcset=\"https:\/\/blog.samantha365mx.com\/wp-content\/uploads\/2023\/04\/Sam-2021-819x1024.jpg 819w, https:\/\/blog.samantha365mx.com\/wp-content\/uploads\/2023\/04\/Sam-2021-240x300.jpg 240w, https:\/\/blog.samantha365mx.com\/wp-content\/uploads\/2023\/04\/Sam-2021-768x960.jpg 768w, https:\/\/blog.samantha365mx.com\/wp-content\/uploads\/2023\/04\/Sam-2021-1229x1536.jpg 1229w, https:\/\/blog.samantha365mx.com\/wp-content\/uploads\/2023\/04\/Sam-2021.jpg 1440w\" sizes=\"auto, (max-width: 819px) 100vw, 819px\" \/><figcaption class=\"wp-element-caption\">Yo (Samantha)<\/figcaption><\/figure>\n<\/figure>\n\n\n\n<p><\/p>\n","protected":false},"excerpt":{"rendered":"<p class=\"text-justify\">Curso de certificaci\u00f3n Microsoft 365 Fundamentals &#8211; Inicio 20 de Enero al 3 de Febrero 2022. Curso de certificaci\u00f3n Power Platform Fundamentals [&hellip;]<\/p>\n","protected":false},"author":2,"featured_media":0,"parent":0,"menu_order":0,"comment_status":"closed","ping_status":"closed","template":"","meta":{"footnotes":""},"class_list":["post-579","page","type-page","status-publish","hentry"],"_links":{"self":[{"href":"https:\/\/blog.samantha365mx.com\/index.php\/wp-json\/wp\/v2\/pages\/579","targetHints":{"allow":["GET"]}}],"collection":[{"href":"https:\/\/blog.samantha365mx.com\/index.php\/wp-json\/wp\/v2\/pages"}],"about":[{"href":"https:\/\/blog.samantha365mx.com\/index.php\/wp-json\/wp\/v2\/types\/page"}],"author":[{"embeddable":true,"href":"https:\/\/blog.samantha365mx.com\/index.php\/wp-json\/wp\/v2\/users\/2"}],"replies":[{"embeddable":true,"href":"https:\/\/blog.samantha365mx.com\/index.php\/wp-json\/wp\/v2\/comments?post=579"}],"version-history":[{"count":21,"href":"https:\/\/blog.samantha365mx.com\/index.php\/wp-json\/wp\/v2\/pages\/579\/revisions"}],"predecessor-version":[{"id":776,"href":"https:\/\/blog.samantha365mx.com\/index.php\/wp-json\/wp\/v2\/pages\/579\/revisions\/776"}],"wp:attachment":[{"href":"https:\/\/blog.samantha365mx.com\/index.php\/wp-json\/wp\/v2\/media?parent=579"}],"curies":[{"name":"wp","href":"https:\/\/api.w.org\/{rel}","templated":true}]}}