{"id":610,"date":"2023-03-18T13:08:28","date_gmt":"2023-03-18T19:08:28","guid":{"rendered":"https:\/\/blog.samantha365mx.com\/?page_id=610"},"modified":"2023-03-18T14:30:09","modified_gmt":"2023-03-18T20:30:09","slug":"curso-de-certificacion-microsoft-azure-fundamentals","status":"publish","type":"page","link":"https:\/\/blog.samantha365mx.com\/index.php\/curso-de-certificacion-microsoft-azure-fundamentals\/","title":{"rendered":"Curso de certificaci\u00f3n Microsoft Azure Fundamentals"},"content":{"rendered":"\n<p>Impartimos a trav\u00e9s de la comunidad Mujeres TICS Latam este curso de certificaci\u00f3n, llegando a m\u00e1s de 300 personas conectadas en l\u00ednea para capacitarse de forma gratuita, durante 4 sesiones, del jueves 14 de abril al 5 de mayo 2022, cientos de personas aprendieron esta tecnolog\u00eda a trav\u00e9s de Microsoft Teams y nuestra plataforma de estudio en SharePoint online. <a rel=\"noreferrer noopener\" href=\"https:\/\/www.facebook.com\/photo\/?fbid=341582127959333&amp;set=g.1511335185867932\" target=\"_blank\">Facebook<\/a><\/p>\n\n\n\n<p>Conferencistas invitados: Humberto Jaimes, Luis Beltr\u00e1n, Carla Mamani, Jes\u00fas Gil.<\/p>\n\n\n\n<p>Organizadores: Samantha Villarreal, Ernesto Cuadra. <\/p>\n\n\n\n<p>Staff: Sharon Rodriguez y Lisset De Zapata<\/p>\n\n\n\n<p>Clic aqu\u00ed para ver la sesi\u00f3n 1: <a href=\"https:\/\/mujeresticslatam-my.sharepoint.com\/:v:\/p\/capacitacion\/ETfIpfsKjdNBkHCRgeQS62AB4xI1c68pecL7UsmCbYfJNg?e=9DlUfp\">Curso de certificaci\u00f3n Azure Fundamentals 2022 &#8211; Sesi\u00f3n 1 parte 1.mp4<\/a><\/p>\n\n\n\n<figure class=\"wp-block-image size-large is-resized\"><img loading=\"lazy\" decoding=\"async\" src=\"https:\/\/blog.samantha365mx.com\/wp-content\/uploads\/2023\/03\/image-3-1024x1024.png\" alt=\"\" class=\"wp-image-611\" width=\"500\" height=\"500\" srcset=\"https:\/\/blog.samantha365mx.com\/wp-content\/uploads\/2023\/03\/image-3-1024x1024.png 1024w, https:\/\/blog.samantha365mx.com\/wp-content\/uploads\/2023\/03\/image-3-300x300.png 300w, https:\/\/blog.samantha365mx.com\/wp-content\/uploads\/2023\/03\/image-3-150x150.png 150w, https:\/\/blog.samantha365mx.com\/wp-content\/uploads\/2023\/03\/image-3-768x768.png 768w, https:\/\/blog.samantha365mx.com\/wp-content\/uploads\/2023\/03\/image-3.png 1080w\" sizes=\"auto, (max-width: 500px) 100vw, 500px\" \/><\/figure>\n\n\n\n<figure class=\"wp-block-image size-full is-resized\"><img loading=\"lazy\" decoding=\"async\" src=\"https:\/\/blog.samantha365mx.com\/wp-content\/uploads\/2023\/03\/image-24.png\" alt=\"\" class=\"wp-image-659\" width=\"502\" height=\"419\" srcset=\"https:\/\/blog.samantha365mx.com\/wp-content\/uploads\/2023\/03\/image-24.png 1024w, https:\/\/blog.samantha365mx.com\/wp-content\/uploads\/2023\/03\/image-24-300x251.png 300w, https:\/\/blog.samantha365mx.com\/wp-content\/uploads\/2023\/03\/image-24-768x642.png 768w, https:\/\/blog.samantha365mx.com\/wp-content\/uploads\/2023\/03\/image-24-240x200.png 240w\" sizes=\"auto, (max-width: 502px) 100vw, 502px\" \/><\/figure>\n","protected":false},"excerpt":{"rendered":"<p class=\"text-justify\">Impartimos a trav\u00e9s de la comunidad Mujeres TICS Latam este curso de certificaci\u00f3n, llegando a m\u00e1s de 300 personas conectadas en l\u00ednea [&hellip;]<\/p>\n","protected":false},"author":2,"featured_media":0,"parent":0,"menu_order":0,"comment_status":"closed","ping_status":"closed","template":"","meta":{"footnotes":""},"class_list":["post-610","page","type-page","status-publish","hentry"],"_links":{"self":[{"href":"https:\/\/blog.samantha365mx.com\/index.php\/wp-json\/wp\/v2\/pages\/610","targetHints":{"allow":["GET"]}}],"collection":[{"href":"https:\/\/blog.samantha365mx.com\/index.php\/wp-json\/wp\/v2\/pages"}],"about":[{"href":"https:\/\/blog.samantha365mx.com\/index.php\/wp-json\/wp\/v2\/types\/page"}],"author":[{"embeddable":true,"href":"https:\/\/blog.samantha365mx.com\/index.php\/wp-json\/wp\/v2\/users\/2"}],"replies":[{"embeddable":true,"href":"https:\/\/blog.samantha365mx.com\/index.php\/wp-json\/wp\/v2\/comments?post=610"}],"version-history":[{"count":5,"href":"https:\/\/blog.samantha365mx.com\/index.php\/wp-json\/wp\/v2\/pages\/610\/revisions"}],"predecessor-version":[{"id":660,"href":"https:\/\/blog.samantha365mx.com\/index.php\/wp-json\/wp\/v2\/pages\/610\/revisions\/660"}],"wp:attachment":[{"href":"https:\/\/blog.samantha365mx.com\/index.php\/wp-json\/wp\/v2\/media?parent=610"}],"curies":[{"name":"wp","href":"https:\/\/api.w.org\/{rel}","templated":true}]}}