{"id":614,"date":"2023-03-18T13:23:11","date_gmt":"2023-03-18T19:23:11","guid":{"rendered":"https:\/\/blog.samantha365mx.com\/?page_id=614"},"modified":"2023-03-18T16:52:25","modified_gmt":"2023-03-18T22:52:25","slug":"ciclo-de-conferencias-14-y-15-de-mayo-2022","status":"publish","type":"page","link":"https:\/\/blog.samantha365mx.com\/index.php\/ciclo-de-conferencias-14-y-15-de-mayo-2022\/","title":{"rendered":"Ciclo de conferencias 13 y 14 de Mayo 2022"},"content":{"rendered":"\n<p>Cada a\u00f1o brindamos un par de ciclos de conferencias a trav\u00e9s de la comunidad Mujeres TICS Latam, el primero del 2022 tuvo grandes sorpresas:<\/p>\n\n\n\n<p>Di una conferencia de Tips and Tricks de Microsoft 365, tambi\u00e9n hubo un tema de Azure y OpenSource, y Administraci\u00f3n de Microsoft 365, adem\u00e1s del panel #MujeresQueInspiran en donde conocimos la experiencia de vida de 6 grandes mujeres: Sara Mena, Lisset de Zapata, Elizabeth Andr\u00e9s, Yanitza Campos, Tania L\u00f3pez y Marcela Quiroga.<\/p>\n\n\n\n<p>Aunque en la sesi\u00f3n en vivo llegamos a 40 personas en Teams, la retransmisi\u00f3n en algunos sitios web lleg\u00f3 a m\u00e1s de 200 personas.<\/p>\n\n\n\n<p>Organizadores: Samantha Villarreal, Ernesto Cuadra.<\/p>\n\n\n\n<p>Staff: Sharon Rodriguez y Lisset De Zapata<\/p>\n\n\n\n<p>Ve el 2do d\u00eda del ciclo de conferencias aqui: <a href=\"https:\/\/mujeresticslatam-my.sharepoint.com\/:v:\/p\/samantha_villarreal\/EYZwbadByxxHoo6x44WFz9QBBLZpTNLN3fs5VJY-BDMnpw?e=7br4up\">Ciclo de conferencias 13 y 14 de Mayo 2022 &#8211; Comunidad Mujeres TICS Latam-20220514_103459-Meeting Recording.mp4<\/a><\/p>\n\n\n\n<figure class=\"wp-block-image size-large is-resized\"><img loading=\"lazy\" decoding=\"async\" src=\"https:\/\/blog.samantha365mx.com\/wp-content\/uploads\/2023\/03\/image-6-1024x1024.png\" alt=\"\" class=\"wp-image-619\" width=\"658\" height=\"658\" srcset=\"https:\/\/blog.samantha365mx.com\/wp-content\/uploads\/2023\/03\/image-6-1024x1024.png 1024w, https:\/\/blog.samantha365mx.com\/wp-content\/uploads\/2023\/03\/image-6-300x300.png 300w, https:\/\/blog.samantha365mx.com\/wp-content\/uploads\/2023\/03\/image-6-150x150.png 150w, https:\/\/blog.samantha365mx.com\/wp-content\/uploads\/2023\/03\/image-6-768x768.png 768w, https:\/\/blog.samantha365mx.com\/wp-content\/uploads\/2023\/03\/image-6.png 1080w\" sizes=\"auto, (max-width: 658px) 100vw, 658px\" \/><\/figure>\n\n\n\n<figure class=\"wp-block-image size-large is-resized\"><img loading=\"lazy\" decoding=\"async\" src=\"https:\/\/blog.samantha365mx.com\/wp-content\/uploads\/2023\/03\/image-7-1024x1024.png\" alt=\"\" class=\"wp-image-625\" width=\"659\" height=\"659\" srcset=\"https:\/\/blog.samantha365mx.com\/wp-content\/uploads\/2023\/03\/image-7-1024x1024.png 1024w, https:\/\/blog.samantha365mx.com\/wp-content\/uploads\/2023\/03\/image-7-300x300.png 300w, https:\/\/blog.samantha365mx.com\/wp-content\/uploads\/2023\/03\/image-7-150x150.png 150w, https:\/\/blog.samantha365mx.com\/wp-content\/uploads\/2023\/03\/image-7-768x768.png 768w, https:\/\/blog.samantha365mx.com\/wp-content\/uploads\/2023\/03\/image-7.png 1080w\" sizes=\"auto, (max-width: 659px) 100vw, 659px\" \/><\/figure>\n","protected":false},"excerpt":{"rendered":"<p class=\"text-justify\">Cada a\u00f1o brindamos un par de ciclos de conferencias a trav\u00e9s de la comunidad Mujeres TICS Latam, el primero del 2022 tuvo [&hellip;]<\/p>\n","protected":false},"author":2,"featured_media":0,"parent":0,"menu_order":0,"comment_status":"closed","ping_status":"closed","template":"","meta":{"footnotes":""},"class_list":["post-614","page","type-page","status-publish","hentry"],"_links":{"self":[{"href":"https:\/\/blog.samantha365mx.com\/index.php\/wp-json\/wp\/v2\/pages\/614","targetHints":{"allow":["GET"]}}],"collection":[{"href":"https:\/\/blog.samantha365mx.com\/index.php\/wp-json\/wp\/v2\/pages"}],"about":[{"href":"https:\/\/blog.samantha365mx.com\/index.php\/wp-json\/wp\/v2\/types\/page"}],"author":[{"embeddable":true,"href":"https:\/\/blog.samantha365mx.com\/index.php\/wp-json\/wp\/v2\/users\/2"}],"replies":[{"embeddable":true,"href":"https:\/\/blog.samantha365mx.com\/index.php\/wp-json\/wp\/v2\/comments?post=614"}],"version-history":[{"count":5,"href":"https:\/\/blog.samantha365mx.com\/index.php\/wp-json\/wp\/v2\/pages\/614\/revisions"}],"predecessor-version":[{"id":708,"href":"https:\/\/blog.samantha365mx.com\/index.php\/wp-json\/wp\/v2\/pages\/614\/revisions\/708"}],"wp:attachment":[{"href":"https:\/\/blog.samantha365mx.com\/index.php\/wp-json\/wp\/v2\/media?parent=614"}],"curies":[{"name":"wp","href":"https:\/\/api.w.org\/{rel}","templated":true}]}}