{"id":624,"date":"2023-03-18T13:37:43","date_gmt":"2023-03-18T19:37:43","guid":{"rendered":"https:\/\/blog.samantha365mx.com\/?page_id=624"},"modified":"2023-03-18T13:37:43","modified_gmt":"2023-03-18T19:37:43","slug":"curso-de-certificacion-seguridad-microsoft-365","status":"publish","type":"page","link":"https:\/\/blog.samantha365mx.com\/index.php\/curso-de-certificacion-seguridad-microsoft-365\/","title":{"rendered":"Curso de certificaci\u00f3n Seguridad Microsoft 365"},"content":{"rendered":"\n<p>Se imparti\u00f3 a trav\u00e9s de la comunidad Mujeres TICS Latam este curso llegando a m\u00e1s de 150 personas registradas al curso en plataforma de estudio, nuestros invitados como conferencistas fueron: Ernesto Cuadra y Arturo Wadgymar.<\/p>\n\n\n\n<p>Duraci\u00f3n: 19 de Mayo al 10 de Junio 2022<\/p>\n\n\n\n<p>Organizadores: Samantha Villarreal, Ernesto Cuadra.<\/p>\n\n\n\n<p>Staff: Sharon Rodriguez y Lisset De Zapata<\/p>\n\n\n\n<p>Puedes ver la Sesi\u00f3n 1 en este enlace: <a href=\"https:\/\/mujeresticslatam-my.sharepoint.com\/:v:\/p\/capacitacion\/EZCNYRP2vDpFmrS50xTPGhgBjSbFq7rBJxKsgdUu1lB9Iw?e=MDIsii\">Sesi\u00f3n 1.mp4<\/a><\/p>\n\n\n\n<figure class=\"wp-block-image size-large is-resized\"><img loading=\"lazy\" decoding=\"async\" src=\"https:\/\/blog.samantha365mx.com\/wp-content\/uploads\/2023\/03\/image-8-1024x1024.png\" alt=\"\" class=\"wp-image-627\" width=\"580\" height=\"580\" srcset=\"https:\/\/blog.samantha365mx.com\/wp-content\/uploads\/2023\/03\/image-8-1024x1024.png 1024w, https:\/\/blog.samantha365mx.com\/wp-content\/uploads\/2023\/03\/image-8-300x300.png 300w, https:\/\/blog.samantha365mx.com\/wp-content\/uploads\/2023\/03\/image-8-150x150.png 150w, https:\/\/blog.samantha365mx.com\/wp-content\/uploads\/2023\/03\/image-8-768x768.png 768w, https:\/\/blog.samantha365mx.com\/wp-content\/uploads\/2023\/03\/image-8.png 1080w\" sizes=\"auto, (max-width: 580px) 100vw, 580px\" \/><\/figure>\n","protected":false},"excerpt":{"rendered":"<p class=\"text-justify\">Se imparti\u00f3 a trav\u00e9s de la comunidad Mujeres TICS Latam este curso llegando a m\u00e1s de 150 personas registradas al curso en [&hellip;]<\/p>\n","protected":false},"author":2,"featured_media":0,"parent":0,"menu_order":0,"comment_status":"closed","ping_status":"closed","template":"","meta":{"footnotes":""},"class_list":["post-624","page","type-page","status-publish","hentry"],"_links":{"self":[{"href":"https:\/\/blog.samantha365mx.com\/index.php\/wp-json\/wp\/v2\/pages\/624","targetHints":{"allow":["GET"]}}],"collection":[{"href":"https:\/\/blog.samantha365mx.com\/index.php\/wp-json\/wp\/v2\/pages"}],"about":[{"href":"https:\/\/blog.samantha365mx.com\/index.php\/wp-json\/wp\/v2\/types\/page"}],"author":[{"embeddable":true,"href":"https:\/\/blog.samantha365mx.com\/index.php\/wp-json\/wp\/v2\/users\/2"}],"replies":[{"embeddable":true,"href":"https:\/\/blog.samantha365mx.com\/index.php\/wp-json\/wp\/v2\/comments?post=624"}],"version-history":[{"count":1,"href":"https:\/\/blog.samantha365mx.com\/index.php\/wp-json\/wp\/v2\/pages\/624\/revisions"}],"predecessor-version":[{"id":630,"href":"https:\/\/blog.samantha365mx.com\/index.php\/wp-json\/wp\/v2\/pages\/624\/revisions\/630"}],"wp:attachment":[{"href":"https:\/\/blog.samantha365mx.com\/index.php\/wp-json\/wp\/v2\/media?parent=624"}],"curies":[{"name":"wp","href":"https:\/\/api.w.org\/{rel}","templated":true}]}}