{"id":632,"date":"2023-03-18T13:55:19","date_gmt":"2023-03-18T19:55:19","guid":{"rendered":"https:\/\/blog.samantha365mx.com\/?page_id=632"},"modified":"2023-03-18T15:20:05","modified_gmt":"2023-03-18T21:20:05","slug":"sumando-hacemos-mas","status":"publish","type":"page","link":"https:\/\/blog.samantha365mx.com\/index.php\/sumando-hacemos-mas\/","title":{"rendered":"Sumando Hacemos M\u00e1s"},"content":{"rendered":"\n<p>En esta iniciativa de la comunidad Mujeres TICS Latam, invitamos a los miembros de la comunidad a participar activamente a dar conferencias de su expertise de tecnolog\u00eda, estas fueron presentadas durante los d\u00edas: 23 de junio, 14, 21, 28 de Julio y 4 de Agosto 2022.<\/p>\n\n\n\n<p>La respuesta fue muy animadora, tanto personas de alto expertise como no tanto pudieron contribuir con excelentes temas, entre ellos tuvimos de invitados a: Roberto Cervantes, Claudia Amaya, Alejandra Horvath, Leticia Villatoro, Miguel Dimas, Samantha Villarreal.<\/p>\n\n\n\n<p>Todas nuestras sesiones son generadas a trav\u00e9s de Microsoft Teams, nuestra plataforma de estudio donde se pueden visualizar las grabaci\u00f3n es SharePoint online y cada uno de los miembros de la comunidad tienen una cuenta de usuario y contrase\u00f1a a la que les da acceso a este contenido.<\/p>\n\n\n\n<p>Tuvimos buena aceptaci\u00f3n por parte de la comunidad, la visualizaci\u00f3n de estos contenidos lleg\u00f3 a m\u00e1s de 300 personas.<\/p>\n\n\n\n<p>Organizadores: Samantha Villarreal, Ernesto Cuadra.<\/p>\n\n\n\n<p>Staff: Sharon Rodriguez y Lisset De Zapata<\/p>\n\n\n\n<p>Revive un par de estas sesiones, en el siguiente enlace: <a href=\"https:\/\/mujeresticslatam-my.sharepoint.com\/:v:\/p\/samantha_villarreal\/EbYPKV-fhphBrhE992x1V3sB4DlwwGDVrxjJJt896s1Rhw?e=N79zrA\">Conferencias _Sumando Hacemos Mas_-20220728_151146-Grabaci\u00f3n de la reuni\u00f3n.mp4<\/a><\/p>\n\n\n\n<figure class=\"wp-block-image size-large is-resized\"><img loading=\"lazy\" decoding=\"async\" src=\"https:\/\/blog.samantha365mx.com\/wp-content\/uploads\/2023\/03\/image-12-1024x1024.png\" alt=\"\" class=\"wp-image-637\" width=\"423\" height=\"423\" srcset=\"https:\/\/blog.samantha365mx.com\/wp-content\/uploads\/2023\/03\/image-12-1024x1024.png 1024w, https:\/\/blog.samantha365mx.com\/wp-content\/uploads\/2023\/03\/image-12-300x300.png 300w, https:\/\/blog.samantha365mx.com\/wp-content\/uploads\/2023\/03\/image-12-150x150.png 150w, https:\/\/blog.samantha365mx.com\/wp-content\/uploads\/2023\/03\/image-12-768x768.png 768w, https:\/\/blog.samantha365mx.com\/wp-content\/uploads\/2023\/03\/image-12.png 1080w\" sizes=\"auto, (max-width: 423px) 100vw, 423px\" \/><\/figure>\n\n\n\n<figure class=\"wp-block-image size-large is-resized\"><img loading=\"lazy\" decoding=\"async\" src=\"https:\/\/blog.samantha365mx.com\/wp-content\/uploads\/2023\/03\/image-13-1024x576.png\" alt=\"\" class=\"wp-image-638\" width=\"448\" height=\"251\" srcset=\"https:\/\/blog.samantha365mx.com\/wp-content\/uploads\/2023\/03\/image-13-1024x576.png 1024w, https:\/\/blog.samantha365mx.com\/wp-content\/uploads\/2023\/03\/image-13-300x169.png 300w, https:\/\/blog.samantha365mx.com\/wp-content\/uploads\/2023\/03\/image-13-768x432.png 768w, https:\/\/blog.samantha365mx.com\/wp-content\/uploads\/2023\/03\/image-13-1536x864.png 1536w, https:\/\/blog.samantha365mx.com\/wp-content\/uploads\/2023\/03\/image-13.png 1920w\" sizes=\"auto, (max-width: 448px) 100vw, 448px\" \/><\/figure>\n\n\n\n<figure class=\"wp-block-image size-large is-resized\"><img loading=\"lazy\" decoding=\"async\" src=\"https:\/\/blog.samantha365mx.com\/wp-content\/uploads\/2023\/03\/image-14-1024x576.png\" alt=\"\" class=\"wp-image-639\" width=\"451\" height=\"253\" srcset=\"https:\/\/blog.samantha365mx.com\/wp-content\/uploads\/2023\/03\/image-14-1024x576.png 1024w, https:\/\/blog.samantha365mx.com\/wp-content\/uploads\/2023\/03\/image-14-300x169.png 300w, https:\/\/blog.samantha365mx.com\/wp-content\/uploads\/2023\/03\/image-14-768x432.png 768w, https:\/\/blog.samantha365mx.com\/wp-content\/uploads\/2023\/03\/image-14-1536x864.png 1536w, https:\/\/blog.samantha365mx.com\/wp-content\/uploads\/2023\/03\/image-14.png 1920w\" sizes=\"auto, (max-width: 451px) 100vw, 451px\" \/><\/figure>\n\n\n\n<figure class=\"wp-block-image size-large is-resized\"><img loading=\"lazy\" decoding=\"async\" src=\"https:\/\/blog.samantha365mx.com\/wp-content\/uploads\/2023\/03\/image-15-1024x1024.png\" alt=\"\" class=\"wp-image-640\" width=\"449\" height=\"449\" srcset=\"https:\/\/blog.samantha365mx.com\/wp-content\/uploads\/2023\/03\/image-15-1024x1024.png 1024w, https:\/\/blog.samantha365mx.com\/wp-content\/uploads\/2023\/03\/image-15-300x300.png 300w, https:\/\/blog.samantha365mx.com\/wp-content\/uploads\/2023\/03\/image-15-150x150.png 150w, https:\/\/blog.samantha365mx.com\/wp-content\/uploads\/2023\/03\/image-15-768x768.png 768w, https:\/\/blog.samantha365mx.com\/wp-content\/uploads\/2023\/03\/image-15.png 1080w\" sizes=\"auto, (max-width: 449px) 100vw, 449px\" \/><\/figure>\n\n\n\n<figure class=\"wp-block-image size-large is-resized\"><img loading=\"lazy\" decoding=\"async\" src=\"https:\/\/blog.samantha365mx.com\/wp-content\/uploads\/2023\/03\/image-16-1024x1024.png\" alt=\"\" class=\"wp-image-641\" width=\"446\" height=\"446\" srcset=\"https:\/\/blog.samantha365mx.com\/wp-content\/uploads\/2023\/03\/image-16-1024x1024.png 1024w, https:\/\/blog.samantha365mx.com\/wp-content\/uploads\/2023\/03\/image-16-300x300.png 300w, https:\/\/blog.samantha365mx.com\/wp-content\/uploads\/2023\/03\/image-16-150x150.png 150w, https:\/\/blog.samantha365mx.com\/wp-content\/uploads\/2023\/03\/image-16-768x768.png 768w, https:\/\/blog.samantha365mx.com\/wp-content\/uploads\/2023\/03\/image-16.png 1080w\" sizes=\"auto, (max-width: 446px) 100vw, 446px\" \/><\/figure>\n\n\n\n<p><\/p>\n","protected":false},"excerpt":{"rendered":"<p class=\"text-justify\">En esta iniciativa de la comunidad Mujeres TICS Latam, invitamos a los miembros de la comunidad a participar activamente a dar conferencias [&hellip;]<\/p>\n","protected":false},"author":2,"featured_media":0,"parent":0,"menu_order":0,"comment_status":"closed","ping_status":"closed","template":"","meta":{"footnotes":""},"class_list":["post-632","page","type-page","status-publish","hentry"],"_links":{"self":[{"href":"https:\/\/blog.samantha365mx.com\/index.php\/wp-json\/wp\/v2\/pages\/632","targetHints":{"allow":["GET"]}}],"collection":[{"href":"https:\/\/blog.samantha365mx.com\/index.php\/wp-json\/wp\/v2\/pages"}],"about":[{"href":"https:\/\/blog.samantha365mx.com\/index.php\/wp-json\/wp\/v2\/types\/page"}],"author":[{"embeddable":true,"href":"https:\/\/blog.samantha365mx.com\/index.php\/wp-json\/wp\/v2\/users\/2"}],"replies":[{"embeddable":true,"href":"https:\/\/blog.samantha365mx.com\/index.php\/wp-json\/wp\/v2\/comments?post=632"}],"version-history":[{"count":3,"href":"https:\/\/blog.samantha365mx.com\/index.php\/wp-json\/wp\/v2\/pages\/632\/revisions"}],"predecessor-version":[{"id":676,"href":"https:\/\/blog.samantha365mx.com\/index.php\/wp-json\/wp\/v2\/pages\/632\/revisions\/676"}],"wp:attachment":[{"href":"https:\/\/blog.samantha365mx.com\/index.php\/wp-json\/wp\/v2\/media?parent=632"}],"curies":[{"name":"wp","href":"https:\/\/api.w.org\/{rel}","templated":true}]}}