{"id":643,"date":"2023-03-18T14:10:42","date_gmt":"2023-03-18T20:10:42","guid":{"rendered":"https:\/\/blog.samantha365mx.com\/?page_id=643"},"modified":"2023-03-18T14:10:42","modified_gmt":"2023-03-18T20:10:42","slug":"2do-aniversario-comunidad-mujeres-tics-latam","status":"publish","type":"page","link":"https:\/\/blog.samantha365mx.com\/index.php\/2do-aniversario-comunidad-mujeres-tics-latam\/","title":{"rendered":"2do Aniversario Comunidad Mujeres TICS Latam"},"content":{"rendered":"\n<p>Toda una gran celebraci\u00f3n en compa\u00f1ia de grandes expertos de tecnolog\u00eda, nuestro programa para los d\u00edas 12 y 13 de agosto 2022, 28 personas invitadas como conferencistas y 14 panelistas de 8 pa\u00edses diferentes, un gran equipo coordinador que ya conoces: Samantha Villarreal, Ernesto Cuadra, Sharon Rodriguez y Lisset de Zapata.<\/p>\n\n\n\n<p>Gracias a las m\u00e1s de 2000 personas que estuvieron pendientes de nuestro maravilloso evento, y agradecemos a Microsoft por el apoyo invaluable para la comunidad, Vero Pe\u00f1a gracias por tu apoyo con los vouchers de certificaci\u00f3n, m\u00e1s de 200 fueron entregados y para agosto mas de 150 personas hab\u00edan presentado sus examenes, hubo grandes logros incluyendo quienes comenzaron de lo m\u00e1s b\u00e1sico y lograron su primera certificaci\u00f3n. Tambi\u00e9n fueron nominadas #MujeresQueInspiran que en Diciembre 2022 se dieron a conocer sus nombres. Gracias Nuri Demirci por el apoyo constante en la difusi\u00f3n del trabajo que realizamos en la comunidad y facilitarnos el uso de la plataforma de Microsoft 365 para compartir el conocimiento y colaborar con cientos de personas a nivel mundial.<\/p>\n\n\n\n<p>Y gracias a cada persona que cree en nuestro trabajo y su colaboraci\u00f3n activa.<\/p>\n\n\n\n<figure class=\"wp-block-image size-large\"><img loading=\"lazy\" decoding=\"async\" width=\"1024\" height=\"576\" src=\"https:\/\/blog.samantha365mx.com\/wp-content\/uploads\/2023\/03\/image-17-1024x576.png\" alt=\"\" class=\"wp-image-644\" srcset=\"https:\/\/blog.samantha365mx.com\/wp-content\/uploads\/2023\/03\/image-17-1024x576.png 1024w, https:\/\/blog.samantha365mx.com\/wp-content\/uploads\/2023\/03\/image-17-300x169.png 300w, https:\/\/blog.samantha365mx.com\/wp-content\/uploads\/2023\/03\/image-17-768x432.png 768w, https:\/\/blog.samantha365mx.com\/wp-content\/uploads\/2023\/03\/image-17.png 1280w\" sizes=\"auto, (max-width: 1024px) 100vw, 1024px\" \/><\/figure>\n\n\n\n<figure class=\"wp-block-image size-large\"><img loading=\"lazy\" decoding=\"async\" width=\"1024\" height=\"576\" src=\"https:\/\/blog.samantha365mx.com\/wp-content\/uploads\/2023\/03\/image-18-1024x576.png\" alt=\"\" class=\"wp-image-645\" srcset=\"https:\/\/blog.samantha365mx.com\/wp-content\/uploads\/2023\/03\/image-18-1024x576.png 1024w, https:\/\/blog.samantha365mx.com\/wp-content\/uploads\/2023\/03\/image-18-300x169.png 300w, https:\/\/blog.samantha365mx.com\/wp-content\/uploads\/2023\/03\/image-18-768x432.png 768w, https:\/\/blog.samantha365mx.com\/wp-content\/uploads\/2023\/03\/image-18.png 1280w\" sizes=\"auto, (max-width: 1024px) 100vw, 1024px\" \/><\/figure>\n\n\n\n<figure class=\"wp-block-image size-large\"><img loading=\"lazy\" decoding=\"async\" width=\"1024\" height=\"576\" src=\"https:\/\/blog.samantha365mx.com\/wp-content\/uploads\/2023\/03\/image-21-1024x576.png\" alt=\"\" class=\"wp-image-648\" srcset=\"https:\/\/blog.samantha365mx.com\/wp-content\/uploads\/2023\/03\/image-21-1024x576.png 1024w, https:\/\/blog.samantha365mx.com\/wp-content\/uploads\/2023\/03\/image-21-300x169.png 300w, https:\/\/blog.samantha365mx.com\/wp-content\/uploads\/2023\/03\/image-21-768x432.png 768w, https:\/\/blog.samantha365mx.com\/wp-content\/uploads\/2023\/03\/image-21.png 1280w\" sizes=\"auto, (max-width: 1024px) 100vw, 1024px\" \/><\/figure>\n\n\n\n<figure class=\"wp-block-image size-large\"><img loading=\"lazy\" decoding=\"async\" width=\"1024\" height=\"576\" src=\"https:\/\/blog.samantha365mx.com\/wp-content\/uploads\/2023\/03\/image-19-1024x576.png\" alt=\"\" class=\"wp-image-646\" srcset=\"https:\/\/blog.samantha365mx.com\/wp-content\/uploads\/2023\/03\/image-19-1024x576.png 1024w, https:\/\/blog.samantha365mx.com\/wp-content\/uploads\/2023\/03\/image-19-300x169.png 300w, https:\/\/blog.samantha365mx.com\/wp-content\/uploads\/2023\/03\/image-19-768x432.png 768w, https:\/\/blog.samantha365mx.com\/wp-content\/uploads\/2023\/03\/image-19.png 1280w\" sizes=\"auto, (max-width: 1024px) 100vw, 1024px\" \/><\/figure>\n\n\n\n<figure class=\"wp-block-image size-large\"><img loading=\"lazy\" decoding=\"async\" width=\"1024\" height=\"1024\" src=\"https:\/\/blog.samantha365mx.com\/wp-content\/uploads\/2023\/03\/image-20-1024x1024.png\" alt=\"\" class=\"wp-image-647\" srcset=\"https:\/\/blog.samantha365mx.com\/wp-content\/uploads\/2023\/03\/image-20-1024x1024.png 1024w, https:\/\/blog.samantha365mx.com\/wp-content\/uploads\/2023\/03\/image-20-300x300.png 300w, https:\/\/blog.samantha365mx.com\/wp-content\/uploads\/2023\/03\/image-20-150x150.png 150w, https:\/\/blog.samantha365mx.com\/wp-content\/uploads\/2023\/03\/image-20-768x768.png 768w, https:\/\/blog.samantha365mx.com\/wp-content\/uploads\/2023\/03\/image-20.png 1080w\" sizes=\"auto, (max-width: 1024px) 100vw, 1024px\" \/><\/figure>\n\n\n\n<p><strong>Puedes ver la lista de reproducci\u00f3n de nuestro 2do aniversario de la Comunidad Mujeres TICS Latam, en esta p\u00e1gina y revivir la emoci\u00f3n de este gran evento: <a rel=\"noreferrer noopener\" href=\"https:\/\/www.youtube.com\/playlist?list=PLh7YK8ONSARnAG-Bodr68S6ULu6RS-yZT\" target=\"_blank\">https:\/\/www.youtube.com\/playlist?list=PLh7YK8ONSARnAG-Bodr68S6ULu6RS-yZT<\/a><\/strong><\/p>\n\n\n\n<figure class=\"wp-block-embed is-type-video is-provider-youtube wp-block-embed-youtube wp-embed-aspect-16-9 wp-has-aspect-ratio\"><div class=\"wp-block-embed__wrapper\">\n<iframe loading=\"lazy\" title=\"1er Aniversario Comunidad Mujeres TICS Latam\" width=\"640\" height=\"360\" src=\"https:\/\/www.youtube.com\/embed\/videoseries?list=PLh7YK8ONSARnAG-Bodr68S6ULu6RS-yZT\" frameborder=\"0\" allow=\"accelerometer; autoplay; clipboard-write; encrypted-media; gyroscope; picture-in-picture; web-share\" referrerpolicy=\"strict-origin-when-cross-origin\" allowfullscreen><\/iframe>\n<\/div><\/figure>\n\n\n\n<p><\/p>\n","protected":false},"excerpt":{"rendered":"<p class=\"text-justify\">Toda una gran celebraci\u00f3n en compa\u00f1ia de grandes expertos de tecnolog\u00eda, nuestro programa para los d\u00edas 12 y 13 de agosto 2022, [&hellip;]<\/p>\n","protected":false},"author":2,"featured_media":0,"parent":0,"menu_order":0,"comment_status":"closed","ping_status":"closed","template":"","meta":{"footnotes":""},"class_list":["post-643","page","type-page","status-publish","hentry"],"_links":{"self":[{"href":"https:\/\/blog.samantha365mx.com\/index.php\/wp-json\/wp\/v2\/pages\/643","targetHints":{"allow":["GET"]}}],"collection":[{"href":"https:\/\/blog.samantha365mx.com\/index.php\/wp-json\/wp\/v2\/pages"}],"about":[{"href":"https:\/\/blog.samantha365mx.com\/index.php\/wp-json\/wp\/v2\/types\/page"}],"author":[{"embeddable":true,"href":"https:\/\/blog.samantha365mx.com\/index.php\/wp-json\/wp\/v2\/users\/2"}],"replies":[{"embeddable":true,"href":"https:\/\/blog.samantha365mx.com\/index.php\/wp-json\/wp\/v2\/comments?post=643"}],"version-history":[{"count":1,"href":"https:\/\/blog.samantha365mx.com\/index.php\/wp-json\/wp\/v2\/pages\/643\/revisions"}],"predecessor-version":[{"id":649,"href":"https:\/\/blog.samantha365mx.com\/index.php\/wp-json\/wp\/v2\/pages\/643\/revisions\/649"}],"wp:attachment":[{"href":"https:\/\/blog.samantha365mx.com\/index.php\/wp-json\/wp\/v2\/media?parent=643"}],"curies":[{"name":"wp","href":"https:\/\/api.w.org\/{rel}","templated":true}]}}