{"id":667,"date":"2023-03-18T14:57:53","date_gmt":"2023-03-18T20:57:53","guid":{"rendered":"https:\/\/blog.samantha365mx.com\/?page_id=667"},"modified":"2023-03-18T14:57:53","modified_gmt":"2023-03-18T20:57:53","slug":"ciclo-de-conferencias-mujeres-tics-latam-fin-de-ano-2022","status":"publish","type":"page","link":"https:\/\/blog.samantha365mx.com\/index.php\/ciclo-de-conferencias-mujeres-tics-latam-fin-de-ano-2022\/","title":{"rendered":"Ciclo de conferencias Mujeres TICS Latam &#8211; fin de a\u00f1o 2022"},"content":{"rendered":"\n<p>El \u00faltimo ciclo de conferencias de la comunidad Mujeres TICS Latam del 2022, 15 y 16 de Diciembre 2022, con invitados de lujo con quienes aprendimos desde tips en Microsoft Teams como usuarios finales hasta administrar la plataforma de Microsoft 365 a trav\u00e9s de PowerShell.<\/p>\n\n\n\n<p>Revive el ciclo de conferencias:<\/p>\n\n\n\n<p>D\u00eda 1: <a href=\"https:\/\/mujeresticslatam-my.sharepoint.com\/:v:\/p\/samantha_villarreal\/ERDGMhQ5mapKvkyiuTAwCv0B5RshgrC-mTNI-2CFYWedFg?e=gIQS1J\">Ciclo de conferencias &#8211; Comunidad Mujeres TICS Latam &#8211; Diciembre 22-20221215_160453-Meeting Recording 1.mp4<\/a><\/p>\n\n\n\n<p>D\u00eda 2: <a href=\"https:\/\/mujeresticslatam-my.sharepoint.com\/:v:\/p\/samantha_villarreal\/EcdHiF--YKlBrXZrywSIULcBgVxlfJ1NGF_FJabbJmWp4g?e=Mrw1w5\">Ciclo de conferencias &#8211; Comunidad Mujeres TICS Latam &#8211; Diciembre 22-20221216_160649-Meeting Recording.mp4<\/a><\/p>\n\n\n\n<figure class=\"wp-block-image size-large is-resized\"><img loading=\"lazy\" decoding=\"async\" src=\"https:\/\/blog.samantha365mx.com\/wp-content\/uploads\/2023\/03\/image-26-819x1024.png\" alt=\"\" class=\"wp-image-668\" width=\"480\" height=\"600\" srcset=\"https:\/\/blog.samantha365mx.com\/wp-content\/uploads\/2023\/03\/image-26-819x1024.png 819w, https:\/\/blog.samantha365mx.com\/wp-content\/uploads\/2023\/03\/image-26-240x300.png 240w, https:\/\/blog.samantha365mx.com\/wp-content\/uploads\/2023\/03\/image-26-768x960.png 768w, https:\/\/blog.samantha365mx.com\/wp-content\/uploads\/2023\/03\/image-26.png 1080w\" sizes=\"auto, (max-width: 480px) 100vw, 480px\" \/><\/figure>\n\n\n\n<figure class=\"wp-block-image size-full is-resized\"><img loading=\"lazy\" decoding=\"async\" src=\"https:\/\/blog.samantha365mx.com\/wp-content\/uploads\/2023\/03\/image-27.png\" alt=\"\" class=\"wp-image-669\" width=\"479\" height=\"521\" srcset=\"https:\/\/blog.samantha365mx.com\/wp-content\/uploads\/2023\/03\/image-27.png 823w, https:\/\/blog.samantha365mx.com\/wp-content\/uploads\/2023\/03\/image-27-276x300.png 276w, https:\/\/blog.samantha365mx.com\/wp-content\/uploads\/2023\/03\/image-27-768x835.png 768w\" sizes=\"auto, (max-width: 479px) 100vw, 479px\" \/><\/figure>\n\n\n\n<figure class=\"wp-block-image size-large is-resized\"><img loading=\"lazy\" decoding=\"async\" src=\"https:\/\/blog.samantha365mx.com\/wp-content\/uploads\/2023\/03\/image-28-1024x576.png\" alt=\"\" class=\"wp-image-670\" width=\"698\" height=\"392\" srcset=\"https:\/\/blog.samantha365mx.com\/wp-content\/uploads\/2023\/03\/image-28-1024x576.png 1024w, https:\/\/blog.samantha365mx.com\/wp-content\/uploads\/2023\/03\/image-28-300x169.png 300w, https:\/\/blog.samantha365mx.com\/wp-content\/uploads\/2023\/03\/image-28-768x432.png 768w, https:\/\/blog.samantha365mx.com\/wp-content\/uploads\/2023\/03\/image-28-1536x864.png 1536w, https:\/\/blog.samantha365mx.com\/wp-content\/uploads\/2023\/03\/image-28.png 1920w\" sizes=\"auto, (max-width: 698px) 100vw, 698px\" \/><\/figure>\n\n\n\n<p>Gracias chicas por ser parte de #MujeresQueInspiran y apoyar nuestra comunidad Mujeres TICS Latam durante el 2022: Sharon Rodriguez Jimenez, Lissete DeZapata, F\u00e1tima Jaydith Blancas, Mvz Laura S\u00e1nchez, Eglis Fuenmayor, Ioana Basso, Mayra Badillo Villamizar, Veronica Pe\u00f1a, Sandy Beristain, Erika Vilches, Yolanda Cuesta, Marta Mora, Melissa de Le\u00f3n, Ana Maria Bisb\u00e9, Laura Calder\u00f3n, Lorena Torres, Flor Argumedo, Ivana Tilca, Maleny Abrego, Yanitza Campos, Sara Padilla, Marce Quiroga, Elizabeth Andr\u00e9s, <br>Tania L\u00f3pez Pati\u00f1o y Belinda Pastrana.<\/p>\n\n\n\n<figure class=\"wp-block-image size-large is-resized\"><img loading=\"lazy\" decoding=\"async\" src=\"https:\/\/blog.samantha365mx.com\/wp-content\/uploads\/2023\/03\/image-29-1024x576.png\" alt=\"\" class=\"wp-image-671\" width=\"699\" height=\"393\" srcset=\"https:\/\/blog.samantha365mx.com\/wp-content\/uploads\/2023\/03\/image-29-1024x576.png 1024w, https:\/\/blog.samantha365mx.com\/wp-content\/uploads\/2023\/03\/image-29-300x169.png 300w, https:\/\/blog.samantha365mx.com\/wp-content\/uploads\/2023\/03\/image-29-768x432.png 768w, https:\/\/blog.samantha365mx.com\/wp-content\/uploads\/2023\/03\/image-29-1536x864.png 1536w, https:\/\/blog.samantha365mx.com\/wp-content\/uploads\/2023\/03\/image-29.png 1920w\" sizes=\"auto, (max-width: 699px) 100vw, 699px\" \/><\/figure>\n\n\n\n<p><\/p>\n\n\n\n<p><\/p>\n","protected":false},"excerpt":{"rendered":"<p class=\"text-justify\">El \u00faltimo ciclo de conferencias de la comunidad Mujeres TICS Latam del 2022, 15 y 16 de Diciembre 2022, con invitados de [&hellip;]<\/p>\n","protected":false},"author":2,"featured_media":0,"parent":0,"menu_order":0,"comment_status":"closed","ping_status":"closed","template":"","meta":{"footnotes":""},"class_list":["post-667","page","type-page","status-publish","hentry"],"_links":{"self":[{"href":"https:\/\/blog.samantha365mx.com\/index.php\/wp-json\/wp\/v2\/pages\/667","targetHints":{"allow":["GET"]}}],"collection":[{"href":"https:\/\/blog.samantha365mx.com\/index.php\/wp-json\/wp\/v2\/pages"}],"about":[{"href":"https:\/\/blog.samantha365mx.com\/index.php\/wp-json\/wp\/v2\/types\/page"}],"author":[{"embeddable":true,"href":"https:\/\/blog.samantha365mx.com\/index.php\/wp-json\/wp\/v2\/users\/2"}],"replies":[{"embeddable":true,"href":"https:\/\/blog.samantha365mx.com\/index.php\/wp-json\/wp\/v2\/comments?post=667"}],"version-history":[{"count":1,"href":"https:\/\/blog.samantha365mx.com\/index.php\/wp-json\/wp\/v2\/pages\/667\/revisions"}],"predecessor-version":[{"id":672,"href":"https:\/\/blog.samantha365mx.com\/index.php\/wp-json\/wp\/v2\/pages\/667\/revisions\/672"}],"wp:attachment":[{"href":"https:\/\/blog.samantha365mx.com\/index.php\/wp-json\/wp\/v2\/media?parent=667"}],"curies":[{"name":"wp","href":"https:\/\/api.w.org\/{rel}","templated":true}]}}