{"id":679,"date":"2023-03-18T15:23:27","date_gmt":"2023-03-18T21:23:27","guid":{"rendered":"https:\/\/blog.samantha365mx.com\/?page_id=679"},"modified":"2023-03-18T15:42:04","modified_gmt":"2023-03-18T21:42:04","slug":"curso-de-certificacion-microsoft-365-fundamentals","status":"publish","type":"page","link":"https:\/\/blog.samantha365mx.com\/index.php\/curso-de-certificacion-microsoft-365-fundamentals\/","title":{"rendered":"Curso de certificaci\u00f3n Microsoft 365 Fundamentals"},"content":{"rendered":"\n<p>En nuestra comunidad <a rel=\"noreferrer noopener\" href=\"https:\/\/mujeresticslatam.com\/\" target=\"_blank\">Mujeres TICS Latam<\/a> iniciamos el a\u00f1o con este curso de certificaci\u00f3n,  en colaboraci\u00f3n con Eglis Fuenmayor de Venezuela, Ioana Basso de Rumania, Ernesto Cuadra de El Salvador, Emmanuel Rodriguez de M\u00e9xico al igual que yo, Samantha Villarreal.<\/p>\n\n\n\n<p>Ha sido incre\u00edble la respuesta de nuestra comunidad, los asistentes siempre tan activos, este curso fue del 20 de Enero al 3 de Febrero 2022, m\u00e1s de 150 personas en las sesiones en vivo.<\/p>\n\n\n\n<p>Zonas horarias invitadas:<\/p>\n\n\n\n<p>3pm M\u00e9xico y Centroam\u00e9rica<br>4pm Colombia, Ecuador, Per\u00fa, Panam\u00e1<br>5pm Venezuela. Bolivia, Rep\u00fablica Dominicana<br>6pm Argentina, Chile, Uruguay<br>9pm Irlanda<br>10pm Francia, Espa\u00f1a, Angola<br>11 pm Rumania, Egipto<\/p>\n\n\n\n<p>Revive la sesi\u00f3n 1 de este curso: <a href=\"https:\/\/mujeresticslatam-my.sharepoint.com\/:v:\/p\/capacitacion\/Ediy26i2YkFPv8eNuBEEjxUBvVlneXJPNHHA0MpY21MYgw?e=KA3Hec\">M\u00f3dulo 1.mp4<\/a><\/p>\n\n\n\n<p>Organizadores: Samantha Villarreal, Ernesto Cuadra.<\/p>\n\n\n\n<p>Staff: Sharon Rodriguez<\/p>\n\n\n\n<figure class=\"wp-block-image size-large is-resized\"><img loading=\"lazy\" decoding=\"async\" src=\"https:\/\/blog.samantha365mx.com\/wp-content\/uploads\/2023\/03\/image-35-1024x1024.png\" alt=\"\" class=\"wp-image-692\" width=\"581\" height=\"581\" srcset=\"https:\/\/blog.samantha365mx.com\/wp-content\/uploads\/2023\/03\/image-35-1024x1024.png 1024w, https:\/\/blog.samantha365mx.com\/wp-content\/uploads\/2023\/03\/image-35-300x300.png 300w, https:\/\/blog.samantha365mx.com\/wp-content\/uploads\/2023\/03\/image-35-150x150.png 150w, https:\/\/blog.samantha365mx.com\/wp-content\/uploads\/2023\/03\/image-35-768x768.png 768w, https:\/\/blog.samantha365mx.com\/wp-content\/uploads\/2023\/03\/image-35.png 1080w\" sizes=\"auto, (max-width: 581px) 100vw, 581px\" \/><\/figure>\n","protected":false},"excerpt":{"rendered":"<p class=\"text-justify\">En nuestra comunidad Mujeres TICS Latam iniciamos el a\u00f1o con este curso de certificaci\u00f3n, en colaboraci\u00f3n con Eglis Fuenmayor de Venezuela, Ioana [&hellip;]<\/p>\n","protected":false},"author":2,"featured_media":0,"parent":0,"menu_order":0,"comment_status":"closed","ping_status":"closed","template":"","meta":{"footnotes":""},"class_list":["post-679","page","type-page","status-publish","hentry"],"_links":{"self":[{"href":"https:\/\/blog.samantha365mx.com\/index.php\/wp-json\/wp\/v2\/pages\/679","targetHints":{"allow":["GET"]}}],"collection":[{"href":"https:\/\/blog.samantha365mx.com\/index.php\/wp-json\/wp\/v2\/pages"}],"about":[{"href":"https:\/\/blog.samantha365mx.com\/index.php\/wp-json\/wp\/v2\/types\/page"}],"author":[{"embeddable":true,"href":"https:\/\/blog.samantha365mx.com\/index.php\/wp-json\/wp\/v2\/users\/2"}],"replies":[{"embeddable":true,"href":"https:\/\/blog.samantha365mx.com\/index.php\/wp-json\/wp\/v2\/comments?post=679"}],"version-history":[{"count":6,"href":"https:\/\/blog.samantha365mx.com\/index.php\/wp-json\/wp\/v2\/pages\/679\/revisions"}],"predecessor-version":[{"id":695,"href":"https:\/\/blog.samantha365mx.com\/index.php\/wp-json\/wp\/v2\/pages\/679\/revisions\/695"}],"wp:attachment":[{"href":"https:\/\/blog.samantha365mx.com\/index.php\/wp-json\/wp\/v2\/media?parent=679"}],"curies":[{"name":"wp","href":"https:\/\/api.w.org\/{rel}","templated":true}]}}