{"id":688,"date":"2023-03-18T15:43:42","date_gmt":"2023-03-18T21:43:42","guid":{"rendered":"https:\/\/blog.samantha365mx.com\/?page_id=688"},"modified":"2023-03-18T15:43:42","modified_gmt":"2023-03-18T21:43:42","slug":"curso-de-certificacion-power-platform-fundamentals","status":"publish","type":"page","link":"https:\/\/blog.samantha365mx.com\/index.php\/curso-de-certificacion-power-platform-fundamentals\/","title":{"rendered":"Curso de certificaci\u00f3n Power Platform Fundamentals"},"content":{"rendered":"\n<p>Seguimos con los cursos de certificaci\u00f3n gratuitos a trav\u00e9s de la comunidad Mujeres TICS Latam, este curso de certificaci\u00f3n se brind\u00f3 el 10, 17 y 24 de Febrero 2022<\/p>\n\n\n\n<p>Lo impartimos: Mayra Badillo de Colombia, Ernesto Cuadra de El Salvador, Victor Roman de M\u00e9xico al igual que yo.<\/p>\n\n\n\n<p>Organizadores: Samantha Villarreal, Ernesto Cuadra.<\/p>\n\n\n\n<p>Staff: Sharon Rodriguez y Noe Zelaya<\/p>\n\n\n\n<p>Ve la 1era sesi\u00f3n de este curso: <a href=\"https:\/\/mujeresticslatam-my.sharepoint.com\/:v:\/p\/capacitacion\/EUEmsBnsHo1FlB3Z3eM-QdcBYTHuOYYL42giopkqcXRGsw?e=cV45pG\">Sesi\u00f3n 1 &#8211; M\u00f3dulos 1 y 2.mp4<\/a><\/p>\n\n\n\n<figure class=\"wp-block-image size-large is-resized\"><img loading=\"lazy\" decoding=\"async\" src=\"https:\/\/blog.samantha365mx.com\/wp-content\/uploads\/2023\/03\/image-32-1024x1024.png\" alt=\"\" class=\"wp-image-689\" width=\"495\" height=\"495\" srcset=\"https:\/\/blog.samantha365mx.com\/wp-content\/uploads\/2023\/03\/image-32-1024x1024.png 1024w, https:\/\/blog.samantha365mx.com\/wp-content\/uploads\/2023\/03\/image-32-300x300.png 300w, https:\/\/blog.samantha365mx.com\/wp-content\/uploads\/2023\/03\/image-32-150x150.png 150w, https:\/\/blog.samantha365mx.com\/wp-content\/uploads\/2023\/03\/image-32-768x768.png 768w, https:\/\/blog.samantha365mx.com\/wp-content\/uploads\/2023\/03\/image-32.png 1080w\" sizes=\"auto, (max-width: 495px) 100vw, 495px\" \/><\/figure>\n\n\n\n<figure class=\"wp-block-image size-large is-resized\"><img loading=\"lazy\" decoding=\"async\" src=\"https:\/\/blog.samantha365mx.com\/wp-content\/uploads\/2023\/03\/image-33-1024x1024.png\" alt=\"\" class=\"wp-image-690\" width=\"499\" height=\"499\" srcset=\"https:\/\/blog.samantha365mx.com\/wp-content\/uploads\/2023\/03\/image-33-1024x1024.png 1024w, https:\/\/blog.samantha365mx.com\/wp-content\/uploads\/2023\/03\/image-33-300x300.png 300w, https:\/\/blog.samantha365mx.com\/wp-content\/uploads\/2023\/03\/image-33-150x150.png 150w, https:\/\/blog.samantha365mx.com\/wp-content\/uploads\/2023\/03\/image-33-768x768.png 768w, https:\/\/blog.samantha365mx.com\/wp-content\/uploads\/2023\/03\/image-33.png 1080w\" sizes=\"auto, (max-width: 499px) 100vw, 499px\" \/><\/figure>\n\n\n\n<figure class=\"wp-block-image size-large is-resized\"><img loading=\"lazy\" decoding=\"async\" src=\"https:\/\/blog.samantha365mx.com\/wp-content\/uploads\/2023\/03\/image-34-1024x1024.png\" alt=\"\" class=\"wp-image-691\" width=\"505\" height=\"505\" srcset=\"https:\/\/blog.samantha365mx.com\/wp-content\/uploads\/2023\/03\/image-34-1024x1024.png 1024w, https:\/\/blog.samantha365mx.com\/wp-content\/uploads\/2023\/03\/image-34-300x300.png 300w, https:\/\/blog.samantha365mx.com\/wp-content\/uploads\/2023\/03\/image-34-150x150.png 150w, https:\/\/blog.samantha365mx.com\/wp-content\/uploads\/2023\/03\/image-34-768x768.png 768w, https:\/\/blog.samantha365mx.com\/wp-content\/uploads\/2023\/03\/image-34.png 1080w\" sizes=\"auto, (max-width: 505px) 100vw, 505px\" \/><\/figure>\n\n\n\n<p><\/p>\n","protected":false},"excerpt":{"rendered":"<p class=\"text-justify\">Seguimos con los cursos de certificaci\u00f3n gratuitos a trav\u00e9s de la comunidad Mujeres TICS Latam, este curso de certificaci\u00f3n se brind\u00f3 el [&hellip;]<\/p>\n","protected":false},"author":2,"featured_media":0,"parent":0,"menu_order":0,"comment_status":"closed","ping_status":"closed","template":"","meta":{"footnotes":""},"class_list":["post-688","page","type-page","status-publish","hentry"],"_links":{"self":[{"href":"https:\/\/blog.samantha365mx.com\/index.php\/wp-json\/wp\/v2\/pages\/688","targetHints":{"allow":["GET"]}}],"collection":[{"href":"https:\/\/blog.samantha365mx.com\/index.php\/wp-json\/wp\/v2\/pages"}],"about":[{"href":"https:\/\/blog.samantha365mx.com\/index.php\/wp-json\/wp\/v2\/types\/page"}],"author":[{"embeddable":true,"href":"https:\/\/blog.samantha365mx.com\/index.php\/wp-json\/wp\/v2\/users\/2"}],"replies":[{"embeddable":true,"href":"https:\/\/blog.samantha365mx.com\/index.php\/wp-json\/wp\/v2\/comments?post=688"}],"version-history":[{"count":1,"href":"https:\/\/blog.samantha365mx.com\/index.php\/wp-json\/wp\/v2\/pages\/688\/revisions"}],"predecessor-version":[{"id":696,"href":"https:\/\/blog.samantha365mx.com\/index.php\/wp-json\/wp\/v2\/pages\/688\/revisions\/696"}],"wp:attachment":[{"href":"https:\/\/blog.samantha365mx.com\/index.php\/wp-json\/wp\/v2\/media?parent=688"}],"curies":[{"name":"wp","href":"https:\/\/api.w.org\/{rel}","templated":true}]}}