{"id":697,"date":"2023-03-18T15:50:41","date_gmt":"2023-03-18T21:50:41","guid":{"rendered":"https:\/\/blog.samantha365mx.com\/?page_id=697"},"modified":"2023-03-18T15:50:41","modified_gmt":"2023-03-18T21:50:41","slug":"curso-de-certificacion-de-powerbi-fundamentals","status":"publish","type":"page","link":"https:\/\/blog.samantha365mx.com\/index.php\/curso-de-certificacion-de-powerbi-fundamentals\/","title":{"rendered":"Curso de certificaci\u00f3n de PowerBI Fundamentals"},"content":{"rendered":"\n<p>Los d\u00edas 9, 15, 24 y 31 de Marzo 2022 tuvimos el curso de certificaci\u00f3n gratuito de PowerBI para la comunidad <a href=\"https:\/\/mujeresticslatam.com\/\" target=\"_blank\" rel=\"noreferrer noopener\">Mujeres TICS Latam<\/a>, esta ocasi\u00f3n nos acompa\u00f1\u00f3 el especialista en datos Edgar Gil desde Colombia, quien contribuy\u00f3 de gran manera a este conocimiento y permiti\u00f3 que se mantuviera muy participativa nuestra comunidad.<\/p>\n\n\n\n<p>Organizadores: Samantha Villarreal, Ernesto Cuadra.<\/p>\n\n\n\n<p>Staff: Sharon Rodriguez y Noe Zelaya<\/p>\n\n\n\n<p>Te invitamos a ver la 2da sesi\u00f3n de este curso aqu\u00ed: <a href=\"https:\/\/mujeresticslatam-my.sharepoint.com\/:v:\/p\/capacitacion\/EWFMT2LxwrJCpZ1b_4NFwvoBJJpcxlPhQOiAgq_3WjusWg?e=deIcaZ\">Curso de certificaci\u00f3n Power BI _ Sesion 2.mp4<\/a><\/p>\n\n\n\n<figure class=\"wp-block-image size-large is-resized\"><img loading=\"lazy\" decoding=\"async\" src=\"https:\/\/blog.samantha365mx.com\/wp-content\/uploads\/2023\/03\/image-36-1024x1024.png\" alt=\"\" class=\"wp-image-698\" width=\"518\" height=\"518\" srcset=\"https:\/\/blog.samantha365mx.com\/wp-content\/uploads\/2023\/03\/image-36-1024x1024.png 1024w, https:\/\/blog.samantha365mx.com\/wp-content\/uploads\/2023\/03\/image-36-300x300.png 300w, https:\/\/blog.samantha365mx.com\/wp-content\/uploads\/2023\/03\/image-36-150x150.png 150w, https:\/\/blog.samantha365mx.com\/wp-content\/uploads\/2023\/03\/image-36-768x768.png 768w, https:\/\/blog.samantha365mx.com\/wp-content\/uploads\/2023\/03\/image-36.png 1080w\" sizes=\"auto, (max-width: 518px) 100vw, 518px\" \/><\/figure>\n","protected":false},"excerpt":{"rendered":"<p class=\"text-justify\">Los d\u00edas 9, 15, 24 y 31 de Marzo 2022 tuvimos el curso de certificaci\u00f3n gratuito de PowerBI para la comunidad Mujeres [&hellip;]<\/p>\n","protected":false},"author":2,"featured_media":0,"parent":0,"menu_order":0,"comment_status":"closed","ping_status":"closed","template":"","meta":{"footnotes":""},"class_list":["post-697","page","type-page","status-publish","hentry"],"_links":{"self":[{"href":"https:\/\/blog.samantha365mx.com\/index.php\/wp-json\/wp\/v2\/pages\/697","targetHints":{"allow":["GET"]}}],"collection":[{"href":"https:\/\/blog.samantha365mx.com\/index.php\/wp-json\/wp\/v2\/pages"}],"about":[{"href":"https:\/\/blog.samantha365mx.com\/index.php\/wp-json\/wp\/v2\/types\/page"}],"author":[{"embeddable":true,"href":"https:\/\/blog.samantha365mx.com\/index.php\/wp-json\/wp\/v2\/users\/2"}],"replies":[{"embeddable":true,"href":"https:\/\/blog.samantha365mx.com\/index.php\/wp-json\/wp\/v2\/comments?post=697"}],"version-history":[{"count":1,"href":"https:\/\/blog.samantha365mx.com\/index.php\/wp-json\/wp\/v2\/pages\/697\/revisions"}],"predecessor-version":[{"id":699,"href":"https:\/\/blog.samantha365mx.com\/index.php\/wp-json\/wp\/v2\/pages\/697\/revisions\/699"}],"wp:attachment":[{"href":"https:\/\/blog.samantha365mx.com\/index.php\/wp-json\/wp\/v2\/media?parent=697"}],"curies":[{"name":"wp","href":"https:\/\/api.w.org\/{rel}","templated":true}]}}