{"id":715,"date":"2023-03-18T17:35:20","date_gmt":"2023-03-18T23:35:20","guid":{"rendered":"https:\/\/blog.samantha365mx.com\/?page_id=715"},"modified":"2023-03-18T17:35:20","modified_gmt":"2023-03-18T23:35:20","slug":"convierte-tus-redes-sociales-en-redes-de-negocio","status":"publish","type":"page","link":"https:\/\/blog.samantha365mx.com\/index.php\/convierte-tus-redes-sociales-en-redes-de-negocio\/","title":{"rendered":"Convierte tus redes sociales en redes de negocio"},"content":{"rendered":"\n<p>Durante la iniciativa #SumandoHacemosMas de la comunidad Mujeres TICS Latam, tambi\u00e9n me sume para dar una conferencia que titul\u00e9 &#8220;Convierte tus redes sociales en redes de trabajo&#8221;<\/p>\n\n\n\n<p>En el que habl\u00e9 de como puedes llegar a m\u00e1s personas para ofrecer tus servicios o productos mediante el uso espec\u00edficos de redes sociales y llevar un control de tu alcance mediante el uso de Office 365. La mayor\u00eda de las personas tiene una interacci\u00f3n en redes sociales, mediante las publicaciones que realizan conocemos que intereses tienen, esto nos permite generar contenido enfocado a ciertas personas, y agregar en estas publicaciones tu p\u00e1gina de Bookings de Office 365, generar reuniones gratuitas en Microsoft Teams para grupos peque\u00f1os en el que les ofrezcas un valor agregado, te permite crear un  vinculo con tus clientes o futuros clientes.<\/p>\n\n\n\n<figure class=\"wp-block-image size-full\"><img loading=\"lazy\" decoding=\"async\" width=\"768\" height=\"768\" src=\"https:\/\/blog.samantha365mx.com\/wp-content\/uploads\/2023\/03\/image-41.png\" alt=\"\" class=\"wp-image-716\" srcset=\"https:\/\/blog.samantha365mx.com\/wp-content\/uploads\/2023\/03\/image-41.png 768w, https:\/\/blog.samantha365mx.com\/wp-content\/uploads\/2023\/03\/image-41-300x300.png 300w, https:\/\/blog.samantha365mx.com\/wp-content\/uploads\/2023\/03\/image-41-150x150.png 150w\" sizes=\"auto, (max-width: 768px) 100vw, 768px\" \/><\/figure>\n","protected":false},"excerpt":{"rendered":"<p class=\"text-justify\">Durante la iniciativa #SumandoHacemosMas de la comunidad Mujeres TICS Latam, tambi\u00e9n me sume para dar una conferencia que titul\u00e9 &#8220;Convierte tus redes [&hellip;]<\/p>\n","protected":false},"author":2,"featured_media":0,"parent":0,"menu_order":0,"comment_status":"closed","ping_status":"closed","template":"","meta":{"footnotes":""},"class_list":["post-715","page","type-page","status-publish","hentry"],"_links":{"self":[{"href":"https:\/\/blog.samantha365mx.com\/index.php\/wp-json\/wp\/v2\/pages\/715","targetHints":{"allow":["GET"]}}],"collection":[{"href":"https:\/\/blog.samantha365mx.com\/index.php\/wp-json\/wp\/v2\/pages"}],"about":[{"href":"https:\/\/blog.samantha365mx.com\/index.php\/wp-json\/wp\/v2\/types\/page"}],"author":[{"embeddable":true,"href":"https:\/\/blog.samantha365mx.com\/index.php\/wp-json\/wp\/v2\/users\/2"}],"replies":[{"embeddable":true,"href":"https:\/\/blog.samantha365mx.com\/index.php\/wp-json\/wp\/v2\/comments?post=715"}],"version-history":[{"count":1,"href":"https:\/\/blog.samantha365mx.com\/index.php\/wp-json\/wp\/v2\/pages\/715\/revisions"}],"predecessor-version":[{"id":717,"href":"https:\/\/blog.samantha365mx.com\/index.php\/wp-json\/wp\/v2\/pages\/715\/revisions\/717"}],"wp:attachment":[{"href":"https:\/\/blog.samantha365mx.com\/index.php\/wp-json\/wp\/v2\/media?parent=715"}],"curies":[{"name":"wp","href":"https:\/\/api.w.org\/{rel}","templated":true}]}}