{"id":731,"date":"2023-03-18T18:19:48","date_gmt":"2023-03-19T00:19:48","guid":{"rendered":"https:\/\/blog.samantha365mx.com\/?page_id=731"},"modified":"2023-03-18T18:19:48","modified_gmt":"2023-03-19T00:19:48","slug":"curso-de-certificacion-ms-100","status":"publish","type":"page","link":"https:\/\/blog.samantha365mx.com\/index.php\/curso-de-certificacion-ms-100\/","title":{"rendered":"Curso de certificaci\u00f3n MS-100"},"content":{"rendered":"\n<p>Curso de certificaci\u00f3n MS-100 de forma gratuita todos los mi\u00e9rcoles del 25 de Enero al 26 de Abril 2023, para la comunidad Mujeres TICS Latam.<\/p>\n\n\n\n<p>Es uno de los cursos m\u00e1s largos que hemos brindado en la comunidad, con sesiones semanales e invitados especilistas en el \u00e1rea, damos a conocer la importancia del buen uso de la plataforma de Microsoft 365 y sus diversos centros de administraci\u00f3n.<\/p>\n\n\n\n<p>En compa\u00f1\u00eda de Ernesto Cuadra y yo, orgnizamos y colaboramos en la impartici\u00f3n de estos temas.<\/p>\n\n\n\n<p>Si bien se requiere cierto nivel de expertise, se brindan las bases para continuar con el aprendizaje.<\/p>\n\n\n\n<p>Aqu\u00ed puedes ver una de las sesiones que hemos tenido en nuestra comunidad, esta es del uso de PowerShell para la adminsitraci\u00f3n de Microsoft 365:&nbsp;<a rel=\"noreferrer noopener\" href=\"https:\/\/mujeresticslatam-my.sharepoint.com\/:v:\/p\/samantha_villarreal\/EctwScTSDslMncq_1XFNY68BWVoIlT2hmONUvazzEOjE4g?e=FYDx4A\" target=\"_blank\">Sesi\u00f3n MS100<\/a><\/p>\n\n\n\n<figure class=\"wp-block-image is-resized\"><img loading=\"lazy\" decoding=\"async\" src=\"https:\/\/blog.samantha365mx.com\/wp-content\/uploads\/2023\/03\/image-43-1024x620.png\" alt=\"\" class=\"wp-image-728\" width=\"597\" height=\"361\" srcset=\"https:\/\/blog.samantha365mx.com\/wp-content\/uploads\/2023\/03\/image-43-1024x620.png 1024w, https:\/\/blog.samantha365mx.com\/wp-content\/uploads\/2023\/03\/image-43-300x182.png 300w, https:\/\/blog.samantha365mx.com\/wp-content\/uploads\/2023\/03\/image-43-768x465.png 768w, https:\/\/blog.samantha365mx.com\/wp-content\/uploads\/2023\/03\/image-43.png 1058w\" sizes=\"auto, (max-width: 597px) 100vw, 597px\" \/><\/figure>\n","protected":false},"excerpt":{"rendered":"<p class=\"text-justify\">Curso de certificaci\u00f3n MS-100 de forma gratuita todos los mi\u00e9rcoles del 25 de Enero al 26 de Abril 2023, para la comunidad [&hellip;]<\/p>\n","protected":false},"author":2,"featured_media":0,"parent":0,"menu_order":0,"comment_status":"closed","ping_status":"closed","template":"","meta":{"footnotes":""},"class_list":["post-731","page","type-page","status-publish","hentry"],"_links":{"self":[{"href":"https:\/\/blog.samantha365mx.com\/index.php\/wp-json\/wp\/v2\/pages\/731","targetHints":{"allow":["GET"]}}],"collection":[{"href":"https:\/\/blog.samantha365mx.com\/index.php\/wp-json\/wp\/v2\/pages"}],"about":[{"href":"https:\/\/blog.samantha365mx.com\/index.php\/wp-json\/wp\/v2\/types\/page"}],"author":[{"embeddable":true,"href":"https:\/\/blog.samantha365mx.com\/index.php\/wp-json\/wp\/v2\/users\/2"}],"replies":[{"embeddable":true,"href":"https:\/\/blog.samantha365mx.com\/index.php\/wp-json\/wp\/v2\/comments?post=731"}],"version-history":[{"count":1,"href":"https:\/\/blog.samantha365mx.com\/index.php\/wp-json\/wp\/v2\/pages\/731\/revisions"}],"predecessor-version":[{"id":732,"href":"https:\/\/blog.samantha365mx.com\/index.php\/wp-json\/wp\/v2\/pages\/731\/revisions\/732"}],"wp:attachment":[{"href":"https:\/\/blog.samantha365mx.com\/index.php\/wp-json\/wp\/v2\/media?parent=731"}],"curies":[{"name":"wp","href":"https:\/\/api.w.org\/{rel}","templated":true}]}}