{"id":734,"date":"2023-03-18T19:01:33","date_gmt":"2023-03-19T01:01:33","guid":{"rendered":"https:\/\/blog.samantha365mx.com\/?page_id=734"},"modified":"2023-03-18T19:01:48","modified_gmt":"2023-03-19T01:01:48","slug":"women-on-tec","status":"publish","type":"page","link":"https:\/\/blog.samantha365mx.com\/index.php\/women-on-tec\/","title":{"rendered":"Women On Tec"},"content":{"rendered":"\n<p>El pasado 4 de Junio 2022 tuve la oportunidad de asistir a este gran evento ya de forma presencial despues de un par de a\u00f1os, en el Four Seasons de la Ciudad de M\u00e9xico en donde conoc\u00ed a grandes exponentes del \u00e1rea de tecnolog\u00eda que despues tuve el placer de invitar en algunos eventos de la comunidad Mujeres TICS Latam.<\/p>\n\n\n\n<p><\/p>\n\n\n\n<figure class=\"wp-block-image size-large\"><img loading=\"lazy\" decoding=\"async\" width=\"946\" height=\"1024\" src=\"https:\/\/blog.samantha365mx.com\/wp-content\/uploads\/2023\/03\/image-45-946x1024.png\" alt=\"\" class=\"wp-image-737\" srcset=\"https:\/\/blog.samantha365mx.com\/wp-content\/uploads\/2023\/03\/image-45-946x1024.png 946w, https:\/\/blog.samantha365mx.com\/wp-content\/uploads\/2023\/03\/image-45-277x300.png 277w, https:\/\/blog.samantha365mx.com\/wp-content\/uploads\/2023\/03\/image-45-768x831.png 768w, https:\/\/blog.samantha365mx.com\/wp-content\/uploads\/2023\/03\/image-45.png 995w\" sizes=\"auto, (max-width: 946px) 100vw, 946px\" \/><\/figure>\n","protected":false},"excerpt":{"rendered":"<p class=\"text-justify\">El pasado 4 de Junio 2022 tuve la oportunidad de asistir a este gran evento ya de forma presencial despues de un [&hellip;]<\/p>\n","protected":false},"author":2,"featured_media":0,"parent":0,"menu_order":0,"comment_status":"closed","ping_status":"closed","template":"","meta":{"footnotes":""},"class_list":["post-734","page","type-page","status-publish","hentry"],"_links":{"self":[{"href":"https:\/\/blog.samantha365mx.com\/index.php\/wp-json\/wp\/v2\/pages\/734","targetHints":{"allow":["GET"]}}],"collection":[{"href":"https:\/\/blog.samantha365mx.com\/index.php\/wp-json\/wp\/v2\/pages"}],"about":[{"href":"https:\/\/blog.samantha365mx.com\/index.php\/wp-json\/wp\/v2\/types\/page"}],"author":[{"embeddable":true,"href":"https:\/\/blog.samantha365mx.com\/index.php\/wp-json\/wp\/v2\/users\/2"}],"replies":[{"embeddable":true,"href":"https:\/\/blog.samantha365mx.com\/index.php\/wp-json\/wp\/v2\/comments?post=734"}],"version-history":[{"count":1,"href":"https:\/\/blog.samantha365mx.com\/index.php\/wp-json\/wp\/v2\/pages\/734\/revisions"}],"predecessor-version":[{"id":738,"href":"https:\/\/blog.samantha365mx.com\/index.php\/wp-json\/wp\/v2\/pages\/734\/revisions\/738"}],"wp:attachment":[{"href":"https:\/\/blog.samantha365mx.com\/index.php\/wp-json\/wp\/v2\/media?parent=734"}],"curies":[{"name":"wp","href":"https:\/\/api.w.org\/{rel}","templated":true}]}}